{"id":15872,"date":"2025-01-19T15:06:14","date_gmt":"2025-01-19T15:06:14","guid":{"rendered":"https:\/\/www.hydraulic-cylinders.net\/product\/bucket-cylinder-for-xinyuan-crawler-excavator-xy60-8\/"},"modified":"2025-01-19T15:06:16","modified_gmt":"2025-01-19T15:06:16","slug":"bucket-cylinder-for-xinyuan-crawler-excavator-xy60-8","status":"publish","type":"product","link":"https:\/\/www.hydraulic-cylinders.net\/es\/producto\/bucket-cylinder-for-xinyuan-crawler-excavator-xy60-8\/","title":{"rendered":"Cilindro de cuchar\u00f3n para excavadora de cadenas Xinyuan XY60-8"},"content":{"rendered":"<h1>Cilindro de cuchar\u00f3n para excavadora de cadenas Xinyuan XY60-8<\/h1>\n<h2>Introducci\u00f3n<\/h2>\n<p>Un cilindro de cuchar\u00f3n es un cilindro hidr\u00e1ulico especializado, dise\u00f1ado para controlar el movimiento del cuchar\u00f3n en maquinaria pesada como excavadoras, retroexcavadoras y cargadoras frontales. Su funci\u00f3n principal es permitir que el cuchar\u00f3n se eleve, baje e incline para facilitar diversas tareas de manipulaci\u00f3n de materiales. En el sistema hidr\u00e1ulico, el cilindro del cuchar\u00f3n controla con precisi\u00f3n el movimiento del cuchar\u00f3n mediante cambios en la presi\u00f3n del aceite hidr\u00e1ulico, lo que permite a los operadores manipular cargas pesadas con eficiencia y adaptarse a entornos de trabajo complejos y diversas necesidades operativas.<\/p>\n<p><img decoding=\"async\" src=\"https:\/\/www.hydraulic-cylinders.net\/wp-content\/uploads\/2025\/01\/songte-company-2.webp\"><\/p>\n<h2>Caracter\u00edsticas<\/h2>\n<ul>\n<li>Alta resistencia y durabilidad: generalmente hecho de acero o aluminio de alta resistencia, puede soportar alta presi\u00f3n y cargas pesadas, adaptarse a entornos de trabajo hostiles y est\u00e1 dise\u00f1ado teniendo en cuenta la resistencia al desgaste y la corrosi\u00f3n, prolongando su vida \u00fatil.<\/li>\n<li>Operaci\u00f3n hidr\u00e1ulica eficiente: La extensi\u00f3n y retracci\u00f3n suaves se logran utilizando presi\u00f3n de aceite hidr\u00e1ulico, lo que permite una respuesta r\u00e1pida a los comandos de control y proporciona una poderosa fuerza de empuje y tracci\u00f3n, adecuada para manipular cargas pesadas y tareas de trabajo complejas.<\/li>\n<li>Diversos tipos: Se pueden seleccionar cilindros de simple efecto (hidr\u00e1ulicos en una sola direcci\u00f3n) o de doble efecto (hidr\u00e1ulicos en ambas direcciones) seg\u00fan las necesidades operativas. Algunos modelos son telesc\u00f3picos, lo que permite una mayor extensi\u00f3n sin aumentar las dimensiones externas, lo que los hace ideales para aplicaciones con espacio limitado.<\/li>\n<li>Personalizable: Nuestro producto puede sustituir perfectamente a estos cilindros hidr\u00e1ulicos.<\/li>\n<\/ul>\n<p><img decoding=\"async\" src=\"https:\/\/www.hydraulic-cylinders.net\/wp-content\/uploads\/2025\/01\/songte-cylinder-head-with-all-kinds-excavator-models.webp\"><\/p>\n<h2>Aplicaciones<\/h2>\n<p>El cilindro de cuchara tiene diversas aplicaciones en los siguientes equipos de construcci\u00f3n:<\/p>\n<h3>excavadoras<\/h3>\n<p>El cilindro del cuchar\u00f3n permite la acci\u00f3n de excavaci\u00f3n al permitir que el cuchar\u00f3n penetre en el suelo.<\/p>\n<h3>retroexcavadoras<\/h3>\n<p>El cilindro del cuchar\u00f3n ayuda tanto a excavar como a levantar.<\/p>\n<h3>Cargadores frontales<\/h3>\n<p>El cilindro del cuchar\u00f3n ayuda a levantar e inclinar para volcar el material de manera efectiva.<\/p>\n<h3>Maquinaria agr\u00edcola<\/h3>\n<p>Se utiliza para cargadores frontales y se utiliza para recoger, levantar y transportar tierra, heno y otros materiales.<\/p>\n<p>En cada aplicaci\u00f3n, los cilindros del cuchar\u00f3n juegan un papel cr\u00edtico en el funcionamiento de la maquinaria.<\/p>\n<h2>Consideraciones de dise\u00f1o y criterios de selecci\u00f3n<\/h2>\n<p>Al dise\u00f1ar cilindros de cangilones, se deben considerar varios factores. A continuaci\u00f3n, se presentan algunos de los m\u00e1s importantes:<\/p>\n<h3>capacidad de carga<\/h3>\n<p>Los cilindros de los cangilones deben tener la resistencia y durabilidad para soportar el peso del material que se manipula.<\/p>\n<h3>Caza de focas<\/h3>\n<p>El uso de varios elementos de sellado, como anillos de sellado de pist\u00f3n y anillos de sellado de v\u00e1stago, la selecci\u00f3n de materiales resistentes al desgaste como poliuretano y caucho de nitrilo para elementos de sellado y el procesamiento fino de cuerpos de cilindros y extremos de rosca para mejorar la resistencia al desgaste.<\/p>\n<h3>Durabilidad<\/h3>\n<p>Los cilindros de cangilones deben dise\u00f1arse teniendo en cuenta la resistencia al desgaste y a la corrosi\u00f3n para aumentar su vida \u00fatil.<\/p>\n<h3>Seguridad<\/h3>\n<p>Los cilindros del cuchar\u00f3n deben estar dise\u00f1ados para evitar fugas y garantizar la seguridad de los operadores mientras la m\u00e1quina est\u00e1 en funcionamiento.<\/p>\n<h3>Mantenibilidad<\/h3>\n<p>Los cilindros de los cangilones deben estar dise\u00f1ados para garantizar que se puedan mantener y reparar f\u00e1cilmente cuando sea necesario.<\/p>\n<p><img decoding=\"async\" src=\"https:\/\/www.hydraulic-cylinders.net\/wp-content\/uploads\/2025\/01\/songte-oil-pipes-and-spare-parts.webp\"><\/p>\n<h2>Sellado y lubricaci\u00f3n<\/h2>\n<p>Los cilindros de cangilones utilizan diversos elementos de sellado, como anillos de sellado de pist\u00f3n y de v\u00e1stago, fabricados con materiales resistentes al desgaste como poliuretano y caucho de nitrilo. El cuerpo del cilindro y los extremos de las roscas se procesan para mejorar su resistencia al desgaste. Tambi\u00e9n es necesario a\u00f1adir regularmente la cantidad adecuada de aceite hidr\u00e1ulico para su lubricaci\u00f3n.<\/p>\n<h2>Mantenimiento y reparaci\u00f3n<\/h2>\n<p>La inspecci\u00f3n regular, la lubricaci\u00f3n adecuada, el reemplazo de sellos y las comprobaciones de calibraci\u00f3n son tareas comunes de mantenimiento para los cilindros de cangilones. Una instalaci\u00f3n, lubricaci\u00f3n y ajuste adecuados son esenciales, y se recomienda proporcionar la gu\u00eda correcta para alinear el cilindro durante la instalaci\u00f3n. El uso de soportes de montaje adecuados para asegurar el cilindro y los procedimientos recomendados de inspecci\u00f3n, reparaci\u00f3n y reemplazo pueden prolongar la vida \u00fatil del cilindro.<\/p>\n<p><img decoding=\"async\" src=\"https:\/\/www.hydraulic-cylinders.net\/wp-content\/uploads\/2025\/01\/songte-chushion-collar.webp\"><\/p>\n<h2>Consideraciones de seguridad y factores ambientales<\/h2>\n<p>El cilindro del cuchar\u00f3n debe dise\u00f1arse y utilizarse con la m\u00e1xima seguridad, y los operadores deben seguir los protocolos y directrices de seguridad al trabajar con maquinaria. Los cilindros del cuchar\u00f3n tambi\u00e9n deben desecharse de forma responsable para evitar impactos negativos en el medio ambiente.<\/p>\n<h2>Soluci\u00f3n de problemas y problemas comunes<\/h2>\n<p>Los problemas comunes con los cilindros de cangilones incluyen fugas, deformaciones y oxidaci\u00f3n. Los consejos y soluciones para la resoluci\u00f3n de problemas pueden ayudar a los lectores a diagnosticar y resolver estos problemas eficazmente. Tambi\u00e9n se pueden implementar medidas preventivas para minimizar posibles problemas.<\/p>\n<p><img decoding=\"async\" src=\"https:\/\/www.hydraulic-cylinders.net\/wp-content\/uploads\/2025\/01\/songte-bushings-with-all-kinds-of-excavator-models.webp\"><\/p>\n<h2>Acerca de nuestra empresa<\/h2>\n<p>Somos fabricantes de cilindros hidr\u00e1ulicos que pueden reemplazar a los cilindros hidr\u00e1ulicos convencionales. Ofrecemos una gama completa de productos y nos hemos convertido en uno de los principales fabricantes y distribuidores mayoristas de cilindros hidr\u00e1ulicos en el mercado nacional e internacional. Nos adherimos a los principios de excelente calidad y nos basamos en estrategias de gesti\u00f3n de producci\u00f3n industrializada en talleres de fabricaci\u00f3n de alta calidad, con el uso de talento t\u00e9cnico, equipos de fabricaci\u00f3n digitales de alta gama y sistemas de prueba profesionales. Mejoramos continuamente nuestra plataforma de fabricaci\u00f3n en el taller, optimizamos la calidad de nuestros productos y contamos con una s\u00f3lida capacidad creativa para satisfacer las diversas necesidades de nuestros clientes con alta eficiencia, precisi\u00f3n y calidad.<\/p>\n<p><img decoding=\"async\" src=\"https:\/\/hzpt.com\/wp-content\/uploads\/2024\/11\/songte-company-1.webp\"><\/p>\n<h3>Profesionalismo<\/h3>\n<p>Contamos con un equipo de trabajadores altamente profesionales y calificados que se esfuerzan por ofrecer productos de alta calidad a nuestros clientes.<\/p>\n<h3>Certificaci\u00f3n internacional<\/h3>\n<p>Nuestros productos est\u00e1n certificados por organismos internacionales como ISO y CE.<\/p>\n<h3>Servicios de personalizaci\u00f3n<\/h3>\n<p>Ofrecemos servicios personalizados para satisfacer las necesidades espec\u00edficas de nuestros clientes.<\/p>\n<h3>Equipos de producci\u00f3n<\/h3>\n<p>Utilizamos equipos de fabricaci\u00f3n avanzados y de alta gama para producir nuestros productos.<\/p>\n<h3>Servicio posventa<\/h3>\n<p>Brindamos un excelente servicio postventa para garantizar la satisfacci\u00f3n del cliente.<\/p>\n<p>Autor: lyl<\/p>","protected":false},"excerpt":{"rendered":"<p>Bucket Cylinder For Xinyuan Crawler Excavator XY60-8 Introduction A bucket cylinder is a specialized hydraulic cylinder designed for controlling the movement of the bucket in heavy machinery such as excavators, backhoe excavators, and front-end loaders. Its main function is to enable the bucket to lift, lower, and tilt to facilitate various material handling tasks. In [&hellip;]<\/p>","protected":false},"featured_media":14782,"comment_status":"open","ping_status":"closed","template":"","meta":{"_et_pb_use_builder":"","_et_pb_old_content":"","_et_gb_content_width":""},"product_brand":[],"product_cat":[1494],"product_tag":[1495,1496],"class_list":{"0":"post-15872","1":"product","2":"type-product","3":"status-publish","4":"has-post-thumbnail","6":"product_cat-bucket-cylinders","7":"product_tag-bucket-cylinders","8":"product_tag-hydraulic-cylinders","10":"first","11":"instock","12":"shipping-taxable","13":"product-type-simple"},"amp_enabled":true,"_links":{"self":[{"href":"https:\/\/www.hydraulic-cylinders.net\/es\/wp-json\/wp\/v2\/product\/15872","targetHints":{"allow":["GET"]}}],"collection":[{"href":"https:\/\/www.hydraulic-cylinders.net\/es\/wp-json\/wp\/v2\/product"}],"about":[{"href":"https:\/\/www.hydraulic-cylinders.net\/es\/wp-json\/wp\/v2\/types\/product"}],"replies":[{"embeddable":true,"href":"https:\/\/www.hydraulic-cylinders.net\/es\/wp-json\/wp\/v2\/comments?post=15872"}],"wp:featuredmedia":[{"embeddable":true,"href":"https:\/\/www.hydraulic-cylinders.net\/es\/wp-json\/wp\/v2\/media\/14782"}],"wp:attachment":[{"href":"https:\/\/www.hydraulic-cylinders.net\/es\/wp-json\/wp\/v2\/media?parent=15872"}],"wp:term":[{"taxonomy":"product_brand","embeddable":true,"href":"https:\/\/www.hydraulic-cylinders.net\/es\/wp-json\/wp\/v2\/product_brand?post=15872"},{"taxonomy":"product_cat","embeddable":true,"href":"https:\/\/www.hydraulic-cylinders.net\/es\/wp-json\/wp\/v2\/product_cat?post=15872"},{"taxonomy":"product_tag","embeddable":true,"href":"https:\/\/www.hydraulic-cylinders.net\/es\/wp-json\/wp\/v2\/product_tag?post=15872"}],"curies":[{"name":"wp","href":"https:\/\/api.w.org\/{rel}","templated":true}]}}