{"id":15874,"date":"2025-01-19T15:06:22","date_gmt":"2025-01-19T15:06:22","guid":{"rendered":"https:\/\/www.hydraulic-cylinders.net\/product\/bucket-cylinder-for-xinyuan-wheel-excavator-xy65w-7-8\/"},"modified":"2025-01-19T15:06:24","modified_gmt":"2025-01-19T15:06:24","slug":"bucket-cylinder-for-xinyuan-wheel-excavator-xy65w-7-8","status":"publish","type":"product","link":"https:\/\/www.hydraulic-cylinders.net\/es\/producto\/bucket-cylinder-for-xinyuan-wheel-excavator-xy65w-7-8\/","title":{"rendered":"Cilindro de cuchar\u00f3n para excavadora de ruedas Xinyuan XY65W-7-8"},"content":{"rendered":"<h1>Cilindro de cuchar\u00f3n para excavadora de ruedas Xinyuan XY65W-7-8<\/h1>\n<h2>Introducci\u00f3n<\/h2>\n<p>A bucket cylinder is a specially designed hydraulic cylinder used primarily in heavy machinery such as excavators, backhoes, and front loaders to control the movement of the bucket. Its main function is to allow the bucket to lift, lower, and tilt, making it easier to handle various materials. In hydraulic systems, the bucket cylinder controls the bucket&#8217;s precise movement through changes in hydraulic oil pressure, enabling operators to efficiently handle heavy loads and adapt to complex work environments and diverse job requirements.<\/p>\n<p><img decoding=\"async\" src=\"https:\/\/www.hydraulic-cylinders.net\/wp-content\/uploads\/2025\/01\/songte-company-2.webp\" alt=\"Imagen del cilindro del cubo\" \/><\/p>\n<h2>Caracter\u00edsticas del producto<\/h2>\n<ul>\n<li><strong>Alta resistencia y durabilidad:<\/strong> Los cilindros de cangilones, generalmente fabricados con acero o aluminio de alta resistencia, pueden soportar altas presiones y cargas pesadas, y est\u00e1n dise\u00f1ados teniendo en cuenta la resistencia al desgaste y a la corrosi\u00f3n para extender su vida \u00fatil.<\/li>\n<li><strong>Operaci\u00f3n hidr\u00e1ulica eficiente:<\/strong> Los cilindros del cuchar\u00f3n utilizan presi\u00f3n de aceite hidr\u00e1ulico para lograr movimientos suaves de extensi\u00f3n y retracci\u00f3n, lo que permite una respuesta r\u00e1pida a los comandos de control, brinda poderosas fuerzas de empuje y tracci\u00f3n y es adecuado para manipular cargas pesadas y tareas laborales complejas.<\/li>\n<li><strong>Varios tipos:<\/strong> Los cilindros de cangilones pueden ser de simple efecto (presi\u00f3n hidr\u00e1ulica en una sola direcci\u00f3n) o de doble efecto (presi\u00f3n hidr\u00e1ulica en ambas direcciones) y pueden seleccionarse seg\u00fan los requisitos operativos espec\u00edficos. Algunos modelos son telesc\u00f3picos, lo que permite una mayor extensi\u00f3n sin aumentar las dimensiones externas y son adecuados para aplicaciones con espacio limitado.<\/li>\n<li><strong>Reemplazar cilindros hidr\u00e1ulicos existentes:<\/strong> Nuestro producto puede reemplazar perfectamente los cilindros hidr\u00e1ulicos existentes.<\/li>\n<li><strong>Disponible para diferentes modelos de excavadoras:<\/strong> Nuestro producto es compatible con varios modelos de excavadoras.<\/li>\n<\/ul>\n<p><img decoding=\"async\" src=\"https:\/\/www.hydraulic-cylinders.net\/wp-content\/uploads\/2025\/01\/songte-cylinder-head-with-all-kinds-excavator-models.webp\" alt=\"Imagen de modelos de excavadoras\" \/><\/p>\n<h2>Aplicaciones<\/h2>\n<h3>Equipos de construcci\u00f3n<\/h3>\n<p>Los cilindros del cuchar\u00f3n son esenciales para las excavadoras, que se utilizan para excavar, cargar y mover tierra o escombros. En las retroexcavadoras, los cilindros del cuchar\u00f3n facilitan la excavaci\u00f3n y la elevaci\u00f3n. En las cargadoras frontales, ayudan a elevar y descargar mercanc\u00edas eficazmente.<\/p>\n<h3>Maquinaria agr\u00edcola<\/h3>\n<p>Los cilindros del cuchar\u00f3n se utilizan en cargadoras frontales para recoger, levantar y transportar tierra, heno y otros materiales. En las excavadoras, los cilindros del cuchar\u00f3n facilitan la excavaci\u00f3n al permitir que el cuchar\u00f3n penetre en el suelo.<\/p>\n<h2>Consideraciones de dise\u00f1o y criterios de selecci\u00f3n<\/h2>\n<ul>\n<li><strong>Capacidad de carga:<\/strong> El cilindro hidr\u00e1ulico debe poder soportar diversas cargas y presiones.<\/li>\n<li><strong>Caza de focas:<\/strong> Se pueden utilizar diversos componentes de sellado, como sellos de pist\u00f3n y sellos de varilla, para aumentar la vida \u00fatil del cilindro.<\/li>\n<li><strong>Durabilidad:<\/strong> El cilindro hidr\u00e1ulico debe estar dise\u00f1ado para soportar el desgaste.<\/li>\n<li><strong>Seguridad:<\/strong> El cilindro hidr\u00e1ulico debe dise\u00f1arse de tal manera que no represente ning\u00fan riesgo para la seguridad.<\/li>\n<li><strong>Mantenibilidad:<\/strong> El cilindro hidr\u00e1ulico debe ser f\u00e1cil de mantener y reparar.<\/li>\n<\/ul>\n<p><img decoding=\"async\" src=\"https:\/\/www.hydraulic-cylinders.net\/wp-content\/uploads\/2025\/01\/songte-oil-pipes-and-spare-parts.webp\" alt=\"Imagen de tuber\u00edas de aceite y repuestos\" \/><\/p>\n<h2>Sellado y lubricaci\u00f3n<\/h2>\n<p>Se pueden utilizar diversos componentes de sellado, como sellos de pist\u00f3n y de v\u00e1stago, para prolongar la vida \u00fatil del cilindro hidr\u00e1ulico. Los sellos pueden fabricarse con materiales resistentes al desgaste, como poliuretano y caucho de nitrilo. Adem\u00e1s, el cuerpo del cilindro y las superficies roscadas de los extremos se procesan con precisi\u00f3n para mejorar la resistencia al desgaste. Es necesario a\u00f1adir regularmente la cantidad adecuada de aceite hidr\u00e1ulico para la lubricaci\u00f3n.<\/p>\n<h2>Mantenimiento y reparaci\u00f3n<\/h2>\n<p>La inspecci\u00f3n regular, la lubricaci\u00f3n adecuada, el reemplazo de sellos y las comprobaciones de calibraci\u00f3n son tareas comunes de mantenimiento. La instalaci\u00f3n, la lubricaci\u00f3n y el ajuste correctos son fundamentales para la longevidad y el rendimiento del cilindro. Durante la instalaci\u00f3n, se recomienda alinear el cilindro correctamente y utilizar soportes de montaje adecuados para asegurarlo. Los procedimientos recomendados de inspecci\u00f3n, reparaci\u00f3n y reemplazo prolongar\u00e1n la vida \u00fatil del cilindro.<\/p>\n<p><img decoding=\"async\" src=\"https:\/\/www.hydraulic-cylinders.net\/wp-content\/uploads\/2025\/01\/songte-chushion-collar.webp\" alt=\"Imagen de cuello acolchado\" \/><\/p>\n<h2>Consideraciones de seguridad y medio ambiente<\/h2>\n<p>Al utilizar cilindros hidr\u00e1ulicos, las medidas de seguridad son de suma importancia. El uso y mantenimiento adecuados de los cilindros hidr\u00e1ulicos pueden reducir el riesgo de accidentes, y se debe utilizar un fluido hidr\u00e1ulico ecol\u00f3gico para reducir la contaminaci\u00f3n.<\/p>\n<h2>Diagn\u00f3stico y soluci\u00f3n de problemas<\/h2>\n<p>Los problemas comunes que pueden ocurrir con los cilindros hidr\u00e1ulicos incluyen fugas de aceite, flexi\u00f3n del v\u00e1stago del cilindro y fuerza insuficiente. Estos problemas pueden diagnosticarse y resolverse mediante t\u00e9cnicas adecuadas de diagn\u00f3stico de problemas y siguiendo las medidas preventivas recomendadas.<\/p>\n<p><img decoding=\"async\" src=\"https:\/\/www.hydraulic-cylinders.net\/wp-content\/uploads\/2025\/01\/songte-bushings-with-all-kinds-of-excavator-models.webp\" alt=\"Imagen de bujes\" \/><\/p>\n<h2>Sobre nosotros<\/h2>\n<p>Somos fabricantes de cilindros hidr\u00e1ulicos y ofrecemos una amplia gama de productos. Nuestra empresa es uno de los principales fabricantes y distribuidores mayoristas de cilindros hidr\u00e1ulicos en el mercado nacional e internacional. Nos basamos en el principio de excelente calidad y en estrategias de gesti\u00f3n de producci\u00f3n industrializadas en nuestros sofisticados talleres de fabricaci\u00f3n. Mejoramos continuamente nuestra plataforma de fabricaci\u00f3n, perfeccionamos nuestras l\u00edneas de producci\u00f3n de alta calidad y contamos con una gran capacidad creativa. Gracias a nuestros principios de alta eficiencia, precisi\u00f3n y calidad, podemos satisfacer las diversas necesidades de nuestros clientes.<\/p>\n<ul>\n<li><strong>Profesionalismo:<\/strong> Nos especializamos en la fabricaci\u00f3n de cilindros hidr\u00e1ulicos.<\/li>\n<li><strong>Certificaci\u00f3n Internacional:<\/strong> Nuestros productos han obtenido certificaciones internacionales como ISO9001, CE y TUV.<\/li>\n<li><strong>Servicios de personalizaci\u00f3n:<\/strong> Ofrecemos servicios personalizados para satisfacer las necesidades espec\u00edficas del cliente.<\/li>\n<li><strong>Equipo de producci\u00f3n avanzado:<\/strong> Contamos con equipos de producci\u00f3n avanzados, incluidas m\u00e1quinas CNC y m\u00e1quinas de soldadura rob\u00f3ticas.<\/li>\n<li><strong>Servicio postventa:<\/strong> Brindamos un excelente servicio postventa para garantizar la satisfacci\u00f3n del cliente.<\/li>\n<\/ul>\n<p><img decoding=\"async\" src=\"https:\/\/hzpt.com\/wp-content\/uploads\/2024\/11\/songte-company-1.webp\" alt=\"Imagen de la empresa\" \/><\/p>\n<p>Autor: lyl<\/p>","protected":false},"excerpt":{"rendered":"<p>Bucket Cylinder For Xinyuan Wheel Excavator XY65W-7-8 Introduction A bucket cylinder is a specially designed hydraulic cylinder used primarily in heavy machinery such as excavators, backhoes, and front loaders to control the movement of the bucket. Its main function is to allow the bucket to lift, lower, and tilt, making it easier to handle various [&hellip;]<\/p>","protected":false},"featured_media":14778,"comment_status":"open","ping_status":"closed","template":"","meta":{"_et_pb_use_builder":"","_et_pb_old_content":"","_et_gb_content_width":""},"product_brand":[],"product_cat":[1494],"product_tag":[1495,1496],"class_list":{"0":"post-15874","1":"product","2":"type-product","3":"status-publish","4":"has-post-thumbnail","6":"product_cat-bucket-cylinders","7":"product_tag-bucket-cylinders","8":"product_tag-hydraulic-cylinders","10":"first","11":"instock","12":"shipping-taxable","13":"product-type-simple"},"amp_enabled":true,"_links":{"self":[{"href":"https:\/\/www.hydraulic-cylinders.net\/es\/wp-json\/wp\/v2\/product\/15874","targetHints":{"allow":["GET"]}}],"collection":[{"href":"https:\/\/www.hydraulic-cylinders.net\/es\/wp-json\/wp\/v2\/product"}],"about":[{"href":"https:\/\/www.hydraulic-cylinders.net\/es\/wp-json\/wp\/v2\/types\/product"}],"replies":[{"embeddable":true,"href":"https:\/\/www.hydraulic-cylinders.net\/es\/wp-json\/wp\/v2\/comments?post=15874"}],"wp:featuredmedia":[{"embeddable":true,"href":"https:\/\/www.hydraulic-cylinders.net\/es\/wp-json\/wp\/v2\/media\/14778"}],"wp:attachment":[{"href":"https:\/\/www.hydraulic-cylinders.net\/es\/wp-json\/wp\/v2\/media?parent=15874"}],"wp:term":[{"taxonomy":"product_brand","embeddable":true,"href":"https:\/\/www.hydraulic-cylinders.net\/es\/wp-json\/wp\/v2\/product_brand?post=15874"},{"taxonomy":"product_cat","embeddable":true,"href":"https:\/\/www.hydraulic-cylinders.net\/es\/wp-json\/wp\/v2\/product_cat?post=15874"},{"taxonomy":"product_tag","embeddable":true,"href":"https:\/\/www.hydraulic-cylinders.net\/es\/wp-json\/wp\/v2\/product_tag?post=15874"}],"curies":[{"name":"wp","href":"https:\/\/api.w.org\/{rel}","templated":true}]}}