{"id":15875,"date":"2025-01-19T15:06:26","date_gmt":"2025-01-19T15:06:26","guid":{"rendered":"https:\/\/www.hydraulic-cylinders.net\/product\/bucket-cylinder-for-xinyuan-wheel-excavator-xy75w-8-9\/"},"modified":"2025-01-19T15:06:29","modified_gmt":"2025-01-19T15:06:29","slug":"bucket-cylinder-for-xinyuan-wheel-excavator-xy75w-8-9","status":"publish","type":"product","link":"https:\/\/www.hydraulic-cylinders.net\/es\/producto\/bucket-cylinder-for-xinyuan-wheel-excavator-xy75w-8-9\/","title":{"rendered":"Cilindro de cuchar\u00f3n para excavadora de ruedas Xinyuan XY75W-8-9"},"content":{"rendered":"<h1>Cilindro de cuchar\u00f3n para excavadora de ruedas Xinyuan XY75W-8-9<\/h1>\n<h2>Introducci\u00f3n<\/h2>\n<p>El cilindro de la cuchara es un cilindro hidr\u00e1ulico dise\u00f1ado espec\u00edficamente para controlar el movimiento de la cuchara en maquinaria pesada como excavadoras, retroexcavadoras y cargadoras frontales. Su funci\u00f3n principal es permitir que la cuchara se eleve, descienda e incline para facilitar la manipulaci\u00f3n de diversos materiales. En el sistema hidr\u00e1ulico, el cilindro de la cuchara logra un control preciso de la misma mediante la variaci\u00f3n de la presi\u00f3n del aceite hidr\u00e1ulico, lo que permite a los operadores manejar cargas pesadas con eficiencia y adaptarse a entornos de trabajo complejos y a diversos requisitos operativos.<\/p>\n<p><img decoding=\"async\" src=\"https:\/\/www.hydraulic-cylinders.net\/wp-content\/uploads\/2025\/01\/songte-company-2.webp\" alt=\"Cilindro de cubo\"><\/p>\n<h2>Caracter\u00edsticas<\/h2>\n<ul>\n<li>Alta resistencia y durabilidad: Generalmente fabricado con acero o aluminio de alta resistencia, puede soportar altas presiones y cargas pesadas, se adapta a entornos de trabajo exigentes y su dise\u00f1o considera la resistencia al desgaste y a la corrosi\u00f3n para prolongar su vida \u00fatil.<\/li>\n<li>Funcionamiento hidr\u00e1ulico eficiente: Las acciones suaves de extensi\u00f3n y retracci\u00f3n se logran utilizando la presi\u00f3n del aceite hidr\u00e1ulico, lo que proporciona una potente fuerza de empuje y tracci\u00f3n, y es adecuado para el manejo de cargas pesadas y tareas operativas complejas.<\/li>\n<li>M\u00faltiples tipos: Se pueden seleccionar cilindros de simple efecto (hidr\u00e1ulicos de un solo sentido) o de doble efecto (hidr\u00e1ulicos de ambos sentidos) seg\u00fan las necesidades operativas. Algunos modelos son telesc\u00f3picos, lo que permite una mayor extensi\u00f3n sin aumentar las dimensiones externas, ideales para aplicaciones con espacio limitado. <\/li>\n<li>Reemplazo perfecto: Nuestros productos pueden reemplazar perfectamente estos cilindros hidr\u00e1ulicos. <\/li>\n<\/ul>\n<p><img decoding=\"async\" src=\"https:\/\/www.hydraulic-cylinders.net\/wp-content\/uploads\/2025\/01\/songte-cylinder-head-with-all-kinds-excavator-models.webp\" alt=\"Producto\"><\/p>\n<h2>Aplicaciones<\/h2>\n<p>El cilindro del cuchar\u00f3n es fundamental para excavar, cargar y mover tierra o escombros en la maquinaria de construcci\u00f3n. En las retroexcavadoras, facilita la excavaci\u00f3n y la elevaci\u00f3n. En la maquinaria agr\u00edcola, se utiliza en las cargadoras frontales para recoger, elevar y transportar tierra, heno y otros materiales. En las excavadoras, el cilindro del cuchar\u00f3n permite la excavaci\u00f3n al facilitar la penetraci\u00f3n del cuchar\u00f3n en el suelo. En las cargadoras frontales, contribuye a la elevaci\u00f3n y descarga eficiente de materiales.<\/p>\n<h2>Consideraciones de dise\u00f1o y criterios de selecci\u00f3n<\/h2>\n<ul>\n<li>Capacidad de carga: La capacidad de carga del cilindro debe tenerse en cuenta al seleccionar el cilindro adecuado para la aplicaci\u00f3n.<\/li>\n<li>Sellado: Se deben utilizar diversos componentes de sellado, como juntas de pist\u00f3n y de v\u00e1stago. Estos componentes deben estar fabricados con materiales resistentes al desgaste, como poliuretano y caucho de nitrilo. Los cuerpos de los cilindros y las superficies roscadas deben tener un acabado de precisi\u00f3n para mejorar su resistencia al desgaste, y se debe a\u00f1adir aceite hidr\u00e1ulico peri\u00f3dicamente para su lubricaci\u00f3n.<\/li>\n<li>Durabilidad: Debe tenerse en cuenta el dise\u00f1o del cilindro para garantizar su durabilidad. Debe fabricarse con materiales resistentes y duraderos para resistir el desgaste, la corrosi\u00f3n y otros factores ambientales.<\/li>\n<li>Seguridad: La seguridad debe ser una consideraci\u00f3n fundamental en el dise\u00f1o y la selecci\u00f3n. El cilindro debe dise\u00f1arse y seleccionarse para un funcionamiento seguro, y deben tenerse en cuenta las medidas de seguridad adecuadas.<\/li>\n<li>Mantenimiento: El mantenimiento debe tenerse en cuenta en el dise\u00f1o y la selecci\u00f3n de cilindros. Los cilindros deben dise\u00f1arse para facilitar su mantenimiento y reparaci\u00f3n, y se debe realizar un mantenimiento programado para prolongar su vida \u00fatil.<\/li>\n<\/ul>\n<p><img decoding=\"async\" src=\"https:\/\/www.hydraulic-cylinders.net\/wp-content\/uploads\/2025\/01\/songte-oil-pipes-and-spare-parts.webp\" alt=\"Producto\"><\/p>\n<h2>Mantenimiento e instalaci\u00f3n<\/h2>\n<p>Las siguientes son tres tareas comunes de mantenimiento:<\/p>\n<ol>\n<li>Inspecci\u00f3n regular<\/li>\n<li>Lubricaci\u00f3n adecuada<\/li>\n<li>Sustituci\u00f3n de juntas y comprobaci\u00f3n de calibraci\u00f3n<\/li>\n<\/ol>\n<p>Una correcta instalaci\u00f3n, lubricaci\u00f3n y ajuste son esenciales para garantizar la durabilidad del cilindro del cuchar\u00f3n. Durante la instalaci\u00f3n, se debe guiar la alineaci\u00f3n correcta del cilindro y utilizar soportes adecuados para fijarlo. Se deben seguir los procedimientos recomendados de inspecci\u00f3n, reparaci\u00f3n y reemplazo, y se deben ofrecer servicios de reacondicionamiento para prolongar la vida \u00fatil del producto.<\/p>\n<p><img decoding=\"async\" src=\"https:\/\/www.hydraulic-cylinders.net\/wp-content\/uploads\/2025\/01\/songte-chushion-collar.webp\" alt=\"Producto\"><\/p>\n<h2>Consideraciones de seguridad y medio ambiente<\/h2>\n<p>Al operar el cilindro del cuchar\u00f3n, deben adoptarse las medidas de seguridad adecuadas para evitar accidentes y garantizar pr\u00e1cticas de trabajo seguras. Asimismo, deben tenerse en cuenta los factores ambientales al seleccionar y operar el cilindro para minimizar los impactos ambientales adversos.<\/p>\n<h2>Diagn\u00f3stico y soluci\u00f3n de problemas<\/h2>\n<p>Los siguientes son algunos problemas comunes que pueden surgir al usar el cilindro del cuchar\u00f3n:<\/p>\n<ul>\n<li>Falla del sello<\/li>\n<li>Fuga excesiva<\/li>\n<li>Eficiencia operativa reducida<\/li>\n<\/ul>\n<p>Deben proporcionarse consejos y soluciones para la resoluci\u00f3n de problemas que ayuden a diagnosticar y resolver los problemas de manera eficaz, y deben tomarse medidas preventivas para minimizar los posibles problemas.<\/p>\n<p><img decoding=\"async\" src=\"https:\/\/www.hydraulic-cylinders.net\/wp-content\/uploads\/2025\/01\/songte-bushings-with-all-kinds-of-excavator-models.webp\" alt=\"Producto\"><\/p>\n<h2>Acerca de nuestra empresa<\/h2>\n<p>Somos fabricantes de cilindros hidr\u00e1ulicos de reemplazo. Nuestra empresa ofrece una gama completa de productos y se ha consolidado como uno de los principales fabricantes y mayoristas de cilindros hidr\u00e1ulicos en los mercados nacionales e internacionales. Nos enfocamos en la excelencia, respaldamos una estrategia de gesti\u00f3n de producci\u00f3n industrializada en un taller de fabricaci\u00f3n de vanguardia, mejoramos continuamente nuestras instalaciones, perfeccionamos el proceso de producci\u00f3n y fomentamos la creatividad. Con los principios de alta eficiencia, precisi\u00f3n y calidad, nos esforzamos por satisfacer las diversas necesidades de nuestros clientes.<\/p>\n<p><img decoding=\"async\" src=\"https:\/\/hzpt.com\/wp-content\/uploads\/2024\/11\/songte-company-1.webp\" alt=\"Compa\u00f1\u00eda\"><\/p>\n<h3>Profesionalismo<\/h3>\n<p>Somos un equipo de profesionales dedicados a brindar excelentes productos y servicios a nuestros clientes. Nuestro equipo est\u00e1 conformado por ingenieros, t\u00e9cnicos y otros profesionales altamente capacitados que trabajan arduamente para garantizar que nuestros productos cumplan con los m\u00e1s altos est\u00e1ndares de calidad y confiabilidad.<\/p>\n<h3>Certificaciones internacionales<\/h3>\n<p>Nuestra empresa ha obtenido diversas certificaciones internacionales, incluidas ISO9001, CE y otras, para garantizar que nuestros productos cumplen con los m\u00e1s altos est\u00e1ndares internacionales.<\/p>\n<h3>Servicios de personalizaci\u00f3n<\/h3>\n<p>Ofrecemos servicios de personalizaci\u00f3n para satisfacer las necesidades espec\u00edficas de nuestros clientes. Trabajamos con ellos para dise\u00f1ar y fabricar cilindros hidr\u00e1ulicos que cumplan con sus requisitos y necesidades particulares.<\/p>\n<h3>Equipos de producci\u00f3n<\/h3>\n<p>Nuestra empresa ha invertido considerablemente en equipos de producci\u00f3n avanzados para garantizar que podamos fabricar cilindros hidr\u00e1ulicos de alta calidad de forma r\u00e1pida y eficiente.<\/p>\n<h3>Servicio postventa<\/h3>\n<p>Ofrecemos un excelente servicio posventa para garantizar la satisfacci\u00f3n de nuestros clientes con nuestros productos. Brindamos soporte t\u00e9cnico, mantenimiento, reparaci\u00f3n y servicios de reacondicionamiento para que nuestros clientes obtengan el m\u00e1ximo provecho de nuestros productos.<\/p>\n<p>Autor: lyl.<\/p>","protected":false},"excerpt":{"rendered":"<p>Bucket Cylinder For Xinyuan Wheel Excavator XY75W-8-9 Introduction A bucket cylinder is a specially designed hydraulic cylinder used to control the movement of a bucket in heavy machinery such as excavators, backhoe excavators, and front-end loaders. Its main function is to enable the bucket to lift, lower, and tilt for easy handling of various materials. [&hellip;]<\/p>","protected":false},"featured_media":14776,"comment_status":"open","ping_status":"closed","template":"","meta":{"_et_pb_use_builder":"","_et_pb_old_content":"","_et_gb_content_width":""},"product_brand":[],"product_cat":[1494],"product_tag":[1495,1496],"class_list":{"0":"post-15875","1":"product","2":"type-product","3":"status-publish","4":"has-post-thumbnail","6":"product_cat-bucket-cylinders","7":"product_tag-bucket-cylinders","8":"product_tag-hydraulic-cylinders","10":"first","11":"instock","12":"shipping-taxable","13":"product-type-simple"},"amp_enabled":true,"_links":{"self":[{"href":"https:\/\/www.hydraulic-cylinders.net\/es\/wp-json\/wp\/v2\/product\/15875","targetHints":{"allow":["GET"]}}],"collection":[{"href":"https:\/\/www.hydraulic-cylinders.net\/es\/wp-json\/wp\/v2\/product"}],"about":[{"href":"https:\/\/www.hydraulic-cylinders.net\/es\/wp-json\/wp\/v2\/types\/product"}],"replies":[{"embeddable":true,"href":"https:\/\/www.hydraulic-cylinders.net\/es\/wp-json\/wp\/v2\/comments?post=15875"}],"wp:featuredmedia":[{"embeddable":true,"href":"https:\/\/www.hydraulic-cylinders.net\/es\/wp-json\/wp\/v2\/media\/14776"}],"wp:attachment":[{"href":"https:\/\/www.hydraulic-cylinders.net\/es\/wp-json\/wp\/v2\/media?parent=15875"}],"wp:term":[{"taxonomy":"product_brand","embeddable":true,"href":"https:\/\/www.hydraulic-cylinders.net\/es\/wp-json\/wp\/v2\/product_brand?post=15875"},{"taxonomy":"product_cat","embeddable":true,"href":"https:\/\/www.hydraulic-cylinders.net\/es\/wp-json\/wp\/v2\/product_cat?post=15875"},{"taxonomy":"product_tag","embeddable":true,"href":"https:\/\/www.hydraulic-cylinders.net\/es\/wp-json\/wp\/v2\/product_tag?post=15875"}],"curies":[{"name":"wp","href":"https:\/\/api.w.org\/{rel}","templated":true}]}}