{"id":15877,"date":"2025-01-19T15:06:34","date_gmt":"2025-01-19T15:06:34","guid":{"rendered":"https:\/\/www.hydraulic-cylinders.net\/product\/bucket-cylinder-for-volwa-small-excavator-dls100-9b\/"},"modified":"2025-01-19T15:06:36","modified_gmt":"2025-01-19T15:06:36","slug":"bucket-cylinder-for-volwa-small-excavator-dls100-9b","status":"publish","type":"product","link":"https:\/\/www.hydraulic-cylinders.net\/es\/producto\/bucket-cylinder-for-volwa-small-excavator-dls100-9b\/","title":{"rendered":"Cilindro de cuchar\u00f3n para excavadora peque\u00f1a Volwa DLS100-9B"},"content":{"rendered":"<h2>Cilindro de cuchar\u00f3n para excavadora peque\u00f1a Volwa DLS100-9B<\/h2>\n<p><img decoding=\"async\" src=\"https:\/\/www.hydraulic-cylinders.net\/wp-content\/uploads\/2025\/01\/songte-company-2.webp\"><\/p>\n<h3>Introducci\u00f3n<\/h3>\n<p>El cilindro del cuchar\u00f3n para la excavadora peque\u00f1a Volwa DLS100-9B es un cilindro hidr\u00e1ulico especialmente dise\u00f1ado que se utiliza para controlar el movimiento del cuchar\u00f3n en maquinaria pesada como excavadoras, retroexcavadoras y cargadoras frontales. Su funci\u00f3n principal es permitir la elevaci\u00f3n, el descenso y la inclinaci\u00f3n del cuchar\u00f3n, lo que lo hace ideal para diversas tareas de manipulaci\u00f3n de materiales. En un sistema hidr\u00e1ulico, el cilindro del cuchar\u00f3n logra un control preciso del cuchar\u00f3n aprovechando los cambios de presi\u00f3n del aceite hidr\u00e1ulico, lo que permite a los operadores manipular cargas pesadas con eficiencia y adaptarse a entornos de trabajo exigentes y diversas necesidades operativas.<\/p>\n<h3>Caracter\u00edsticas<\/h3>\n<ul>\n<li>Alta resistencia y durabilidad: Fabricado generalmente en acero o aluminio de alta resistencia, el cilindro del cuchar\u00f3n puede soportar alta presi\u00f3n y cargas pesadas, adapt\u00e1ndose a condiciones de trabajo rigurosas. Su dise\u00f1o considera la resistencia al desgaste y a la corrosi\u00f3n, lo que prolonga su vida \u00fatil.<\/li>\n<li>Operaci\u00f3n hidr\u00e1ulica eficiente: al utilizar la presi\u00f3n del aceite hidr\u00e1ulico, el cilindro del cuchar\u00f3n permite una extensi\u00f3n y contracci\u00f3n suaves, brindando una respuesta r\u00e1pida a los comandos de control y entregando poderosas fuerzas de empuje y tracci\u00f3n, lo que lo hace adecuado para manipular cargas pesadas y tareas complejas.<\/li>\n<li>Tipos vers\u00e1tiles: El cilindro del cuchar\u00f3n puede seleccionarse como de simple efecto (presi\u00f3n hidr\u00e1ulica en una sola direcci\u00f3n) o de doble efecto (presi\u00f3n hidr\u00e1ulica en ambas direcciones), seg\u00fan los requisitos operativos. Algunos modelos son telesc\u00f3picos, lo que permite una mayor extensi\u00f3n sin aumentar las dimensiones externas, lo que los hace ideales para aplicaciones con espacio limitado.<\/li>\n<\/ul>\n<p><img decoding=\"async\" src=\"https:\/\/www.hydraulic-cylinders.net\/wp-content\/uploads\/2025\/01\/songte-cylinder-head-with-all-kinds-excavator-models.webp\"><\/p>\n<h3>Aplicaciones<\/h3>\n<p>El cilindro de cuchara tiene diversas aplicaciones en diferentes tipos de maquinaria:<\/p>\n<ul>\n<li>Equipos de construcci\u00f3n: Se encuentran en las excavadoras, donde son cruciales para la excavaci\u00f3n, la carga y el movimiento de materiales. En las retroexcavadoras, el cilindro del cuchar\u00f3n facilita tanto la excavaci\u00f3n como la elevaci\u00f3n.<\/li>\n<li>Maquinaria agr\u00edcola: Se utiliza en cargadoras frontales para recoger, levantar y transportar tierra, heno y otros materiales.<\/li>\n<li>Excavadoras: El cilindro del cuchar\u00f3n permite realizar acciones de excavaci\u00f3n al permitir que el cuchar\u00f3n penetre en el suelo.<\/li>\n<li>Cargadores: En los cargadores frontales, ayudan a levantar y descargar mercanc\u00edas de manera eficiente.<\/li>\n<\/ul>\n<h3>Consideraciones de dise\u00f1o y criterios de selecci\u00f3n<\/h3>\n<p>Las consideraciones de dise\u00f1o y los criterios de selecci\u00f3n para el cilindro del cuchar\u00f3n incluyen:<\/p>\n<ul>\n<li>Capacidad de carga: Analice la capacidad del cilindro para soportar cargas y presiones.<\/li>\n<li>Sellado: Analice los diversos componentes de sellado, como los sellos de pist\u00f3n y de v\u00e1stago, fabricados con materiales resistentes al desgaste como poliuretano y caucho de nitrilo. Mencione el fino tratamiento superficial del cuerpo del cilindro y los extremos roscados para mejorar la resistencia al desgaste.<\/li>\n<li>Durabilidad: Destacar el uso de materiales y procesos de fabricaci\u00f3n de alta calidad para garantizar la longevidad.<\/li>\n<li>Seguridad: Analice las medidas de seguridad y las consideraciones a tener en cuenta al utilizar el cilindro del cuchar\u00f3n.<\/li>\n<li>Mantenibilidad: Analice la facilidad de mantenimiento y los posibles procedimientos de reparaci\u00f3n.<\/li>\n<\/ul>\n<p><img decoding=\"async\" src=\"https:\/\/www.hydraulic-cylinders.net\/wp-content\/uploads\/2025\/01\/songte-oil-pipes-and-spare-parts.webp\"><\/p>\n<h3>Sellado y lubricaci\u00f3n<\/h3>\n<p>El cilindro del cuchar\u00f3n incorpora diversos sellos fabricados con materiales resistentes al desgaste, como poliuretano y caucho de nitrilo. El cuerpo del cilindro y los extremos roscados se someten a un fino tratamiento superficial para mejorar la resistencia al desgaste. Es necesaria una lubricaci\u00f3n regular con la cantidad adecuada de aceite hidr\u00e1ulico.<\/p>\n<h3>Inspecci\u00f3n regular y mantenimiento preventivo<\/h3>\n<p>Las medidas de inspecci\u00f3n peri\u00f3dica y mantenimiento preventivo incluyen:<\/p>\n<ul>\n<li>Revise y reemplace los sellos seg\u00fan sea necesario.<\/li>\n<li>Aseg\u00farese de que haya una lubricaci\u00f3n adecuada.<\/li>\n<li>Inspeccionar y calibrar seg\u00fan sea necesario.<\/li>\n<\/ul>\n<h3>Gu\u00eda de instalaci\u00f3n del producto<\/h3>\n<p>Instalaci\u00f3n correcta del cilindro del cuchar\u00f3n:<\/p>\n<ul>\n<li>Proporciona orientaci\u00f3n sobre c\u00f3mo alinear correctamente el cilindro.<\/li>\n<li>Se sugiere utilizar soportes de instalaci\u00f3n adecuados para asegurar el cilindro.<\/li>\n<li>Recomendar procedimientos de inspecci\u00f3n, reparaci\u00f3n y sustituci\u00f3n.<\/li>\n<li>Ofrece consejos para prolongar la vida \u00fatil del cilindro del cuchar\u00f3n.<\/li>\n<\/ul>\n<p><img decoding=\"async\" src=\"https:\/\/www.hydraulic-cylinders.net\/wp-content\/uploads\/2025\/01\/songte-chushion-collar.webp\"><\/p>\n<h3>Consideraciones de seguridad y factores ambientales<\/h3>\n<p>Analice la importancia de las medidas de seguridad al utilizar el cilindro del cuchar\u00f3n y considere los factores ambientales que pueden afectar su funcionamiento.<\/p>\n<h3>Soluci\u00f3n de problemas y problemas comunes<\/h3>\n<p>Abordar la resoluci\u00f3n de problemas comunes y los problemas asociados con el cilindro del cuchar\u00f3n. Ofrecer consejos y soluciones para ayudar a los lectores a diagnosticar y resolver problemas eficazmente. Enfatizar las medidas preventivas para minimizar posibles problemas.<\/p>\n<p><img decoding=\"async\" src=\"https:\/\/www.hydraulic-cylinders.net\/wp-content\/uploads\/2025\/01\/songte-bushings-with-all-kinds-of-excavator-models.webp\"><\/p>\n<p>Recuerde organizar el art\u00edculo de forma l\u00f3gica, utilizando subt\u00edtulos para facilitar la navegaci\u00f3n. Mejore la comprensi\u00f3n con im\u00e1genes o gr\u00e1ficos relevantes. Aseg\u00farese de que el contenido sea claro, conciso y adecuado para lectores con distintos niveles de conocimientos t\u00e9cnicos.<\/p>\n<h2>Nuestra empresa<\/h2>\n<p><img decoding=\"async\" src=\"https:\/\/hzpt.com\/wp-content\/uploads\/2024\/11\/songte-company-1.webp\"><\/p>\n<p>Somos fabricantes de cilindros hidr\u00e1ulicos de repuesto y uno de los principales fabricantes y distribuidores mayoristas en el mercado nacional e internacional. Nos adherimos a los principios de excelente calidad, bas\u00e1ndonos en estrategias de gesti\u00f3n de la producci\u00f3n industrial en nuestro refinado taller de fabricaci\u00f3n. Nuestra empresa mejora continuamente la plataforma de fabricaci\u00f3n, perfecciona la cadena de producci\u00f3n para la calidad de sus productos y posee una s\u00f3lida capacidad de innovaci\u00f3n. Satisfacemos las diversas necesidades de nuestros clientes con alta eficiencia, precisi\u00f3n y calidad.<\/p>\n<p><img decoding=\"async\" src=\"https:\/\/www.hydraulic-cylinders.net\/wp-content\/uploads\/2025\/01\/songte-company-3.webp\"><\/p>\n<p>Nuestra empresa es conocida por:<\/p>\n<ul>\n<li>Profesionalismo<\/li>\n<li>Certificaciones internacionales<\/li>\n<li>Servicios de personalizaci\u00f3n<\/li>\n<li>Equipos de producci\u00f3n<\/li>\n<li>Servicio posventa<\/li>\n<\/ul>\n<p>Autor: lyl<\/p>","protected":false},"excerpt":{"rendered":"<p>Bucket Cylinder For Volwa Small Excavator DLS100-9B Introduction The bucket cylinder for Volwa small excavator DLS100-9B is a specially designed hydraulic cylinder used to control the movement of the bucket in heavy machinery such as excavators, backhoe loaders, and front-end loaders. Its main function is to enable the lifting, lowering, and tilting of the bucket, [&hellip;]<\/p>","protected":false},"featured_media":14771,"comment_status":"open","ping_status":"closed","template":"","meta":{"_et_pb_use_builder":"","_et_pb_old_content":"","_et_gb_content_width":""},"product_brand":[],"product_cat":[1494],"product_tag":[1495,1496],"class_list":{"0":"post-15877","1":"product","2":"type-product","3":"status-publish","4":"has-post-thumbnail","6":"product_cat-bucket-cylinders","7":"product_tag-bucket-cylinders","8":"product_tag-hydraulic-cylinders","10":"first","11":"instock","12":"shipping-taxable","13":"product-type-simple"},"amp_enabled":true,"_links":{"self":[{"href":"https:\/\/www.hydraulic-cylinders.net\/es\/wp-json\/wp\/v2\/product\/15877","targetHints":{"allow":["GET"]}}],"collection":[{"href":"https:\/\/www.hydraulic-cylinders.net\/es\/wp-json\/wp\/v2\/product"}],"about":[{"href":"https:\/\/www.hydraulic-cylinders.net\/es\/wp-json\/wp\/v2\/types\/product"}],"replies":[{"embeddable":true,"href":"https:\/\/www.hydraulic-cylinders.net\/es\/wp-json\/wp\/v2\/comments?post=15877"}],"wp:featuredmedia":[{"embeddable":true,"href":"https:\/\/www.hydraulic-cylinders.net\/es\/wp-json\/wp\/v2\/media\/14771"}],"wp:attachment":[{"href":"https:\/\/www.hydraulic-cylinders.net\/es\/wp-json\/wp\/v2\/media?parent=15877"}],"wp:term":[{"taxonomy":"product_brand","embeddable":true,"href":"https:\/\/www.hydraulic-cylinders.net\/es\/wp-json\/wp\/v2\/product_brand?post=15877"},{"taxonomy":"product_cat","embeddable":true,"href":"https:\/\/www.hydraulic-cylinders.net\/es\/wp-json\/wp\/v2\/product_cat?post=15877"},{"taxonomy":"product_tag","embeddable":true,"href":"https:\/\/www.hydraulic-cylinders.net\/es\/wp-json\/wp\/v2\/product_tag?post=15877"}],"curies":[{"name":"wp","href":"https:\/\/api.w.org\/{rel}","templated":true}]}}