{"id":15881,"date":"2025-01-19T15:06:53","date_gmt":"2025-01-19T15:06:53","guid":{"rendered":"https:\/\/www.hydraulic-cylinders.net\/product\/bucket-cylinder-for-volwa-small-excavator-dls860-10b\/"},"modified":"2025-01-19T15:06:55","modified_gmt":"2025-01-19T15:06:55","slug":"bucket-cylinder-for-volwa-small-excavator-dls860-10b","status":"publish","type":"product","link":"https:\/\/www.hydraulic-cylinders.net\/es\/producto\/bucket-cylinder-for-volwa-small-excavator-dls860-10b\/","title":{"rendered":"Cilindro de cuchar\u00f3n para excavadora peque\u00f1a Volwa DLS860-10B"},"content":{"rendered":"<h1>Cilindro de cuchar\u00f3n para excavadora peque\u00f1a Volwa DLS860-10B<\/h1>\n<h2>Introducci\u00f3n<\/h2>\n<p>El cilindro del cuchar\u00f3n es un cilindro hidr\u00e1ulico especialmente dise\u00f1ado que se utiliza principalmente para controlar el movimiento del cuchar\u00f3n en maquinaria pesada como excavadoras, retroexcavadoras y cargadoras frontales. Su funci\u00f3n principal es permitir la elevaci\u00f3n, el descenso y la inclinaci\u00f3n del cuchar\u00f3n, facilitando la manipulaci\u00f3n de diversos materiales. En el sistema hidr\u00e1ulico, el cilindro del cuchar\u00f3n controla con precisi\u00f3n el cuchar\u00f3n modificando la presi\u00f3n del aceite hidr\u00e1ulico, lo que permite a los operadores manipular objetos pesados \u200b\u200bcon eficiencia y adaptarse a entornos de trabajo complejos y diversas necesidades operativas.<\/p>\n<p><img decoding=\"async\" src=\"https:\/\/www.hydraulic-cylinders.net\/wp-content\/uploads\/2025\/01\/songte-company-2.webp\"><\/p>\n<h2>Caracter\u00edsticas<\/h2>\n<h3>Alta resistencia y durabilidad<\/h3>\n<p>El cilindro del cuchar\u00f3n generalmente est\u00e1 hecho de acero o aluminio de alta resistencia, capaz de soportar alta presi\u00f3n y cargas pesadas, adaptarse a entornos de trabajo hostiles y dise\u00f1ado teniendo en cuenta la resistencia al desgaste y la resistencia a la corrosi\u00f3n para extender su vida \u00fatil.<\/p>\n<h3>Operaci\u00f3n hidr\u00e1ulica eficiente<\/h3>\n<p>El cilindro del cuchar\u00f3n utiliza la presi\u00f3n del aceite hidr\u00e1ulico para lograr una extensi\u00f3n y retracci\u00f3n suaves, lo que le permite responder r\u00e1pidamente a los comandos de control, proporcionando poderosas fuerzas de empuje y tracci\u00f3n, y es adecuado para manipular objetos pesados \u200b\u200by tareas operativas complejas.<\/p>\n<h3>Varios tipos<\/h3>\n<p>El cilindro del cuchar\u00f3n puede seleccionarse seg\u00fan la necesidad, ya sea de simple efecto (hidr\u00e1ulico en una sola direcci\u00f3n) o de doble efecto (hidr\u00e1ulico en dos direcciones) para satisfacer diferentes necesidades operativas. Algunos modelos son telesc\u00f3picos, lo que permite una mayor extensi\u00f3n sin aumentar las dimensiones externas, ideal para aplicaciones con espacio limitado.<\/p>\n<h3>Reemplazo perfecto<\/h3>\n<p>Nuestro producto puede sustituir perfectamente a estos cilindros hidr\u00e1ulicos.<\/p>\n<p><img decoding=\"async\" src=\"https:\/\/www.hydraulic-cylinders.net\/wp-content\/uploads\/2025\/01\/songte-cylinder-head-with-all-kinds-excavator-models.webp\"><\/p>\n<h2>Aplicaciones<\/h2>\n<p>El cilindro de cubo tiene una amplia gama de aplicaciones, que incluyen, entre otras:<\/p>\n<h3>Equipos de construcci\u00f3n<\/h3>\n<p>En las excavadoras, son esenciales para excavar, cargar y mover tierra o escombros. En las retroexcavadoras, los cilindros del cuchar\u00f3n ayudan tanto con la excavaci\u00f3n como con la elevaci\u00f3n. <\/p>\n<h3>Maquinaria agr\u00edcola<\/h3>\n<p>Se utiliza en cargadoras frontales para recoger, levantar y transportar tierra, heno y otros materiales. En las excavadoras, el cilindro del cuchar\u00f3n facilita la excavaci\u00f3n al permitir que el cuchar\u00f3n penetre en el suelo. En las cargadoras frontales, facilita la elevaci\u00f3n y descarga eficiente de mercanc\u00edas.<\/p>\n<h3>Otras aplicaciones<\/h3>\n<p>Los cilindros de cangilones tambi\u00e9n se pueden utilizar en diversas otras aplicaciones de maquinaria pesada, como equipos de miner\u00eda, maquinaria forestal y equipos de manipulaci\u00f3n de materiales.<\/p>\n<h2>Consideraciones de dise\u00f1o y criterios de selecci\u00f3n<\/h2>\n<h3>Capacidad de carga<\/h3>\n<p>El cilindro del cuchar\u00f3n debe estar dise\u00f1ado para soportar la carga operativa m\u00e1xima del equipo. El uso de materiales de alta resistencia y procesos de mecanizado precisos pueden aumentar su capacidad de carga.<\/p>\n<h3>Sellado y durabilidad<\/h3>\n<p>El cilindro de la cuchara debe estar dise\u00f1ado para mantener un alto nivel de sellado y durabilidad, incluso en condiciones de trabajo rigurosas. El uso de diversos componentes de sellado, como sellos de pist\u00f3n y de v\u00e1stago, fabricados con materiales resistentes al desgaste como poliuretano y caucho de nitrilo, puede aumentar su durabilidad.<\/p>\n<h3>Seguridad y mantenimiento<\/h3>\n<p>El cilindro del cuchar\u00f3n debe estar dise\u00f1ado para garantizar la seguridad en su funcionamiento y facilitar su mantenimiento. El uso de v\u00e1lvulas de seguridad y las revisiones peri\u00f3dicas de mantenimiento garantizan un funcionamiento seguro, mientras que el uso de materiales de alta calidad y procesos de mecanizado precisos reducen los requisitos de mantenimiento.<\/p>\n<p><img decoding=\"async\" src=\"https:\/\/www.hydraulic-cylinders.net\/wp-content\/uploads\/2025\/01\/songte-oil-pipes-and-spare-parts.webp\"><\/p>\n<h2>Sellado y lubricaci\u00f3n<\/h2>\n<p>El cilindro del cuchar\u00f3n debe estar dise\u00f1ado para mantener un alto nivel de sellado y lubricaci\u00f3n. El uso de diversos componentes de sellado, como sellos de pist\u00f3n y de v\u00e1stago, fabricados con materiales resistentes al desgaste como poliuretano y caucho de nitrilo, puede prevenir fugas y garantizar una lubricaci\u00f3n adecuada. Las revisiones peri\u00f3dicas de mantenimiento y el uso de aceite hidr\u00e1ulico adecuado tambi\u00e9n contribuyen a mantener una lubricaci\u00f3n \u00f3ptima.<\/p>\n<h2>Mantenimiento y reparaci\u00f3n<\/h2>\n<p>El mantenimiento y las reparaciones regulares son cruciales para prolongar la vida \u00fatil del cilindro del cuchar\u00f3n. Tres tareas de mantenimiento comunes incluyen:<\/p>\n<h3>Inspecci\u00f3n regular<\/h3>\n<p>La inspecci\u00f3n regular del cilindro del cuchar\u00f3n puede ayudar a detectar y prevenir posibles problemas antes de que se agraven. Se recomienda inspeccionar el cilindro y sus componentes al menos una vez al a\u00f1o para detectar desgaste y da\u00f1os.<\/p>\n<h3>Lubricaci\u00f3n<\/h3>\n<p>Una lubricaci\u00f3n adecuada del cilindro del cuchar\u00f3n puede ayudar a reducir la fricci\u00f3n y el desgaste, prolongando as\u00ed su vida \u00fatil. Se recomienda lubricar el cilindro y sus componentes con aceite hidr\u00e1ulico peri\u00f3dicamente.<\/p>\n<h3>Sustituci\u00f3n de juntas y comprobaci\u00f3n de calibraci\u00f3n<\/h3>\n<p>Los sellos son cruciales para mantener la integridad del sistema hidr\u00e1ulico y prevenir fugas. Se recomienda reemplazarlos al menos una vez al a\u00f1o y verificar la calibraci\u00f3n del cilindro para garantizar su correcto funcionamiento.<\/p>\n<p>La instalaci\u00f3n, lubricaci\u00f3n y ajuste adecuados son cruciales para el funcionamiento seguro y eficiente del cilindro del cuchar\u00f3n. Se recomienda alinear el cilindro correctamente durante la instalaci\u00f3n y utilizar soportes de instalaci\u00f3n adecuados para asegurarlo. Los procedimientos regulares de inspecci\u00f3n, reparaci\u00f3n y reemplazo pueden ayudar a reducir el tiempo de inactividad y prolongar la vida \u00fatil del cilindro del cuchar\u00f3n.<\/p>\n<p><img decoding=\"async\" src=\"https:\/\/www.hydraulic-cylinders.net\/wp-content\/uploads\/2025\/01\/songte-chushion-collar.webp\"><\/p>\n<h2>Consideraciones de seguridad y medio ambiente<\/h2>\n<p>Al utilizar el cilindro del cuchar\u00f3n, es importante seguir todas las precauciones y directrices de seguridad. Una capacitaci\u00f3n adecuada y el equipo de seguridad pueden ayudar a prevenir accidentes y lesiones. La eliminaci\u00f3n adecuada del aceite hidr\u00e1ulico usado y otros materiales peligrosos contribuye a proteger el medio ambiente.<\/p>\n<h2>Soluci\u00f3n de problemas y problemas comunes<\/h2>\n<p>Cuando el cilindro del cuchar\u00f3n no funciona correctamente, puede deberse a diversos factores, como sellos da\u00f1ados, componentes desgastados o una instalaci\u00f3n incorrecta. La resoluci\u00f3n de problemas puede ayudar a identificar la causa del problema y determinar la soluci\u00f3n adecuada. Los problemas comunes incluyen fugas, falta de lubricaci\u00f3n y desalineaci\u00f3n.<\/p>\n<h2>Introducci\u00f3n de la empresa<\/h2>\n<p>Somos fabricantes de cilindros hidr\u00e1ulicos que pueden reemplazar los originales. Nuestra empresa cuenta con una amplia gama de productos y se ha convertido en uno de los principales fabricantes y mayoristas de cilindros hidr\u00e1ulicos en el mercado nacional e internacional. Nos adherimos al principio de excelente calidad y nos basamos en estrategias de gesti\u00f3n de producci\u00f3n industrializadas en talleres de alta calidad. Mejoramos continuamente la plataforma de fabricaci\u00f3n de nuestro taller, optimizamos la l\u00ednea de producci\u00f3n de calidad del producto y nos esforzamos por satisfacer las diversas necesidades de nuestros clientes con alta eficiencia, precisi\u00f3n y calidad.<\/p>\n<p>Nuestra empresa ofrece servicios profesionales, certificaci\u00f3n internacional, servicios personalizados, equipos de producci\u00f3n avanzados y servicio posventa. Nuestros productos cuentan con la confianza y el respaldo de clientes nacionales e internacionales. Nos dedicamos a proporcionar cilindros hidr\u00e1ulicos de alta calidad que satisfacen las diversas necesidades de nuestros clientes.<\/p>\n<p><img decoding=\"async\" src=\"https:\/\/hzpt.com\/wp-content\/uploads\/2024\/11\/songte-company-1.webp\"><\/p>\n<p>Autor: lyl<\/p>","protected":false},"excerpt":{"rendered":"<p>Bucket Cylinder For Volwa Small Excavator DLS860-10B Introduction The bucket cylinder is a specially designed hydraulic cylinder used mainly to control the movement of the bucket in heavy machinery such as excavators, backhoe loaders, and front-end loaders. Its main function is to enable the bucket to be lifted, lowered, and tilted, making it easier to [&hellip;]<\/p>","protected":false},"featured_media":14761,"comment_status":"open","ping_status":"closed","template":"","meta":{"_et_pb_use_builder":"","_et_pb_old_content":"","_et_gb_content_width":""},"product_brand":[],"product_cat":[1494],"product_tag":[1495,1496],"class_list":{"0":"post-15881","1":"product","2":"type-product","3":"status-publish","4":"has-post-thumbnail","6":"product_cat-bucket-cylinders","7":"product_tag-bucket-cylinders","8":"product_tag-hydraulic-cylinders","10":"first","11":"instock","12":"shipping-taxable","13":"product-type-simple"},"amp_enabled":true,"_links":{"self":[{"href":"https:\/\/www.hydraulic-cylinders.net\/es\/wp-json\/wp\/v2\/product\/15881","targetHints":{"allow":["GET"]}}],"collection":[{"href":"https:\/\/www.hydraulic-cylinders.net\/es\/wp-json\/wp\/v2\/product"}],"about":[{"href":"https:\/\/www.hydraulic-cylinders.net\/es\/wp-json\/wp\/v2\/types\/product"}],"replies":[{"embeddable":true,"href":"https:\/\/www.hydraulic-cylinders.net\/es\/wp-json\/wp\/v2\/comments?post=15881"}],"wp:featuredmedia":[{"embeddable":true,"href":"https:\/\/www.hydraulic-cylinders.net\/es\/wp-json\/wp\/v2\/media\/14761"}],"wp:attachment":[{"href":"https:\/\/www.hydraulic-cylinders.net\/es\/wp-json\/wp\/v2\/media?parent=15881"}],"wp:term":[{"taxonomy":"product_brand","embeddable":true,"href":"https:\/\/www.hydraulic-cylinders.net\/es\/wp-json\/wp\/v2\/product_brand?post=15881"},{"taxonomy":"product_cat","embeddable":true,"href":"https:\/\/www.hydraulic-cylinders.net\/es\/wp-json\/wp\/v2\/product_cat?post=15881"},{"taxonomy":"product_tag","embeddable":true,"href":"https:\/\/www.hydraulic-cylinders.net\/es\/wp-json\/wp\/v2\/product_tag?post=15881"}],"curies":[{"name":"wp","href":"https:\/\/api.w.org\/{rel}","templated":true}]}}