{"id":15889,"date":"2025-01-19T15:07:32","date_gmt":"2025-01-19T15:07:32","guid":{"rendered":"https:\/\/www.hydraulic-cylinders.net\/product\/bucket-cylinder-for-volwa-middle-excavator-dls210-8b\/"},"modified":"2025-01-19T15:07:34","modified_gmt":"2025-01-19T15:07:34","slug":"bucket-cylinder-for-volwa-middle-excavator-dls210-8b","status":"publish","type":"product","link":"https:\/\/www.hydraulic-cylinders.net\/es\/producto\/bucket-cylinder-for-volwa-middle-excavator-dls210-8b\/","title":{"rendered":"Cilindro de cuchar\u00f3n para excavadora intermedia Volwa DLS210-8B"},"content":{"rendered":"<h1>Cilindro de cuchar\u00f3n para excavadora intermedia Volwa DLS210-8B<\/h1>\n<h2>Introducci\u00f3n<\/h2>\n<p>Un cilindro de cuchara es un cilindro hidr\u00e1ulico de dise\u00f1o espec\u00edfico que se utiliza principalmente para controlar el movimiento de la pala en maquinaria pesada, como excavadoras, retroexcavadoras y cargadoras frontales. Su funci\u00f3n principal es permitir que la pala se eleve, baje e incline, facilitando diversas tareas de manipulaci\u00f3n de materiales. En el sistema hidr\u00e1ulico, el cilindro de cuchara logra un control preciso de la pala mediante la variaci\u00f3n de la presi\u00f3n del aceite hidr\u00e1ulico, lo que permite a los operadores manipular objetos pesados \u200b\u200bcon eficiencia y adaptarse a entornos de trabajo complejos y diversos requisitos operativos.<\/p>\n<p><img decoding=\"async\" src=\"https:\/\/www.hydraulic-cylinders.net\/wp-content\/uploads\/2025\/01\/songte-company-2.webp\"><\/p>\n<h2>Caracter\u00edsticas<\/h2>\n<ul>\n<li>Alta resistencia y durabilidad: Generalmente fabricado en acero o aluminio de alta resistencia, es capaz de soportar alta presi\u00f3n y cargas pesadas, adapt\u00e1ndose a entornos de trabajo hostiles y dise\u00f1ado con resistencia al desgaste y a la corrosi\u00f3n para extender la vida \u00fatil.<\/li>\n<li>Operaci\u00f3n hidr\u00e1ulica eficiente: Se logra un movimiento suave de expansi\u00f3n y contracci\u00f3n utilizando la presi\u00f3n del aceite hidr\u00e1ulico, que puede responder r\u00e1pidamente a los comandos de control, proporcionar una poderosa fuerza de empuje y tracci\u00f3n y es adecuado para manipular objetos pesados \u200b\u200b\u200b\u200by tareas de trabajo complejas.<\/li>\n<li>Diversos tipos: Se pueden seleccionar cilindros de simple efecto (hidr\u00e1ulicos en una sola direcci\u00f3n) o de doble efecto (hidr\u00e1ulicos en ambas direcciones) seg\u00fan las necesidades operativas. Algunos modelos son telesc\u00f3picos, lo que permite una mayor extensi\u00f3n sin aumentar las dimensiones externas, ideal para aplicaciones con espacio limitado.<\/li>\n<li>Reemplazables: Nuestros productos pueden reemplazar perfectamente estos cilindros hidr\u00e1ulicos.<\/li>\n<\/ul>\n<p><img decoding=\"async\" src=\"https:\/\/www.hydraulic-cylinders.net\/wp-content\/uploads\/2025\/01\/songte-cylinder-head-with-all-kinds-excavator-models.webp\"><\/p>\n<h2>Aplicaciones<\/h2>\n<p>Los cilindros de cangilones son esenciales para diversos equipos de trabajo pesado, incluidos:<\/p>\n<ul>\n<li>Equipos de construcci\u00f3n: En las excavadoras, son fundamentales para excavar, cargar y mover tierra o escombros. En las retroexcavadoras, el cilindro del cuchar\u00f3n facilita la excavaci\u00f3n y la elevaci\u00f3n.<\/li>\n<li>Maquinaria agr\u00edcola: Se utiliza para cargadores frontales, para recoger, levantar y transportar tierra, heno y otros materiales. <\/li>\n<li>Excavadoras: El cilindro del cuchar\u00f3n logra la acci\u00f3n de excavaci\u00f3n al permitir que la pala penetre en el suelo.<\/li>\n<li>Cargadores: Ayudan a levantar e inclinar mercanc\u00edas de manera eficiente en cargadores frontales.<\/li>\n<\/ul>\n<h2>Consideraciones de dise\u00f1o y criterios de selecci\u00f3n<\/h2>\n<p>Considerando consideraciones de dise\u00f1o como la capacidad de carga, el sellado, la durabilidad, la seguridad y la facilidad de mantenimiento, los cilindros de cangilones se dise\u00f1an priorizando la calidad. A continuaci\u00f3n, se presentan algunas consideraciones clave de dise\u00f1o:<\/p>\n<ul>\n<li>Capacidad de carga: Capacidad de soportar alta presi\u00f3n y cargas pesadas.<\/li>\n<li>Sellado: Se utilizan varios sellos, como sellos de pist\u00f3n y sellos de varilla hechos de materiales resistentes al desgaste como poliuretano y caucho de nitrilo, y el cuerpo del cilindro y las superficies de los extremos roscados se procesan finamente para mejorar la resistencia al desgaste. <\/li>\n<li>Durabilidad: El cilindro del cuchar\u00f3n est\u00e1 dise\u00f1ado con resistencia al desgaste y un revestimiento resistente a la corrosi\u00f3n para prolongar la vida \u00fatil.<\/li>\n<li>Seguridad: Se agregan caracter\u00edsticas de seguridad como v\u00e1lvulas de alivio de presi\u00f3n para evitar la sobrecarga, y el cilindro est\u00e1 dise\u00f1ado para evitar ca\u00eddas repentinas.<\/li>\n<li>Mantenibilidad: El cilindro est\u00e1 dise\u00f1ado para desmontarse y volver a montarse f\u00e1cilmente, y se requiere un mantenimiento regular para garantizar una larga vida \u00fatil.<\/li>\n<\/ul>\n<p><img decoding=\"async\" src=\"https:\/\/www.hydraulic-cylinders.net\/wp-content\/uploads\/2025\/01\/songte-oil-pipes-and-spare-parts.webp\"><\/p>\n<h2>Sellado y lubricaci\u00f3n<\/h2>\n<p>En los cilindros de cangilones se utilizan diversos elementos de sellado, como sellos de pist\u00f3n y de v\u00e1stago, fabricados con materiales resistentes al desgaste como poliuretano y caucho de nitrilo. El cuerpo del cilindro y las superficies roscadas de los extremos se procesan con precisi\u00f3n para mejorar la resistencia al desgaste. Se requiere una lubricaci\u00f3n adecuada y cambios de aceite regulares para mantener un rendimiento \u00f3ptimo y prolongar la vida \u00fatil.<\/p>\n<h2>Medidas de inspecci\u00f3n y mantenimiento preventivo<\/h2>\n<p>La inspecci\u00f3n regular y las medidas de mantenimiento preventivo son necesarias para garantizar un rendimiento \u00f3ptimo y prolongar la vida \u00fatil. A continuaci\u00f3n, se detallan algunas tareas de mantenimiento:<\/p>\n<ul>\n<li>Inspecci\u00f3n regular: inspeccione el cilindro para detectar cualquier signo de desgaste o da\u00f1o.<\/li>\n<li>Lubricaci\u00f3n adecuada: Lubrique el cilindro de acuerdo con las recomendaciones del fabricante.<\/li>\n<li>Reemplazo del sello: reemplace inmediatamente cualquier sello desgastado o da\u00f1ado.<\/li>\n<li>Comprobaci\u00f3n de calibraci\u00f3n: Las comprobaciones de calibraci\u00f3n peri\u00f3dicas garantizan que el cilindro funcione correctamente.<\/li>\n<li>Instalaci\u00f3n correcta: Una instalaci\u00f3n correcta es crucial para un rendimiento \u00f3ptimo. Alinee el cilindro correctamente y utilice los soportes de instalaci\u00f3n adecuados para asegurarlo.<\/li>\n<\/ul>\n<p><img decoding=\"async\" src=\"https:\/\/www.hydraulic-cylinders.net\/wp-content\/uploads\/2025\/01\/songte-chushion-collar.webp\"><\/p>\n<h2>Consideraciones de seguridad y factores ambientales<\/h2>\n<p>Los cilindros de cangilones est\u00e1n dise\u00f1ados pensando en la seguridad, por lo que se deben tomar las medidas de seguridad adecuadas al utilizarlos. Factores ambientales como la temperatura y la humedad pueden afectar el rendimiento del cilindro, lo que reduce su eficiencia y provoca un desgaste prematuro.<\/p>\n<h2>Soluci\u00f3n de problemas y problemas comunes<\/h2>\n<p>Los problemas comunes con los cilindros de cangilones incluyen fugas, funcionamiento lento y dificultad para operar. Una instalaci\u00f3n adecuada, una inspecci\u00f3n y un mantenimiento regulares pueden minimizar estos problemas.<\/p>\n<h2>Informaci\u00f3n de la empresa<\/h2>\n<p>Somos un fabricante de cilindros hidr\u00e1ulicos especializado en la sustituci\u00f3n de cilindros hidr\u00e1ulicos. Contamos con una gama completa de productos y nos hemos convertido en uno de los principales fabricantes y mayoristas de cilindros hidr\u00e1ulicos en el mercado nacional e internacional. Nos basamos en el principio de la excelente calidad y en la estrategia de gesti\u00f3n de la producci\u00f3n industrializada de nuestros talleres de fabricaci\u00f3n de alta calidad. Mejoramos continuamente nuestra plataforma de fabricaci\u00f3n, optimizamos la calidad de nuestros productos y contamos con una s\u00f3lida capacidad de innovaci\u00f3n para satisfacer las diversas necesidades de nuestros clientes con alta eficiencia, precisi\u00f3n y calidad.<\/p>\n<p><img decoding=\"async\" src=\"https:\/\/hzpt.com\/wp-content\/uploads\/2024\/11\/songte-company-1.webp\"><\/p>\n<p>Nos enorgullecemos de nuestra profesionalidad, certificaciones internacionales, servicios personalizados, equipos de producci\u00f3n y servicios postventa.<\/p>\n<p>Autor: lyl<\/p>","protected":false},"excerpt":{"rendered":"<p>Bucket Cylinder For Volwa Middle Excavator DLS210-8B Introduction A bucket cylinder is a specifically designed hydraulic cylinder that is mainly used to control the movement of the shovel in heavy machinery such as excavators, backhoe excavators, and front-end loaders. Its main function is to allow the shovel to lift, lower, and tilt, making it easier [&hellip;]<\/p>","protected":false},"featured_media":14778,"comment_status":"open","ping_status":"closed","template":"","meta":{"_et_pb_use_builder":"","_et_pb_old_content":"","_et_gb_content_width":""},"product_brand":[],"product_cat":[1494],"product_tag":[1495,1496],"class_list":{"0":"post-15889","1":"product","2":"type-product","3":"status-publish","4":"has-post-thumbnail","6":"product_cat-bucket-cylinders","7":"product_tag-bucket-cylinders","8":"product_tag-hydraulic-cylinders","10":"first","11":"instock","12":"shipping-taxable","13":"product-type-simple"},"amp_enabled":true,"_links":{"self":[{"href":"https:\/\/www.hydraulic-cylinders.net\/es\/wp-json\/wp\/v2\/product\/15889","targetHints":{"allow":["GET"]}}],"collection":[{"href":"https:\/\/www.hydraulic-cylinders.net\/es\/wp-json\/wp\/v2\/product"}],"about":[{"href":"https:\/\/www.hydraulic-cylinders.net\/es\/wp-json\/wp\/v2\/types\/product"}],"replies":[{"embeddable":true,"href":"https:\/\/www.hydraulic-cylinders.net\/es\/wp-json\/wp\/v2\/comments?post=15889"}],"wp:featuredmedia":[{"embeddable":true,"href":"https:\/\/www.hydraulic-cylinders.net\/es\/wp-json\/wp\/v2\/media\/14778"}],"wp:attachment":[{"href":"https:\/\/www.hydraulic-cylinders.net\/es\/wp-json\/wp\/v2\/media?parent=15889"}],"wp:term":[{"taxonomy":"product_brand","embeddable":true,"href":"https:\/\/www.hydraulic-cylinders.net\/es\/wp-json\/wp\/v2\/product_brand?post=15889"},{"taxonomy":"product_cat","embeddable":true,"href":"https:\/\/www.hydraulic-cylinders.net\/es\/wp-json\/wp\/v2\/product_cat?post=15889"},{"taxonomy":"product_tag","embeddable":true,"href":"https:\/\/www.hydraulic-cylinders.net\/es\/wp-json\/wp\/v2\/product_tag?post=15889"}],"curies":[{"name":"wp","href":"https:\/\/api.w.org\/{rel}","templated":true}]}}