{"id":15903,"date":"2025-01-19T15:08:36","date_gmt":"2025-01-19T15:08:36","guid":{"rendered":"https:\/\/www.hydraulic-cylinders.net\/product\/bucket-cylinder-for-volwa-cane-unloader-dls118-9a\/"},"modified":"2025-01-19T15:08:38","modified_gmt":"2025-01-19T15:08:38","slug":"bucket-cylinder-for-volwa-cane-unloader-dls118-9a","status":"publish","type":"product","link":"https:\/\/www.hydraulic-cylinders.net\/es\/producto\/bucket-cylinder-for-volwa-cane-unloader-dls118-9a\/","title":{"rendered":"Cilindro de cuchara para descargador de ca\u00f1a Volwa DLS118-9A"},"content":{"rendered":"<h1>Cilindro de cuchara para descargador de ca\u00f1a Volwa DLS118-9A<\/h1>\n<h2>Introducci\u00f3n<\/h2>\n<p>El cilindro de la cuchara para el descargador de ca\u00f1a Volwa DLS118-9A es un tipo de cilindro hidr\u00e1ulico especializado, dise\u00f1ado principalmente para controlar el movimiento de las palas en maquinaria pesada como excavadoras, retroexcavadoras y cargadoras frontales. Su funci\u00f3n principal es permitir que la pala se eleve, baje e incline, facilitando diversas tareas de manipulaci\u00f3n de materiales. En el sistema hidr\u00e1ulico, el cilindro de la cuchara controla con precisi\u00f3n la pala mediante la variaci\u00f3n de la presi\u00f3n del aceite hidr\u00e1ulico, lo que permite a los operadores manipular cargas pesadas con eficiencia y adaptarse a entornos de trabajo complejos y diversos requisitos operativos.<\/p>\n<p><img decoding=\"async\" src=\"https:\/\/www.hydraulic-cylinders.net\/wp-content\/uploads\/2025\/01\/songte-company-2.webp\" alt=\"Cilindro de cubo\" \/><\/p>\n<h2>Caracter\u00edsticas<\/h2>\n<ul>\n<li>Alta resistencia y durabilidad: generalmente fabricados en acero o aluminio de alta resistencia, capaces de soportar alta presi\u00f3n y cargas pesadas, adaptarse a entornos de trabajo hostiles y dise\u00f1ados teniendo en cuenta la resistencia al desgaste y la corrosi\u00f3n para prolongar la vida \u00fatil.<\/li>\n<li>Operaci\u00f3n hidr\u00e1ulica eficiente: utiliza la presi\u00f3n del aceite hidr\u00e1ulico para lograr una extensi\u00f3n y retracci\u00f3n suaves, respondiendo r\u00e1pidamente a los comandos de control, proporcionando una poderosa fuerza de empuje y tracci\u00f3n, adecuada para manipular cargas pesadas y tareas operativas complejas.<\/li>\n<li>Diversos tipos: Se puede seleccionar un cilindro de simple efecto (que utiliza hidr\u00e1ulica en una sola direcci\u00f3n) o de doble efecto (que utiliza hidr\u00e1ulica en ambas direcciones) seg\u00fan las necesidades operativas. Algunos modelos son telesc\u00f3picos, lo que permite una mayor extensi\u00f3n sin aumentar las dimensiones externas, ideal para aplicaciones con espacio limitado.<\/li>\n<li>F\u00e1cil sustituci\u00f3n: Nuestro producto puede sustituir perfectamente estos cilindros hidr\u00e1ulicos.<\/li>\n<\/ul>\n<p><img decoding=\"async\" src=\"https:\/\/www.hydraulic-cylinders.net\/wp-content\/uploads\/2025\/01\/songte-cylinder-head-with-all-kinds-excavator-models.webp\" alt=\"Reemplazo del cilindro del cuchar\u00f3n\" \/><\/p>\n<h2>Aplicaciones<\/h2>\n<p>El cilindro de cuchara para descargador de ca\u00f1a Volwa DLS118-9A tiene una amplia gama de aplicaciones, que incluyen:<\/p>\n<ul>\n<li>Equipos de construcci\u00f3n: En las excavadoras, son esenciales para excavar, cargar y mover tierra o escombros. En las retroexcavadoras, los cilindros de la pala facilitan tanto la excavaci\u00f3n como la elevaci\u00f3n. En las cargadoras frontales, ayudan con la elevaci\u00f3n y la inclinaci\u00f3n para una carga y descarga eficientes de mercanc\u00edas.<\/li>\n<li>Maquinaria agr\u00edcola: Se utiliza en cargadoras frontales para recoger, levantar y transportar tierra, heno y otros materiales. En las excavadoras, el cilindro de la pala excava permitiendo que la pala penetre en el suelo. <\/li>\n<\/ul>\n<h2>Consideraciones de dise\u00f1o y criterios de selecci\u00f3n<\/h2>\n<p>Al dise\u00f1ar cilindros de cangilones, las consideraciones clave incluyen la capacidad de carga, el sellado, la durabilidad, la seguridad y la facilidad de mantenimiento. <\/p>\n<ul>\n<li>Capacidad de carga: El cilindro debe ser capaz de soportar las cargas que se espera que encuentre manteniendo su integridad estructural.<\/li>\n<li>Sellado: Se utilizan diversos componentes de sellado, como sellos de pist\u00f3n, sellos de v\u00e1stago, etc., hechos de materiales resistentes al desgaste como poliuretano, caucho de nitrilo, etc., para garantizar un funcionamiento sin fugas y evitar la contaminaci\u00f3n del fluido hidr\u00e1ulico.<\/li>\n<li>Durabilidad: El cilindro debe estar dise\u00f1ado para soportar condiciones ambientales adversas como calor, fr\u00edo, humedad, etc., para evitar la corrosi\u00f3n y prolongar la vida \u00fatil del cilindro. <\/li>\n<li>Seguridad: El cilindro debe estar dise\u00f1ado con caracter\u00edsticas de seguridad como v\u00e1lvulas de alivio de presi\u00f3n, interruptores de parada de emergencia, etc., para evitar accidentes y garantizar la seguridad de los operadores y la maquinaria. <\/li>\n<li>Mantenibilidad: El cilindro debe estar dise\u00f1ado para permitir un f\u00e1cil mantenimiento y reparaci\u00f3n, incluido el desmontaje, el reemplazo de componentes y el reensamblaje. <\/li>\n<\/ul>\n<p><img decoding=\"async\" src=\"https:\/\/www.hydraulic-cylinders.net\/wp-content\/uploads\/2025\/01\/songte-oil-pipes-and-spare-parts.webp\" alt=\"Piezas de repuesto\" \/><\/p>\n<h2>Sellado y lubricaci\u00f3n<\/h2>\n<p>Se utilizan diversos componentes de sellado, como sellos de pist\u00f3n y de v\u00e1stago, fabricados con materiales resistentes al desgaste como poliuretano y caucho de nitrilo, para garantizar un funcionamiento sin fugas y evitar la contaminaci\u00f3n del fluido hidr\u00e1ulico. Es necesaria una lubricaci\u00f3n regular con la cantidad adecuada de aceite hidr\u00e1ulico para mantener un funcionamiento suave y prolongar la vida \u00fatil del cilindro. <\/p>\n<h2>Medidas de mantenimiento y prevenci\u00f3n<\/h2>\n<p>Revise y mantenga regularmente el cilindro del cuchar\u00f3n del descargador de ca\u00f1a Volwa DLS118-9A para garantizar su \u00f3ptimo rendimiento y prolongar su vida \u00fatil. Las tareas de mantenimiento m\u00e1s comunes incluyen:<\/p>\n<ul>\n<li>Inspecci\u00f3n regular<\/li>\n<li>Lubricaci\u00f3n adecuada<\/li>\n<li>Reemplazo del sello<\/li>\n<li>Comprobaci\u00f3n de calibraci\u00f3n<\/li>\n<\/ul>\n<p>Durante la instalaci\u00f3n, es esencial proporcionar una gu\u00eda adecuada para alinear el cilindro, utilizar soportes de instalaci\u00f3n apropiados para asegurar el cilindro y seguir los procedimientos de inspecci\u00f3n, reparaci\u00f3n y reemplazo recomendados para garantizar un rendimiento y una longevidad \u00f3ptimos. <\/p>\n<p><img decoding=\"async\" src=\"https:\/\/www.hydraulic-cylinders.net\/wp-content\/uploads\/2025\/01\/songte-chushion-collar.webp\" alt=\"Collar\u00edn acolchado\" \/><\/p>\n<h2>Consideraciones de seguridad y factores ambientales<\/h2>\n<p>Al utilizar el cilindro del cuchar\u00f3n para el descargador de ca\u00f1a Volwa DLS118-9A, es esencial seguir las medidas de seguridad para prevenir accidentes, garantizar la seguridad del operador y proteger el medio ambiente. <\/p>\n<h2>Soluci\u00f3n de problemas y problemas comunes<\/h2>\n<p>Los problemas comunes que pueden surgir al usar el cilindro del cuchar\u00f3n del descargador de ca\u00f1a Volwa DLS118-9A incluyen fugas, mal funcionamiento y ruido. El mantenimiento regular puede ayudar a prevenir estos problemas. A continuaci\u00f3n, se presentan consejos y soluciones para la resoluci\u00f3n de problemas:<\/p>\n<ul>\n<li>Fugas: Verifique si hay sellos da\u00f1ados o desgastados y reempl\u00e1celos. <\/li>\n<li>Mal funcionamiento: Compruebe si hay obstrucciones, da\u00f1os o desgaste de los componentes internos y rep\u00e1relos o reempl\u00e1celos. <\/li>\n<li>Ruido: Compruebe si hay componentes sueltos o da\u00f1ados y apri\u00e9telos o reempl\u00e1celos. <\/li>\n<\/ul>\n<p><img decoding=\"async\" src=\"https:\/\/www.hydraulic-cylinders.net\/wp-content\/uploads\/2025\/01\/songte-bushings-with-all-kinds-of-excavator-models.webp\" alt=\"Bujes\" \/><\/p>\n<h2>Acerca de nuestra empresa<\/h2>\n<p>Somos un fabricante y mayorista l\u00edder de cilindros hidr\u00e1ulicos en el mercado nacional e internacional, especializado en la sustituci\u00f3n de cilindros hidr\u00e1ulicos. Ofrecemos una amplia gama de productos para satisfacer diversas necesidades y nos comprometemos a ofrecer productos de alta calidad con tecnolog\u00eda de fabricaci\u00f3n eficiente, precisa y superior. Nuestra empresa utiliza tecnolog\u00eda avanzada y profesionales cualificados para brindar servicios personalizados, equipos de fabricaci\u00f3n digital de alta gama y un sistema de pruebas profesional. Nos dedicamos a ofrecer los mejores productos y servicios a nuestros clientes.<\/p>\n<p><img decoding=\"async\" src=\"https:\/\/hzpt.com\/wp-content\/uploads\/2024\/11\/songte-company-1.webp\" alt=\"Imagen de la empresa\" \/><\/p>\n<h3>Profesionalismo:<\/h3>\n<p>Contamos con un equipo de profesionales altamente calificados y experimentados que est\u00e1n comprometidos a entregar los mejores productos y servicios a nuestros clientes.<\/p>\n<h3>Certificaci\u00f3n Internacional:<\/h3>\n<p>Nuestros productos cumplen con los est\u00e1ndares internacionales de calidad y est\u00e1n certificados por ISO 9001 y CE.<\/p>\n<h3>Personalizaci\u00f3n:<\/h3>\n<p>Ofrecemos servicios personalizados para satisfacer las necesidades espec\u00edficas de nuestros clientes.<\/p>\n<h3>Equipo de producci\u00f3n:<\/h3>\n<p>Nuestra empresa cuenta con equipos de fabricaci\u00f3n digital avanzados, incluidos tornos CNC, fresadoras y otros equipos especializados, para garantizar la precisi\u00f3n y la calidad de nuestros productos.<\/p>\n<h3>Servicio postventa:<\/h3>\n<p>Brindamos un excelente servicio posventa, que incluye servicios de mantenimiento, reparaci\u00f3n y reemplazo de productos, para garantizar la satisfacci\u00f3n y lealtad del cliente.<\/p>\n<footer>Autor: lyl<\/footer>","protected":false},"excerpt":{"rendered":"<p>Bucket Cylinder For Volwa Cane Unloader DLS118-9A Introduction The bucket cylinder for Volwa cane unloader DLS118-9A is a type of specialized hydraulic cylinder designed mainly to control the movement of shovels in heavy machinery such as excavators, backhoe excavators, and front-end loaders. Its main function is to enable the shovel to lift, lower, and tilt, [&hellip;]<\/p>","protected":false},"featured_media":14780,"comment_status":"open","ping_status":"closed","template":"","meta":{"_et_pb_use_builder":"","_et_pb_old_content":"","_et_gb_content_width":""},"product_brand":[],"product_cat":[1494],"product_tag":[1495,1496],"class_list":{"0":"post-15903","1":"product","2":"type-product","3":"status-publish","4":"has-post-thumbnail","6":"product_cat-bucket-cylinders","7":"product_tag-bucket-cylinders","8":"product_tag-hydraulic-cylinders","10":"first","11":"instock","12":"shipping-taxable","13":"product-type-simple"},"amp_enabled":true,"_links":{"self":[{"href":"https:\/\/www.hydraulic-cylinders.net\/es\/wp-json\/wp\/v2\/product\/15903","targetHints":{"allow":["GET"]}}],"collection":[{"href":"https:\/\/www.hydraulic-cylinders.net\/es\/wp-json\/wp\/v2\/product"}],"about":[{"href":"https:\/\/www.hydraulic-cylinders.net\/es\/wp-json\/wp\/v2\/types\/product"}],"replies":[{"embeddable":true,"href":"https:\/\/www.hydraulic-cylinders.net\/es\/wp-json\/wp\/v2\/comments?post=15903"}],"wp:featuredmedia":[{"embeddable":true,"href":"https:\/\/www.hydraulic-cylinders.net\/es\/wp-json\/wp\/v2\/media\/14780"}],"wp:attachment":[{"href":"https:\/\/www.hydraulic-cylinders.net\/es\/wp-json\/wp\/v2\/media?parent=15903"}],"wp:term":[{"taxonomy":"product_brand","embeddable":true,"href":"https:\/\/www.hydraulic-cylinders.net\/es\/wp-json\/wp\/v2\/product_brand?post=15903"},{"taxonomy":"product_cat","embeddable":true,"href":"https:\/\/www.hydraulic-cylinders.net\/es\/wp-json\/wp\/v2\/product_cat?post=15903"},{"taxonomy":"product_tag","embeddable":true,"href":"https:\/\/www.hydraulic-cylinders.net\/es\/wp-json\/wp\/v2\/product_tag?post=15903"}],"curies":[{"name":"wp","href":"https:\/\/api.w.org\/{rel}","templated":true}]}}