{"id":15906,"date":"2025-01-19T15:08:48","date_gmt":"2025-01-19T15:08:48","guid":{"rendered":"https:\/\/www.hydraulic-cylinders.net\/product\/bucket-cylinder-for-wacker-e6003\/"},"modified":"2025-01-19T15:08:53","modified_gmt":"2025-01-19T15:08:53","slug":"bucket-cylinder-for-wacker-e6003","status":"publish","type":"product","link":"https:\/\/www.hydraulic-cylinders.net\/es\/producto\/bucket-cylinder-for-wacker-e6003\/","title":{"rendered":"Cilindro de cuchar\u00f3n para Wacker E6003"},"content":{"rendered":"<h2>Cilindro de cuchar\u00f3n para Wacker E6003<\/h2>\n<h3>Introducci\u00f3n<\/h3>\n<p>El cilindro hidr\u00e1ulico para la cuchara Wacker E6003 es un cilindro hidr\u00e1ulico de dise\u00f1o especial que se utiliza principalmente para controlar el movimiento de la cuchara en maquinaria pesada como excavadoras, retroexcavadoras y cargadoras frontales. Su funci\u00f3n principal es permitir que la cuchara se mueva hacia arriba, hacia abajo y se incline, facilitando as\u00ed el transporte de diversos materiales. En el sistema hidr\u00e1ulico, el cilindro logra un control preciso de la cuchara mediante variaciones en la presi\u00f3n del aceite hidr\u00e1ulico, lo que permite a los operadores manejar cargas pesadas de manera eficiente, adaptarse a entornos de trabajo complejos y cumplir con diversos requisitos operativos.<\/p>\n<div>\n  <img decoding=\"async\" src=\"https:\/\/www.hydraulic-cylinders.net\/wp-content\/uploads\/2025\/01\/songte-company-2.webp\" alt=\"Cilindro de cuchar\u00f3n para Wacker E6003\">\n<\/div>\n<h3>Caracter\u00edsticas<\/h3>\n<ul>\n<li><strong>Alta resistencia y durabilidad:<\/strong> El cilindro de la cuchara, fabricado normalmente en acero o aluminio de alta resistencia, puede soportar altas presiones y cargas pesadas, a la vez que est\u00e1 dise\u00f1ado teniendo en cuenta la resistencia al desgaste y a la corrosi\u00f3n, lo que prolonga su vida \u00fatil.<\/li>\n<li><strong>Operaci\u00f3n hidr\u00e1ulica eficiente:<\/strong> Gracias a la presi\u00f3n del aceite hidr\u00e1ulico, que permite una extensi\u00f3n y retracci\u00f3n suaves, el cilindro de la cuchara responde r\u00e1pidamente a las \u00f3rdenes de control, proporcionando una potente fuerza de empuje y tracci\u00f3n, adecuada para manipular objetos pesados \u200b\u200by realizar tareas complejas.<\/li>\n<li><strong>Varios tipos:<\/strong> Los cilindros de la cuchara se pueden seleccionar seg\u00fan sean de simple efecto (sistema hidr\u00e1ulico utilizado solo en una direcci\u00f3n) o de doble efecto (sistema hidr\u00e1ulico utilizado en ambas direcciones), as\u00ed como algunos modelos telesc\u00f3picos que permiten una mayor extensi\u00f3n sin aumentar el tama\u00f1o externo, adecuados para aplicaciones con espacio limitado.<\/li>\n<li><strong>Reemplazable:<\/strong> Nuestros cilindros para cucharones pueden sustituir perfectamente a estos cilindros hidr\u00e1ulicos.<\/li>\n<li><strong>Personalizable:<\/strong> Nuestra empresa puede fabricar cilindros de cubo de diversos tama\u00f1os y tipos seg\u00fan los requisitos del cliente.<\/li>\n<\/ul>\n<div>\n  <img decoding=\"async\" src=\"https:\/\/www.hydraulic-cylinders.net\/wp-content\/uploads\/2025\/01\/songte-cylinder-head-with-all-kinds-excavator-models.webp\" alt=\"Cilindro de cuchar\u00f3n para Wacker E6003\">\n<\/div>\n<h3>Aplicaciones<\/h3>\n<p>El cilindro de cangilones se utiliza ampliamente en diversas industrias y maquinaria, tales como:<\/p>\n<ul>\n<li><strong>Equipos de construcci\u00f3n:<\/strong> En las excavadoras, son fundamentales para excavar, cargar y mover tierra o escombros. En las retroexcavadoras, el cilindro de la cuchara facilita la excavaci\u00f3n y el levantamiento.<\/li>\n<li><strong>Maquinaria agr\u00edcola:<\/strong> Se utiliza en cargadores frontales para recoger, levantar y transportar tierra, heno y otros materiales.<\/li>\n<li><strong>Excavadoras:<\/strong> El cilindro de la cuchara permite excavar al permitir que la cuchara penetre en el suelo.<\/li>\n<li><strong>Cargadores:<\/strong> En las cargadoras frontales, ayudan a levantar y volcar las cargas de forma eficaz.<\/li>\n<\/ul>\n<h3>Consideraciones de dise\u00f1o y criterios de selecci\u00f3n<\/h3>\n<p>Los cilindros de cubo est\u00e1n dise\u00f1ados teniendo en cuenta varios factores, como por ejemplo:<\/p>\n<ul>\n<li><strong>Capacidad de carga:<\/strong> El cilindro debe ser capaz de soportar el peso de la carga.<\/li>\n<li><strong>Caza de focas:<\/strong> El sellado es fundamental para evitar fugas de aceite hidr\u00e1ulico y tambi\u00e9n para proteger el cilindro de la contaminaci\u00f3n.<\/li>\n<li><strong>Durabilidad:<\/strong> El cilindro debe estar fabricado con materiales de alta calidad que puedan soportar condiciones adversas y tener una larga vida \u00fatil.<\/li>\n<li><strong>Seguridad:<\/strong> El dise\u00f1o debe incluir medidas de seguridad para prevenir accidentes y lesiones.<\/li>\n<li><strong>Mantenimiento:<\/strong> El cilindro debe ser f\u00e1cil de mantener y reparar para minimizar el tiempo de inactividad.<\/li>\n<\/ul>\n<div>\n  <img decoding=\"async\" src=\"https:\/\/www.hydraulic-cylinders.net\/wp-content\/uploads\/2025\/01\/songte-oil-pipes-and-spare-parts.webp\" alt=\"Cilindro de cuchar\u00f3n para Wacker E6003\">\n<\/div>\n<h3>Sellado y lubricaci\u00f3n<\/h3>\n<p>Los cilindros de cangilones utilizan diversos sellos, como sellos de pist\u00f3n, sellos de v\u00e1stago y sellos rascadores, fabricados con materiales resistentes al desgaste como poliuretano y caucho de nitrilo. El cuerpo del cilindro y la superficie del extremo roscado se procesan con precisi\u00f3n para mejorar su resistencia al desgaste. El mantenimiento regular y la lubricaci\u00f3n adecuada son esenciales para garantizar la durabilidad y el rendimiento del cilindro.<\/p>\n<h3>Mantenimiento y reparaci\u00f3n<\/h3>\n<p>La inspecci\u00f3n peri\u00f3dica, la lubricaci\u00f3n adecuada, el reemplazo de sellos y las comprobaciones de calibraci\u00f3n son tareas de mantenimiento comunes para los cilindros de la cuchara. La correcta instalaci\u00f3n y alineaci\u00f3n del cilindro son cruciales, y se deben utilizar soportes de instalaci\u00f3n apropiados para asegurarlo. Se deben seguir los procedimientos recomendados de inspecci\u00f3n, reparaci\u00f3n y reemplazo para un uso \u00f3ptimo y una mayor vida \u00fatil del cilindro de la cuchara.<\/p>\n<div>\n  <img decoding=\"async\" src=\"https:\/\/www.hydraulic-cylinders.net\/wp-content\/uploads\/2025\/01\/songte-chushion-collar.webp\" alt=\"Cilindro de cuchar\u00f3n para Wacker E6003\">\n<\/div>\n<h3>Consideraciones de seguridad y medio ambiente<\/h3>\n<p>Las medidas de seguridad son cruciales al utilizar cilindros hidr\u00e1ulicos de cangilones. Los operarios deben seguir las normas de seguridad adecuadas y usar el equipo de protecci\u00f3n personal apropiado. Tambi\u00e9n se deben tener en cuenta las consideraciones medioambientales, como el uso de aceite hidr\u00e1ulico ecol\u00f3gico y la correcta eliminaci\u00f3n del aceite usado.<\/p>\n<h3>Diagn\u00f3stico y soluci\u00f3n de problemas<\/h3>\n<p>Los problemas m\u00e1s comunes con los cilindros de cubo incluyen fugas, bajo rendimiento y da\u00f1os en el cilindro. Se deben proporcionar consejos y soluciones para la resoluci\u00f3n de problemas que ayuden a los lectores a diagnosticar y solucionar los problemas de manera eficaz. Tambi\u00e9n se deben sugerir medidas preventivas para minimizar los posibles problemas.<\/p>\n<div>\n  <img decoding=\"async\" src=\"https:\/\/www.hydraulic-cylinders.net\/wp-content\/uploads\/2025\/01\/songte-bushings-with-all-kinds-of-excavator-models.webp\" alt=\"Cilindro de cuchar\u00f3n para Wacker E6003\">\n<\/div>\n<h3>Acerca de nuestra empresa<\/h3>\n<p>Somos fabricantes de cilindros hidr\u00e1ulicos de repuesto, con una gama completa de productos, y nos hemos consolidado como uno de los principales fabricantes y distribuidores mayoristas de cilindros hidr\u00e1ulicos en los mercados nacionales e internacionales. Nos guiamos por el principio de la excelencia en la calidad y nos basamos en la estrategia de gesti\u00f3n de producci\u00f3n industrial de nuestro taller de fabricaci\u00f3n de alta precisi\u00f3n. Nuestra empresa mejora continuamente la plataforma de fabricaci\u00f3n del taller, perfecciona el proceso de producci\u00f3n para garantizar la calidad del producto y posee una gran capacidad creativa para satisfacer las diversas necesidades de nuestros clientes con alta eficiencia, precisi\u00f3n y calidad. <\/p>\n<p>Nuestra empresa ofrece servicios profesionales que abarcan desde certificaciones internacionales hasta servicios personalizados, equipos de producci\u00f3n avanzados y servicio posventa.<\/p>\n<div>\n  <img decoding=\"async\" src=\"https:\/\/hzpt.com\/wp-content\/uploads\/2024\/11\/songte-company-1.webp\" alt=\"Cilindro de cuchar\u00f3n para Wacker E6003\">\n<\/div>\n<p>Autor: lyl.<\/p>","protected":false},"excerpt":{"rendered":"<p>Bucket Cylinder For Wacker E6003 Introduction A bucket cylinder for Wacker E6003 is a specially designed hydraulic cylinder used primarily to control the movement of the bucket in heavy machinery such as excavators, backhoe loaders, and front loaders. Its main function is to allow the bucket to move up, down, and tilt, making it easy [&hellip;]<\/p>","protected":false},"featured_media":14773,"comment_status":"open","ping_status":"closed","template":"","meta":{"_et_pb_use_builder":"","_et_pb_old_content":"","_et_gb_content_width":""},"product_brand":[],"product_cat":[1494],"product_tag":[1495,1496],"class_list":{"0":"post-15906","1":"product","2":"type-product","3":"status-publish","4":"has-post-thumbnail","6":"product_cat-bucket-cylinders","7":"product_tag-bucket-cylinders","8":"product_tag-hydraulic-cylinders","10":"first","11":"instock","12":"shipping-taxable","13":"product-type-simple"},"amp_enabled":true,"_links":{"self":[{"href":"https:\/\/www.hydraulic-cylinders.net\/es\/wp-json\/wp\/v2\/product\/15906","targetHints":{"allow":["GET"]}}],"collection":[{"href":"https:\/\/www.hydraulic-cylinders.net\/es\/wp-json\/wp\/v2\/product"}],"about":[{"href":"https:\/\/www.hydraulic-cylinders.net\/es\/wp-json\/wp\/v2\/types\/product"}],"replies":[{"embeddable":true,"href":"https:\/\/www.hydraulic-cylinders.net\/es\/wp-json\/wp\/v2\/comments?post=15906"}],"wp:featuredmedia":[{"embeddable":true,"href":"https:\/\/www.hydraulic-cylinders.net\/es\/wp-json\/wp\/v2\/media\/14773"}],"wp:attachment":[{"href":"https:\/\/www.hydraulic-cylinders.net\/es\/wp-json\/wp\/v2\/media?parent=15906"}],"wp:term":[{"taxonomy":"product_brand","embeddable":true,"href":"https:\/\/www.hydraulic-cylinders.net\/es\/wp-json\/wp\/v2\/product_brand?post=15906"},{"taxonomy":"product_cat","embeddable":true,"href":"https:\/\/www.hydraulic-cylinders.net\/es\/wp-json\/wp\/v2\/product_cat?post=15906"},{"taxonomy":"product_tag","embeddable":true,"href":"https:\/\/www.hydraulic-cylinders.net\/es\/wp-json\/wp\/v2\/product_tag?post=15906"}],"curies":[{"name":"wp","href":"https:\/\/api.w.org\/{rel}","templated":true}]}}