{"id":15907,"date":"2025-01-19T15:08:55","date_gmt":"2025-01-19T15:08:55","guid":{"rendered":"https:\/\/www.hydraulic-cylinders.net\/product\/bucket-cylinder-for-wacker-e5023\/"},"modified":"2025-01-19T15:08:57","modified_gmt":"2025-01-19T15:08:57","slug":"bucket-cylinder-for-wacker-e5023","status":"publish","type":"product","link":"https:\/\/www.hydraulic-cylinders.net\/es\/producto\/bucket-cylinder-for-wacker-e5023\/","title":{"rendered":"Cilindro de cuchar\u00f3n para Wacker E5023"},"content":{"rendered":"<h1>Cilindro de cuchar\u00f3n para Wacker E5023<\/h1>\n<h2>Introducci\u00f3n<\/h2>\n<p>Un cilindro de cuchar\u00f3n es un cilindro hidr\u00e1ulico especialmente dise\u00f1ado que se utiliza principalmente para controlar el movimiento del cuchar\u00f3n en maquinaria pesada como excavadoras, retroexcavadoras y cargadoras frontales. Su funci\u00f3n principal es permitir que el cuchar\u00f3n se eleve, baje e incline, facilitando diversas tareas de manipulaci\u00f3n de materiales. En un sistema hidr\u00e1ulico, el cilindro del cuchar\u00f3n logra un control preciso del cuchar\u00f3n mediante cambios en la presi\u00f3n del aceite hidr\u00e1ulico, lo que permite al operador manipular cargas pesadas con eficiencia y adaptarse a entornos de trabajo complejos y a diversos requisitos.<\/p>\n<p><img decoding=\"async\" src=\"https:\/\/www.hydraulic-cylinders.net\/wp-content\/uploads\/2025\/01\/songte-company-2.webp\" alt=\"Cilindro de cuchar\u00f3n para Wacker E5023\"><\/p>\n<h2>Caracter\u00edsticas<\/h2>\n<ul>\n<li>Alta resistencia y durabilidad: generalmente fabricado en acero o aluminio de alta resistencia, es capaz de soportar alta presi\u00f3n y cargas pesadas, adaptarse a entornos de trabajo hostiles y est\u00e1 dise\u00f1ado teniendo en cuenta la resistencia al desgaste y la corrosi\u00f3n para extender su vida \u00fatil.<\/li>\n<li>Operaci\u00f3n hidr\u00e1ulica eficiente: utiliza presi\u00f3n de aceite hidr\u00e1ulico para lograr movimientos suaves de extensi\u00f3n y retracci\u00f3n, capaces de responder r\u00e1pidamente a los comandos de control, proporcionando fuertes fuerzas de empuje y tracci\u00f3n, adecuados para manipular cargas pesadas y tareas laborales complejas.<\/li>\n<li>M\u00faltiples tipos: disponibles en cilindros de simple efecto (hidr\u00e1ulico utilizado en una sola direcci\u00f3n) o doble efecto (hidr\u00e1ulico utilizado en ambas direcciones) seg\u00fan las necesidades para satisfacer diferentes requisitos de operaci\u00f3n, algunos modelos son telesc\u00f3picos, lo que permite una mayor extensi\u00f3n sin aumentar las dimensiones externas, adecuado para aplicaciones con espacio limitado.<\/li>\n<li>Puede ser producido por nuestra empresa: nuestros productos pueden reemplazar perfectamente estos cilindros hidr\u00e1ulicos.<\/li>\n<\/ul>\n<p><img decoding=\"async\" src=\"https:\/\/www.hydraulic-cylinders.net\/wp-content\/uploads\/2025\/01\/songte-cylinder-head-with-all-kinds-excavator-models.webp\" alt=\"Cilindro de cuchar\u00f3n para Wacker E5023\"><\/p>\n<h2>Aplicaciones<\/h2>\n<p>Los cilindros de cangilones se utilizan com\u00fanmente en una variedad de aplicaciones de maquinaria pesada, que incluyen:<\/p>\n<ul>\n<li>Equipos de construcci\u00f3n: presentes en las excavadoras, son cruciales para excavar, cargar y mover tierra o escombros. En las retroexcavadoras, los cilindros del cuchar\u00f3n ayudan tanto en la excavaci\u00f3n como en la elevaci\u00f3n. En las cargadoras frontales, ayudan a levantar e inclinar mercanc\u00edas eficazmente.<\/li>\n<li>Maquinaria agr\u00edcola: Utilizadas en cargadoras frontales, recogen, elevan y transportan tierra, heno y otros materiales. En las excavadoras, los cilindros del cuchar\u00f3n facilitan la excavaci\u00f3n al permitir que el cuchar\u00f3n penetre en el suelo. <\/li>\n<\/ul>\n<h2>Consideraciones de dise\u00f1o y criterios de selecci\u00f3n<\/h2>\n<p>Los cilindros de cangilones est\u00e1n dise\u00f1ados teniendo en cuenta las siguientes consideraciones:<\/p>\n<ul>\n<li>Capacidad de carga: el cilindro debe ser capaz de soportar la carga del material que se est\u00e1 levantando o moviendo.<\/li>\n<li>Sellado: el cilindro debe ser capaz de evitar fugas de aceite durante el funcionamiento, que podr\u00edan da\u00f1ar otros componentes de la m\u00e1quina.<\/li>\n<li>Durabilidad: el cilindro debe poder soportar el duro entorno operativo y resistir el desgaste.<\/li>\n<li>Seguridad: el cilindro debe estar dise\u00f1ado con caracter\u00edsticas de seguridad para evitar accidentes.<\/li>\n<li>Mantenibilidad: el cilindro debe estar dise\u00f1ado para que su mantenimiento y reparaci\u00f3n sean f\u00e1ciles.<\/li>\n<\/ul>\n<p><img decoding=\"async\" src=\"https:\/\/www.hydraulic-cylinders.net\/wp-content\/uploads\/2025\/01\/songte-oil-pipes-and-spare-parts.webp\" alt=\"Cilindro de cuchar\u00f3n para Wacker E5023\"><\/p>\n<h2>Sellado y lubricaci\u00f3n<\/h2>\n<p>Se utilizan diversos componentes de sellado, como sellos de pist\u00f3n y de v\u00e1stago, fabricados con materiales resistentes al desgaste como poliuretano y caucho de nitrilo, para mejorar el rendimiento del sellado. El cuerpo del cilindro y la superficie del extremo roscado est\u00e1n finamente procesados \u200b\u200bpara mejorar la resistencia al desgaste. El cilindro requiere lubricaci\u00f3n regular con aceite hidr\u00e1ulico adecuado para mantener un rendimiento \u00f3ptimo.<\/p>\n<h2>Mantenimiento y reparaci\u00f3n<\/h2>\n<p>La inspecci\u00f3n regular, la lubricaci\u00f3n adecuada, el reemplazo de sellos y las comprobaciones de calibraci\u00f3n son tareas comunes de mantenimiento. Una instalaci\u00f3n, lubricaci\u00f3n y ajuste correctos son esenciales para garantizar un funcionamiento seguro y eficiente. Se recomienda una gu\u00eda de alineaci\u00f3n adecuada y los soportes de instalaci\u00f3n adecuados. Se proporcionan los procedimientos recomendados de inspecci\u00f3n, reparaci\u00f3n y reemplazo, incluyendo piezas de repuesto y servicios de reconstrucci\u00f3n para prolongar la vida \u00fatil del cilindro.<\/p>\n<p><img decoding=\"async\" src=\"https:\/\/www.hydraulic-cylinders.net\/wp-content\/uploads\/2025\/01\/songte-chushion-collar.webp\" alt=\"Cilindro de cuchar\u00f3n para Wacker E5023\"><\/p>\n<h2>Consideraciones de seguridad y medio ambiente<\/h2>\n<p>Al utilizar cilindros de cuchar\u00f3n, es fundamental seguir las medidas de seguridad para prevenir accidentes. Las consideraciones ambientales incluyen la eliminaci\u00f3n adecuada del aceite hidr\u00e1ulico usado y otras piezas.<\/p>\n<h2>Diagn\u00f3stico de fallas y problemas comunes<\/h2>\n<p>Los problemas comunes con los cilindros del cuchar\u00f3n incluyen fugas de aceite, fuerza de elevaci\u00f3n insuficiente y velocidad reducida de extensi\u00f3n y retracci\u00f3n. Una inspecci\u00f3n y un diagn\u00f3stico adecuados pueden ayudar a identificar y resolver los problemas.<\/p>\n<p><img decoding=\"async\" src=\"https:\/\/www.hydraulic-cylinders.net\/wp-content\/uploads\/2025\/01\/songte-bushings-with-all-kinds-of-excavator-models.webp\" alt=\"Cilindro de cuchar\u00f3n para Wacker E5023\"><\/p>\n<h2>Acerca de nuestra empresa<\/h2>\n<p>Somos fabricantes de cilindros hidr\u00e1ulicos que pueden reemplazar los originales. Nuestra empresa cuenta con una gama completa de productos y es uno de los principales fabricantes y distribuidores mayoristas de cilindros hidr\u00e1ulicos en el mercado nacional e internacional. Nos adherimos al principio de excelente calidad, nos basamos en la estrategia de gesti\u00f3n de la producci\u00f3n industrial de nuestros talleres de alta calidad, mejoramos constantemente la plataforma de fabricaci\u00f3n, perfeccionamos la l\u00ednea de producci\u00f3n de calidad del producto y contamos con una s\u00f3lida capacidad creativa para satisfacer las diversas necesidades de nuestros clientes con alta eficiencia, precisi\u00f3n y calidad. <\/p>\n<ul>\n<li>Profesionalismo<\/li>\n<li>Certificaci\u00f3n internacional<\/li>\n<li>Servicio personalizado<\/li>\n<li>Equipos de producci\u00f3n<\/li>\n<li>Servicio posventa<\/li>\n<\/ul>\n<p><img decoding=\"async\" src=\"https:\/\/hzpt.com\/wp-content\/uploads\/2024\/11\/songte-company-1.webp\" alt=\"Cilindro de cuchar\u00f3n para Wacker E5023\"><\/p>\n<p>Autor: lyl<\/p>","protected":false},"excerpt":{"rendered":"<p>Bucket Cylinder For Wacker E5023 Introduction A bucket cylinder is a specially designed hydraulic cylinder primarily used for controlling the movement of the bucket in heavy machinery such as excavators, backhoes, and front loaders. Its main function is to allow the bucket to lift, lower, and tilt, making it easier to handle various material-handling tasks. [&hellip;]<\/p>","protected":false},"featured_media":14771,"comment_status":"open","ping_status":"closed","template":"","meta":{"_et_pb_use_builder":"","_et_pb_old_content":"","_et_gb_content_width":""},"product_brand":[],"product_cat":[1494],"product_tag":[1495,1496],"class_list":{"0":"post-15907","1":"product","2":"type-product","3":"status-publish","4":"has-post-thumbnail","6":"product_cat-bucket-cylinders","7":"product_tag-bucket-cylinders","8":"product_tag-hydraulic-cylinders","10":"first","11":"instock","12":"shipping-taxable","13":"product-type-simple"},"amp_enabled":true,"_links":{"self":[{"href":"https:\/\/www.hydraulic-cylinders.net\/es\/wp-json\/wp\/v2\/product\/15907","targetHints":{"allow":["GET"]}}],"collection":[{"href":"https:\/\/www.hydraulic-cylinders.net\/es\/wp-json\/wp\/v2\/product"}],"about":[{"href":"https:\/\/www.hydraulic-cylinders.net\/es\/wp-json\/wp\/v2\/types\/product"}],"replies":[{"embeddable":true,"href":"https:\/\/www.hydraulic-cylinders.net\/es\/wp-json\/wp\/v2\/comments?post=15907"}],"wp:featuredmedia":[{"embeddable":true,"href":"https:\/\/www.hydraulic-cylinders.net\/es\/wp-json\/wp\/v2\/media\/14771"}],"wp:attachment":[{"href":"https:\/\/www.hydraulic-cylinders.net\/es\/wp-json\/wp\/v2\/media?parent=15907"}],"wp:term":[{"taxonomy":"product_brand","embeddable":true,"href":"https:\/\/www.hydraulic-cylinders.net\/es\/wp-json\/wp\/v2\/product_brand?post=15907"},{"taxonomy":"product_cat","embeddable":true,"href":"https:\/\/www.hydraulic-cylinders.net\/es\/wp-json\/wp\/v2\/product_cat?post=15907"},{"taxonomy":"product_tag","embeddable":true,"href":"https:\/\/www.hydraulic-cylinders.net\/es\/wp-json\/wp\/v2\/product_tag?post=15907"}],"curies":[{"name":"wp","href":"https:\/\/api.w.org\/{rel}","templated":true}]}}