{"id":15911,"date":"2025-01-19T15:09:18","date_gmt":"2025-01-19T15:09:18","guid":{"rendered":"https:\/\/www.hydraulic-cylinders.net\/product\/bucket-cylinder-for-aotai-at80e-9\/"},"modified":"2025-01-19T15:09:20","modified_gmt":"2025-01-19T15:09:20","slug":"bucket-cylinder-for-aotai-at80e-9","status":"publish","type":"product","link":"https:\/\/www.hydraulic-cylinders.net\/es\/producto\/bucket-cylinder-for-aotai-at80e-9\/","title":{"rendered":"Cilindro de cuchar\u00f3n para Aotai AT80E-9"},"content":{"rendered":"<h1>Cilindro de cuchar\u00f3n para Aotai AT80E-9<\/h1>\n<h2>Introducci\u00f3n<\/h2>\n<p>El cilindro de la cuchara es un cilindro hidr\u00e1ulico dise\u00f1ado espec\u00edficamente para controlar el movimiento de la cuchara en maquinaria pesada como excavadoras, retroexcavadoras y cargadoras frontales. Su funci\u00f3n principal es elevar, descender e inclinar la cuchara para facilitar la manipulaci\u00f3n de materiales. En el sistema hidr\u00e1ulico, el cilindro controla el movimiento preciso de la cuchara mediante variaciones en la presi\u00f3n del aceite hidr\u00e1ulico, lo que permite a los operadores manejar cargas pesadas con eficiencia y adaptarse a entornos de trabajo complejos y a diversas exigencias.<\/p>\n<p><img decoding=\"async\" src=\"https:\/\/www.hydraulic-cylinders.net\/wp-content\/uploads\/2025\/01\/songte-company-2.webp\"><\/p>\n<h2>Caracter\u00edsticas<\/h2>\n<ul>\n<li>\n<h3>Alta resistencia y durabilidad<\/h3>\n<p>Los cilindros de los cucharones suelen estar fabricados de acero o aluminio de alta resistencia, capaces de soportar altas presiones y cargas pesadas, y dise\u00f1ados teniendo en cuenta la resistencia al desgaste y a la corrosi\u00f3n, lo que prolonga su vida \u00fatil.<\/p>\n<\/li>\n<li>\n<h3>Operaci\u00f3n hidr\u00e1ulica eficiente<\/h3>\n<p>Los cilindros del cuchar\u00f3n utilizan la presi\u00f3n del aceite hidr\u00e1ulico para lograr movimientos suaves de expansi\u00f3n y contracci\u00f3n, responden r\u00e1pidamente a las \u00f3rdenes de control, proporcionan una potente fuerza de empuje y tracci\u00f3n, y son adecuados para el manejo de cargas pesadas y tareas complejas.<\/p>\n<\/li>\n<li>\n<h3>Varios tipos<\/h3>\n<p>Los cilindros de los cucharones pueden ser de simple efecto (el fluido hidr\u00e1ulico circula en una sola direcci\u00f3n) o de doble efecto (el fluido hidr\u00e1ulico circula en ambas direcciones), seg\u00fan las necesidades operativas. Algunos modelos son telesc\u00f3picos, lo que permite una mayor extensi\u00f3n sin aumentar las dimensiones externas, resultando id\u00f3neos para aplicaciones con espacio limitado.<\/p>\n<\/li>\n<li>\n<h3>Reemplazo perfecto para cilindros hidr\u00e1ulicos<\/h3>\n<p>Nuestros productos pueden reemplazar perfectamente estos cilindros hidr\u00e1ulicos.<\/p>\n<p>  <img decoding=\"async\" src=\"https:\/\/www.hydraulic-cylinders.net\/wp-content\/uploads\/2025\/01\/songte-cylinder-head-with-all-kinds-excavator-models.webp\"><\/li>\n<\/ul>\n<h2>Aplicaciones<\/h2>\n<p>Los cilindros de los cucharones son esenciales para varios tipos de maquinaria pesada, entre ellos:<\/p>\n<ul>\n<li>\n<h3>Equipos de construcci\u00f3n<\/h3>\n<p>En las excavadoras, los cilindros del cuchar\u00f3n son cruciales para excavar, cargar y mover tierra o escombros. En las retroexcavadoras, los cilindros del cuchar\u00f3n ayudan tanto a excavar como a levantar. <\/p>\n<\/li>\n<li>\n<h3>Maquinaria agr\u00edcola<\/h3>\n<p>Se utilizan en cargadoras frontales para recoger, levantar y transportar tierra, heno y otros materiales. En las excavadoras, los cilindros del cuchar\u00f3n permiten la excavaci\u00f3n al penetrar el cuchar\u00f3n en el suelo. En las cargadoras frontales, facilitan la elevaci\u00f3n y descarga eficiente de mercanc\u00edas.<\/p>\n<\/li>\n<\/ul>\n<h2>Consideraciones de dise\u00f1o<\/h2>\n<p>Los cilindros de los cucharones est\u00e1n dise\u00f1ados teniendo en cuenta numerosos factores para garantizar su \u00f3ptimo rendimiento:<\/p>\n<ul>\n<li>\n<h3>Capacidad de carga<\/h3>\n<p>Los cilindros de los cucharones est\u00e1n dise\u00f1ados para soportar altas cargas y presiones, lo que garantiza su capacidad de carga.<\/p>\n<\/li>\n<li>\n<h3>Caza de focas<\/h3>\n<p>En los cilindros de los cucharones se utilizan diversos tipos de juntas, como juntas de pist\u00f3n y juntas de v\u00e1stago, fabricadas con materiales resistentes al desgaste como el poliuretano y el caucho de nitrilo, lo que garantiza su durabilidad y su capacidad de sellado.<\/p>\n<\/li>\n<li>\n<h3>Seguridad<\/h3>\n<p>Los cilindros de los cucharones est\u00e1n dise\u00f1ados pensando en la seguridad, garantizando la seguridad de los operarios y del medio ambiente. Una correcta instalaci\u00f3n y mantenimiento son cruciales para asegurar su funcionamiento seguro.<\/p>\n<\/li>\n<li>\n<h3>Mantenimiento<\/h3>\n<p>Los cilindros de los cucharones requieren un mantenimiento regular para asegurar su \u00f3ptimo rendimiento, incluyendo lubricaci\u00f3n, reemplazo de sellos y comprobaciones de calibraci\u00f3n.<\/p>\n<\/li>\n<\/ul>\n<p><img decoding=\"async\" src=\"https:\/\/www.hydraulic-cylinders.net\/wp-content\/uploads\/2025\/01\/songte-oil-pipes-and-spare-parts.webp\"><\/p>\n<h2>Instalaci\u00f3n y mantenimiento<\/h2>\n<p>Para garantizar un rendimiento \u00f3ptimo y una larga vida \u00fatil del cilindro del cuchar\u00f3n, es importante seguir los procedimientos correctos de instalaci\u00f3n y mantenimiento. Las tareas de mantenimiento comunes incluyen:<\/p>\n<ul>\n<li>\n<h3>Inspecci\u00f3n regular<\/h3>\n<p>Se debe inspeccionar peri\u00f3dicamente si hay fugas, ara\u00f1azos u otros signos de da\u00f1os para asegurar que el cilindro est\u00e9 en buen estado.<\/p>\n<\/li>\n<li>\n<h3>Lubricaci\u00f3n<\/h3>\n<p>Una lubricaci\u00f3n adecuada permite que el cilindro del cuchar\u00f3n se mueva con suavidad y ayuda a prevenir da\u00f1os causados \u200b\u200bpor la fricci\u00f3n.<\/p>\n<\/li>\n<li>\n<h3>Reemplazo del sello<\/h3>\n<p>Sustituir las juntas desgastadas es fundamental para evitar fugas y garantizar el rendimiento \u00f3ptimo del cilindro.<\/p>\n<\/li>\n<li>\n<h3>Comprobaci\u00f3n de alineaci\u00f3n<\/h3>\n<p>Comprobar la alineaci\u00f3n del cilindro del cuchar\u00f3n es importante para asegurar su correcto funcionamiento.<\/p>\n<\/li>\n<\/ul>\n<p><img decoding=\"async\" src=\"https:\/\/www.hydraulic-cylinders.net\/wp-content\/uploads\/2025\/01\/songte-chushion-collar.webp\"><\/p>\n<h2>Consideraciones de seguridad y medio ambiente<\/h2>\n<p>Al utilizar un cilindro de cangil\u00f3n, la seguridad es primordial. Deben seguirse las pr\u00e1cticas adecuadas de instalaci\u00f3n, mantenimiento y operaci\u00f3n para garantizar la seguridad de los operarios y del medio ambiente.<\/p>\n<p><img decoding=\"async\" src=\"https:\/\/hzpt.com\/wp-content\/uploads\/2024\/11\/songte-company-1.webp\"><\/p>\n<h2>Sobre nosotros<\/h2>\n<p>Nuestra empresa fabrica cilindros hidr\u00e1ulicos de repuesto y ofrece una gama completa de productos. Nos hemos consolidado como uno de los principales fabricantes y distribuidores mayoristas de cilindros hidr\u00e1ulicos en los mercados nacionales e internacionales. Nuestro taller de fabricaci\u00f3n se rige por una estrategia de gesti\u00f3n de producci\u00f3n industrial que prioriza la excelente calidad, el talento tecnol\u00f3gico, la maquinaria de fabricaci\u00f3n digital de \u00faltima generaci\u00f3n y los sistemas de prueba profesionales. Nos esforzamos continuamente por mejorar nuestras instalaciones, optimizar la calidad de nuestros productos y potenciar nuestra capacidad creativa, manteniendo los principios de alta eficiencia, precisi\u00f3n y calidad para satisfacer las diversas necesidades de nuestros clientes.<\/p>\n<p>Entre las caracter\u00edsticas m\u00e1s destacadas de nuestra empresa se incluyen:<\/p>\n<ul>\n<li>\n<h3>Profesionalismo<\/h3>\n<p>Nuestro equipo est\u00e1 compuesto por profesionales altamente capacitados y con amplia experiencia en el campo de los cilindros hidr\u00e1ulicos, lo que garantiza que nuestros productos cumplan con los m\u00e1s altos est\u00e1ndares.<\/p>\n<\/li>\n<li>\n<h3>Certificaciones internacionales<\/h3>\n<p>Nuestros productos han superado diversas certificaciones internacionales para garantizar su calidad y seguridad.<\/p>\n<\/li>\n<li>\n<h3>Servicios de personalizaci\u00f3n<\/h3>\n<p>Ofrecemos servicios personalizados para satisfacer las necesidades y requisitos espec\u00edficos de cada cliente.<\/p>\n<\/li>\n<li>\n<h3>Equipos de producci\u00f3n<\/h3>\n<p>Nuestra empresa utiliza equipos de producci\u00f3n de alta tecnolog\u00eda y tecnolog\u00eda avanzada para garantizar la calidad de nuestros productos.<\/p>\n<\/li>\n<li>\n<h3>Servicio posventa<\/h3>\n<p>Ofrecemos un excelente servicio y soporte postventa para garantizar la satisfacci\u00f3n de nuestros clientes con sus compras.<\/p>\n<\/li>\n<\/ul>\n<p><img decoding=\"async\" src=\"https:\/\/www.hydraulic-cylinders.net\/wp-content\/uploads\/2025\/01\/songte-company-3.webp\"><\/p>\n<p>Autor: lyl<\/p>","protected":false},"excerpt":{"rendered":"<p>Bucket Cylinder For Aotai AT80E-9 Introduction A bucket cylinder is a specially designed hydraulic cylinder used to control the movement of the bucket in heavy machinery such as excavators, backhoe loaders, and front loaders. Its main function is to raise, lower, and tilt the bucket for efficient material handling tasks. In the hydraulic system, the [&hellip;]<\/p>","protected":false},"featured_media":14761,"comment_status":"open","ping_status":"closed","template":"","meta":{"_et_pb_use_builder":"","_et_pb_old_content":"","_et_gb_content_width":""},"product_brand":[],"product_cat":[1494],"product_tag":[1495,1496],"class_list":{"0":"post-15911","1":"product","2":"type-product","3":"status-publish","4":"has-post-thumbnail","6":"product_cat-bucket-cylinders","7":"product_tag-bucket-cylinders","8":"product_tag-hydraulic-cylinders","10":"first","11":"instock","12":"shipping-taxable","13":"product-type-simple"},"amp_enabled":true,"_links":{"self":[{"href":"https:\/\/www.hydraulic-cylinders.net\/es\/wp-json\/wp\/v2\/product\/15911","targetHints":{"allow":["GET"]}}],"collection":[{"href":"https:\/\/www.hydraulic-cylinders.net\/es\/wp-json\/wp\/v2\/product"}],"about":[{"href":"https:\/\/www.hydraulic-cylinders.net\/es\/wp-json\/wp\/v2\/types\/product"}],"replies":[{"embeddable":true,"href":"https:\/\/www.hydraulic-cylinders.net\/es\/wp-json\/wp\/v2\/comments?post=15911"}],"wp:featuredmedia":[{"embeddable":true,"href":"https:\/\/www.hydraulic-cylinders.net\/es\/wp-json\/wp\/v2\/media\/14761"}],"wp:attachment":[{"href":"https:\/\/www.hydraulic-cylinders.net\/es\/wp-json\/wp\/v2\/media?parent=15911"}],"wp:term":[{"taxonomy":"product_brand","embeddable":true,"href":"https:\/\/www.hydraulic-cylinders.net\/es\/wp-json\/wp\/v2\/product_brand?post=15911"},{"taxonomy":"product_cat","embeddable":true,"href":"https:\/\/www.hydraulic-cylinders.net\/es\/wp-json\/wp\/v2\/product_cat?post=15911"},{"taxonomy":"product_tag","embeddable":true,"href":"https:\/\/www.hydraulic-cylinders.net\/es\/wp-json\/wp\/v2\/product_tag?post=15911"}],"curies":[{"name":"wp","href":"https:\/\/api.w.org\/{rel}","templated":true}]}}