{"id":15913,"date":"2025-01-19T15:09:26","date_gmt":"2025-01-19T15:09:26","guid":{"rendered":"https:\/\/www.hydraulic-cylinders.net\/product\/bucket-cylinder-for-aotai-at150e-9\/"},"modified":"2025-01-19T15:09:29","modified_gmt":"2025-01-19T15:09:29","slug":"bucket-cylinder-for-aotai-at150e-9","status":"publish","type":"product","link":"https:\/\/www.hydraulic-cylinders.net\/es\/producto\/bucket-cylinder-for-aotai-at150e-9\/","title":{"rendered":"Cilindro de cuchar\u00f3n para Aotai AT150E-9"},"content":{"rendered":"<h1>Cilindro de cuchar\u00f3n para Aotai AT150E-9<\/h1>\n<h2>Introducci\u00f3n<\/h2>\n<p>El cilindro de la cuchara para la Aotai AT150E-9 es un cilindro hidr\u00e1ulico dise\u00f1ado espec\u00edficamente para controlar el movimiento de las palas en maquinaria pesada como excavadoras, retroexcavadoras y cargadoras frontales. Su funci\u00f3n principal es permitir que la pala se eleve, baje e incline, facilitando la realizaci\u00f3n de diversas tareas de manipulaci\u00f3n de materiales. En el sistema hidr\u00e1ulico, el cilindro de la cuchara controla con precisi\u00f3n los movimientos de la pala mediante cambios de presi\u00f3n en el aceite hidr\u00e1ulico, lo que permite a los operadores manipular objetos pesados \u200b\u200bcon eficiencia y adaptarse a entornos de trabajo complejos y a diversas exigencias.<\/p>\n<p><img decoding=\"async\" src=\"https:\/\/www.hydraulic-cylinders.net\/wp-content\/uploads\/2025\/01\/songte-company-2.webp\" alt=\"Cilindro de cuchar\u00f3n para Aotai AT150E-9\" \/><\/p>\n<h2>Caracter\u00edsticas<\/h2>\n<ul>\n<li>\n<h3>Alta resistencia y durabilidad<\/h3>\n<p>El cilindro generalmente est\u00e1 hecho de acero o aluminio de alta resistencia, capaz de soportar alta presi\u00f3n y cargas pesadas, y est\u00e1 dise\u00f1ado teniendo en cuenta la resistencia al desgaste y la corrosi\u00f3n para extender su vida \u00fatil.<\/p>\n<\/li>\n<li>\n<h3>Operaci\u00f3n hidr\u00e1ulica eficiente<\/h3>\n<p>El cilindro del cuchar\u00f3n utiliza presi\u00f3n de aceite hidr\u00e1ulico para lograr movimientos suaves de extensi\u00f3n y contracci\u00f3n, responde r\u00e1pidamente a los comandos de control, proporciona potentes fuerzas de empuje y tracci\u00f3n y es adecuado para manipular objetos pesados \u200b\u200by tareas laborales complejas.<\/p>\n<\/li>\n<li>\n<h3>Varios tipos<\/h3>\n<p>El cilindro est\u00e1 disponible en modelos de simple efecto (accionamiento hidr\u00e1ulico en una sola direcci\u00f3n) o doble efecto (accionamiento hidr\u00e1ulico en ambas direcciones) para satisfacer diferentes necesidades operativas. Algunos modelos son telesc\u00f3picos, lo que permite una mayor extensi\u00f3n sin aumentar las dimensiones externas, ideal para aplicaciones con espacio limitado.<\/p>\n<\/li>\n<li>\n<h3>Reemplazo perfecto para cilindros hidr\u00e1ulicos<\/h3>\n<p>Nuestro producto puede sustituir perfectamente a estos cilindros hidr\u00e1ulicos.<\/p>\n<\/li>\n<li>\n<h3>Aplicaci\u00f3n<\/h3>\n<p>El cilindro de cuchar\u00f3n para Aotai AT150E-9 se utiliza en diversos equipos de construcci\u00f3n, incluidos:<\/p>\n<ul>\n<li>Excavadoras: Los cilindros del cuchar\u00f3n permiten la acci\u00f3n de excavaci\u00f3n al permitir que la pala penetre en el suelo.<\/li>\n<li>Cargadores frontales: Ayudan a levantar e inclinar cargas de manera efectiva.<\/li>\n<li>Excavadoras retroexcavadoras: Los cilindros del cuchar\u00f3n ayudan en las tareas de excavaci\u00f3n y elevaci\u00f3n.<\/li>\n<li>Maquinaria agr\u00edcola: Se utiliza en cargadores frontales para recoger, levantar y transportar tierra, heno y otros materiales.<\/li>\n<\/ul>\n<\/li>\n<\/ul>\n<h2>Consideraciones de dise\u00f1o y criterios de selecci\u00f3n<\/h2>\n<ul>\n<li>\n<h3>Capacidad de carga<\/h3>\n<p>La capacidad de carga del cilindro es un factor crucial en el dise\u00f1o. Debe ser capaz de soportar los requisitos de carga espec\u00edficos de la aplicaci\u00f3n.<\/p>\n<\/li>\n<li>\n<h3>Sellado y durabilidad<\/h3>\n<p>El sellado y la durabilidad del cilindro son factores cruciales que afectan su vida \u00fatil y rendimiento. Nuestro cilindro utiliza sellos de alta calidad fabricados con materiales resistentes al desgaste como poliuretano y caucho de nitrilo, y la superficie del cuerpo del cilindro se somete a un tratamiento de precisi\u00f3n para mejorar la resistencia al desgaste.<\/p>\n<\/li>\n<li>\n<h3>Seguridad y mantenimiento<\/h3>\n<p>El cilindro debe dise\u00f1arse teniendo en cuenta la seguridad y el mantenimiento. Debe ser f\u00e1cil de instalar, mantener y reparar, minimizando as\u00ed el tiempo de inactividad durante el mantenimiento y la reparaci\u00f3n.<\/p>\n<\/li>\n<li>\n<h3>Lubricaci\u00f3n y sellado<\/h3>\n<p>Nuestro cilindro utiliza diferentes sellos, como sellos de pist\u00f3n, sellos de v\u00e1stago y sellos rascadores, fabricados con materiales resistentes al desgaste como poliuretano y caucho de nitrilo. La lubricaci\u00f3n y el reemplazo regular de los sellos son necesarios para el correcto funcionamiento del cilindro.<\/p>\n<\/li>\n<li>\n<h3>Compatibilidad de fluidos<\/h3>\n<p>El cilindro debe ser compatible con el fluido hidr\u00e1ulico utilizado en el sistema hidr\u00e1ulico. El uso de un fluido inadecuado puede da\u00f1ar el cilindro o todo el sistema hidr\u00e1ulico.<\/p>\n<\/li>\n<\/ul>\n<p><img decoding=\"async\" src=\"https:\/\/www.hydraulic-cylinders.net\/wp-content\/uploads\/2025\/01\/songte-oil-pipes-and-spare-parts.webp\" alt=\"Cilindro de cuchar\u00f3n para Aotai AT150E-9\" \/><\/p>\n<h2>Mantenimiento<\/h2>\n<p>La inspecci\u00f3n peri\u00f3dica y el mantenimiento preventivo son esenciales para garantizar el rendimiento \u00f3ptimo del cilindro del cuchar\u00f3n. Las tareas de mantenimiento m\u00e1s comunes incluyen:<\/p>\n<ul>\n<li>\n<h3>Inspecci\u00f3n regular<\/h3>\n<p>Es necesario inspeccionar peri\u00f3dicamente el cilindro para identificar cualquier signo de desgaste, da\u00f1o o fuga. Cualquier problema debe abordarse de inmediato para evitar da\u00f1os mayores.<\/p>\n<\/li>\n<li>\n<h3>Lubricaci\u00f3n adecuada<\/h3>\n<p>El cilindro del cuchar\u00f3n requiere lubricaci\u00f3n regular para mantener sus partes m\u00f3viles funcionando correctamente y evitar el desgaste.<\/p>\n<\/li>\n<li>\n<h3>Reemplazo del sello<\/h3>\n<p>El reemplazo del sello es necesario para mantener el rendimiento del sellado del cilindro y evitar fugas.<\/p>\n<\/li>\n<li>\n<h3>Comprobaci\u00f3n de calibraci\u00f3n<\/h3>\n<p>El cilindro debe calibrarse peri\u00f3dicamente para garantizar que cumpla con los est\u00e1ndares de rendimiento requeridos.<\/p>\n<\/li>\n<\/ul>\n<p><img decoding=\"async\" src=\"https:\/\/www.hydraulic-cylinders.net\/wp-content\/uploads\/2025\/01\/songte-chushion-collar.webp\" alt=\"Cilindro de cuchar\u00f3n para Aotai AT150E-9\" \/><\/p>\n<h2>Consideraciones de seguridad y factores ambientales<\/h2>\n<p>Al utilizar el cilindro de cangilones para la Aotai AT150E-9, es fundamental observar las medidas de seguridad para evitar accidentes o lesiones. Es fundamental tener en cuenta factores ambientales, como la temperatura, la humedad y la exposici\u00f3n a sustancias corrosivas que puedan afectar su rendimiento.<\/p>\n<h2>Problemas comunes y soluci\u00f3n de problemas<\/h2>\n<p>Los siguientes son algunos problemas comunes que pueden surgir al utilizar el cilindro del cuchar\u00f3n:<\/p>\n<ul>\n<li>\n<h3>Fuga<\/h3>\n<p>Las fugas son un problema com\u00fan, generalmente causado por sellos da\u00f1ados. Reemplazar los sellos puede ayudar a solucionar el problema.<\/p>\n<\/li>\n<li>\n<h3>Ruido excesivo<\/h3>\n<p>El ruido excesivo puede deberse a diversos problemas, como componentes internos da\u00f1ados, niveles bajos de l\u00edquido hidr\u00e1ulico o filtros obstruidos. Revise el sistema hidr\u00e1ulico para detectar cualquier problema que pueda causar ruido excesivo.<\/p>\n<\/li>\n<li>\n<h3>Movimiento lento<\/h3>\n<p>El movimiento lento suele deberse a niveles bajos de l\u00edquido hidr\u00e1ulico, filtros obstruidos o componentes internos da\u00f1ados. Revise el sistema hidr\u00e1ulico y reemplace cualquier componente da\u00f1ado.<\/p>\n<\/li>\n<\/ul>\n<p><img decoding=\"async\" src=\"https:\/\/www.hydraulic-cylinders.net\/wp-content\/uploads\/2025\/01\/songte-bushings-with-all-kinds-of-excavator-models.webp\" alt=\"Cilindro de cuchar\u00f3n para Aotai AT150E-9\" \/><\/p>\n<h2>Acerca de nuestra empresa<\/h2>\n<p>Somos un fabricante y distribuidor mayorista l\u00edder de cilindros hidr\u00e1ulicos en el mercado nacional e internacional. Nuestros productos son de excelente calidad y aplicamos estrategias de gesti\u00f3n de fabricaci\u00f3n de precisi\u00f3n, con t\u00e9cnicos altamente cualificados, equipos de fabricaci\u00f3n digitales de alta gama y un sistema de pruebas profesional para producir cilindros que satisfacen las diversas necesidades de nuestros clientes. Ofrecemos servicios personalizados, equipos de producci\u00f3n y servicio posventa para garantizar que nuestros clientes rindan al m\u00e1ximo su inversi\u00f3n.<\/p>\n<ul>\n<li>\n<h3>Especializaci\u00f3n y Certificaci\u00f3n Internacional<\/h3>\n<p>Nuestra empresa se especializa en la producci\u00f3n de diversos cilindros hidr\u00e1ulicos, con productos que cumplen con los est\u00e1ndares internacionales de calidad como ISO, CE y SGS.<\/p>\n<\/li>\n<li>\n<h3>Servicios personalizados<\/h3>\n<p>Brindamos servicios personalizados seg\u00fan los requisitos espec\u00edficos de nuestros clientes, ofreci\u00e9ndoles cilindros hidr\u00e1ulicos hechos a medida para satisfacer sus necesidades \u00fanicas.<\/p>\n<\/li>\n<li>\n<h3>Equipos de producci\u00f3n y servicios posventa<\/h3>\n<p>Contamos con equipos de producci\u00f3n de \u00faltima generaci\u00f3n y un equipo profesional de servicio postventa que brinda soporte oportuno y efectivo a nuestros clientes.<\/p>\n<\/li>\n<\/ul>\n<p><img decoding=\"async\" src=\"https:\/\/hzpt.com\/wp-content\/uploads\/2024\/11\/songte-company-1.webp\" alt=\"Cilindro de cuchar\u00f3n para Aotai AT150E-9\" \/><\/p>\n<p><em>Autor: lyl<\/em><\/p>","protected":false},"excerpt":{"rendered":"<p>Bucket Cylinder For Aotai AT150E-9 Introduction The Bucket Cylinder for Aotai AT150E-9 is a hydraulic cylinder specifically designed to control the movement of shovels in heavy machinery such as excavators, backhoe excavators, and front-loaders. Its main function is to enable the shovel to lift, lower, and tilt, making it easier to perform various material handling [&hellip;]<\/p>","protected":false},"featured_media":14788,"comment_status":"open","ping_status":"closed","template":"","meta":{"_et_pb_use_builder":"","_et_pb_old_content":"","_et_gb_content_width":""},"product_brand":[],"product_cat":[1494],"product_tag":[1495,1496],"class_list":{"0":"post-15913","1":"product","2":"type-product","3":"status-publish","4":"has-post-thumbnail","6":"product_cat-bucket-cylinders","7":"product_tag-bucket-cylinders","8":"product_tag-hydraulic-cylinders","10":"first","11":"instock","12":"shipping-taxable","13":"product-type-simple"},"amp_enabled":true,"_links":{"self":[{"href":"https:\/\/www.hydraulic-cylinders.net\/es\/wp-json\/wp\/v2\/product\/15913","targetHints":{"allow":["GET"]}}],"collection":[{"href":"https:\/\/www.hydraulic-cylinders.net\/es\/wp-json\/wp\/v2\/product"}],"about":[{"href":"https:\/\/www.hydraulic-cylinders.net\/es\/wp-json\/wp\/v2\/types\/product"}],"replies":[{"embeddable":true,"href":"https:\/\/www.hydraulic-cylinders.net\/es\/wp-json\/wp\/v2\/comments?post=15913"}],"wp:featuredmedia":[{"embeddable":true,"href":"https:\/\/www.hydraulic-cylinders.net\/es\/wp-json\/wp\/v2\/media\/14788"}],"wp:attachment":[{"href":"https:\/\/www.hydraulic-cylinders.net\/es\/wp-json\/wp\/v2\/media?parent=15913"}],"wp:term":[{"taxonomy":"product_brand","embeddable":true,"href":"https:\/\/www.hydraulic-cylinders.net\/es\/wp-json\/wp\/v2\/product_brand?post=15913"},{"taxonomy":"product_cat","embeddable":true,"href":"https:\/\/www.hydraulic-cylinders.net\/es\/wp-json\/wp\/v2\/product_cat?post=15913"},{"taxonomy":"product_tag","embeddable":true,"href":"https:\/\/www.hydraulic-cylinders.net\/es\/wp-json\/wp\/v2\/product_tag?post=15913"}],"curies":[{"name":"wp","href":"https:\/\/api.w.org\/{rel}","templated":true}]}}