{"id":15917,"date":"2025-01-19T15:09:43","date_gmt":"2025-01-19T15:09:43","guid":{"rendered":"https:\/\/www.hydraulic-cylinders.net\/product\/bucket-cylinder-for-atlas-2006lc\/"},"modified":"2025-01-19T15:09:45","modified_gmt":"2025-01-19T15:09:45","slug":"bucket-cylinder-for-atlas-2006lc","status":"publish","type":"product","link":"https:\/\/www.hydraulic-cylinders.net\/es\/producto\/bucket-cylinder-for-atlas-2006lc\/","title":{"rendered":"Cilindro de cuchar\u00f3n para Atlas 2006LC"},"content":{"rendered":"<h1>Cilindro de cuchar\u00f3n para Atlas 2006LC<\/h1>\n<h2>Introducci\u00f3n<\/h2>\n<p>El cilindro del cuchar\u00f3n para Atlas 2006LC es un cilindro hidr\u00e1ulico especialmente dise\u00f1ado que se utiliza para controlar el movimiento del cuchar\u00f3n en maquinaria pesada como excavadoras, retroexcavadoras y cargadoras frontales. Su funci\u00f3n principal es permitir la elevaci\u00f3n, el descenso y la inclinaci\u00f3n del cuchar\u00f3n, lo que permite una manipulaci\u00f3n eficiente de diversos materiales. En el sistema hidr\u00e1ulico, el cilindro del cuchar\u00f3n logra un control preciso del cuchar\u00f3n aprovechando los cambios de presi\u00f3n del aceite hidr\u00e1ulico, lo que permite a los operadores manipular cargas pesadas con eficiencia y adaptarse a entornos de trabajo complejos y a diversos requisitos.<\/p>\n<p><img decoding=\"async\" src=\"https:\/\/www.hydraulic-cylinders.net\/wp-content\/uploads\/2025\/01\/songte-company-2.webp\"><\/p>\n<h2>Caracter\u00edsticas<\/h2>\n<ul>\n<li>Alta resistencia y durabilidad: Fabricado generalmente en acero o aluminio de alta resistencia, el cilindro del cuchar\u00f3n puede soportar alta presi\u00f3n y cargas pesadas, adapt\u00e1ndose a condiciones de trabajo rigurosas. Su dise\u00f1o considera la resistencia al desgaste y a la corrosi\u00f3n, lo que prolonga su vida \u00fatil.<\/li>\n<li>Operaci\u00f3n hidr\u00e1ulica eficiente: al utilizar la presi\u00f3n del aceite hidr\u00e1ulico, el cilindro del cuchar\u00f3n logra una extensi\u00f3n y retracci\u00f3n suaves, lo que permite una respuesta r\u00e1pida a los comandos de control y proporciona poderosas fuerzas de empuje y tracci\u00f3n adecuadas para manipular cargas pesadas y tareas complejas.<\/li>\n<li>Varios tipos: El cilindro del cuchar\u00f3n puede seleccionarse como de simple efecto (presi\u00f3n hidr\u00e1ulica en una sola direcci\u00f3n) o de doble efecto (presi\u00f3n hidr\u00e1ulica en ambas direcciones) seg\u00fan las necesidades operativas espec\u00edficas. Algunos modelos son telesc\u00f3picos, lo que permite una mayor extensi\u00f3n sin aumentar las dimensiones externas, lo que los hace ideales para aplicaciones con espacio limitado.<\/li>\n<\/ul>\n<p><img decoding=\"async\" src=\"https:\/\/www.hydraulic-cylinders.net\/wp-content\/uploads\/2025\/01\/songte-cylinder-head-with-all-kinds-excavator-models.webp\"><\/p>\n<h2>Aplicaciones<\/h2>\n<p>El cilindro de cuchara para Atlas 2006LC encuentra sus aplicaciones en diversos equipos:<\/p>\n<ul>\n<li>Equipos de construcci\u00f3n: Fundamentales para las excavadoras, ayudan a excavar, cargar y mover tierra o escombros. En las retroexcavadoras, el cilindro del cuchar\u00f3n facilita tanto la excavaci\u00f3n como la elevaci\u00f3n.<\/li>\n<li>Maquinaria agr\u00edcola: Se utiliza en cargadoras frontales para recoger, levantar y transportar tierra, heno y otros materiales.<\/li>\n<li>Excavadoras: El cilindro del cuchar\u00f3n permite la excavaci\u00f3n al permitir que el cuchar\u00f3n penetre en el suelo.<\/li>\n<li>Cargadores frontales: En los cargadores frontales, ayudan a levantar e inclinar las mercanc\u00edas de manera eficaz.<\/li>\n<\/ul>\n<p><img decoding=\"async\" src=\"https:\/\/www.hydraulic-cylinders.net\/wp-content\/uploads\/2025\/01\/songte-oil-pipes-and-spare-parts.webp\"><\/p>\n<h2>Consideraciones de dise\u00f1o y criterios de selecci\u00f3n<\/h2>\n<p>Al dise\u00f1ar el cilindro del cuchar\u00f3n se tienen en cuenta varios factores clave:<\/p>\n<ul>\n<li>Capacidad de carga<\/li>\n<li>Caza de focas<\/li>\n<li>Durabilidad<\/li>\n<li>Seguridad<\/li>\n<li>Mantenibilidad<\/li>\n<\/ul>\n<p><img decoding=\"async\" src=\"https:\/\/www.hydraulic-cylinders.net\/wp-content\/uploads\/2025\/01\/songte-bushings-with-all-kinds-of-excavator-models.webp\"><\/p>\n<h2>Sellado y lubricaci\u00f3n<\/h2>\n<p>El cilindro del cuchar\u00f3n utiliza diversos sellos, como sellos de pist\u00f3n y sellos de v\u00e1stago, fabricados con materiales resistentes al desgaste como poliuretano y caucho de nitrilo. El cuerpo del cilindro y los extremos roscados se someten a un meticuloso tratamiento superficial para mejorar la resistencia al desgaste. La lubricaci\u00f3n regular con el aceite hidr\u00e1ulico adecuado es necesaria para un funcionamiento fluido.<\/p>\n<h2>Inspecci\u00f3n y mantenimiento preventivo<\/h2>\n<p>Las inspecciones peri\u00f3dicas y el mantenimiento preventivo son esenciales para garantizar un rendimiento \u00f3ptimo y la longevidad del cilindro del cuchar\u00f3n. Estas medidas incluyen:<\/p>\n<ul>\n<li>Controles regulares<\/li>\n<li>Lubricaci\u00f3n adecuada<\/li>\n<li>Reemplazo del sello<\/li>\n<li>Comprobaciones de calibraci\u00f3n<\/li>\n<\/ul>\n<p><img decoding=\"async\" src=\"https:\/\/www.hydraulic-cylinders.net\/wp-content\/uploads\/2025\/01\/songte-chushion-collar.webp\"><\/p>\n<h2>Consideraciones de seguridad y factores ambientales<\/h2>\n<p>Garantizar las medidas de seguridad al utilizar el cilindro del cuchar\u00f3n es fundamental. Es fundamental considerar el entorno y cumplir las normas de seguridad para prevenir accidentes y proteger el medio ambiente.<\/p>\n<h2>Diagn\u00f3stico de fallas y problemas comunes<\/h2>\n<p>Al detectar fallas, es importante diagnosticarlas y abordarlas con prontitud. Los problemas comunes pueden incluir fugas, movimientos err\u00e1ticos o p\u00e9rdida de presi\u00f3n. Ofrecer consejos y soluciones para la resoluci\u00f3n de problemas ayuda a los lectores a diagnosticar y resolver problemas eficazmente, junto con medidas preventivas para minimizar posibles problemas.<\/p>\n<p><img decoding=\"async\" src=\"https:\/\/www.hydraulic-cylinders.net\/wp-content\/uploads\/2025\/01\/songte-company-1.webp\"><\/p>\n<h2>Descripci\u00f3n general de la empresa<\/h2>\n<p>Somos un fabricante especializado en cilindros hidr\u00e1ulicos de repuesto. Con una amplia gama de productos, nos hemos convertido en uno de los principales fabricantes y distribuidores mayoristas de cilindros hidr\u00e1ulicos tanto en el mercado nacional como en el internacional. Nuestro compromiso con la excelencia y nuestras estrategias de gesti\u00f3n de producci\u00f3n industrializadas, respaldadas por t\u00e9cnicos cualificados, equipos de fabricaci\u00f3n avanzados y sistemas de pruebas profesionales, nos permiten mejorar continuamente nuestra plataforma de fabricaci\u00f3n y nuestras l\u00edneas de producci\u00f3n para garantizar la calidad de nuestros productos. Contamos con una s\u00f3lida capacidad creativa, que se basa en los principios de alta eficiencia, precisi\u00f3n y calidad para satisfacer las diversas necesidades de nuestros clientes.<\/p>\n<p><img decoding=\"async\" src=\"https:\/\/www.hydraulic-cylinders.net\/wp-content\/uploads\/2025\/01\/songte-company-3.webp\"><\/p>\n<p>Adem\u00e1s, nos enorgullecemos de nuestro profesionalismo, certificaciones internacionales, servicios personalizados, equipos de producci\u00f3n y servicios posventa.<\/p>\n<p>Autor: lyl<\/p>","protected":false},"excerpt":{"rendered":"<p>Bucket Cylinder For Atlas 2006LC Introduction The bucket cylinder for Atlas 2006LC is a specially designed hydraulic cylinder used to control the movement of the bucket in heavy machinery such as excavators, backhoe loaders, and front-end loaders. Its main function is to enable the lifting, lowering, and tilting of the bucket, allowing for efficient handling [&hellip;]<\/p>","protected":false},"featured_media":14782,"comment_status":"open","ping_status":"closed","template":"","meta":{"_et_pb_use_builder":"","_et_pb_old_content":"","_et_gb_content_width":""},"product_brand":[],"product_cat":[1494],"product_tag":[1495,1496],"class_list":{"0":"post-15917","1":"product","2":"type-product","3":"status-publish","4":"has-post-thumbnail","6":"product_cat-bucket-cylinders","7":"product_tag-bucket-cylinders","8":"product_tag-hydraulic-cylinders","10":"first","11":"instock","12":"shipping-taxable","13":"product-type-simple"},"amp_enabled":true,"_links":{"self":[{"href":"https:\/\/www.hydraulic-cylinders.net\/es\/wp-json\/wp\/v2\/product\/15917","targetHints":{"allow":["GET"]}}],"collection":[{"href":"https:\/\/www.hydraulic-cylinders.net\/es\/wp-json\/wp\/v2\/product"}],"about":[{"href":"https:\/\/www.hydraulic-cylinders.net\/es\/wp-json\/wp\/v2\/types\/product"}],"replies":[{"embeddable":true,"href":"https:\/\/www.hydraulic-cylinders.net\/es\/wp-json\/wp\/v2\/comments?post=15917"}],"wp:featuredmedia":[{"embeddable":true,"href":"https:\/\/www.hydraulic-cylinders.net\/es\/wp-json\/wp\/v2\/media\/14782"}],"wp:attachment":[{"href":"https:\/\/www.hydraulic-cylinders.net\/es\/wp-json\/wp\/v2\/media?parent=15917"}],"wp:term":[{"taxonomy":"product_brand","embeddable":true,"href":"https:\/\/www.hydraulic-cylinders.net\/es\/wp-json\/wp\/v2\/product_brand?post=15917"},{"taxonomy":"product_cat","embeddable":true,"href":"https:\/\/www.hydraulic-cylinders.net\/es\/wp-json\/wp\/v2\/product_cat?post=15917"},{"taxonomy":"product_tag","embeddable":true,"href":"https:\/\/www.hydraulic-cylinders.net\/es\/wp-json\/wp\/v2\/product_tag?post=15917"}],"curies":[{"name":"wp","href":"https:\/\/api.w.org\/{rel}","templated":true}]}}