{"id":15923,"date":"2025-01-19T15:10:21","date_gmt":"2025-01-19T15:10:21","guid":{"rendered":"https:\/\/www.hydraulic-cylinders.net\/product\/bucket-cylinder-for-bonny-ced1000-7\/"},"modified":"2025-01-19T15:10:23","modified_gmt":"2025-01-19T15:10:23","slug":"bucket-cylinder-for-bonny-ced1000-7","status":"publish","type":"product","link":"https:\/\/www.hydraulic-cylinders.net\/es\/producto\/bucket-cylinder-for-bonny-ced1000-7\/","title":{"rendered":"Cilindro de cuchar\u00f3n para Bonny CED1000-7"},"content":{"rendered":"<h1>Cilindro de cuchar\u00f3n para Bonny CED1000-7<\/h1>\n<h2>Introducci\u00f3n<\/h2>\n<p>Un cilindro de cuchar\u00f3n es un cilindro hidr\u00e1ulico especialmente dise\u00f1ado que se utiliza para controlar el movimiento del cuchar\u00f3n en maquinaria pesada, como excavadoras, retroexcavadoras y cargadoras frontales. Su funci\u00f3n principal es permitir que el cuchar\u00f3n se eleve, baje e incline, facilitando diversas tareas de manipulaci\u00f3n de materiales. En el sistema hidr\u00e1ulico, el cilindro del cuchar\u00f3n aprovecha la variaci\u00f3n de presi\u00f3n del aceite hidr\u00e1ulico para lograr un control preciso del cuchar\u00f3n, lo que permite a los operadores manipular objetos pesados \u200b\u200bcon eficiencia y adaptarse a entornos de trabajo complejos y a diversos requisitos.<\/p>\n<p><img loading=\"lazy\" decoding=\"async\" src=\"https:\/\/www.hydraulic-cylinders.net\/wp-content\/uploads\/2025\/01\/songte-company-2.webp\" alt=\"Cilindro de cuchar\u00f3n para Bonny CED1000-7\" width=\"500\" height=\"300\"><\/p>\n<h2>Caracter\u00edsticas<\/h2>\n<ol>\n<li>\n<h3>Alta resistencia y durabilidad<\/h3>\n<p>Los cilindros de cangilones suelen estar fabricados en acero o aluminio de alta resistencia, lo que les permite soportar altas presiones y cargas pesadas, adapt\u00e1ndose a entornos de trabajo exigentes. Su dise\u00f1o considera la resistencia al desgaste y a la corrosi\u00f3n, lo que prolonga su vida \u00fatil.<\/p>\n<\/li>\n<li>\n<h3>Operaci\u00f3n hidr\u00e1ulica eficiente<\/h3>\n<p>Los cilindros del cuchar\u00f3n utilizan presi\u00f3n de aceite hidr\u00e1ulico para lograr acciones de extensi\u00f3n y retracci\u00f3n suaves, lo que permite una respuesta r\u00e1pida a los comandos de control y proporciona poderosas fuerzas de empuje y tracci\u00f3n adecuadas para manipular objetos pesados \u200b\u200by tareas laborales complejas.<\/p>\n<\/li>\n<li>\n<h3>Varios tipos<\/h3>\n<p>Los cilindros de cangilones pueden seleccionarse como de simple efecto (hidr\u00e1ulico en una sola direcci\u00f3n) o de doble efecto (hidr\u00e1ulico en ambas direcciones) seg\u00fan las necesidades operativas. Algunos modelos son telesc\u00f3picos, lo que permite una mayor extensi\u00f3n sin aumentar las dimensiones externas, ideal para aplicaciones con espacio limitado.<\/p>\n<\/li>\n<li>\n<h3>Reemplazable<\/h3>\n<p>Nuestro producto puede sustituir perfectamente a estos cilindros hidr\u00e1ulicos.<\/p>\n<\/li>\n<li>\n<h3>Aplicaci\u00f3n<\/h3>\n<p>Los cilindros de cuchar\u00f3n se utilizan en diversos equipos de construcci\u00f3n, maquinaria agr\u00edcola, excavadoras y cargadoras frontales. Son esenciales para excavar, cargar y mover tierra o escombros. Los cilindros de cuchar\u00f3n ayudan a excavar, levantar y descargar tierra en retroexcavadoras. En las cargadoras frontales, ayudan a levantar e inclinar la carga eficientemente.<\/p>\n<\/li>\n<\/ol>\n<h2>Consideraciones de dise\u00f1o y est\u00e1ndares de selecci\u00f3n<\/h2>\n<p><img loading=\"lazy\" decoding=\"async\" src=\"https:\/\/www.hydraulic-cylinders.net\/wp-content\/uploads\/2025\/01\/songte-oil-pipes-and-spare-parts.webp\" alt=\"Dise\u00f1o de cilindro de cubo\" width=\"500\" height=\"300\"><\/p>\n<p>Los cilindros del cuchar\u00f3n son componentes cr\u00edticos de la maquinaria pesada y deben dise\u00f1arse y seleccionarse teniendo en cuenta varios factores:<\/p>\n<ol>\n<li>\n<h3>Capacidad de carga<\/h3>\n<p>Los cilindros del cuchar\u00f3n deben estar dise\u00f1ados para soportar las fuerzas y tensiones m\u00e1ximas que puedan encontrarse en el campo. El dise\u00f1o tambi\u00e9n debe considerar la carga m\u00e1xima de trabajo.<\/p>\n<\/li>\n<li>\n<h3>Caza de focas<\/h3>\n<p>Los cilindros de cangilones utilizan diversos componentes de sellado, como sellos de pist\u00f3n, sellos de v\u00e1stago, etc. Deben estar fabricados con materiales resistentes al desgaste, como poliuretano y caucho de nitrilo. El cuerpo del cilindro y la superficie de la rosca se someten a un procesamiento fino para mejorar la resistencia al desgaste. La lubricaci\u00f3n regular es esencial para evitar da\u00f1os por lubricaci\u00f3n insuficiente.<\/p>\n<\/li>\n<li>\n<h3>Durabilidad y seguridad<\/h3>\n<p>Los cilindros de cangilones deben estar dise\u00f1ados para soportar cargas pesadas y condiciones de trabajo adversas. Deben ser lo suficientemente resistentes para una larga vida \u00fatil y garantizar la seguridad.<\/p>\n<\/li>\n<li>\n<h3>Mantenimiento<\/h3>\n<p>Los cilindros de cangilones requieren mantenimiento y reparaci\u00f3n regulares para prolongar su vida \u00fatil. La inspecci\u00f3n, el reemplazo y la calibraci\u00f3n de piezas como sellos y juntas son necesarios para prevenir fallas y minimizar el tiempo de inactividad.<\/p>\n<\/li>\n<\/ol>\n<h2>Gu\u00eda de instalaci\u00f3n<\/h2>\n<p><img loading=\"lazy\" decoding=\"async\" src=\"https:\/\/www.hydraulic-cylinders.net\/wp-content\/uploads\/2025\/01\/songte-chushion-collar.webp\" alt=\"Gu\u00eda de instalaci\u00f3n del cilindro del cubo\" width=\"500\" height=\"300\"><\/p>\n<p>Una instalaci\u00f3n correcta es fundamental para el rendimiento \u00f3ptimo y la vida \u00fatil del cilindro del cuchar\u00f3n. A continuaci\u00f3n, se detallan los procedimientos de instalaci\u00f3n recomendados:<\/p>\n<ol>\n<li>Alinee correctamente el cilindro y utilice los soportes de instalaci\u00f3n adecuados para asegurar el cilindro en su lugar.<\/li>\n<li>Aseg\u00farese de que todas las conexiones hidr\u00e1ulicas est\u00e9n en su lugar y seguras.<\/li>\n<li>Verifique el nivel de aceite hidr\u00e1ulico y a\u00f1\u00e1dalo si es necesario.<\/li>\n<li>Ponga en marcha la m\u00e1quina y pruebe el funcionamiento del cilindro para asegurarse de que funciona correctamente.<\/li>\n<\/ol>\n<h2>Tareas de mantenimiento<\/h2>\n<p><img loading=\"lazy\" decoding=\"async\" src=\"https:\/\/www.hydraulic-cylinders.net\/wp-content\/uploads\/2025\/01\/songte-bushings-with-all-kinds-of-excavator-models.webp\" alt=\"Tareas de mantenimiento\" width=\"500\" height=\"300\"><\/p>\n<p>El mantenimiento regular es esencial para prolongar la vida \u00fatil del cilindro del cuchar\u00f3n. Las siguientes son tareas de mantenimiento comunes:<\/p>\n<ol>\n<li>Inspecci\u00f3n peri\u00f3dica del cilindro para detectar signos de desgaste y da\u00f1os.<\/li>\n<li>Lubricaci\u00f3n peri\u00f3dica del cilindro para evitar da\u00f1os por lubricaci\u00f3n insuficiente.<\/li>\n<li>Sustituci\u00f3n de juntas y sellos desgastados o da\u00f1ados.<\/li>\n<li>Comprobaciones de calibraci\u00f3n para garantizar el correcto funcionamiento del cilindro.<\/li>\n<\/ol>\n<h2>Consideraciones de seguridad y factores ambientales<\/h2>\n<p>Al utilizar cilindros de cangilones, la seguridad es una prioridad absoluta. Los operadores deben recibir la capacitaci\u00f3n adecuada y seguir todas las normas de seguridad para evitar accidentes. Adem\u00e1s, factores ambientales como la temperatura y la humedad pueden afectar el rendimiento y la vida \u00fatil del cilindro de cangilones. Un almacenamiento y mantenimiento adecuados pueden minimizar estos efectos.<\/p>\n<h2>Soluci\u00f3n de problemas y problemas comunes<\/h2>\n<p><img loading=\"lazy\" decoding=\"async\" src=\"https:\/\/hzpt.com\/wp-content\/uploads\/2024\/11\/songte-company-1.webp\" alt=\"Soluci\u00f3n de problemas y problemas comunes\" width=\"500\" height=\"300\"><\/p>\n<p>Los cilindros de cangilones pueden presentar diversos problemas que afectan su rendimiento. Los siguientes son problemas comunes:<\/p>\n<ol>\n<li>Fugas de aceite<\/li>\n<li>Operaci\u00f3n lenta<\/li>\n<li>Potencia de salida reducida<\/li>\n<li>Ruido o vibraci\u00f3n excesivos<\/li>\n<\/ol>\n<p>Un diagn\u00f3stico adecuado y una acci\u00f3n r\u00e1pida pueden ayudar a resolver estos problemas y evitar mayores da\u00f1os al cilindro del cuchar\u00f3n.<\/p>\n<h2>Acerca de nuestra empresa<\/h2>\n<p><img loading=\"lazy\" decoding=\"async\" src=\"https:\/\/www.hydraulic-cylinders.net\/wp-content\/uploads\/2025\/01\/songte-company-3.webp\" alt=\"Acerca de nuestra empresa\" width=\"500\" height=\"300\"><\/p>\n<p>Somos un fabricante y mayorista l\u00edder de cilindros hidr\u00e1ulicos en los mercados nacional e internacional. Nuestra empresa fabrica una gama completa de productos y aplica estrategias de gesti\u00f3n de producci\u00f3n de excelente calidad, que cumplen con los est\u00e1ndares de la industria. Contamos con un equipo de talentosos t\u00e9cnicos, equipos de fabricaci\u00f3n digital avanzados y sistemas de prueba profesionales para mejorar continuamente nuestra plataforma de fabricaci\u00f3n y la calidad de nuestros productos. Nuestros productos se adaptan a las diversas necesidades de nuestros clientes y se rigen por principios de alta eficiencia, precisi\u00f3n y calidad.<\/p>\n<p>Ofrecemos servicios personalizados, equipos de producci\u00f3n y servicio posventa a nuestros clientes. Nuestro objetivo es ofrecer productos de alta calidad que satisfagan sus necesidades y expectativas.<\/p>\n<p>Este art\u00edculo est\u00e1 escrito por lyl.<\/p>","protected":false},"excerpt":{"rendered":"<p>Bucket Cylinder For Bonny CED1000-7 Introduction A bucket cylinder is a specially designed hydraulic cylinder used to control the movement of the bucket in heavy machinery such as excavators, backhoe excavators, and front-end loaders. Its main function is to enable the bucket to lift, lower, and tilt, making it easy to handle various material handling [&hellip;]<\/p>","protected":false},"featured_media":14769,"comment_status":"open","ping_status":"closed","template":"","meta":{"_et_pb_use_builder":"","_et_pb_old_content":"","_et_gb_content_width":""},"product_brand":[],"product_cat":[1494],"product_tag":[1495,1496],"class_list":{"0":"post-15923","1":"product","2":"type-product","3":"status-publish","4":"has-post-thumbnail","6":"product_cat-bucket-cylinders","7":"product_tag-bucket-cylinders","8":"product_tag-hydraulic-cylinders","10":"first","11":"instock","12":"shipping-taxable","13":"product-type-simple"},"amp_enabled":true,"_links":{"self":[{"href":"https:\/\/www.hydraulic-cylinders.net\/es\/wp-json\/wp\/v2\/product\/15923","targetHints":{"allow":["GET"]}}],"collection":[{"href":"https:\/\/www.hydraulic-cylinders.net\/es\/wp-json\/wp\/v2\/product"}],"about":[{"href":"https:\/\/www.hydraulic-cylinders.net\/es\/wp-json\/wp\/v2\/types\/product"}],"replies":[{"embeddable":true,"href":"https:\/\/www.hydraulic-cylinders.net\/es\/wp-json\/wp\/v2\/comments?post=15923"}],"wp:featuredmedia":[{"embeddable":true,"href":"https:\/\/www.hydraulic-cylinders.net\/es\/wp-json\/wp\/v2\/media\/14769"}],"wp:attachment":[{"href":"https:\/\/www.hydraulic-cylinders.net\/es\/wp-json\/wp\/v2\/media?parent=15923"}],"wp:term":[{"taxonomy":"product_brand","embeddable":true,"href":"https:\/\/www.hydraulic-cylinders.net\/es\/wp-json\/wp\/v2\/product_brand?post=15923"},{"taxonomy":"product_cat","embeddable":true,"href":"https:\/\/www.hydraulic-cylinders.net\/es\/wp-json\/wp\/v2\/product_cat?post=15923"},{"taxonomy":"product_tag","embeddable":true,"href":"https:\/\/www.hydraulic-cylinders.net\/es\/wp-json\/wp\/v2\/product_tag?post=15923"}],"curies":[{"name":"wp","href":"https:\/\/api.w.org\/{rel}","templated":true}]}}