{"id":15927,"date":"2025-01-19T15:10:37","date_gmt":"2025-01-19T15:10:37","guid":{"rendered":"https:\/\/www.hydraulic-cylinders.net\/product\/bucket-cylinder-for-bonny-ce1000-7\/"},"modified":"2025-01-19T15:10:39","modified_gmt":"2025-01-19T15:10:39","slug":"bucket-cylinder-for-bonny-ce1000-7","status":"publish","type":"product","link":"https:\/\/www.hydraulic-cylinders.net\/es\/producto\/bucket-cylinder-for-bonny-ce1000-7\/","title":{"rendered":"Cilindro de cuchar\u00f3n para Bonny CE1000-7"},"content":{"rendered":"<h2>Cilindro de cuchar\u00f3n para Bonny CE1000-7<\/h2>\n<p>El cilindro del cuchar\u00f3n es un cilindro hidr\u00e1ulico especialmente dise\u00f1ado que se utiliza principalmente para controlar el movimiento del cuchar\u00f3n en maquinaria pesada como excavadoras, retroexcavadoras y cargadoras frontales. Su funci\u00f3n principal es permitir la elevaci\u00f3n, el descenso y la inclinaci\u00f3n del cuchar\u00f3n, lo que facilita diversas tareas de manipulaci\u00f3n de materiales. En un sistema hidr\u00e1ulico, el cilindro del cuchar\u00f3n logra un control preciso del cuchar\u00f3n mediante cambios en la presi\u00f3n del aceite hidr\u00e1ulico, lo que permite a los operadores manipular cargas pesadas con eficiencia y adaptarse a entornos de trabajo complejos y a diversos requisitos.<\/p>\n<p><img decoding=\"async\" src=\"https:\/\/www.hydraulic-cylinders.net\/wp-content\/uploads\/2025\/01\/songte-company-2.webp\" alt=\"Imagen del cilindro del cubo\"><\/p>\n<h3>Caracter\u00edsticas del cilindro de cuchar\u00f3n para Bonny CE1000-7:<\/h3>\n<ol>\n<li>Alta resistencia y durabilidad: Generalmente fabricados en acero o aluminio de alta resistencia, soportan alta presi\u00f3n y cargas pesadas, ideales para entornos de trabajo exigentes. Su dise\u00f1o considera la resistencia al desgaste y a la corrosi\u00f3n para prolongar su vida \u00fatil.<\/li>\n<li>Operaci\u00f3n hidr\u00e1ulica eficiente: utiliza presi\u00f3n de aceite hidr\u00e1ulico para lograr una acci\u00f3n telesc\u00f3pica suave, capaz de responder r\u00e1pidamente a los comandos de control, proporcionando poderosas fuerzas de empuje y tracci\u00f3n, adecuadas para manipular cargas pesadas y tareas laborales complejas.<\/li>\n<li>Diversos tipos: Puede elegir entre cilindros de simple efecto (hidr\u00e1ulicos en una sola direcci\u00f3n) o de doble efecto (hidr\u00e1ulicos en ambas direcciones) seg\u00fan las necesidades operativas. Algunos modelos son telesc\u00f3picos, lo que permite una mayor extensi\u00f3n sin aumentar las dimensiones externas, ideal para aplicaciones con espacio limitado.<\/li>\n<li>Reemplazo perfecto: Nuestro producto puede reemplazar perfectamente estos cilindros hidr\u00e1ulicos.<\/li>\n<\/ol>\n<p><img decoding=\"async\" src=\"https:\/\/www.hydraulic-cylinders.net\/wp-content\/uploads\/2025\/01\/songte-cylinder-head-with-all-kinds-excavator-models.webp\" alt=\"Imagen del producto\"><\/p>\n<h3>Aplicaciones del cilindro de cubo:<\/h3>\n<p>El cilindro de cuchara encuentra aplicaciones en varios tipos de equipos:<\/p>\n<ul>\n<li>Equipos de construcci\u00f3n: Se encuentran en las excavadoras y son esenciales para excavar, cargar y mover tierra o escombros. En las retroexcavadoras, el cilindro del cuchar\u00f3n facilita tanto la excavaci\u00f3n como la elevaci\u00f3n.<\/li>\n<li>Maquinaria agr\u00edcola: Se utiliza en cargadoras frontales para recoger, levantar y transportar tierra, heno y otros materiales.<\/li>\n<li>Excavadoras: El cilindro del cuchar\u00f3n permite realizar acciones de excavaci\u00f3n al permitir que el cuchar\u00f3n penetre en el suelo.<\/li>\n<li>Cargadores frontales: En los cargadores frontales, ayudan a levantar y descargar mercanc\u00edas de manera eficiente.<\/li>\n<\/ul>\n<h3>Consideraciones de dise\u00f1o y criterios de selecci\u00f3n:<\/h3>\n<p>Cuando se trata de las consideraciones de dise\u00f1o y los criterios de selecci\u00f3n para el cilindro de cangil\u00f3n, se deben analizar varios factores:<\/p>\n<ul>\n<li>Capacidad de carga: El cilindro debe estar dise\u00f1ado para soportar la carga m\u00e1xima esperada sin fallar.<\/li>\n<li>Sellado: Se utilizan diversos sellos, como sellos de pist\u00f3n y sellos de varilla, para garantizar un sellado adecuado y evitar fugas de fluido hidr\u00e1ulico.<\/li>\n<li>Durabilidad: El cilindro debe estar construido para soportar el desgaste del uso regular y las duras condiciones de funcionamiento.<\/li>\n<li>Seguridad: Se deben incorporar caracter\u00edsticas de dise\u00f1o para garantizar el funcionamiento seguro del cilindro.<\/li>\n<li>Mantenibilidad: La facilidad de mantenimiento y reparaci\u00f3n debe considerarse durante la fase de dise\u00f1o.<\/li>\n<\/ul>\n<p><img decoding=\"async\" src=\"https:\/\/www.hydraulic-cylinders.net\/wp-content\/uploads\/2025\/01\/songte-oil-pipes-and-spare-parts.webp\" alt=\"Imagen de piezas del producto\"><\/p>\n<h3>Sellado y lubricaci\u00f3n del cilindro:<\/h3>\n<p>El cilindro de cangilones utiliza diversos componentes de sellado, como sellos de pist\u00f3n y de v\u00e1stago, fabricados con materiales resistentes al desgaste como poliuretano y caucho de nitrilo. El cuerpo del cilindro y los extremos roscados cuentan con un tratamiento fino para mejorar la resistencia al desgaste. Se requiere una lubricaci\u00f3n regular con la cantidad adecuada de aceite hidr\u00e1ulico para garantizar un funcionamiento suave.<\/p>\n<h3>Inspecci\u00f3n peri\u00f3dica y medidas de mantenimiento preventivo:<\/h3>\n<p>Para garantizar la longevidad y el rendimiento \u00f3ptimo del cilindro del cuchar\u00f3n, es fundamental realizar inspecciones peri\u00f3dicas y mantenimiento preventivo. Se deben implementar las siguientes medidas:<\/p>\n<ul>\n<li>Inspecciones peri\u00f3dicas para identificar cualquier signo de desgaste, da\u00f1o o fugas.<\/li>\n<li>Lubricaci\u00f3n adecuada para evitar una fricci\u00f3n excesiva y garantizar un funcionamiento suave.<\/li>\n<li>Reemplazo de sellos cuando se detectan signos de desgaste o fugas.<\/li>\n<li>Comprobaciones de calibraci\u00f3n para mantener un funcionamiento preciso.<\/li>\n<\/ul>\n<p><img decoding=\"async\" src=\"https:\/\/www.hydraulic-cylinders.net\/wp-content\/uploads\/2025\/01\/songte-chushion-collar.webp\" alt=\"Imagen de mantenimiento\"><\/p>\n<h3>Consideraciones de seguridad y factores ambientales:<\/h3>\n<p>Al trabajar con el cilindro de la cuchara, es importante seguir las medidas de seguridad para prevenir accidentes y tener en cuenta los factores ambientales. Las medidas de seguridad incluyen:<\/p>\n<ul>\n<li>Capacitaci\u00f3n y certificaci\u00f3n adecuada para los operadores.<\/li>\n<li>Siguiendo las pautas de seguridad y precauciones proporcionadas por el fabricante.<\/li>\n<li>Utilizar el equipo de protecci\u00f3n personal adecuado.<\/li>\n<li>Considerando las regulaciones ambientales y minimizando el impacto ambiental.<\/li>\n<\/ul>\n<h3>Diagn\u00f3stico de fallas y problemas comunes:<\/h3>\n<p>Cuando se encuentran fallas o problemas con el cilindro del cuchar\u00f3n, pueden surgir los siguientes problemas comunes:<\/p>\n<ul>\n<li>Fuga de l\u00edquido hidr\u00e1ulico.<\/li>\n<li>P\u00e9rdida de potencia o fuerza insuficiente.<\/li>\n<li>Ruido o vibraciones excesivas.<\/li>\n<li>Operaci\u00f3n lenta o que no responde.<\/li>\n<\/ul>\n<p>Para solucionar estos problemas, se deben tomar medidas r\u00e1pidas y se deben implementar medidas preventivas para minimizar los problemas potenciales.<\/p>\n<p><img decoding=\"async\" src=\"https:\/\/www.hydraulic-cylinders.net\/wp-content\/uploads\/2025\/01\/songte-bushings-with-all-kinds-of-excavator-models.webp\" alt=\"Imagen de fallas\"><\/p>\n<p>Recuerda organizar el art\u00edculo de forma l\u00f3gica, usar subt\u00edtulos para facilitar la navegaci\u00f3n, incorporar im\u00e1genes o gr\u00e1ficos relevantes para una mejor comprensi\u00f3n y asegurarte de que el contenido sea claro, conciso y adecuado para lectores con diferentes niveles de conocimiento t\u00e9cnico.<\/p>\n<h2>Acerca de nuestra empresa<\/h2>\n<p>Nuestra empresa fabrica cilindros hidr\u00e1ulicos de repuesto. Ofrecemos una amplia gama de productos y nos hemos convertido en uno de los principales fabricantes y distribuidores mayoristas de cilindros hidr\u00e1ulicos en el mercado nacional e internacional. Nos adherimos a los principios de excelente calidad y nos basamos en la estrategia de gesti\u00f3n de la producci\u00f3n industrial de nuestros talleres de fabricaci\u00f3n de alta calidad. Gracias a nuestra experiencia t\u00e9cnica, equipos de fabricaci\u00f3n avanzados y sistemas de prueba profesionales, mejoramos continuamente nuestra plataforma de fabricaci\u00f3n y la calidad de nuestros productos. Contamos con una s\u00f3lida capacidad de innovaci\u00f3n y nos esforzamos por satisfacer las diversas necesidades de nuestros clientes con alta eficiencia, precisi\u00f3n y calidad.<\/p>\n<p><img decoding=\"async\" src=\"https:\/\/www.hydraulic-cylinders.net\/wp-content\/uploads\/2025\/01\/songte-company-3.webp\" alt=\"Imagen de la empresa\"><\/p>\n<h3>Aspectos destacados de nuestra empresa:<\/h3>\n<ul>\n<li>Profesionalismo y experiencia<\/li>\n<li>Certificaciones internacionales<\/li>\n<li>Servicios de personalizaci\u00f3n<\/li>\n<li>Equipos de producci\u00f3n avanzados<\/li>\n<li>Servicio posventa<\/li>\n<\/ul>\n<p>Autor: lyl<\/p>","protected":false},"excerpt":{"rendered":"<p>Bucket Cylinder For Bonny CE1000-7 Bucket Cylinder is a specially designed hydraulic cylinder that is primarily used to control the movement of the bucket in heavy machinery such as excavators, backhoe loaders, and front-end loaders. Its main function is to enable the lifting, lowering, and tilting of the bucket, making it convenient for various material [&hellip;]<\/p>","protected":false},"featured_media":14789,"comment_status":"open","ping_status":"closed","template":"","meta":{"_et_pb_use_builder":"","_et_pb_old_content":"","_et_gb_content_width":""},"product_brand":[],"product_cat":[1494],"product_tag":[1495,1496],"class_list":{"0":"post-15927","1":"product","2":"type-product","3":"status-publish","4":"has-post-thumbnail","6":"product_cat-bucket-cylinders","7":"product_tag-bucket-cylinders","8":"product_tag-hydraulic-cylinders","10":"first","11":"instock","12":"shipping-taxable","13":"product-type-simple"},"amp_enabled":true,"_links":{"self":[{"href":"https:\/\/www.hydraulic-cylinders.net\/es\/wp-json\/wp\/v2\/product\/15927","targetHints":{"allow":["GET"]}}],"collection":[{"href":"https:\/\/www.hydraulic-cylinders.net\/es\/wp-json\/wp\/v2\/product"}],"about":[{"href":"https:\/\/www.hydraulic-cylinders.net\/es\/wp-json\/wp\/v2\/types\/product"}],"replies":[{"embeddable":true,"href":"https:\/\/www.hydraulic-cylinders.net\/es\/wp-json\/wp\/v2\/comments?post=15927"}],"wp:featuredmedia":[{"embeddable":true,"href":"https:\/\/www.hydraulic-cylinders.net\/es\/wp-json\/wp\/v2\/media\/14789"}],"wp:attachment":[{"href":"https:\/\/www.hydraulic-cylinders.net\/es\/wp-json\/wp\/v2\/media?parent=15927"}],"wp:term":[{"taxonomy":"product_brand","embeddable":true,"href":"https:\/\/www.hydraulic-cylinders.net\/es\/wp-json\/wp\/v2\/product_brand?post=15927"},{"taxonomy":"product_cat","embeddable":true,"href":"https:\/\/www.hydraulic-cylinders.net\/es\/wp-json\/wp\/v2\/product_cat?post=15927"},{"taxonomy":"product_tag","embeddable":true,"href":"https:\/\/www.hydraulic-cylinders.net\/es\/wp-json\/wp\/v2\/product_tag?post=15927"}],"curies":[{"name":"wp","href":"https:\/\/api.w.org\/{rel}","templated":true}]}}