{"id":15932,"date":"2025-01-19T15:10:59","date_gmt":"2025-01-19T15:10:59","guid":{"rendered":"https:\/\/www.hydraulic-cylinders.net\/product\/bucket-cylinder-for-bonny-wzyd18-6\/"},"modified":"2025-01-19T15:11:02","modified_gmt":"2025-01-19T15:11:02","slug":"bucket-cylinder-for-bonny-wzyd18-6","status":"publish","type":"product","link":"https:\/\/www.hydraulic-cylinders.net\/es\/producto\/bucket-cylinder-for-bonny-wzyd18-6\/","title":{"rendered":"Cilindro de cubo para Bonny WZYD18-6"},"content":{"rendered":"<h1>Cilindro de cubo para Bonny WZYD18-6<\/h1>\n<h2>Introducci\u00f3n<\/h2>\n<p>El cilindro de la cuchara para Bonny WZYD18-6 es un tipo de cilindro hidr\u00e1ulico especializado, dise\u00f1ado para controlar el movimiento de la cuchara en maquinaria pesada como excavadoras, retroexcavadoras y cargadoras frontales. Su funci\u00f3n principal es facilitar la elevaci\u00f3n, el descenso y la inclinaci\u00f3n de la cuchara, lo que permite una manipulaci\u00f3n eficiente de diversos materiales. En el sistema hidr\u00e1ulico, el cilindro de la cuchara logra un control preciso de la cuchara variando la presi\u00f3n del aceite hidr\u00e1ulico, lo que permite a los operadores manipular cargas pesadas con eficiencia y adaptarse a entornos de trabajo complejos y diversos requisitos operativos.<\/p>\n<p><img decoding=\"async\" src=\"https:\/\/www.hydraulic-cylinders.net\/wp-content\/uploads\/2025\/01\/songte-company-2.webp\" alt=\"Cilindro de cubo para Bonny WZYD18-6\"><\/p>\n<h2>Caracter\u00edsticas del producto<\/h2>\n<ul>\n<li>\n<h3>Alta resistencia y durabilidad<\/h3>\n<p>Generalmente fabricado en acero o aluminio de alta resistencia, el cilindro del cuchar\u00f3n soporta alta presi\u00f3n y cargas pesadas, adapt\u00e1ndose a entornos de trabajo hostiles. Su dise\u00f1o considera la resistencia al desgaste y a la corrosi\u00f3n, prolongando as\u00ed su vida \u00fatil.<\/p>\n<\/li>\n<li>\n<h3>Operaci\u00f3n hidr\u00e1ulica eficiente<\/h3>\n<p>Al utilizar la presi\u00f3n del aceite hidr\u00e1ulico, el cilindro del cuchar\u00f3n logra movimientos suaves de extensi\u00f3n y retracci\u00f3n, con una respuesta r\u00e1pida a los comandos de control, proporcionando poderosas fuerzas de empuje y tracci\u00f3n, lo que lo hace adecuado para manipular cargas pesadas y tareas operativas complejas.<\/p>\n<\/li>\n<li>\n<h3>Diversos tipos<\/h3>\n<p>El cilindro del cuchar\u00f3n puede seleccionarse como de simple efecto (hidr\u00e1ulico en una sola direcci\u00f3n) o de doble efecto (hidr\u00e1ulico en dos direcciones) seg\u00fan las necesidades operativas. Algunos modelos son telesc\u00f3picos, lo que permite una mayor extensi\u00f3n sin aumentar las dimensiones externas, lo que los hace ideales para aplicaciones con espacio limitado.<\/p>\n<\/li>\n<li>\n<h3>Disponibilidad del producto<\/h3>\n<p>Nuestros productos pueden reemplazar perfectamente estos cilindros hidr\u00e1ulicos y ofrecemos una variedad de opciones para elegir. <\/p>\n<\/li>\n<li>\n<h3>Escenarios de aplicaci\u00f3n<\/h3>\n<p>El cilindro del cuchar\u00f3n se usa ampliamente en diversas industrias, incluidos equipos de construcci\u00f3n, maquinaria agr\u00edcola, excavadoras y cargadoras.<\/p>\n<\/li>\n<\/ul>\n<h2>Consideraciones de dise\u00f1o y criterios de selecci\u00f3n<\/h2>\n<p>Los cilindros de cangilones son componentes cr\u00edticos de los sistemas hidr\u00e1ulicos y deben dise\u00f1arse y seleccionarse cuidadosamente, considerando factores como la capacidad de carga, el sellado, la durabilidad, la seguridad y la facilidad de mantenimiento. Algunas de las consideraciones clave de dise\u00f1o y criterios de selecci\u00f3n son:<\/p>\n<ul>\n<li>\n<h3>Capacidad de carga<\/h3>\n<p>El cilindro del cuchar\u00f3n debe soportar la carga m\u00e1xima que probablemente encontrar\u00e1 durante su funcionamiento, sin riesgo de falla. El tama\u00f1o, el tipo y los materiales utilizados en su construcci\u00f3n deben seleccionarse cuidadosamente seg\u00fan la aplicaci\u00f3n espec\u00edfica.<\/p>\n<\/li>\n<li>\n<h3>Caza de focas<\/h3>\n<p>El cilindro del cuchar\u00f3n debe estar sellado eficazmente para evitar fugas de fluido hidr\u00e1ulico, lo cual podr\u00eda causar problemas operativos y aumentar la necesidad de mantenimiento. Se pueden utilizar diversos tipos de sellos, como sellos de pist\u00f3n y de v\u00e1stago, fabricados con materiales como poliuretano y caucho de nitrilo, para garantizar un sellado eficaz. El cuerpo del cilindro y las superficies roscadas de los extremos tambi\u00e9n deben estar finamente procesadas para mejorar la resistencia al desgaste.<\/p>\n<\/li>\n<li>\n<h3>Durabilidad<\/h3>\n<p>El cilindro del cuchar\u00f3n debe ser duradero, resistente al desgaste y la corrosi\u00f3n, y capaz de soportar condiciones de operaci\u00f3n rigurosas. Materiales de alta calidad, procesos de fabricaci\u00f3n precisos y tratamientos superficiales adecuados garantizan una larga vida \u00fatil.<\/p>\n<\/li>\n<li>\n<h3>Seguridad<\/h3>\n<p>El cilindro del cuchar\u00f3n debe estar dise\u00f1ado para cumplir con los requisitos de seguridad, como evitar el riesgo de pandeo o falla repentina, y evitar la fuga de fluido hidr\u00e1ulico bajo presi\u00f3n. Se deben seguir los procedimientos adecuados de instalaci\u00f3n, mantenimiento y operaci\u00f3n para garantizar la seguridad.<\/p>\n<\/li>\n<li>\n<h3>Mantenibilidad<\/h3>\n<p>El cilindro del cuchar\u00f3n debe estar dise\u00f1ado para facilitar el mantenimiento y la reparaci\u00f3n cuando sea necesario, incluido el f\u00e1cil desmontaje y montaje, la disponibilidad de piezas de repuesto y el acceso a soporte t\u00e9cnico.<\/p>\n<\/li>\n<\/ul>\n<p><img decoding=\"async\" src=\"https:\/\/www.hydraulic-cylinders.net\/wp-content\/uploads\/2025\/01\/songte-oil-pipes-and-spare-parts.webp\" alt=\"Cilindro de cubo para Bonny WZYD18-6\"><\/p>\n<h2>Sellado y lubricaci\u00f3n<\/h2>\n<p>El cilindro del cuchar\u00f3n requiere un sellado y una lubricaci\u00f3n eficaces para garantizar un funcionamiento fluido y evitar fugas de fluido hidr\u00e1ulico. Se pueden utilizar diversos tipos de sellos, como sellos de pist\u00f3n y de v\u00e1stago, fabricados con materiales como poliuretano y caucho de nitrilo, para garantizar un sellado eficaz. El cuerpo del cilindro y las superficies roscadas de los extremos tambi\u00e9n deben procesarse con precisi\u00f3n para mejorar la resistencia al desgaste. La adici\u00f3n regular de aceite hidr\u00e1ulico adecuado puede garantizar una lubricaci\u00f3n adecuada del cilindro del cuchar\u00f3n.<\/p>\n<h2>Mantenimiento y reparaci\u00f3n<\/h2>\n<p>El mantenimiento y las reparaciones regulares son esenciales para garantizar el correcto funcionamiento del cilindro del cuchar\u00f3n y prolongar su vida \u00fatil. Algunas de las tareas de mantenimiento m\u00e1s comunes incluyen revisiones peri\u00f3dicas, lubricaci\u00f3n adecuada y comprobaciones de calibraci\u00f3n. La instalaci\u00f3n, lubricaci\u00f3n y ajuste adecuados tambi\u00e9n son cruciales para garantizar la longevidad del cilindro del cuchar\u00f3n. Se recomienda utilizar soportes de instalaci\u00f3n adecuados para asegurar el cilindro y seguir los procedimientos recomendados de inspecci\u00f3n, reparaci\u00f3n y reemplazo.<\/p>\n<p><img decoding=\"async\" src=\"https:\/\/www.hydraulic-cylinders.net\/wp-content\/uploads\/2025\/01\/songte-chushion-collar.webp\" alt=\"Cilindro de cubo para Bonny WZYD18-6\"><\/p>\n<h2>Consideraciones de seguridad y factores ambientales<\/h2>\n<p>Los cilindros de cangilones deben utilizarse con las medidas de seguridad adecuadas para prevenir accidentes y garantizar un funcionamiento seguro. Algunos factores ambientales a considerar al utilizar el cilindro de cangilones incluyen una ventilaci\u00f3n adecuada y la correcta eliminaci\u00f3n del fluido hidr\u00e1ulico.<\/p>\n<h2>Soluci\u00f3n de problemas y problemas comunes<\/h2>\n<p>Los cilindros de cangilones pueden experimentar diversos problemas operativos, como fugas o p\u00e9rdida de presi\u00f3n. Es fundamental diagnosticar el problema correctamente y tomar las medidas adecuadas para resolverlo. Algunos de los problemas y soluciones m\u00e1s comunes incluyen la comprobaci\u00f3n de la lubricaci\u00f3n adecuada, la revisi\u00f3n de los sellos para detectar da\u00f1os y la inspecci\u00f3n del desgaste de los componentes del cilindro.<\/p>\n<p><img decoding=\"async\" src=\"https:\/\/www.hydraulic-cylinders.net\/wp-content\/uploads\/2025\/01\/songte-bushings-with-all-kinds-of-excavator-models.webp\" alt=\"Cilindro de cubo para Bonny WZYD18-6\"><\/p>\n<h2>Acerca de nuestra empresa<\/h2>\n<p>We are a leading manufacturer and wholesale distributor of hydraulic cylinders in the domestic and international markets. Our products are of excellent quality, and we follow precise manufacturing practices in our industrialized production management strategy. We have a team of professionals, advanced manufacturing equipment, and specialized testing systems, which allow us to provide high-quality products that meet our customers&#8217; diverse needs. We offer customized services, and our products are internationally certified. Our company provides a range of production equipment, excellent after-sales service, and we have a strong ability to create high-quality products that meet customers&#8217; needs.<\/p>\n<ul>\n<li>\n<h3>Profesionalismo<\/h3>\n<p>Nuestra empresa cuenta con profesionales con amplia experiencia en el campo de los cilindros hidr\u00e1ulicos y empleamos t\u00e9cnicas de fabricaci\u00f3n precisas para garantizar productos de alta calidad.<\/p>\n<\/li>\n<li>\n<h3>Certificaci\u00f3n Internacional<\/h3>\n<p>Nuestros productos est\u00e1n certificados internacionalmente para garantizar que cumplen con los m\u00e1s altos est\u00e1ndares de calidad y seguridad.<\/p>\n<\/li>\n<li>\n<h3>Servicio personalizado<\/h3>\n<p>We provide customized services to meet our customers&#8217; specific needs.<\/p>\n<\/li>\n<li>\n<h3>Equipos de producci\u00f3n<\/h3>\n<p>Nuestra empresa cuenta con equipos de fabricaci\u00f3n avanzados, lo que nos permite producir productos de alta calidad de manera eficiente.<\/p>\n<\/li>\n<li>\n<h3>Servicio posventa<\/h3>\n<p>Brindamos un excelente servicio postventa para garantizar que nuestros clientes est\u00e9n satisfechos con nuestros productos y servicios.<\/p>\n<\/li>\n<\/ul>\n<p><img decoding=\"async\" src=\"https:\/\/hzpt.com\/wp-content\/uploads\/2024\/11\/songte-company-1.webp\" alt=\"Cilindro de cubo para Bonny WZYD18-6\"><\/p>\n<p>Autor: lyl<\/p>","protected":false},"excerpt":{"rendered":"<p>Bucket Cylinder for Bonny WZYD18-6 Introduction The bucket cylinder for Bonny WZYD18-6 is a type of specialized hydraulic cylinder designed to control the movement of the bucket in heavy machinery such as excavators, backhoe excavators, and front-end loaders. Its main function is to facilitate the lifting, lowering, and tilting of the bucket, thereby enabling efficient [&hellip;]<\/p>","protected":false},"featured_media":14782,"comment_status":"open","ping_status":"closed","template":"","meta":{"_et_pb_use_builder":"","_et_pb_old_content":"","_et_gb_content_width":""},"product_brand":[],"product_cat":[1494],"product_tag":[1495,1496],"class_list":{"0":"post-15932","1":"product","2":"type-product","3":"status-publish","4":"has-post-thumbnail","6":"product_cat-bucket-cylinders","7":"product_tag-bucket-cylinders","8":"product_tag-hydraulic-cylinders","10":"first","11":"instock","12":"shipping-taxable","13":"product-type-simple"},"amp_enabled":true,"_links":{"self":[{"href":"https:\/\/www.hydraulic-cylinders.net\/es\/wp-json\/wp\/v2\/product\/15932","targetHints":{"allow":["GET"]}}],"collection":[{"href":"https:\/\/www.hydraulic-cylinders.net\/es\/wp-json\/wp\/v2\/product"}],"about":[{"href":"https:\/\/www.hydraulic-cylinders.net\/es\/wp-json\/wp\/v2\/types\/product"}],"replies":[{"embeddable":true,"href":"https:\/\/www.hydraulic-cylinders.net\/es\/wp-json\/wp\/v2\/comments?post=15932"}],"wp:featuredmedia":[{"embeddable":true,"href":"https:\/\/www.hydraulic-cylinders.net\/es\/wp-json\/wp\/v2\/media\/14782"}],"wp:attachment":[{"href":"https:\/\/www.hydraulic-cylinders.net\/es\/wp-json\/wp\/v2\/media?parent=15932"}],"wp:term":[{"taxonomy":"product_brand","embeddable":true,"href":"https:\/\/www.hydraulic-cylinders.net\/es\/wp-json\/wp\/v2\/product_brand?post=15932"},{"taxonomy":"product_cat","embeddable":true,"href":"https:\/\/www.hydraulic-cylinders.net\/es\/wp-json\/wp\/v2\/product_cat?post=15932"},{"taxonomy":"product_tag","embeddable":true,"href":"https:\/\/www.hydraulic-cylinders.net\/es\/wp-json\/wp\/v2\/product_tag?post=15932"}],"curies":[{"name":"wp","href":"https:\/\/api.w.org\/{rel}","templated":true}]}}