{"id":15933,"date":"2025-01-19T15:11:05","date_gmt":"2025-01-19T15:11:05","guid":{"rendered":"https:\/\/www.hydraulic-cylinders.net\/product\/bucket-cylinder-for-bonny-cee2200-7\/"},"modified":"2025-01-19T15:11:07","modified_gmt":"2025-01-19T15:11:07","slug":"bucket-cylinder-for-bonny-cee2200-7","status":"publish","type":"product","link":"https:\/\/www.hydraulic-cylinders.net\/es\/producto\/bucket-cylinder-for-bonny-cee2200-7\/","title":{"rendered":"Cilindro de cuchar\u00f3n para Bonny CEE2200-7"},"content":{"rendered":"<h1>Cilindro de cuchar\u00f3n para Bonny CEE2200-7<\/h1>\n<h2>Introducci\u00f3n<\/h2>\n<p>El cilindro del cuchar\u00f3n es un cilindro hidr\u00e1ulico especialmente dise\u00f1ado que se utiliza para controlar el movimiento del cuchar\u00f3n en maquinaria pesada como excavadoras, retroexcavadoras y cargadoras frontales. Su funci\u00f3n principal es permitir la elevaci\u00f3n, el descenso y la inclinaci\u00f3n del cuchar\u00f3n, facilitando la realizaci\u00f3n de diversas tareas de manipulaci\u00f3n de materiales. En los sistemas hidr\u00e1ulicos, el cilindro del cuchar\u00f3n logra un control preciso del cuchar\u00f3n variando la presi\u00f3n del aceite hidr\u00e1ulico, lo que permite a los operadores manipular cargas pesadas con eficiencia y adaptarse a entornos de trabajo complejos y a diversos requisitos.<\/p>\n<p><img decoding=\"async\" src=\"https:\/\/www.hydraulic-cylinders.net\/wp-content\/uploads\/2025\/01\/songte-company-2.webp\" alt=\"Imagen del cilindro del cubo\"><\/p>\n<h2>Caracter\u00edsticas del cilindro del cuchar\u00f3n<\/h2>\n<ol>\n<li><strong>Alta resistencia y durabilidad:<\/strong> Fabricado generalmente en acero o aluminio de alta resistencia, el cilindro del cuchar\u00f3n puede soportar alta presi\u00f3n y cargas pesadas, adapt\u00e1ndose a condiciones de trabajo rigurosas. Su dise\u00f1o considera la resistencia al desgaste y a la corrosi\u00f3n, prolongando as\u00ed su vida \u00fatil.<\/li>\n<li><strong>Operaci\u00f3n hidr\u00e1ulica eficiente:<\/strong> Al utilizar la presi\u00f3n del aceite hidr\u00e1ulico, el cilindro del cuchar\u00f3n logra movimientos telesc\u00f3picos suaves, lo que permite una respuesta r\u00e1pida a los comandos de control y proporciona poderosas fuerzas de empuje y tracci\u00f3n, lo que lo hace adecuado para manipular cargas pesadas y tareas laborales complejas.<\/li>\n<li><strong>Varios tipos:<\/strong> El cilindro del cuchar\u00f3n puede seleccionarse como de simple efecto (presi\u00f3n hidr\u00e1ulica en una sola direcci\u00f3n) o de doble efecto (presi\u00f3n hidr\u00e1ulica en ambas direcciones), seg\u00fan los requisitos operativos. Algunos modelos son telesc\u00f3picos, lo que permite una mayor extensi\u00f3n sin aumentar las dimensiones externas, lo que los hace ideales para aplicaciones con espacio limitado.<\/li>\n<li><strong>Reemplazo perfecto:<\/strong> Nuestros productos pueden reemplazar perfectamente estos cilindros hidr\u00e1ulicos, proporcionando un rendimiento y compatibilidad confiables.<\/li>\n<\/ol>\n<p><img decoding=\"async\" src=\"https:\/\/www.hydraulic-cylinders.net\/wp-content\/uploads\/2025\/01\/songte-cylinder-head-with-all-kinds-excavator-models.webp\" alt=\"Imagen de la aplicaci\u00f3n del cilindro del cubo\"><\/p>\n<h2>Aplicaciones del cilindro de cangilones<\/h2>\n<p>El cilindro de cuchara encuentra sus aplicaciones en diversas industrias:<\/p>\n<ul>\n<li>Equipos de construcci\u00f3n: Presentes en las excavadoras, son cruciales para excavar, cargar y mover tierra o escombros. En las retroexcavadoras, el cilindro del cuchar\u00f3n facilita tanto la excavaci\u00f3n como la elevaci\u00f3n.<\/li>\n<li>Maquinaria agr\u00edcola: Se utiliza en cargadores frontales para recoger, levantar y transportar tierra, heno y otros materiales.<\/li>\n<li>Excavadoras: El cilindro del cuchar\u00f3n permite realizar acciones de excavaci\u00f3n al permitir que el cuchar\u00f3n penetre en el suelo.<\/li>\n<li>Cargadores frontales: En los cargadores frontales, ayudan a levantar y descargar mercanc\u00edas de manera eficaz.<\/li>\n<\/ul>\n<h2>Consideraciones de dise\u00f1o y criterios de selecci\u00f3n<\/h2>\n<p>Al dise\u00f1ar cilindros de cangilones, se toman en consideraci\u00f3n varios factores:<\/p>\n<ol>\n<li><strong>Capacidad de carga:<\/strong> El cilindro del cuchar\u00f3n est\u00e1 dise\u00f1ado para soportar altas cargas y presiones, lo que garantiza su funcionamiento seguro.<\/li>\n<li><strong>Caza de focas:<\/strong> Se utilizan diversos elementos de sellado, como sellos de pist\u00f3n y de v\u00e1stago, fabricados con materiales resistentes al desgaste como poliuretano y caucho de nitrilo. El cuerpo del cilindro y las superficies roscadas de los extremos se someten a un procesamiento fino para mejorar la resistencia al desgaste.<\/li>\n<li><strong>Durabilidad:<\/strong> El cilindro del cuchar\u00f3n est\u00e1 construido para soportar duras condiciones de trabajo y brindar un rendimiento duradero.<\/li>\n<li><strong>Seguridad:<\/strong> Se incorporan caracter\u00edsticas de seguridad para garantizar el funcionamiento seguro del cilindro del cuchar\u00f3n.<\/li>\n<li><strong>Mantenibilidad:<\/strong> Se toman consideraciones para facilitar el mantenimiento y la reparaci\u00f3n del cilindro del cuchar\u00f3n.<\/li>\n<\/ol>\n<p><img decoding=\"async\" src=\"https:\/\/www.hydraulic-cylinders.net\/wp-content\/uploads\/2025\/01\/songte-oil-pipes-and-spare-parts.webp\" alt=\"Imagen de sellado y lubricaci\u00f3n del cilindro del cuchar\u00f3n\"><\/p>\n<h2>Sellado y lubricaci\u00f3n<\/h2>\n<p>El cilindro del cuchar\u00f3n utiliza diversos componentes de sellado, como sellos de pist\u00f3n y de v\u00e1stago, fabricados con materiales resistentes al desgaste como poliuretano y caucho de nitrilo. El cuerpo del cilindro y las superficies roscadas de los extremos se someten a un procesamiento fino para mejorar la resistencia al desgaste. Se requiere una lubricaci\u00f3n regular con una cantidad adecuada de aceite hidr\u00e1ulico para garantizar un funcionamiento suave.<\/p>\n<h2>Inspecci\u00f3n regular y mantenimiento preventivo<\/h2>\n<p>Para garantizar un rendimiento \u00f3ptimo y la longevidad del cilindro del cuchar\u00f3n, son necesarias inspecciones peri\u00f3dicas y medidas de mantenimiento preventivo:<\/p>\n<ul>\n<li>Compruebe peri\u00f3dicamente si hay signos de da\u00f1o, desgaste o fugas.<\/li>\n<li>Aseg\u00farese de que todas las partes m\u00f3viles est\u00e9n lubricadas adecuadamente.<\/li>\n<li>Reemplace los sellos y juntas seg\u00fan sea necesario.<\/li>\n<li>Realice comprobaciones de calibraci\u00f3n para mantener un funcionamiento preciso.<\/li>\n<\/ul>\n<p><img decoding=\"async\" src=\"https:\/\/www.hydraulic-cylinders.net\/wp-content\/uploads\/2025\/01\/songte-chushion-collar.webp\" alt=\"Imagen de mantenimiento del cilindro del cuchar\u00f3n\"><\/p>\n<h2>Consideraciones de seguridad y factores ambientales<\/h2>\n<p>Al utilizar el cilindro de la cuchara, es fundamental priorizar las medidas de seguridad para prevenir accidentes y garantizar un entorno de trabajo seguro. Es fundamental recibir una capacitaci\u00f3n adecuada, cumplir con las normas de seguridad y usar el equipo de protecci\u00f3n personal adecuado.<\/p>\n<h2>Soluci\u00f3n de problemas y problemas comunes<\/h2>\n<p>Cuando surjan problemas con el cilindro del cuchar\u00f3n, los siguientes consejos y soluciones de resoluci\u00f3n de problemas pueden ayudar a diagnosticar y resolver los problemas de manera efectiva:<\/p>\n<ul>\n<li>Consejo 1: Compruebe si hay signos de fugas o da\u00f1os en el sistema hidr\u00e1ulico.<\/li>\n<li>Consejo 2: Aseg\u00farese de que los niveles y la calidad del l\u00edquido hidr\u00e1ulico sean adecuados.<\/li>\n<li>Consejo 3: Inspeccione todas las conexiones y accesorios para comprobar su estanqueidad e integridad.<\/li>\n<\/ul>\n<p><img decoding=\"async\" src=\"https:\/\/www.hydraulic-cylinders.net\/wp-content\/uploads\/2025\/01\/songte-bushings-with-all-kinds-of-excavator-models.webp\" alt=\"Imagen de soluci\u00f3n de problemas del cilindro del cuchar\u00f3n\"><\/p>\n<h2>Conclusi\u00f3n<\/h2>\n<p>En conclusi\u00f3n, el cilindro de la cuchara desempe\u00f1a un papel crucial en la maquinaria pesada para la eficiente manipulaci\u00f3n de materiales. Nuestra empresa es l\u00edder en la fabricaci\u00f3n y distribuci\u00f3n mayorista de cilindros hidr\u00e1ulicos, ofreciendo una amplia gama de productos que cumplen con los m\u00e1s altos est\u00e1ndares de calidad y fiabilidad. Con un enfoque en la excelencia, mejoramos continuamente nuestros procesos de fabricaci\u00f3n, la calidad de nuestros productos y la satisfacci\u00f3n del cliente. Ofrecemos experiencia profesional, certificaciones internacionales, servicios personalizados, equipos de producci\u00f3n de \u00faltima generaci\u00f3n y un servicio posventa fiable.<\/p>\n<p><img decoding=\"async\" src=\"https:\/\/www.hydraulic-cylinders.net\/wp-content\/uploads\/2025\/01\/songte-company-3.webp\" alt=\"Imagen de la empresa\"><\/p>\n<p>Autor: lyl<\/p>","protected":false},"excerpt":{"rendered":"<p>Bucket Cylinder For Bonny CEE2200-7 Introduction The bucket cylinder is a specially designed hydraulic cylinder used to control the movement of the bucket in heavy machinery such as excavators, backhoe loaders, and front loaders. Its main function is to enable the lifting, lowering, and tilting of the bucket, making it easier to handle various material [&hellip;]<\/p>","protected":false},"featured_media":14780,"comment_status":"open","ping_status":"closed","template":"","meta":{"_et_pb_use_builder":"","_et_pb_old_content":"","_et_gb_content_width":""},"product_brand":[],"product_cat":[1494],"product_tag":[1495,1496],"class_list":{"0":"post-15933","1":"product","2":"type-product","3":"status-publish","4":"has-post-thumbnail","6":"product_cat-bucket-cylinders","7":"product_tag-bucket-cylinders","8":"product_tag-hydraulic-cylinders","10":"first","11":"instock","12":"shipping-taxable","13":"product-type-simple"},"amp_enabled":true,"_links":{"self":[{"href":"https:\/\/www.hydraulic-cylinders.net\/es\/wp-json\/wp\/v2\/product\/15933","targetHints":{"allow":["GET"]}}],"collection":[{"href":"https:\/\/www.hydraulic-cylinders.net\/es\/wp-json\/wp\/v2\/product"}],"about":[{"href":"https:\/\/www.hydraulic-cylinders.net\/es\/wp-json\/wp\/v2\/types\/product"}],"replies":[{"embeddable":true,"href":"https:\/\/www.hydraulic-cylinders.net\/es\/wp-json\/wp\/v2\/comments?post=15933"}],"wp:featuredmedia":[{"embeddable":true,"href":"https:\/\/www.hydraulic-cylinders.net\/es\/wp-json\/wp\/v2\/media\/14780"}],"wp:attachment":[{"href":"https:\/\/www.hydraulic-cylinders.net\/es\/wp-json\/wp\/v2\/media?parent=15933"}],"wp:term":[{"taxonomy":"product_brand","embeddable":true,"href":"https:\/\/www.hydraulic-cylinders.net\/es\/wp-json\/wp\/v2\/product_brand?post=15933"},{"taxonomy":"product_cat","embeddable":true,"href":"https:\/\/www.hydraulic-cylinders.net\/es\/wp-json\/wp\/v2\/product_cat?post=15933"},{"taxonomy":"product_tag","embeddable":true,"href":"https:\/\/www.hydraulic-cylinders.net\/es\/wp-json\/wp\/v2\/product_tag?post=15933"}],"curies":[{"name":"wp","href":"https:\/\/api.w.org\/{rel}","templated":true}]}}