{"id":15947,"date":"2025-01-19T15:12:11","date_gmt":"2025-01-19T15:12:11","guid":{"rendered":"https:\/\/www.hydraulic-cylinders.net\/product\/bucket-cylinder-for-bada-wys60\/"},"modified":"2025-01-19T15:12:17","modified_gmt":"2025-01-19T15:12:17","slug":"bucket-cylinder-for-bada-wys60","status":"publish","type":"product","link":"https:\/\/www.hydraulic-cylinders.net\/es\/producto\/bucket-cylinder-for-bada-wys60\/","title":{"rendered":"Cilindro de cuchar\u00f3n para Bada WYS60"},"content":{"rendered":"<p><!DOCTYPE html><br \/>\n<html><br \/>\n<head><br \/>\n<title>Cilindro de cuchar\u00f3n para Bada WYS60<\/title><br \/>\n<\/head><br \/>\n<body><\/p>\n<h1>Cilindro de cuchar\u00f3n para Bada WYS60<\/h1>\n<h2>Introducci\u00f3n<\/h2>\n<p>El cilindro de la cuchara para la Bada WYS60 es un cilindro hidr\u00e1ulico de dise\u00f1o especial que controla el movimiento de la cuchara en maquinaria pesada como excavadoras, retroexcavadoras y cargadoras frontales. Su funci\u00f3n principal es permitir la elevaci\u00f3n, el descenso y la inclinaci\u00f3n de la cuchara, lo que la hace id\u00f3nea para diversas tareas de manipulaci\u00f3n de materiales. En el sistema hidr\u00e1ulico, el cilindro de la cuchara proporciona un control preciso de la misma mediante variaciones en la presi\u00f3n del aceite hidr\u00e1ulico, lo que permite a los operadores manejar cargas pesadas con eficiencia y adaptarse a entornos de trabajo complejos y a diversos requisitos operativos.<\/p>\n<p><img decoding=\"async\" src=\"https:\/\/www.hydraulic-cylinders.net\/wp-content\/uploads\/2025\/01\/songte-company-2.webp\" alt=\"Cilindro de cubo\" \/><\/p>\n<h2>Caracter\u00edsticas<\/h2>\n<ul>\n<li><strong>Alta resistencia y durabilidad:<\/strong> El cilindro del cuchar\u00f3n, generalmente fabricado en acero de alta resistencia o aluminio, soporta altas presiones y cargas pesadas, adapt\u00e1ndose a entornos de trabajo exigentes. Su dise\u00f1o contempla la resistencia al desgaste y a la corrosi\u00f3n, prolongando as\u00ed su vida \u00fatil.<\/li>\n<li><strong>Operaci\u00f3n hidr\u00e1ulica eficiente:<\/strong> Al utilizar la presi\u00f3n del aceite hidr\u00e1ulico, el cilindro del cuchar\u00f3n logra acciones suaves de extensi\u00f3n y contracci\u00f3n, lo que permite una respuesta r\u00e1pida a los comandos de control y proporciona una potente fuerza de empuje y tracci\u00f3n para el manejo de cargas pesadas y tareas complejas.<\/li>\n<li><strong>Varios tipos:<\/strong> El cilindro del cuchar\u00f3n puede ser de simple efecto (hidr\u00e1ulica en un solo sentido) o de doble efecto (hidr\u00e1ulica en ambos sentidos) seg\u00fan las necesidades operativas espec\u00edficas. Algunos modelos son telesc\u00f3picos, lo que permite una mayor extensi\u00f3n sin aumentar las dimensiones externas, haci\u00e9ndolos id\u00f3neos para aplicaciones con espacio limitado.<\/li>\n<li><strong>Reemplazo perfecto:<\/strong> Nuestra empresa puede fabricar este producto, ofreciendo el reemplazo perfecto para estos cilindros hidr\u00e1ulicos.<\/li>\n<\/ul>\n<p><img decoding=\"async\" src=\"https:\/\/www.hydraulic-cylinders.net\/wp-content\/uploads\/2025\/01\/songte-cylinder-head-with-all-kinds-excavator-models.webp\" alt=\"Reemplazo del cilindro del cuchar\u00f3n\" \/><\/p>\n<h2>Aplicaciones<\/h2>\n<p>Los cilindros de cangilones se utilizan com\u00fanmente en las siguientes aplicaciones:<\/p>\n<ol>\n<li><strong>Equipos de construcci\u00f3n:<\/strong> En las excavadoras, son esenciales para excavar, cargar y mover tierra o escombros. En las retroexcavadoras, el cilindro del cuchar\u00f3n ayuda tanto en la excavaci\u00f3n como en la elevaci\u00f3n.<\/li>\n<li><strong>Maquinaria agr\u00edcola:<\/strong> Se utiliza en cargadores frontales para recoger, levantar y transportar tierra, heno y otros materiales.<\/li>\n<li><strong>Excavadoras:<\/strong> Los cilindros del cuchar\u00f3n permiten realizar acciones de excavaci\u00f3n al facilitar la penetraci\u00f3n del cuchar\u00f3n en el suelo.<\/li>\n<li><strong>Cargadores:<\/strong> En los cargadores frontales, ayudan a levantar y descargar mercanc\u00edas de manera eficaz.<\/li>\n<\/ol>\n<h2>Consideraciones de dise\u00f1o y criterios de selecci\u00f3n<\/h2>\n<ul>\n<li><strong>Capacidad de carga:<\/strong> El dise\u00f1o del cilindro del cuchar\u00f3n tiene en cuenta su capacidad para soportar cargas pesadas.<\/li>\n<li><strong>Caza de focas:<\/strong> Para garantizar un sellado adecuado se utilizan diversos tipos de juntas, como las de pist\u00f3n y las de v\u00e1stago. Estas juntas est\u00e1n fabricadas con materiales resistentes al desgaste, como el poliuretano y el caucho de nitrilo.<\/li>\n<li><strong>Durabilidad:<\/strong> El cuerpo del cilindro y las superficies roscadas de los extremos est\u00e1n finamente procesadas para mejorar su durabilidad.<\/li>\n<li><strong>Seguridad:<\/strong> Durante el proceso de dise\u00f1o se tienen en cuenta las consideraciones de seguridad para garantizar un funcionamiento seguro.<\/li>\n<li><strong>Mantenibilidad:<\/strong> El cilindro del cuchar\u00f3n est\u00e1 dise\u00f1ado para facilitar el mantenimiento y la reparaci\u00f3n.<\/li>\n<\/ul>\n<p><img decoding=\"async\" src=\"https:\/\/www.hydraulic-cylinders.net\/wp-content\/uploads\/2025\/01\/songte-oil-pipes-and-spare-parts.webp\" alt=\"Componentes del cilindro hidr\u00e1ulico\" \/><\/p>\n<h2>Sellado y lubricaci\u00f3n<\/h2>\n<p>El cilindro del cuchar\u00f3n utiliza diversos sellos, como sellos de pist\u00f3n y de v\u00e1stago, fabricados con materiales resistentes al desgaste como poliuretano y caucho de nitrilo. El cuerpo del cilindro y las superficies roscadas de los extremos reciben un tratamiento especial para mejorar su resistencia al desgaste. Es necesario lubricar peri\u00f3dicamente con el aceite hidr\u00e1ulico adecuado para garantizar su correcto funcionamiento.<\/p>\n<h2>Inspecci\u00f3n regular y mantenimiento preventivo<\/h2>\n<p>Para mantener el rendimiento del cilindro del cuchar\u00f3n, se recomienda una inspecci\u00f3n regular y un mantenimiento preventivo. Deben adoptarse las siguientes medidas:<\/p>\n<ul>\n<li>Inspeccione si hay signos de desgaste o da\u00f1os.<\/li>\n<li>Aseg\u00farese de que haya una lubricaci\u00f3n adecuada.<\/li>\n<li>Sustituya las juntas cuando sea necesario.<\/li>\n<li>Realizar comprobaciones de calibraci\u00f3n.<\/li>\n<\/ul>\n<h2>Gu\u00eda de instalaci\u00f3n adecuada<\/h2>\n<p>Para garantizar la correcta instalaci\u00f3n del cilindro del cuchar\u00f3n, siga estas instrucciones:<\/p>\n<ul>\n<li>Alinee correctamente el cilindro durante la instalaci\u00f3n.<\/li>\n<li>Utilice soportes de instalaci\u00f3n adecuados para asegurar el cilindro.<\/li>\n<\/ul>\n<p><img decoding=\"async\" src=\"https:\/\/www.hydraulic-cylinders.net\/wp-content\/uploads\/2025\/01\/songte-chushion-collar.webp\" alt=\"Collar\u00edn acolchado\" \/><\/p>\n<h2>Tareas de mantenimiento<\/h2>\n<p>Las tareas de mantenimiento habituales del cilindro del cuchar\u00f3n incluyen inspecciones peri\u00f3dicas, lubricaci\u00f3n adecuada, sustituci\u00f3n de juntas y comprobaciones de calibraci\u00f3n. Es fundamental recalcar la importancia de una correcta instalaci\u00f3n, lubricaci\u00f3n y ajuste. Proporcione instrucciones para alinear correctamente el cilindro durante la instalaci\u00f3n y recomiende el uso de soportes de montaje adecuados para su fijaci\u00f3n. Asimismo, se deben facilitar los procedimientos recomendados de inspecci\u00f3n, reparaci\u00f3n y sustituci\u00f3n, junto con consejos para prolongar la vida \u00fatil del cilindro.<\/p>\n<p><img decoding=\"async\" src=\"https:\/\/www.hydraulic-cylinders.net\/wp-content\/uploads\/2025\/01\/songte-bushings-with-all-kinds-of-excavator-models.webp\" alt=\"Bujes de excavadora\" \/><\/p>\n<h2>Consideraciones de seguridad y factores ambientales<\/h2>\n<p>Al utilizar cilindros de cangilones, es importante priorizar las medidas de seguridad. Tambi\u00e9n deben tenerse en cuenta los factores ambientales.<\/p>\n<h2>Diagn\u00f3stico de fallas y problemas comunes<\/h2>\n<p>Entre las aver\u00edas y problemas comunes relacionados con los cilindros de los cucharones se incluyen:<\/p>\n<ul>\n<li>Fuga<\/li>\n<li>Operaci\u00f3n lenta<\/li>\n<li>Fuerza insuficiente<\/li>\n<\/ul>\n<p>Proporcionar consejos y soluciones para la resoluci\u00f3n de problemas que ayuden a los lectores a diagnosticar y solucionar problemas de forma eficaz. Ofrecer medidas preventivas para minimizar posibles problemas.<\/p>\n<p><img decoding=\"async\" src=\"https:\/\/www.hydraulic-cylinders.net\/wp-content\/uploads\/2025\/01\/songte-company-1.webp\" alt=\"Descripci\u00f3n general de la empresa\" \/><\/p>\n<h2>Acerca de nuestra empresa<\/h2>\n<p>Somos fabricantes de repuestos para cilindros hidr\u00e1ulicos. Nuestra empresa ofrece una amplia gama de productos y es uno de los principales fabricantes y distribuidores mayoristas de cilindros hidr\u00e1ulicos en los mercados nacionales e internacionales. Nos regimos por los principios de excelencia y aplicamos estrategias de gesti\u00f3n de producci\u00f3n industrial en nuestros talleres de fabricaci\u00f3n, equipados con tecnolog\u00eda de punta. Gracias al talento tecnol\u00f3gico, equipos de fabricaci\u00f3n avanzados y sistemas de prueba profesionales, mejoramos continuamente nuestra plataforma de fabricaci\u00f3n y el proceso de producci\u00f3n para garantizar la calidad de nuestros productos. Nuestra empresa cuenta con una gran capacidad creativa y se esfuerza por satisfacer las diversas necesidades de nuestros clientes con alta eficiencia, precisi\u00f3n y calidad.<\/p>\n<p><img decoding=\"async\" src=\"https:\/\/www.hydraulic-cylinders.net\/wp-content\/uploads\/2025\/01\/songte-company-3.webp\" alt=\"Detalles de la empresa\" \/><\/p>\n<p>Nuestra empresa es conocida por:<\/p>\n<ul>\n<li>Profesionalismo<\/li>\n<li>Certificaciones internacionales<\/li>\n<li>Servicios de personalizaci\u00f3n<\/li>\n<li>Equipos de producci\u00f3n avanzados<\/li>\n<li>Servicios posventa<\/li>\n<\/ul>\n<footer>\n<p>Autor: lyl<\/p>\n<\/footer>\n<p><\/body><br \/>\n<\/html><\/p>","protected":false},"excerpt":{"rendered":"<p>Bucket Cylinder For Bada WYS60 Bucket Cylinder For Bada WYS60 Introduction The bucket cylinder for Bada WYS60 is a specially designed hydraulic cylinder used to control the movement of the bucket in heavy machinery such as excavators, backhoe loaders, and front-end loaders. Its main function is to enable the lifting, lowering, and tilting of the [&hellip;]<\/p>","protected":false},"featured_media":14782,"comment_status":"open","ping_status":"closed","template":"","meta":{"_et_pb_use_builder":"","_et_pb_old_content":"","_et_gb_content_width":""},"product_brand":[],"product_cat":[1494],"product_tag":[1495,1496],"class_list":{"0":"post-15947","1":"product","2":"type-product","3":"status-publish","4":"has-post-thumbnail","6":"product_cat-bucket-cylinders","7":"product_tag-bucket-cylinders","8":"product_tag-hydraulic-cylinders","10":"first","11":"instock","12":"shipping-taxable","13":"product-type-simple"},"amp_enabled":true,"_links":{"self":[{"href":"https:\/\/www.hydraulic-cylinders.net\/es\/wp-json\/wp\/v2\/product\/15947","targetHints":{"allow":["GET"]}}],"collection":[{"href":"https:\/\/www.hydraulic-cylinders.net\/es\/wp-json\/wp\/v2\/product"}],"about":[{"href":"https:\/\/www.hydraulic-cylinders.net\/es\/wp-json\/wp\/v2\/types\/product"}],"replies":[{"embeddable":true,"href":"https:\/\/www.hydraulic-cylinders.net\/es\/wp-json\/wp\/v2\/comments?post=15947"}],"wp:featuredmedia":[{"embeddable":true,"href":"https:\/\/www.hydraulic-cylinders.net\/es\/wp-json\/wp\/v2\/media\/14782"}],"wp:attachment":[{"href":"https:\/\/www.hydraulic-cylinders.net\/es\/wp-json\/wp\/v2\/media?parent=15947"}],"wp:term":[{"taxonomy":"product_brand","embeddable":true,"href":"https:\/\/www.hydraulic-cylinders.net\/es\/wp-json\/wp\/v2\/product_brand?post=15947"},{"taxonomy":"product_cat","embeddable":true,"href":"https:\/\/www.hydraulic-cylinders.net\/es\/wp-json\/wp\/v2\/product_cat?post=15947"},{"taxonomy":"product_tag","embeddable":true,"href":"https:\/\/www.hydraulic-cylinders.net\/es\/wp-json\/wp\/v2\/product_tag?post=15947"}],"curies":[{"name":"wp","href":"https:\/\/api.w.org\/{rel}","templated":true}]}}