{"id":15952,"date":"2025-01-19T15:12:35","date_gmt":"2025-01-19T15:12:35","guid":{"rendered":"https:\/\/www.hydraulic-cylinders.net\/product\/bucket-cylinder-for-baoding-wy150\/"},"modified":"2025-01-19T15:12:37","modified_gmt":"2025-01-19T15:12:37","slug":"bucket-cylinder-for-baoding-wy150","status":"publish","type":"product","link":"https:\/\/www.hydraulic-cylinders.net\/es\/producto\/bucket-cylinder-for-baoding-wy150\/","title":{"rendered":"Cilindro de cuchar\u00f3n para Baoding WY150"},"content":{"rendered":"<h2>Cilindro de cuchar\u00f3n para Baoding WY150<\/h2>\n<h3>Introducci\u00f3n<\/h3>\n<p>El cilindro del cuchar\u00f3n para Baoding WY150 es un cilindro hidr\u00e1ulico especializado que se utiliza principalmente para controlar el movimiento de los cucharones en maquinaria pesada como excavadoras, retroexcavadoras y cargadoras frontales. Su funci\u00f3n principal es permitir que el cuchar\u00f3n se eleve, baje e incline, lo que facilita diversas tareas de manipulaci\u00f3n de materiales. En los sistemas hidr\u00e1ulicos, el cilindro del cuchar\u00f3n logra un control preciso del cuchar\u00f3n mediante cambios en la presi\u00f3n del aceite hidr\u00e1ulico, lo que permite a los operadores manipular cargas pesadas con eficiencia y adaptarse a entornos de trabajo complejos y a diversos requisitos.<\/p>\n<p><img decoding=\"async\" src=\"https:\/\/www.hydraulic-cylinders.net\/wp-content\/uploads\/2025\/01\/songte-company-2.webp\" alt=\"imagen del cilindro del cubo\"><\/p>\n<h3>Caracter\u00edsticas<\/h3>\n<ul>\n<li>Alta resistencia y durabilidad: Fabricado generalmente en acero o aluminio de alta resistencia, el cilindro del cuchar\u00f3n soporta alta presi\u00f3n y cargas pesadas, adapt\u00e1ndose a entornos de trabajo hostiles. Su dise\u00f1o considera la resistencia al desgaste y a la corrosi\u00f3n para prolongar su vida \u00fatil.<\/li>\n<li>Operaci\u00f3n hidr\u00e1ulica eficiente: al utilizar la presi\u00f3n de aceite hidr\u00e1ulico para lograr acciones suaves de extensi\u00f3n y contracci\u00f3n, el cilindro del cuchar\u00f3n puede responder r\u00e1pidamente a los comandos de control, proporcionando fuertes fuerzas de empuje y tracci\u00f3n adecuadas para manipular cargas pesadas y tareas de trabajo complejas.<\/li>\n<li>Diversos tipos: Se pueden seleccionar cilindros de simple efecto (hidr\u00e1ulicos en un solo sentido) o de doble efecto (hidr\u00e1ulicos en ambos sentidos) seg\u00fan las necesidades operativas. Algunos modelos son telesc\u00f3picos, lo que permite una mayor extensi\u00f3n sin aumentar las dimensiones externas, lo que los hace ideales para aplicaciones con espacio limitado.<\/li>\n<li>Producido por nuestra empresa: Nuestros productos pueden reemplazar perfectamente estos cilindros hidr\u00e1ulicos.<\/li>\n<\/ul>\n<p><img decoding=\"async\" src=\"https:\/\/www.hydraulic-cylinders.net\/wp-content\/uploads\/2025\/01\/songte-cylinder-head-with-all-kinds-excavator-models.webp\" alt=\"Imagen de la empresa de cilindros de cubo\"><\/p>\n<h3>Aplicaciones<\/h3>\n<p>El cilindro de cuchara tiene una amplia gama de aplicaciones, entre las que se incluyen:<\/p>\n<ul>\n<li>Equipos de construcci\u00f3n: En las excavadoras, son esenciales para excavar, cargar y mover tierra o escombros. En las retroexcavadoras, el cilindro del cuchar\u00f3n facilita tanto la excavaci\u00f3n como la elevaci\u00f3n. <\/li>\n<li>Maquinaria agr\u00edcola: Se utiliza para cargadoras frontales, para recoger, levantar y transportar tierra, heno y otros materiales. <\/li>\n<li>Excavadoras: El cilindro del cuchar\u00f3n permite la acci\u00f3n de excavaci\u00f3n al permitir que el cuchar\u00f3n penetre en el suelo. <\/li>\n<li>Cargadores frontales: En los cargadores frontales, ayudan a levantar e inclinar la carga de manera efectiva. <\/li>\n<\/ul>\n<h3>Consideraciones de dise\u00f1o y criterios de selecci\u00f3n<\/h3>\n<p>Las consideraciones de dise\u00f1o del cilindro del cubo incluyen:<\/p>\n<ul>\n<li>Capacidad de carga: Para garantizar que el cilindro pueda soportar altas cargas y presiones.<\/li>\n<li>Sellado: Se pueden utilizar diversos componentes de sellado, como sellos de pist\u00f3n y sellos de v\u00e1stago, y materiales como el poliuretano y el caucho de nitrilo son resistentes al desgaste.<\/li>\n<li>Durabilidad: Los cilindros est\u00e1n fabricados con materiales de alta resistencia para garantizar una larga vida \u00fatil.<\/li>\n<li>Seguridad: El dise\u00f1o del cilindro tambi\u00e9n incorpora caracter\u00edsticas de seguridad como v\u00e1lvulas de alivio de presi\u00f3n.<\/li>\n<li>Mantenibilidad: El cilindro est\u00e1 dise\u00f1ado para que sea f\u00e1cil de mantener y reparar, con repuestos ampliamente disponibles.<\/li>\n<\/ul>\n<p><img decoding=\"async\" src=\"https:\/\/www.hydraulic-cylinders.net\/wp-content\/uploads\/2025\/01\/songte-oil-pipes-and-spare-parts.webp\" alt=\"Imagen de dise\u00f1o de cilindro de cubo\"><\/p>\n<p>El cilindro del cuchar\u00f3n se puede sellar y lubricar con diversos componentes, como sellos de pist\u00f3n y de v\u00e1stago, fabricados con materiales resistentes al desgaste como poliuretano y caucho de nitrilo. El cuerpo del cilindro y la superficie del extremo roscado se someten a un procesamiento fino para mejorar la resistencia al desgaste, y es necesaria una lubricaci\u00f3n regular con aceite hidr\u00e1ulico.<\/p>\n<h3>Mantenimiento y reparaci\u00f3n<\/h3>\n<p>La inspecci\u00f3n regular, la lubricaci\u00f3n adecuada, el reemplazo de sellos y las comprobaciones de calibraci\u00f3n son tareas comunes de mantenimiento que deben realizarse en el cilindro del cuchar\u00f3n. Se debe proporcionar una gu\u00eda de instalaci\u00f3n adecuada durante la instalaci\u00f3n, recomendando el uso de soportes de instalaci\u00f3n adecuados para asegurar el cilindro. Los procedimientos recomendados de inspecci\u00f3n, reparaci\u00f3n y reemplazo pueden prolongar la vida \u00fatil del cilindro.<\/p>\n<p><img decoding=\"async\" src=\"https:\/\/www.hydraulic-cylinders.net\/wp-content\/uploads\/2025\/01\/songte-chushion-collar.webp\" alt=\"Imagen de mantenimiento del cilindro del cuchar\u00f3n\"><\/p>\n<h3>Consideraciones de seguridad y factores ambientales<\/h3>\n<p>Durante el uso, se deben tomar medidas de seguridad al operar el cilindro del cuchar\u00f3n para evitar accidentes. Tambi\u00e9n se deben considerar los factores ambientales en el dise\u00f1o y uso del cilindro para minimizar su impacto en el entorno.<\/p>\n<h3>Soluci\u00f3n de problemas y problemas comunes<\/h3>\n<p>Los problemas comunes del cilindro del cuchar\u00f3n incluyen fugas de aceite, fuerza de elevaci\u00f3n insuficiente y ruidos anormales. Se deben emplear t\u00e9cnicas adecuadas de diagn\u00f3stico y resoluci\u00f3n de problemas para solucionar cualquier problema.<\/p>\n<p><img decoding=\"async\" src=\"https:\/\/www.hydraulic-cylinders.net\/wp-content\/uploads\/2025\/01\/songte-bushings-with-all-kinds-of-excavator-models.webp\" alt=\"Imagen de soluci\u00f3n de problemas del cilindro del cuchar\u00f3n\"><\/p>\n<h3>Acerca de nuestra empresa<\/h3>\n<p>Somos fabricantes de cilindros hidr\u00e1ulicos de repuesto con una amplia gama de productos. Nos hemos convertido en uno de los principales fabricantes y distribuidores mayoristas de cilindros hidr\u00e1ulicos en el mercado nacional e internacional, con un enfoque en la excelencia de la calidad. Nos basamos en la estrategia de gesti\u00f3n de la producci\u00f3n industrializada de nuestros talleres de fabricaci\u00f3n de alta calidad y mejoramos continuamente nuestra plataforma de fabricaci\u00f3n y la calidad de nuestros productos mediante la inversi\u00f3n en talento t\u00e9cnico, equipos de fabricaci\u00f3n digitales de alta gama y sistemas de prueba profesionales. Contamos con una s\u00f3lida capacidad creativa y nuestros productos se caracterizan por su alta eficiencia, precisi\u00f3n y calidad, satisfaciendo a la vez las diversas necesidades de nuestros clientes.<\/p>\n<p><img decoding=\"async\" src=\"https:\/\/hzpt.com\/wp-content\/uploads\/2024\/11\/songte-company-1.webp\" alt=\"imagen de la empresa\"><\/p>\n<p>Nuestra empresa se caracteriza por su profesionalismo, certificaci\u00f3n internacional, servicios de personalizaci\u00f3n, equipos de producci\u00f3n y servicios postventa.<\/p>\n<h2>Autor: lyl<\/h2>","protected":false},"excerpt":{"rendered":"<p>Bucket Cylinder For Baoding WY150 Introduction The bucket cylinder for Baoding WY150 is a specialized hydraulic cylinder that is primarily used to control the movement of buckets in heavy machinery such as excavators, backhoe loaders, and front-end loaders. Its main function is to enable the bucket to lift, lower, and tilt, which facilitates various material [&hellip;]<\/p>","protected":false},"featured_media":14771,"comment_status":"open","ping_status":"closed","template":"","meta":{"_et_pb_use_builder":"","_et_pb_old_content":"","_et_gb_content_width":""},"product_brand":[],"product_cat":[1494],"product_tag":[1495,1496],"class_list":{"0":"post-15952","1":"product","2":"type-product","3":"status-publish","4":"has-post-thumbnail","6":"product_cat-bucket-cylinders","7":"product_tag-bucket-cylinders","8":"product_tag-hydraulic-cylinders","10":"first","11":"instock","12":"shipping-taxable","13":"product-type-simple"},"amp_enabled":true,"_links":{"self":[{"href":"https:\/\/www.hydraulic-cylinders.net\/es\/wp-json\/wp\/v2\/product\/15952","targetHints":{"allow":["GET"]}}],"collection":[{"href":"https:\/\/www.hydraulic-cylinders.net\/es\/wp-json\/wp\/v2\/product"}],"about":[{"href":"https:\/\/www.hydraulic-cylinders.net\/es\/wp-json\/wp\/v2\/types\/product"}],"replies":[{"embeddable":true,"href":"https:\/\/www.hydraulic-cylinders.net\/es\/wp-json\/wp\/v2\/comments?post=15952"}],"wp:featuredmedia":[{"embeddable":true,"href":"https:\/\/www.hydraulic-cylinders.net\/es\/wp-json\/wp\/v2\/media\/14771"}],"wp:attachment":[{"href":"https:\/\/www.hydraulic-cylinders.net\/es\/wp-json\/wp\/v2\/media?parent=15952"}],"wp:term":[{"taxonomy":"product_brand","embeddable":true,"href":"https:\/\/www.hydraulic-cylinders.net\/es\/wp-json\/wp\/v2\/product_brand?post=15952"},{"taxonomy":"product_cat","embeddable":true,"href":"https:\/\/www.hydraulic-cylinders.net\/es\/wp-json\/wp\/v2\/product_cat?post=15952"},{"taxonomy":"product_tag","embeddable":true,"href":"https:\/\/www.hydraulic-cylinders.net\/es\/wp-json\/wp\/v2\/product_tag?post=15952"}],"curies":[{"name":"wp","href":"https:\/\/api.w.org\/{rel}","templated":true}]}}