{"id":15956,"date":"2025-01-19T15:12:51","date_gmt":"2025-01-19T15:12:51","guid":{"rendered":"https:\/\/www.hydraulic-cylinders.net\/product\/bucket-cylinder-for-baoding-wy90-7\/"},"modified":"2025-01-19T15:12:53","modified_gmt":"2025-01-19T15:12:53","slug":"bucket-cylinder-for-baoding-wy90-7","status":"publish","type":"product","link":"https:\/\/www.hydraulic-cylinders.net\/es\/producto\/bucket-cylinder-for-baoding-wy90-7\/","title":{"rendered":"Cilindro de cuchar\u00f3n para Baoding WY90-7"},"content":{"rendered":"<h1>Cilindro de cuchar\u00f3n para Baoding WY90-7<\/h1>\n<h2>Definici\u00f3n del producto<\/h2>\n<p>El cilindro hidr\u00e1ulico del cuchar\u00f3n para la Baoding WY90-7 es un cilindro especializado dise\u00f1ado principalmente para controlar el movimiento de las palas en maquinaria pesada como excavadoras, retroexcavadoras y cargadoras frontales. Su funci\u00f3n principal es permitir que la pala se eleve, descienda e incline, facilitando as\u00ed diversas tareas de manipulaci\u00f3n de materiales. En un sistema hidr\u00e1ulico, el cilindro del cuchar\u00f3n utiliza las variaciones de la presi\u00f3n del aceite hidr\u00e1ulico para lograr un control preciso de la pala, lo que permite a los operadores manejar cargas pesadas con eficiencia y adaptarse a entornos de trabajo complejos y a requisitos laborales diversos.<\/p>\n<p><img decoding=\"async\" src=\"https:\/\/www.hydraulic-cylinders.net\/wp-content\/uploads\/2025\/01\/songte-company-2.webp\" alt=\"Cilindro de cuchar\u00f3n para Baoding WY90-7\" \/><\/p>\n<h2>Caracter\u00edsticas del producto<\/h2>\n<ul>\n<li>Alta resistencia y durabilidad: Generalmente fabricado con acero o aluminio de alta resistencia, puede soportar altas presiones y cargas pesadas, se adapta a entornos de trabajo dif\u00edciles y est\u00e1 dise\u00f1ado con resistencia al desgaste y a la corrosi\u00f3n, lo que prolonga su vida \u00fatil.<\/li>\n<li>Funcionamiento hidr\u00e1ulico eficiente: La suave acci\u00f3n de extensi\u00f3n y retracci\u00f3n se logra mediante la utilizaci\u00f3n de la presi\u00f3n del aceite hidr\u00e1ulico, que puede responder r\u00e1pidamente a las \u00f3rdenes de operaci\u00f3n, proporcionando potentes fuerzas de empuje y tracci\u00f3n, adecuadas para el manejo de cargas pesadas y tareas de trabajo complejas.<\/li>\n<li>Diversos tipos: Se pueden seleccionar cilindros de simple efecto (hidr\u00e1ulicos de un solo sentido) o de doble efecto (hidr\u00e1ulicos de ambos sentidos) seg\u00fan las necesidades operativas. Algunos modelos son telesc\u00f3picos, lo que permite una mayor extensi\u00f3n sin aumentar las dimensiones externas, ideales para aplicaciones con espacio limitado.<\/li>\n<li>Compatible con diversas m\u00e1quinas: Nuestro producto puede sustituir perfectamente a estos cilindros hidr\u00e1ulicos.<\/li>\n<\/ul>\n<p><img decoding=\"async\" src=\"https:\/\/www.hydraulic-cylinders.net\/wp-content\/uploads\/2025\/01\/songte-cylinder-head-with-all-kinds-excavator-models.webp\" alt=\"Cilindro hidr\u00e1ulico compatible para diversas m\u00e1quinas\" \/><\/p>\n<h2>Aplicaciones<\/h2>\n<p>El cilindro de la cuchara para Baoding WY90-7 se puede utilizar en diversas m\u00e1quinas pesadas, incluyendo:<\/p>\n<ul>\n<li>Equipos de construcci\u00f3n: Son esenciales para las excavadoras, ya que excavan, cargan y mueven tierra o escombros. En las retroexcavadoras, el cilindro de la pala ayuda en la excavaci\u00f3n y elevaci\u00f3n. <\/li>\n<li>Maquinaria agr\u00edcola: Se utiliza en cargadoras frontales para recoger, levantar y transportar tierra, heno y otros materiales. <\/li>\n<li>Excavadoras: El cilindro del cuchar\u00f3n permite la acci\u00f3n de excavaci\u00f3n al permitir que la pala penetre en el suelo.<\/li>\n<li>Cargador: En los cargadores frontales, ayudan a levantar e inclinar la carga de manera eficiente.<\/li>\n<\/ul>\n<h2>Consideraciones de dise\u00f1o y criterios de selecci\u00f3n<\/h2>\n<p>Al dise\u00f1ar el cilindro del cuchar\u00f3n para Baoding WY90-7, se consideraron varios factores, entre ellos:<\/p>\n<h3>Capacidad de carga<\/h3>\n<p>El cilindro est\u00e1 dise\u00f1ado para soportar cargas tremendas y est\u00e1 fabricado con materiales de alta resistencia que pueden soportar maquinaria pesada y entornos de trabajo dif\u00edciles.<\/p>\n<h3>Caza de focas<\/h3>\n<p>El cilindro utiliza diversos sellos, como sellos de pist\u00f3n, sellos de v\u00e1stago y sellos limpiadores fabricados con poliuretano, caucho de nitrilo, etc., para resistir el desgaste y evitar fugas de fluido hidr\u00e1ulico.<\/p>\n<h3>Durabilidad<\/h3>\n<p>El cilindro est\u00e1 dise\u00f1ado para ser duradero y resistente a la corrosi\u00f3n, y las superficies extremas y los extremos roscados del cilindro est\u00e1n finamente procesados \u200b\u200bpara mejorar la resistencia al desgaste.<\/p>\n<h3>Seguridad<\/h3>\n<p>El cilindro del cuchar\u00f3n est\u00e1 dise\u00f1ado para ser seguro y, si se usa correctamente, no causar\u00e1 da\u00f1os ni lesiones. Est\u00e1 equipado con mecanismos de seguridad para prevenir accidentes, como v\u00e1lvulas de seguridad que impiden que el cilindro reviente o colapse en caso de fallo del sistema hidr\u00e1ulico.<\/p>\n<h3>Mantenimiento<\/h3>\n<p>El cilindro del cuchar\u00f3n requiere mantenimiento regular, que incluye limpieza, inspecci\u00f3n y lubricaci\u00f3n. Se recomienda que los usuarios reemplacen peri\u00f3dicamente las juntas y otros componentes desgastados, y rellenen el aceite hidr\u00e1ulico para asegurar el correcto funcionamiento del cilindro.<\/p>\n<p><img decoding=\"async\" src=\"https:\/\/www.hydraulic-cylinders.net\/wp-content\/uploads\/2025\/01\/songte-oil-pipes-and-spare-parts.webp\" alt=\"Piezas de repuesto para cilindro de cuchar\u00f3n\" \/><\/p>\n<h2>Sellado y lubricaci\u00f3n<\/h2>\n<p>El cilindro del cuchar\u00f3n utiliza diversos sellos, como sellos de pist\u00f3n, sellos de v\u00e1stago y sellos rascadores, fabricados con poliuretano, caucho de nitrilo, etc., para resistir el desgaste y evitar fugas de fluido hidr\u00e1ulico. Requiere lubricaci\u00f3n peri\u00f3dica con aceite hidr\u00e1ulico para garantizar un funcionamiento suave y prevenir el desgaste. Las superficies extremas y los extremos roscados del cilindro est\u00e1n mecanizados con precisi\u00f3n para mejorar su resistencia al desgaste, pero aun as\u00ed requieren lubricaci\u00f3n peri\u00f3dica.<\/p>\n<h2>Mantenimiento y reparaci\u00f3n<\/h2>\n<p>El mantenimiento y la reparaci\u00f3n peri\u00f3dicos del cilindro del cuchar\u00f3n son esenciales para garantizar su correcto funcionamiento y una larga vida \u00fatil. Las tareas de mantenimiento incluyen limpieza, inspecci\u00f3n y lubricaci\u00f3n. Las tareas de reparaci\u00f3n incluyen la sustituci\u00f3n de juntas y otros componentes desgastados, y la reconstrucci\u00f3n del cilindro si fuera necesario. A continuaci\u00f3n, se ofrecen algunos consejos para un correcto mantenimiento y reparaci\u00f3n:<\/p>\n<ul>\n<li>Inspeccione peri\u00f3dicamente el cilindro para detectar desgaste, fugas y otros problemas.<\/li>\n<li>Reemplace peri\u00f3dicamente los sellos y otros componentes desgastados para mantener el cilindro funcionando correctamente.<\/li>\n<li>Rellene el aceite hidr\u00e1ulico regularmente para garantizar un funcionamiento \u00f3ptimo y evitar el desgaste.<\/li>\n<li>Alinee correctamente el cilindro durante la instalaci\u00f3n y utilice los soportes de instalaci\u00f3n adecuados para fijarlo.<\/li>\n<li>Siga los procedimientos recomendados de inspecci\u00f3n, reparaci\u00f3n y sustituci\u00f3n para garantizar un funcionamiento seguro y eficaz del cilindro.<\/li>\n<li>Utilice \u00fanicamente piezas y componentes originales para el mantenimiento del cilindro.<\/li>\n<\/ul>\n<p><img decoding=\"async\" src=\"https:\/\/www.hydraulic-cylinders.net\/wp-content\/uploads\/2025\/01\/songte-chushion-collar.webp\" alt=\"collar\u00edn amortiguador para cilindro de cubo\" \/><\/p>\n<h2>Consideraciones de seguridad y medio ambiente<\/h2>\n<p>Al utilizar el cilindro del cuchar\u00f3n, deben tomarse medidas de seguridad para prevenir accidentes y lesiones. Es fundamental seguir las instrucciones del fabricante para un funcionamiento y mantenimiento seguros, y utilizar el equipo de protecci\u00f3n personal adecuado, como guantes y gafas de protecci\u00f3n.<\/p>\n<h2>Soluci\u00f3n de problemas y problemas comunes<\/h2>\n<p>El cilindro del cuchar\u00f3n puede presentar diversos problemas, como fugas, juntas desgastadas y otros inconvenientes. La soluci\u00f3n de estos problemas requiere un conocimiento b\u00e1sico del cilindro y sus componentes. A continuaci\u00f3n, se describen algunos problemas comunes y sus soluciones:<\/p>\n<ul>\n<li>Fuga en el cilindro: Compruebe si las juntas y otros componentes presentan desgaste y sustit\u00fayalos si es necesario.<\/li>\n<li>Juntas desgastadas: Sustituya las juntas por piezas y componentes originales.<\/li>\n<li>Otros problemas: Siga los procedimientos de soluci\u00f3n de problemas recomendados por el fabricante para identificar y resolver el problema.<\/li>\n<\/ul>\n<p><img decoding=\"async\" src=\"https:\/\/www.hydraulic-cylinders.net\/wp-content\/uploads\/2025\/01\/songte-bushings-with-all-kinds-of-excavator-models.webp\" alt=\"bujes para cilindro de cuchar\u00f3n\" \/><\/p>\n<h2>Acerca de nuestra empresa<\/h2>\n<p>Somos fabricantes de cilindros hidr\u00e1ulicos que pueden sustituir el cilindro del cuchar\u00f3n de la Baoding WY90-7. Nuestra empresa cuenta con una gama completa de productos y es uno de los principales fabricantes y distribuidores mayoristas de cilindros hidr\u00e1ulicos en los mercados nacionales e internacionales. Nos regimos por el principio de la excelencia en la calidad, apoy\u00e1ndonos en estrategias de gesti\u00f3n de producci\u00f3n industrial en talleres de fabricaci\u00f3n de vanguardia, la mejora continua de nuestras plataformas de producci\u00f3n, la optimizaci\u00f3n de los procesos de calidad y una s\u00f3lida capacidad de innovaci\u00f3n. Nuestra empresa satisface las diversas necesidades de los clientes con alta eficiencia, precisi\u00f3n y calidad. <\/p>\n<p><img decoding=\"async\" src=\"https:\/\/hzpt.com\/wp-content\/uploads\/2024\/11\/songte-company-1.webp\" alt=\"logotipo de la empresa\" \/><\/p>\n<h3>Nuestras especializaciones<\/h3>\n<ul>\n<li>Profesionalismo<\/li>\n<li>Certificaci\u00f3n internacional<\/li>\n<li>Servicios personalizados<\/li>\n<li>Equipos de producci\u00f3n avanzados<\/li>\n<li>Excelente servicio postventa<\/li>\n<\/ul>\n<p>Nuestros productos cuentan con diversas certificaciones internacionales, como ISO 9001, CE y SGS, y disponemos de un equipo t\u00e9cnico profesional que ofrece servicios personalizados. Nos adherimos a estrictas medidas de control de calidad y utilizamos equipos de producci\u00f3n de \u00faltima generaci\u00f3n para garantizar que nuestros productos cumplan con los m\u00e1s altos est\u00e1ndares. Adem\u00e1s, brindamos un excelente servicio posventa para asegurar la satisfacci\u00f3n de nuestros clientes.<\/p>\n<p>Si busca un proveedor confiable de cilindros hidr\u00e1ulicos, cont\u00e1ctenos para obtener m\u00e1s informaci\u00f3n.<\/p>\n<p>Autor: lyl.<\/p>","protected":false},"excerpt":{"rendered":"<p>Bucket Cylinder For Baoding WY90-7 Product Definition The bucket cylinder for Baoding WY90-7 is a specialized hydraulic cylinder designed primarily for controlling the movement of shovels in heavy machinery such as excavators, backhoe loaders, and front-end loaders. Its main function is to enable the shovel to lift, lower and tilt, making it easier to handle [&hellip;]<\/p>","protected":false},"featured_media":14761,"comment_status":"open","ping_status":"closed","template":"","meta":{"_et_pb_use_builder":"","_et_pb_old_content":"","_et_gb_content_width":""},"product_brand":[],"product_cat":[1494],"product_tag":[1495,1496],"class_list":{"0":"post-15956","1":"product","2":"type-product","3":"status-publish","4":"has-post-thumbnail","6":"product_cat-bucket-cylinders","7":"product_tag-bucket-cylinders","8":"product_tag-hydraulic-cylinders","10":"first","11":"instock","12":"shipping-taxable","13":"product-type-simple"},"amp_enabled":true,"_links":{"self":[{"href":"https:\/\/www.hydraulic-cylinders.net\/es\/wp-json\/wp\/v2\/product\/15956","targetHints":{"allow":["GET"]}}],"collection":[{"href":"https:\/\/www.hydraulic-cylinders.net\/es\/wp-json\/wp\/v2\/product"}],"about":[{"href":"https:\/\/www.hydraulic-cylinders.net\/es\/wp-json\/wp\/v2\/types\/product"}],"replies":[{"embeddable":true,"href":"https:\/\/www.hydraulic-cylinders.net\/es\/wp-json\/wp\/v2\/comments?post=15956"}],"wp:featuredmedia":[{"embeddable":true,"href":"https:\/\/www.hydraulic-cylinders.net\/es\/wp-json\/wp\/v2\/media\/14761"}],"wp:attachment":[{"href":"https:\/\/www.hydraulic-cylinders.net\/es\/wp-json\/wp\/v2\/media?parent=15956"}],"wp:term":[{"taxonomy":"product_brand","embeddable":true,"href":"https:\/\/www.hydraulic-cylinders.net\/es\/wp-json\/wp\/v2\/product_brand?post=15956"},{"taxonomy":"product_cat","embeddable":true,"href":"https:\/\/www.hydraulic-cylinders.net\/es\/wp-json\/wp\/v2\/product_cat?post=15956"},{"taxonomy":"product_tag","embeddable":true,"href":"https:\/\/www.hydraulic-cylinders.net\/es\/wp-json\/wp\/v2\/product_tag?post=15956"}],"curies":[{"name":"wp","href":"https:\/\/api.w.org\/{rel}","templated":true}]}}