{"id":15961,"date":"2025-01-19T15:13:15","date_gmt":"2025-01-19T15:13:15","guid":{"rendered":"https:\/\/www.hydraulic-cylinders.net\/product\/bucket-cylinder-for-tiangong-zg3210-9\/"},"modified":"2025-01-19T15:13:21","modified_gmt":"2025-01-19T15:13:21","slug":"bucket-cylinder-for-tiangong-zg3210-9","status":"publish","type":"product","link":"https:\/\/www.hydraulic-cylinders.net\/es\/producto\/bucket-cylinder-for-tiangong-zg3210-9\/","title":{"rendered":"Cilindro de cuchar\u00f3n para Tiangong ZG3210-9"},"content":{"rendered":"<h1>Cilindro de cuchar\u00f3n para Tiangong ZG3210-9<\/h1>\n<h2>Introducci\u00f3n<\/h2>\n<p>Un cilindro de cuchar\u00f3n es un cilindro hidr\u00e1ulico especialmente dise\u00f1ado que se utiliza principalmente para controlar el movimiento de los cucharones en maquinaria pesada, como excavadoras, retroexcavadoras y cargadoras frontales. Su funci\u00f3n principal es permitir que el cuchar\u00f3n se eleve, baje e incline, facilitando as\u00ed diversas tareas de manipulaci\u00f3n de materiales. En el sistema hidr\u00e1ulico, el cilindro del cuchar\u00f3n logra un control preciso del cuchar\u00f3n mediante cambios en la presi\u00f3n del aceite hidr\u00e1ulico, lo que permite a los operadores manipular cargas pesadas con eficiencia y adaptarse a entornos de trabajo complejos y diversos requisitos operativos.<\/p>\n<p><img decoding=\"async\" src=\"https:\/\/www.hydraulic-cylinders.net\/wp-content\/uploads\/2025\/01\/songte-company-2.webp\"><\/p>\n<h2>Caracter\u00edsticas<\/h2>\n<ul>\n<li>\n<h3>Alta resistencia y durabilidad:<\/h3>\n<p> Generalmente fabricados en acero o aluminio de alta resistencia, capaces de soportar alta presi\u00f3n y cargas pesadas, y dise\u00f1ados teniendo en cuenta la resistencia al desgaste y la corrosi\u00f3n para prolongar la vida \u00fatil.<\/li>\n<li>\n<h3>Funcionamiento hidr\u00e1ulico eficiente:<\/h3>\n<p> Utiliza presi\u00f3n de aceite hidr\u00e1ulico para lograr una extensi\u00f3n y retracci\u00f3n suaves, capaz de responder r\u00e1pidamente a los comandos de control, proporcionar una poderosa fuerza de empuje y tracci\u00f3n y ser adecuado para manipular cargas pesadas y tareas operativas complejas.<\/li>\n<li>\n<h3>Diversos tipos:<\/h3>\n<p> Se puede elegir entre cilindros de simple efecto (hidr\u00e1ulico utilizado en un solo sentido) o de doble efecto (hidr\u00e1ulico utilizado en ambos sentidos) seg\u00fan las necesidades, y algunos modelos son telesc\u00f3picos, lo que permite una mayor extensi\u00f3n sin aumentar las dimensiones externas, adecuados para aplicaciones con espacio limitado.<\/li>\n<li>\n<h3>Nuestra empresa puede producir:<\/h3>\n<p> Nuestros productos pueden reemplazar perfectamente estos cilindros hidr\u00e1ulicos.<\/li>\n<\/ul>\n<p><img decoding=\"async\" src=\"https:\/\/www.hydraulic-cylinders.net\/wp-content\/uploads\/2025\/01\/songte-cylinder-head-with-all-kinds-excavator-models.webp\"><\/p>\n<h2>Aplicaciones<\/h2>\n<p>El cilindro de cangilones se utiliza ampliamente en diversas industrias gracias a su excelente rendimiento. A continuaci\u00f3n, se presentan algunas de sus principales aplicaciones:<\/p>\n<ul>\n<li>\n<h3>Equipos de construcci\u00f3n:<\/h3>\n<p> En las excavadoras, son esenciales para excavar, cargar y mover tierra o escombros. En las retroexcavadoras, los cilindros del cuchar\u00f3n facilitan tanto la excavaci\u00f3n como la elevaci\u00f3n. En las cargadoras frontales, ayudan a levantar e inclinar mercanc\u00edas eficazmente.<\/li>\n<li>\n<h3>Maquinaria agr\u00edcola:<\/h3>\n<p> Se utilizan en cargadoras frontales para excavar, levantar y transportar tierra, heno y otros materiales. Los cilindros del cuchar\u00f3n en las excavadoras facilitan la excavaci\u00f3n al permitir que el cuchar\u00f3n penetre en el suelo.<\/li>\n<\/ul>\n<h2>Consideraciones de dise\u00f1o y criterios de selecci\u00f3n<\/h2>\n<p>En cuanto a las consideraciones de dise\u00f1o, se deben considerar diversos factores, como la capacidad de carga, el sellado, la durabilidad, la seguridad y la facilidad de mantenimiento. A continuaci\u00f3n, se presentan algunas de las consideraciones clave de dise\u00f1o:<\/p>\n<ul>\n<li>\n<h3>Capacidad de carga:<\/h3>\n<p> El cilindro del cuchar\u00f3n debe estar dise\u00f1ado para soportar la carga m\u00e1xima esperada, y el di\u00e1metro del cilindro y el espesor de la pared deben tener el tama\u00f1o adecuado para soportar la carga.<\/li>\n<li>\n<h3>Caza de focas:<\/h3>\n<p> Para lograr un sellado eficaz, es necesario seleccionar y disponer adecuadamente diversos tipos de componentes de sellado, como sellos de pist\u00f3n y de v\u00e1stago. Se suelen utilizar materiales de sellado como el poliuretano y el caucho de nitrilo debido a su resistencia al desgaste.<\/li>\n<li>\n<h3>Durabilidad:<\/h3>\n<p> El cuerpo del cilindro y las superficies de los extremos de las roscas deben procesarse cuidadosamente para mejorar la resistencia al desgaste. El mantenimiento regular, como la adici\u00f3n de una cantidad adecuada de aceite hidr\u00e1ulico para lubricaci\u00f3n, tambi\u00e9n es esencial para prolongar la vida \u00fatil del producto.<\/li>\n<li>\n<h3>Seguridad:<\/h3>\n<p> El cilindro del cuchar\u00f3n debe estar dise\u00f1ado con caracter\u00edsticas de seguridad como v\u00e1lvulas de alivio y v\u00e1lvulas de bloqueo para evitar accidentes.<\/li>\n<li>\n<h3>Mantenimiento:<\/h3>\n<p> El cilindro del cuchar\u00f3n debe estar dise\u00f1ado teniendo en mente la facilidad de mantenimiento, como el desmontaje sencillo, el reemplazo de piezas y la limpieza de componentes.<\/li>\n<\/ul>\n<p><img decoding=\"async\" src=\"https:\/\/www.hydraulic-cylinders.net\/wp-content\/uploads\/2025\/01\/songte-oil-pipes-and-spare-parts.webp\"><\/p>\n<h2>Sellado y lubricaci\u00f3n<\/h2>\n<p>El uso de diversos componentes de sellado, como sellos de pist\u00f3n y de v\u00e1stago, es esencial para lograr un sellado eficaz. Materiales de sellado como el poliuretano y el caucho de nitrilo se utilizan com\u00fanmente debido a su resistencia al desgaste. El cuerpo del cilindro y las superficies de los extremos de las roscas deben procesarse cuidadosamente para mejorar la resistencia al desgaste. El mantenimiento regular, como la adici\u00f3n de una cantidad adecuada de aceite hidr\u00e1ulico para la lubricaci\u00f3n, tambi\u00e9n es esencial para prolongar la vida \u00fatil del producto.<\/p>\n<h2>Inspecci\u00f3n y mantenimiento preventivo<\/h2>\n<p>La inspecci\u00f3n regular y el mantenimiento preventivo son esenciales para mantener el cilindro del cuchar\u00f3n en buen estado de funcionamiento. A continuaci\u00f3n, se presentan algunas tareas de mantenimiento comunes:<\/p>\n<ul>\n<li>\n<h3>Inspecci\u00f3n regular:<\/h3>\n<p> Comprobaci\u00f3n de fugas, grietas, desgaste o da\u00f1os en el cuerpo del cilindro, el v\u00e1stago del pist\u00f3n y los sellos. Verificaci\u00f3n de la correcta alineaci\u00f3n y el correcto funcionamiento del cilindro.<\/li>\n<li>\n<h3>Lubricaci\u00f3n:<\/h3>\n<p> Agregar peri\u00f3dicamente una cantidad adecuada de aceite hidr\u00e1ulico para lubricaci\u00f3n.<\/li>\n<li>\n<h3>Reemplazo del sello:<\/h3>\n<p> Reemplazar los sellos desgastados o da\u00f1ados puede ayudar a prevenir fugas y extender la vida \u00fatil del producto.<\/li>\n<\/ul>\n<h2>Consideraciones de seguridad y medio ambiente<\/h2>\n<p>Al utilizar el cilindro de la cuchara, se deben tomar medidas de seguridad para evitar accidentes. Aseg\u00farese de que el producto est\u00e9 correctamente instalado y sea operado por personal cualificado. El mantenimiento y la inspecci\u00f3n regulares son esenciales para garantizar la seguridad del producto y minimizar el impacto ambiental.<\/p>\n<h2>Soluci\u00f3n de problemas y problemas comunes<\/h2>\n<p>Algunos problemas comunes que pueden surgir al usar el cilindro del cuchar\u00f3n incluyen fugas, da\u00f1os en el v\u00e1stago del pist\u00f3n y desgaste de los sellos. Los consejos y soluciones para la resoluci\u00f3n de problemas pueden ayudar a los lectores a diagnosticar y resolver problemas con mayor eficacia. Las medidas preventivas, como la inspecci\u00f3n y el mantenimiento regulares, pueden ayudar a prevenir posibles problemas.<\/p>\n<p><img decoding=\"async\" src=\"https:\/\/www.hydraulic-cylinders.net\/wp-content\/uploads\/2025\/01\/songte-bushings-with-all-kinds-of-excavator-models.webp\"><\/p>\n<h2>Acerca de nuestra empresa<\/h2>\n<p>Somos fabricantes de cilindros hidr\u00e1ulicos de repuesto con una gama completa de productos y nos hemos convertido en uno de los principales fabricantes y mayoristas de cilindros hidr\u00e1ulicos en el mercado nacional e internacional. Nos adherimos al principio de excelente calidad y nos basamos en estrategias de gesti\u00f3n de producci\u00f3n industrializadas en talleres de fabricaci\u00f3n de alta calidad. Mejoramos continuamente nuestra plataforma de fabricaci\u00f3n y perfeccionamos la calidad de nuestros productos mediante el uso de talento t\u00e9cnico, equipos de fabricaci\u00f3n digitales de alta gama y sistemas de prueba profesionales. Contamos con una s\u00f3lida capacidad de innovaci\u00f3n y nos adherimos a los principios de alta eficiencia, alta precisi\u00f3n y alta calidad para satisfacer las diversas necesidades de nuestros clientes.<\/p>\n<p>Nuestra empresa se dedica al profesionalismo, la certificaci\u00f3n internacional, los servicios personalizados, los equipos de producci\u00f3n y el servicio posventa. Nos esforzamos por ofrecer productos y servicios de alta calidad a nuestros clientes en todo el mundo.<\/p>\n<p><img decoding=\"async\" src=\"https:\/\/hzpt.com\/wp-content\/uploads\/2024\/11\/songte-company-1.webp\"><\/p>\n<h4>Autor: lyl<\/h4>","protected":false},"excerpt":{"rendered":"<p>Bucket Cylinder For Tiangong ZG3210-9 Introduction A bucket cylinder is a specially designed hydraulic cylinder used primarily to control the movement of buckets in heavy machinery such as excavators, backhoes, and front-end loaders. Its main function is to enable the bucket to lift, lower, and tilt, thus facilitating various material handling tasks. In the hydraulic [&hellip;]<\/p>","protected":false},"featured_media":14784,"comment_status":"open","ping_status":"closed","template":"","meta":{"_et_pb_use_builder":"","_et_pb_old_content":"","_et_gb_content_width":""},"product_brand":[],"product_cat":[1494],"product_tag":[1495,1496],"class_list":{"0":"post-15961","1":"product","2":"type-product","3":"status-publish","4":"has-post-thumbnail","6":"product_cat-bucket-cylinders","7":"product_tag-bucket-cylinders","8":"product_tag-hydraulic-cylinders","10":"first","11":"instock","12":"shipping-taxable","13":"product-type-simple"},"amp_enabled":true,"_links":{"self":[{"href":"https:\/\/www.hydraulic-cylinders.net\/es\/wp-json\/wp\/v2\/product\/15961","targetHints":{"allow":["GET"]}}],"collection":[{"href":"https:\/\/www.hydraulic-cylinders.net\/es\/wp-json\/wp\/v2\/product"}],"about":[{"href":"https:\/\/www.hydraulic-cylinders.net\/es\/wp-json\/wp\/v2\/types\/product"}],"replies":[{"embeddable":true,"href":"https:\/\/www.hydraulic-cylinders.net\/es\/wp-json\/wp\/v2\/comments?post=15961"}],"wp:featuredmedia":[{"embeddable":true,"href":"https:\/\/www.hydraulic-cylinders.net\/es\/wp-json\/wp\/v2\/media\/14784"}],"wp:attachment":[{"href":"https:\/\/www.hydraulic-cylinders.net\/es\/wp-json\/wp\/v2\/media?parent=15961"}],"wp:term":[{"taxonomy":"product_brand","embeddable":true,"href":"https:\/\/www.hydraulic-cylinders.net\/es\/wp-json\/wp\/v2\/product_brand?post=15961"},{"taxonomy":"product_cat","embeddable":true,"href":"https:\/\/www.hydraulic-cylinders.net\/es\/wp-json\/wp\/v2\/product_cat?post=15961"},{"taxonomy":"product_tag","embeddable":true,"href":"https:\/\/www.hydraulic-cylinders.net\/es\/wp-json\/wp\/v2\/product_tag?post=15961"}],"curies":[{"name":"wp","href":"https:\/\/api.w.org\/{rel}","templated":true}]}}