{"id":15986,"date":"2025-01-19T15:15:14","date_gmt":"2025-01-19T15:15:14","guid":{"rendered":"https:\/\/www.hydraulic-cylinders.net\/product\/bucket-cylinder-for-hengte-ht90-21\/"},"modified":"2025-01-19T15:15:17","modified_gmt":"2025-01-19T15:15:17","slug":"bucket-cylinder-for-hengte-ht90-21","status":"publish","type":"product","link":"https:\/\/www.hydraulic-cylinders.net\/es\/producto\/bucket-cylinder-for-hengte-ht90-21\/","title":{"rendered":"Cilindro de cuchar\u00f3n para Hengte HT90\/21"},"content":{"rendered":"<h1>Cilindro de cuchar\u00f3n para Hengte HT90\/21<\/h1>\n<h2>Introducci\u00f3n<\/h2>\n<p>El cilindro de la cuchara para la Hengte HT90\/21 es un cilindro hidr\u00e1ulico especialmente dise\u00f1ado que se utiliza principalmente para controlar el movimiento de las cucharas en maquinaria pesada como excavadoras, retroexcavadoras y cargadoras frontales. Su funci\u00f3n principal es permitir la elevaci\u00f3n, el descenso y la inclinaci\u00f3n de la cuchara, facilitando diversas tareas de manipulaci\u00f3n de materiales. En los sistemas hidr\u00e1ulicos, el cilindro de la cuchara logra un control preciso de la cuchara aprovechando los cambios en la presi\u00f3n del aceite hidr\u00e1ulico, lo que permite a los operadores manipular cargas pesadas con eficiencia y adaptarse a entornos de trabajo complejos y diversos requisitos operativos.<\/p>\n<p><img decoding=\"async\" src=\"https:\/\/www.hydraulic-cylinders.net\/wp-content\/uploads\/2025\/01\/songte-company-2.webp\" alt=\"Imagen del cilindro del cubo\"><\/p>\n<h2>Caracter\u00edsticas<\/h2>\n<ul>\n<li><strong>Alta resistencia y durabilidad:<\/strong> Fabricado generalmente en acero o aluminio de alta resistencia, el cilindro del cuchar\u00f3n puede soportar alta presi\u00f3n y cargas pesadas, adapt\u00e1ndose a entornos de trabajo hostiles. Su dise\u00f1o considera la resistencia al desgaste y a la corrosi\u00f3n, lo que prolonga su vida \u00fatil.<\/li>\n<li><strong>Operaci\u00f3n hidr\u00e1ulica eficiente:<\/strong> Al utilizar la presi\u00f3n del aceite hidr\u00e1ulico, el cilindro del cuchar\u00f3n logra movimientos suaves de extensi\u00f3n y retracci\u00f3n, lo que permite una respuesta r\u00e1pida a los comandos de control y proporciona potentes fuerzas de empuje y tracci\u00f3n. Es ideal para manipular cargas pesadas y realizar tareas operativas complejas.<\/li>\n<li><strong>Varios tipos:<\/strong> El cilindro puede seleccionarse como de simple efecto (presi\u00f3n hidr\u00e1ulica en un solo sentido) o de doble efecto (presi\u00f3n hidr\u00e1ulica en ambos sentidos) seg\u00fan las necesidades operativas espec\u00edficas. Algunos modelos son telesc\u00f3picos, lo que permite una mayor extensi\u00f3n sin aumentar las dimensiones externas, lo que los hace ideales para aplicaciones con espacio limitado.<\/li>\n<li><strong>Reemplazo perfecto:<\/strong> Nuestros productos pueden reemplazar perfectamente estos cilindros hidr\u00e1ulicos, ofreciendo un rendimiento confiable y compatibilidad.<\/li>\n<\/ul>\n<p><img decoding=\"async\" src=\"https:\/\/www.hydraulic-cylinders.net\/wp-content\/uploads\/2025\/01\/songte-cylinder-head-with-all-kinds-excavator-models.webp\" alt=\"Imagen del producto\"><\/p>\n<h2>Aplicaciones<\/h2>\n<p>El cilindro de cuchara encuentra aplicaciones en diversas industrias y maquinarias:<\/p>\n<h3>Equipos de construcci\u00f3n:<\/h3>\n<p>En las excavadoras, son cruciales para excavar, cargar y mover tierra o escombros. En las retroexcavadoras, el cilindro del cuchar\u00f3n facilita tanto la excavaci\u00f3n como la elevaci\u00f3n.<\/p>\n<h3>Maquinaria agr\u00edcola:<\/h3>\n<p>Se utiliza en cargadores frontales para recoger, levantar y transportar tierra, heno y otros materiales.<\/p>\n<h3>Excavadoras:<\/h3>\n<p>El cilindro del cuchar\u00f3n permite realizar acciones de excavaci\u00f3n al permitir que el cuchar\u00f3n penetre en el suelo.<\/p>\n<h3>Cargadores:<\/h3>\n<p>En los cargadores frontales, ayudan a levantar e inclinar mercanc\u00edas de manera eficiente.<\/p>\n<p><img decoding=\"async\" src=\"https:\/\/www.hydraulic-cylinders.net\/wp-content\/uploads\/2025\/01\/songte-oil-pipes-and-spare-parts.webp\" alt=\"Imagen del producto\"><\/p>\n<h2>Consideraciones de dise\u00f1o y criterios de selecci\u00f3n<\/h2>\n<p>Al dise\u00f1ar el cilindro del cuchar\u00f3n se tienen en cuenta varios factores:<\/p>\n<ul>\n<li><strong>Capacidad de carga:<\/strong> El cilindro est\u00e1 dise\u00f1ado para soportar la carga m\u00e1xima especificada dentro de sus par\u00e1metros operativos.<\/li>\n<li><strong>Caza de focas:<\/strong> Se utilizan diversos elementos de sellado, como sellos de pist\u00f3n y de v\u00e1stago, para garantizar un sellado eficaz. Estos sellos est\u00e1n fabricados con materiales duraderos como poliuretano y caucho de nitrilo.<\/li>\n<li><strong>Durabilidad:<\/strong> El cuerpo del cilindro y los extremos roscados se someten a un tratamiento preciso para mejorar la resistencia al desgaste.<\/li>\n<li><strong>Seguridad:<\/strong> Se incorporan caracter\u00edsticas de seguridad para evitar fallas accidentales y garantizar un funcionamiento seguro.<\/li>\n<li><strong>Mantenibilidad:<\/strong> El cilindro est\u00e1 dise\u00f1ado para facilitar el mantenimiento, lo que permite una f\u00e1cil inspecci\u00f3n, lubricaci\u00f3n y reemplazo de componentes.<\/li>\n<\/ul>\n<p><img decoding=\"async\" src=\"https:\/\/www.hydraulic-cylinders.net\/wp-content\/uploads\/2025\/01\/songte-chushion-collar.webp\" alt=\"Imagen del producto\"><\/p>\n<h2>Sellado y lubricaci\u00f3n<\/h2>\n<p>El cilindro del cuchar\u00f3n utiliza diversos sellos, incluyendo sellos de pist\u00f3n y de v\u00e1stago, fabricados con materiales resistentes al desgaste como poliuretano y caucho de nitrilo. El cuerpo del cilindro y los extremos roscados se someten a un tratamiento preciso para mejorar la resistencia al desgaste. La lubricaci\u00f3n regular con el aceite hidr\u00e1ulico adecuado es esencial para garantizar una lubricaci\u00f3n adecuada y un funcionamiento fluido.<\/p>\n<h2>Inspecci\u00f3n peri\u00f3dica y medidas de mantenimiento preventivo<\/h2>\n<p>Para mantener un rendimiento \u00f3ptimo y una mayor longevidad, se deben tomar las siguientes medidas:<\/p>\n<ul>\n<li>Inspeccione peri\u00f3dicamente el cilindro para detectar signos de desgaste, da\u00f1os o fugas.<\/li>\n<li>Aseg\u00farese de que todas las partes m\u00f3viles est\u00e9n lubricadas adecuadamente.<\/li>\n<li>Reemplace los sellos cuando sea necesario para mantener un sellado efectivo.<\/li>\n<li>Realice comprobaciones de calibraci\u00f3n para garantizar un funcionamiento preciso.<\/li>\n<\/ul>\n<p><img decoding=\"async\" src=\"https:\/\/www.hydraulic-cylinders.net\/wp-content\/uploads\/2025\/01\/songte-bushings-with-all-kinds-of-excavator-models.webp\" alt=\"Imagen del producto\"><\/p>\n<h2>Consideraciones de seguridad y factores ambientales<\/h2>\n<p>Al utilizar el cilindro del cuchar\u00f3n, es fundamental seguir las medidas de seguridad para evitar accidentes o lesiones. Se deben tomar las precauciones de seguridad adecuadas y los operadores deben recibir capacitaci\u00f3n sobre su uso y manejo adecuados.<\/p>\n<h2>Diagn\u00f3stico de fallas y problemas comunes<\/h2>\n<p>Las fallas y problemas comunes que pueden surgir con el cilindro del cuchar\u00f3n incluyen fugas, rendimiento reducido y ruidos anormales. Para diagnosticar y abordar estos problemas eficazmente, considere los siguientes consejos y soluciones:<\/p>\n<ul>\n<li>Compruebe si hay signos de fugas, como manchas de aceite o charcos.<\/li>\n<li>Inspeccione el cilindro para detectar un rendimiento reducido, como un movimiento lento o desigual.<\/li>\n<li>Aborde cualquier ruido anormal durante el funcionamiento que pueda indicar da\u00f1os internos.<\/li>\n<li>Implementar medidas preventivas para minimizar problemas potenciales.<\/li>\n<\/ul>\n<p><img decoding=\"async\" src=\"https:\/\/www.hydraulic-cylinders.net\/wp-content\/uploads\/2025\/01\/songte-company-1.webp\" alt=\"Imagen del producto\"><\/p>\n<h2>Acerca de nuestra empresa<\/h2>\n<p>Somos fabricantes de cilindros hidr\u00e1ulicos de repuesto y uno de los principales fabricantes y mayoristas del mercado nacional e internacional. Nos adherimos a los principios de excelente calidad y nos basamos en estrategias de gesti\u00f3n de la producci\u00f3n industrial en nuestro refinado taller de fabricaci\u00f3n. Con un enfoque en el talento tecnol\u00f3gico, equipos de fabricaci\u00f3n digital de alta gama y sistemas de prueba profesionales, mejoramos continuamente nuestra plataforma de fabricaci\u00f3n y las rutas de producci\u00f3n de calidad de nuestros productos. Nuestra s\u00f3lida capacidad creativa nos permite satisfacer las diversas necesidades de nuestros clientes con alta eficiencia, precisi\u00f3n y calidad.<\/p>\n<p><img decoding=\"async\" src=\"https:\/\/www.hydraulic-cylinders.net\/wp-content\/uploads\/2025\/01\/songte-company-3.webp\" alt=\"Imagen del producto\"><\/p>\n<h3>Profesionalismo:<\/h3>\n<p>Nos enorgullecemos de nuestra profesionalidad y experiencia en la industria de cilindros hidr\u00e1ulicos. Nuestro equipo de profesionales cualificados garantiza que nuestros productos cumplan con los m\u00e1s altos est\u00e1ndares.<\/p>\n<h3>Certificaciones internacionales:<\/h3>\n<p>Hemos obtenido diversas certificaciones internacionales, demostrando nuestro compromiso con la calidad y seguridad.<\/p>\n<h3>Servicios de personalizaci\u00f3n:<\/h3>\n<p>Ofrecemos servicios de personalizaci\u00f3n para satisfacer los requisitos espec\u00edficos del cliente y brindar soluciones personalizadas.<\/p>\n<h3>Equipo de producci\u00f3n:<\/h3>\n<p>Nuestra empresa utiliza equipos de producci\u00f3n avanzados para garantizar la precisi\u00f3n y la calidad de nuestros cilindros hidr\u00e1ulicos.<\/p>\n<h3>Servicio postventa:<\/h3>\n<p>Brindamos un servicio posventa integral, que incluye reemplazo de piezas y servicios de reconstrucci\u00f3n, para mejorar la vida \u00fatil de nuestros productos.<\/p>\n<p>By following the rules set by the author, lyl, this article provides a comprehensive overview of the bucket cylinder for Hengte HT90\/21. It covers its definition, features, applications, design considerations, sealing and lubrication, maintenance measures, safety considerations, fault diagnosis, and our company&#8217;s introduction. The article is logically organized, utilizes HTML formatting, incorporates relevant images, and ensures clarity and conciseness for readers with varying technical knowledge levels.<\/p>","protected":false},"excerpt":{"rendered":"<p>Bucket Cylinder For Hengte HT90\/21 Introduction The bucket cylinder for Hengte HT90\/21 is a specially designed hydraulic cylinder that is primarily used to control the movement of buckets in heavy machinery such as excavators, backhoe loaders, and front-end loaders. Its main function is to enable the lifting, lowering, and tilting of the bucket, facilitating various [&hellip;]<\/p>","protected":false},"featured_media":14761,"comment_status":"open","ping_status":"closed","template":"","meta":{"_et_pb_use_builder":"","_et_pb_old_content":"","_et_gb_content_width":""},"product_brand":[],"product_cat":[1494],"product_tag":[1495,1496],"class_list":{"0":"post-15986","1":"product","2":"type-product","3":"status-publish","4":"has-post-thumbnail","6":"product_cat-bucket-cylinders","7":"product_tag-bucket-cylinders","8":"product_tag-hydraulic-cylinders","10":"first","11":"instock","12":"shipping-taxable","13":"product-type-simple"},"amp_enabled":true,"_links":{"self":[{"href":"https:\/\/www.hydraulic-cylinders.net\/es\/wp-json\/wp\/v2\/product\/15986","targetHints":{"allow":["GET"]}}],"collection":[{"href":"https:\/\/www.hydraulic-cylinders.net\/es\/wp-json\/wp\/v2\/product"}],"about":[{"href":"https:\/\/www.hydraulic-cylinders.net\/es\/wp-json\/wp\/v2\/types\/product"}],"replies":[{"embeddable":true,"href":"https:\/\/www.hydraulic-cylinders.net\/es\/wp-json\/wp\/v2\/comments?post=15986"}],"wp:featuredmedia":[{"embeddable":true,"href":"https:\/\/www.hydraulic-cylinders.net\/es\/wp-json\/wp\/v2\/media\/14761"}],"wp:attachment":[{"href":"https:\/\/www.hydraulic-cylinders.net\/es\/wp-json\/wp\/v2\/media?parent=15986"}],"wp:term":[{"taxonomy":"product_brand","embeddable":true,"href":"https:\/\/www.hydraulic-cylinders.net\/es\/wp-json\/wp\/v2\/product_brand?post=15986"},{"taxonomy":"product_cat","embeddable":true,"href":"https:\/\/www.hydraulic-cylinders.net\/es\/wp-json\/wp\/v2\/product_cat?post=15986"},{"taxonomy":"product_tag","embeddable":true,"href":"https:\/\/www.hydraulic-cylinders.net\/es\/wp-json\/wp\/v2\/product_tag?post=15986"}],"curies":[{"name":"wp","href":"https:\/\/api.w.org\/{rel}","templated":true}]}}