{"id":15991,"date":"2025-01-19T15:15:39","date_gmt":"2025-01-19T15:15:39","guid":{"rendered":"https:\/\/www.hydraulic-cylinders.net\/product\/bucket-cylinder-for-hengte-wheel-excavator-htl106\/"},"modified":"2025-01-19T15:15:41","modified_gmt":"2025-01-19T15:15:41","slug":"bucket-cylinder-for-hengte-wheel-excavator-htl106","status":"publish","type":"product","link":"https:\/\/www.hydraulic-cylinders.net\/es\/producto\/bucket-cylinder-for-hengte-wheel-excavator-htl106\/","title":{"rendered":"Cilindro de cuchar\u00f3n para excavadora de ruedas Hengte HTL106"},"content":{"rendered":"<h1>Cilindro de cuchar\u00f3n para excavadora de ruedas Hengte HTL106<\/h1>\n<h2>Introducci\u00f3n<\/h2>\n<p>Un cilindro de cuchar\u00f3n es un cilindro hidr\u00e1ulico especialmente dise\u00f1ado que se utiliza para controlar el movimiento de los cucharones en maquinaria pesada, como excavadoras, retroexcavadoras y cargadoras frontales. Su funci\u00f3n principal es permitir que el cuchar\u00f3n se eleve, baje e incline, facilitando la manipulaci\u00f3n de diversos materiales. En el sistema hidr\u00e1ulico, el cilindro del cuchar\u00f3n controla con precisi\u00f3n el movimiento del cuchar\u00f3n mediante los cambios de presi\u00f3n del aceite hidr\u00e1ulico, lo que permite al operador manipular cargas pesadas con eficiencia y adaptarse a entornos de trabajo complejos y a diversos requisitos.<\/p>\n<p><img decoding=\"async\" src=\"https:\/\/www.hydraulic-cylinders.net\/wp-content\/uploads\/2025\/01\/songte-company-2.webp\"><\/p>\n<h2>Caracter\u00edsticas<\/h2>\n<ul>\n<li>Alta resistencia y durabilidad: generalmente fabricado en acero o aluminio de alta resistencia, puede soportar alta presi\u00f3n y cargas pesadas, adaptarse a entornos de trabajo hostiles y est\u00e1 dise\u00f1ado teniendo en cuenta la resistencia al desgaste y la corrosi\u00f3n, prolongando su vida \u00fatil.<\/li>\n<li>Operaci\u00f3n hidr\u00e1ulica eficiente: Se logran acciones suaves de extensi\u00f3n y retracci\u00f3n utilizando la presi\u00f3n del aceite hidr\u00e1ulico, lo que permite una respuesta r\u00e1pida a los comandos de control, proporcionando poderosas fuerzas de empuje y tracci\u00f3n, adecuadas para manipular cargas pesadas y tareas laborales complejas.<\/li>\n<li>Diversos tipos: Se pueden seleccionar cilindros de simple efecto (hidr\u00e1ulicos en una sola direcci\u00f3n) o de doble efecto (hidr\u00e1ulicos en ambas direcciones) seg\u00fan sea necesario para satisfacer diferentes requisitos operativos. Algunos modelos son telesc\u00f3picos, lo que permite una mayor expansi\u00f3n sin aumentar las dimensiones externas, ideal para aplicaciones con espacio limitado.<\/li>\n<li>Reemplazable: Nuestro producto reemplaza perfectamente estos cilindros hidr\u00e1ulicos.<\/li>\n<\/ul>\n<p><img decoding=\"async\" src=\"https:\/\/www.hydraulic-cylinders.net\/wp-content\/uploads\/2025\/01\/songte-cylinder-head-with-all-kinds-excavator-models.webp\"><\/p>\n<h2>Aplicaciones<\/h2>\n<p>Los cilindros de cangilones encuentran un uso importante en diversas industrias, algunas de las cuales se analizan a continuaci\u00f3n:<\/p>\n<h3>Equipos de construcci\u00f3n<\/h3>\n<p>Los cilindros del cuchar\u00f3n desempe\u00f1an un papel crucial en las excavadoras para excavar, cargar y mover tierra o escombros. En las retroexcavadoras, el cilindro del cuchar\u00f3n facilita tanto la excavaci\u00f3n como la elevaci\u00f3n. En las cargadoras frontales, facilita la elevaci\u00f3n e inclinaci\u00f3n eficiente de la carga.<\/p>\n<h3>Maquinaria agr\u00edcola<\/h3>\n<p>Los cilindros de cuchar\u00f3n utilizados en cargadores frontales se utilizan para recoger, levantar y transportar tierra, heno y otros materiales.<\/p>\n<h3>excavadoras<\/h3>\n<p>El cilindro del cuchar\u00f3n permite que el cuchar\u00f3n penetre en el suelo, lo que permite realizar acciones de excavaci\u00f3n.<\/p>\n<h3>Cargador<\/h3>\n<p>En los cargadores frontales, ayudan a levantar e inclinar las mercanc\u00edas.<\/p>\n<p><img decoding=\"async\" src=\"https:\/\/www.hydraulic-cylinders.net\/wp-content\/uploads\/2025\/01\/songte-bushings-with-all-kinds-of-excavator-models.webp\"><\/p>\n<h2>Consideraci\u00f3n y selecci\u00f3n del dise\u00f1o<\/h2>\n<ul>\n<li>Capacidad de carga: El cilindro debe soportar la carga de los materiales a manipular durante las operaciones.<\/li>\n<li>Sellado: Se utilizan diversos componentes de sellado, como sellos de pist\u00f3n, sellos de varilla, etc., para evitar fugas de fluido hidr\u00e1ulico.<\/li>\n<li>Durabilidad: Se espera que el cilindro tenga una vida \u00fatil prolongada y resista duras condiciones de trabajo.<\/li>\n<li>Seguridad: Se incorporan caracter\u00edsticas de seguridad como v\u00e1lvulas de alivio de presi\u00f3n, cerraduras de seguridad, etc., para garantizar la seguridad de los operadores y el equipo.<\/li>\n<li>Mantenimiento: El cilindro est\u00e1 dise\u00f1ado para facilitar su mantenimiento y reparaci\u00f3n.<\/li>\n<\/ul>\n<p><img decoding=\"async\" src=\"https:\/\/www.hydraulic-cylinders.net\/wp-content\/uploads\/2025\/01\/songte-oil-pipes-and-spare-parts.webp\"><\/p>\n<h2>Sellado y lubricaci\u00f3n<\/h2>\n<p>El cilindro utiliza diversos componentes de sellado, como sellos de pist\u00f3n, sellos de v\u00e1stago, etc. Estos componentes est\u00e1n fabricados con materiales resistentes al desgaste, como poliuretano y caucho de nitrilo. El cuerpo del cilindro y la superficie del extremo de la rosca se someten a un procesamiento fino para mejorar la resistencia al desgaste. Una lubricaci\u00f3n adecuada y regular con aceite hidr\u00e1ulico es esencial para un funcionamiento fluido.<\/p>\n<h2>Mantenimiento preventivo<\/h2>\n<p>Las revisiones peri\u00f3dicas y el mantenimiento preventivo son esenciales para un funcionamiento \u00f3ptimo. Algunas tareas de mantenimiento habituales son:<\/p>\n<ul>\n<li>Inspecci\u00f3n regular<\/li>\n<li>Lubricaci\u00f3n adecuada<\/li>\n<li>Reemplazo del sello<\/li>\n<li>Comprobaci\u00f3n de calibraci\u00f3n<\/li>\n<\/ul>\n<h2>Consideraciones de seguridad y factores ambientales<\/h2>\n<p>Es importante seguir las medidas de seguridad al operar el cilindro. Factores ambientales como la temperatura, la humedad, etc., pueden afectar su rendimiento.<\/p>\n<h2>Diagn\u00f3stico y soluci\u00f3n de problemas<\/h2>\n<p>El cilindro puede enfrentar algunos problemas comunes, como fugas de aceite, presi\u00f3n insuficiente, etc. El diagn\u00f3stico y la resoluci\u00f3n de problemas adecuados son necesarios para evitar tiempos de inactividad y prevenir da\u00f1os mayores.<\/p>\n<h2>Introducci\u00f3n de la empresa<\/h2>\n<p>Somos fabricantes de cilindros hidr\u00e1ulicos que pueden reemplazar los cilindros originales. Nuestra empresa cuenta con una gama completa de productos y se ha convertido en uno de los principales fabricantes y distribuidores mayoristas de cilindros hidr\u00e1ulicos en el mercado nacional e internacional. Nos basamos en el principio de excelente calidad, bas\u00e1ndonos en la estrategia de gesti\u00f3n de la producci\u00f3n industrial de un taller de fabricaci\u00f3n de precisi\u00f3n. Nuestra empresa mejora continuamente la plataforma de fabricaci\u00f3n del taller, perfecciona el proceso de calidad de producci\u00f3n del producto y cuenta con una s\u00f3lida capacidad creativa. Satisfacemos las diversas necesidades de nuestros clientes con alta eficiencia, precisi\u00f3n y principios de alta calidad.<\/p>\n<p><img decoding=\"async\" src=\"https:\/\/hzpt.com\/wp-content\/uploads\/2024\/11\/songte-company-1.webp\"><\/p>\n<h3>Profesionalismo<\/h3>\n<p>Nuestra empresa cuenta con personal t\u00e9cnico profesional, equipos de fabricaci\u00f3n digitales de alta gama y sistemas de inspecci\u00f3n profesionales. Contamos con un equipo de profesionales con amplios conocimientos sobre cilindros hidr\u00e1ulicos que brindan un excelente servicio a nuestros clientes.<\/p>\n<h3>Certificaci\u00f3n Internacional<\/h3>\n<p>Nuestros productos est\u00e1n certificados por autoridades de certificaci\u00f3n internacionales como ISO9001, SGS y CE, lo que garantiza calidad y confiabilidad.<\/p>\n<h3>Servicios de personalizaci\u00f3n<\/h3>\n<p>Ofrecemos servicios personalizados para satisfacer las necesidades espec\u00edficas de nuestros clientes.<\/p>\n<h3>Equipos de producci\u00f3n<\/h3>\n<p>Nuestra empresa cuenta con equipos de producci\u00f3n avanzados como tornos CNC, rectificadoras y fresadoras, garantizando alta precisi\u00f3n y calidad de los productos.<\/p>\n<h3>Servicio posventa<\/h3>\n<p>Brindamos servicios integrales de posventa, como mantenimiento, reparaci\u00f3n y reemplazo de piezas, garantizando que nuestros clientes obtengan el m\u00e1ximo valor de nuestros productos.<\/p>\n<h2>Autor: lyl<\/h2>","protected":false},"excerpt":{"rendered":"<p>Bucket Cylinder For Hengte Wheel Excavator HTL106 Introduction A bucket cylinder is a specially designed hydraulic cylinder used to control the movement of buckets in heavy machinery such as excavators, backhoe excavators, and front-end loaders. Its main function is to enable the bucket to lift, lower, and tilt, facilitating the handling of various materials. In [&hellip;]<\/p>","protected":false},"featured_media":14784,"comment_status":"open","ping_status":"closed","template":"","meta":{"_et_pb_use_builder":"","_et_pb_old_content":"","_et_gb_content_width":""},"product_brand":[],"product_cat":[1494],"product_tag":[1495,1496],"class_list":{"0":"post-15991","1":"product","2":"type-product","3":"status-publish","4":"has-post-thumbnail","6":"product_cat-bucket-cylinders","7":"product_tag-bucket-cylinders","8":"product_tag-hydraulic-cylinders","10":"first","11":"instock","12":"shipping-taxable","13":"product-type-simple"},"amp_enabled":true,"_links":{"self":[{"href":"https:\/\/www.hydraulic-cylinders.net\/es\/wp-json\/wp\/v2\/product\/15991","targetHints":{"allow":["GET"]}}],"collection":[{"href":"https:\/\/www.hydraulic-cylinders.net\/es\/wp-json\/wp\/v2\/product"}],"about":[{"href":"https:\/\/www.hydraulic-cylinders.net\/es\/wp-json\/wp\/v2\/types\/product"}],"replies":[{"embeddable":true,"href":"https:\/\/www.hydraulic-cylinders.net\/es\/wp-json\/wp\/v2\/comments?post=15991"}],"wp:featuredmedia":[{"embeddable":true,"href":"https:\/\/www.hydraulic-cylinders.net\/es\/wp-json\/wp\/v2\/media\/14784"}],"wp:attachment":[{"href":"https:\/\/www.hydraulic-cylinders.net\/es\/wp-json\/wp\/v2\/media?parent=15991"}],"wp:term":[{"taxonomy":"product_brand","embeddable":true,"href":"https:\/\/www.hydraulic-cylinders.net\/es\/wp-json\/wp\/v2\/product_brand?post=15991"},{"taxonomy":"product_cat","embeddable":true,"href":"https:\/\/www.hydraulic-cylinders.net\/es\/wp-json\/wp\/v2\/product_cat?post=15991"},{"taxonomy":"product_tag","embeddable":true,"href":"https:\/\/www.hydraulic-cylinders.net\/es\/wp-json\/wp\/v2\/product_tag?post=15991"}],"curies":[{"name":"wp","href":"https:\/\/api.w.org\/{rel}","templated":true}]}}