{"id":15994,"date":"2025-01-19T15:15:58","date_gmt":"2025-01-19T15:15:58","guid":{"rendered":"https:\/\/www.hydraulic-cylinders.net\/product\/bucket-cylinder-for-yigong-cy85-8\/"},"modified":"2025-01-19T15:16:02","modified_gmt":"2025-01-19T15:16:02","slug":"bucket-cylinder-for-yigong-cy85-8","status":"publish","type":"product","link":"https:\/\/www.hydraulic-cylinders.net\/es\/producto\/bucket-cylinder-for-yigong-cy85-8\/","title":{"rendered":"Cilindro de cuchar\u00f3n para Yigong CY85-8"},"content":{"rendered":"<h2>Introducci\u00f3n<\/h2>\n<h3>\u00bfQu\u00e9 es el cilindro de cubo para Yigong CY85-8?<\/h3>\n<p>El cilindro del cuchar\u00f3n para el modelo Yigong CY85-8 es un cilindro hidr\u00e1ulico especialmente dise\u00f1ado que se utiliza principalmente para controlar el movimiento del cuchar\u00f3n en maquinaria pesada como excavadoras, retroexcavadoras y cargadoras frontales. Su funci\u00f3n principal es permitir que el cuchar\u00f3n se eleve, baje e incline, facilitando diversas tareas de manipulaci\u00f3n de materiales. En el sistema hidr\u00e1ulico, el cilindro del cuchar\u00f3n logra un control preciso del cuchar\u00f3n mediante cambios en la presi\u00f3n del aceite hidr\u00e1ulico, lo que permite a los operadores manipular cargas pesadas con eficiencia y adaptarse a entornos de trabajo complejos y diversas necesidades operativas.<\/p>\n<p><img decoding=\"async\" src=\"https:\/\/www.hydraulic-cylinders.net\/wp-content\/uploads\/2025\/01\/songte-company-2.webp\" alt=\"Cilindro de cuchar\u00f3n para Yigong CY85-8\" \/><\/p>\n<h3>Caracter\u00edsticas del cilindro de cuchar\u00f3n para Yigong CY85-8<\/h3>\n<ul>\n<li>Alta resistencia y durabilidad: generalmente fabricados en acero o aluminio de alta resistencia, capaces de soportar alta presi\u00f3n y cargas pesadas, adaptarse a entornos de trabajo hostiles y dise\u00f1ados teniendo en cuenta la resistencia al desgaste y la corrosi\u00f3n, lo que prolonga la vida \u00fatil.<\/li>\n<li>Operaci\u00f3n hidr\u00e1ulica eficiente: La extensi\u00f3n y retracci\u00f3n suaves se logran mediante el uso de presi\u00f3n de aceite hidr\u00e1ulico, lo que permite una respuesta r\u00e1pida a los comandos de control, proporciona poderosas fuerzas de empuje y tracci\u00f3n y es adecuado para manipular cargas pesadas y tareas operativas complejas.<\/li>\n<li>Diversos tipos: Se pueden seleccionar cilindros de simple efecto (hidr\u00e1ulico en una sola direcci\u00f3n) o de doble efecto (hidr\u00e1ulico en ambas direcciones) seg\u00fan las necesidades operativas. Algunos modelos son telesc\u00f3picos, lo que permite una mayor extensi\u00f3n sin aumentar las dimensiones externas, lo que los hace ideales para aplicaciones con espacio limitado.<\/li>\n<li>Se puede utilizar como reemplazo de otros cilindros hidr\u00e1ulicos.<\/li>\n<\/ul>\n<p><img decoding=\"async\" src=\"https:\/\/www.hydraulic-cylinders.net\/wp-content\/uploads\/2025\/01\/songte-cylinder-head-with-all-kinds-excavator-models.webp\" alt=\"Cilindro de cuchar\u00f3n para Yigong CY85-8\" \/><\/p>\n<h3>Aplicaciones del cilindro de cangilones para Yigong CY85-8<\/h3>\n<p>El cilindro de cuchar\u00f3n para Yigong CY85-8 se usa ampliamente en diversas maquinarias y equipos pesados, como:<\/p>\n<ul>\n<li>Equipos de construcci\u00f3n: En las excavadoras, son esenciales para excavar, cargar y mover tierra o escombros. En las retroexcavadoras, los cilindros del cuchar\u00f3n ayudan tanto en la excavaci\u00f3n como en la elevaci\u00f3n. <\/li>\n<li>Maquinaria agr\u00edcola: Se utiliza en cargadoras frontales, para recoger, levantar y transportar tierra, heno y otros materiales. <\/li>\n<li>Excavadoras: El cilindro del cuchar\u00f3n permite excavar permitiendo que el cuchar\u00f3n penetre en el suelo.<\/li>\n<li>Cargadores frontales: En los cargadores frontales, ayudan a levantar y descargar la carga de manera eficaz. <\/li>\n<\/ul>\n<h3>Criterios de dise\u00f1o y selecci\u00f3n<\/h3>\n<p>El dise\u00f1o y la selecci\u00f3n del cilindro de cangil\u00f3n para Yigong CY85-8 se basan en varias consideraciones, que incluyen:<\/p>\n<ul>\n<li>Capacidad de carga: El cilindro debe estar dise\u00f1ado para soportar la carga prevista. <\/li>\n<li>Sellado: Se utilizan diversos componentes de sellado, como sellos de pist\u00f3n y sellos de varilla, para evitar fugas de aceite hidr\u00e1ulico. <\/li>\n<li>Durabilidad: El cilindro debe estar hecho de materiales que puedan soportar el desgaste, la corrosi\u00f3n y otros factores ambientales. <\/li>\n<li>Seguridad: El cilindro debe estar dise\u00f1ado para minimizar el riesgo de accidentes y lesiones. <\/li>\n<li>Mantenibilidad: El dise\u00f1o debe facilitar la realizaci\u00f3n de tareas de mantenimiento y reparaci\u00f3n del cilindro. <\/li>\n<\/ul>\n<p><img decoding=\"async\" src=\"https:\/\/www.hydraulic-cylinders.net\/wp-content\/uploads\/2025\/01\/songte-oil-pipes-and-spare-parts.webp\" alt=\"Cilindro de cuchar\u00f3n para Yigong CY85-8\" \/><\/p>\n<h3>Sellado y lubricaci\u00f3n del cilindro del cuchar\u00f3n para Yigong CY85-8<\/h3>\n<p>El cilindro de cuchar\u00f3n para Yigong CY85-8 utiliza diversos componentes de sellado, como sellos de pist\u00f3n y de v\u00e1stago, para evitar fugas de aceite hidr\u00e1ulico. Estos sellos est\u00e1n fabricados con materiales resistentes al desgaste, como poliuretano y caucho de nitrilo. El cuerpo del cilindro y las superficies roscadas de los extremos est\u00e1n finamente procesadas para mejorar la resistencia al desgaste. Se recomienda a\u00f1adir regularmente la cantidad adecuada de aceite hidr\u00e1ulico para su lubricaci\u00f3n.<\/p>\n<h3>Inspecci\u00f3n peri\u00f3dica y medidas de mantenimiento preventivo<\/h3>\n<p>La inspecci\u00f3n peri\u00f3dica y el mantenimiento preventivo pueden ayudar a prolongar la vida \u00fatil del cilindro de cangilones del Yigong CY85-8. Algunas medidas incluyen:<\/p>\n<ul>\n<li>Inspeccionar peri\u00f3dicamente el cilindro para detectar fugas, da\u00f1os y desgaste. <\/li>\n<li>Aplicar lubricantes adecuados al cilindro para mantenerlo funcionando sin problemas. <\/li>\n<li>Sustituir las juntas cuando sea necesario. <\/li>\n<li>Comprobaci\u00f3n y calibraci\u00f3n del cilindro para garantizar su correcto funcionamiento. <\/li>\n<\/ul>\n<h3>Gu\u00eda de instalaci\u00f3n del producto<\/h3>\n<p>La correcta instalaci\u00f3n del cilindro de cangilones para el Yigong CY85-8 es esencial para un rendimiento y una seguridad \u00f3ptimos. Algunos procedimientos de instalaci\u00f3n recomendados incluyen:<\/p>\n<ul>\n<li>Alinear correctamente el cilindro para evitar cualquier desalineaci\u00f3n. <\/li>\n<li>Utilizando soportes de montaje adecuados para asegurar el cilindro. <\/li>\n<li>Siguiendo los procedimientos recomendados de inspecci\u00f3n, reparaci\u00f3n y reemplazo. <\/li>\n<li>Proporcionamos servicios de reconstrucci\u00f3n para prolongar la vida \u00fatil del producto. <\/li>\n<\/ul>\n<p><img decoding=\"async\" src=\"https:\/\/www.hydraulic-cylinders.net\/wp-content\/uploads\/2025\/01\/songte-chushion-collar.webp\" alt=\"Cilindro de cuchar\u00f3n para Yigong CY85-8\" \/><\/p>\n<h3>Consideraciones de seguridad y factores ambientales<\/h3>\n<p>Al utilizar el cilindro de cuchar\u00f3n para Yigong CY85-8, es importante seguir todas las normas y procedimientos de seguridad pertinentes. Un uso adecuado puede ayudar a minimizar el riesgo de accidentes o lesiones. Tambi\u00e9n es importante considerar factores ambientales, como la correcta eliminaci\u00f3n del aceite hidr\u00e1ulico usado.<\/p>\n<h3>Soluci\u00f3n de problemas y problemas comunes<\/h3>\n<p>Los problemas comunes con el cilindro del cuchar\u00f3n del Yigong CY85-8 incluyen fugas de aceite hidr\u00e1ulico, fuerza insuficiente y mal funcionamiento. Algunos consejos y soluciones para la resoluci\u00f3n de problemas incluyen:<\/p>\n<ul>\n<li>Inspeccionar el cilindro para detectar fugas y da\u00f1os. <\/li>\n<li>Comprobaci\u00f3n de los niveles de aceite hidr\u00e1ulico y rellenado seg\u00fan sea necesario. <\/li>\n<li>Reemplazo de sellos da\u00f1ados o desgastados. <\/li>\n<li>Comprobaci\u00f3n y calibraci\u00f3n del cilindro. <\/li>\n<li>Proporcionar mantenimiento preventivo para minimizar problemas potenciales. <\/li>\n<\/ul>\n<p><img decoding=\"async\" src=\"https:\/\/www.hydraulic-cylinders.net\/wp-content\/uploads\/2025\/01\/songte-bushings-with-all-kinds-of-excavator-models.webp\" alt=\"Cilindro de cuchar\u00f3n para Yigong CY85-8\" \/><\/p>\n<h2>Acerca de nuestra empresa<\/h2>\n<p>Somos fabricantes de cilindros hidr\u00e1ulicos que pueden sustituir a otros cilindros. Nuestra empresa ofrece una amplia variedad de productos y se ha convertido en uno de los principales fabricantes y distribuidores mayoristas de cilindros hidr\u00e1ulicos en el mercado nacional e internacional. Nos comprometemos con la excelencia y nos basamos en estrategias de gesti\u00f3n de la producci\u00f3n industrial, respaldadas por sofisticados talleres de fabricaci\u00f3n, talento tecnol\u00f3gico, equipos de fabricaci\u00f3n digital de alta gama y sistemas de prueba profesionales. Mejoramos continuamente nuestra plataforma de producci\u00f3n y la calidad de nuestros productos para satisfacer las diversas necesidades de nuestros clientes con eficiencia, precisi\u00f3n y alta calidad.<\/p>\n<p><img decoding=\"async\" src=\"https:\/\/hzpt.com\/wp-content\/uploads\/2024\/11\/songte-company-1.webp\" alt=\"Cilindro de cuchar\u00f3n para Yigong CY85-8\" \/><\/p>\n<h3>Profesionalismo<\/h3>\n<p>Contamos con un equipo de ingenieros y t\u00e9cnicos profesionales dedicados a garantizar la calidad y el rendimiento de nuestros productos. Nuestro proceso de fabricaci\u00f3n se mejora constantemente y nuestros productos se fabrican bajo estrictos est\u00e1ndares de calidad. <\/p>\n<h3>Certificaci\u00f3n Internacional<\/h3>\n<p>Nuestros productos han pasado pruebas de certificaci\u00f3n internacionales y han obtenido certificaciones como ISO9001:2015 y CE. <\/p>\n<h3>Servicios de personalizaci\u00f3n<\/h3>\n<p>Ofrecemos servicios de personalizaci\u00f3n para satisfacer las necesidades espec\u00edficas de nuestros clientes. Brindamos soluciones a medida para diferentes aplicaciones e industrias. <\/p>\n<h3>Equipos de producci\u00f3n<\/h3>\n<p>Utilizamos equipos de fabricaci\u00f3n digital de alta gama para garantizar precisi\u00f3n y exactitud en nuestro proceso de producci\u00f3n. <\/p>\n<h3>Servicio postventa<\/h3>\n<p>Ofrecemos un servicio posventa integral y soporte para garantizar la satisfacci\u00f3n del cliente. Nuestra empresa cuenta con un equipo t\u00e9cnico profesional que brinda soporte oportuno y eficaz. <\/p>\n<p>Autor: lyl<\/p>","protected":false},"excerpt":{"rendered":"<p>Introduction What is Bucket Cylinder For Yigong CY85-8? The Bucket Cylinder For Yigong CY85-8 is a specially designed hydraulic cylinder that is mainly used to control the movement of the bucket in heavy machinery such as excavators, backhoe loaders, and front loaders. Its main function is to enable the bucket to lift, lower, and tilt, [&hellip;]<\/p>","protected":false},"featured_media":14778,"comment_status":"open","ping_status":"closed","template":"","meta":{"_et_pb_use_builder":"","_et_pb_old_content":"","_et_gb_content_width":""},"product_brand":[],"product_cat":[1494],"product_tag":[1495,1496],"class_list":{"0":"post-15994","1":"product","2":"type-product","3":"status-publish","4":"has-post-thumbnail","6":"product_cat-bucket-cylinders","7":"product_tag-bucket-cylinders","8":"product_tag-hydraulic-cylinders","10":"first","11":"instock","12":"shipping-taxable","13":"product-type-simple"},"amp_enabled":true,"_links":{"self":[{"href":"https:\/\/www.hydraulic-cylinders.net\/es\/wp-json\/wp\/v2\/product\/15994","targetHints":{"allow":["GET"]}}],"collection":[{"href":"https:\/\/www.hydraulic-cylinders.net\/es\/wp-json\/wp\/v2\/product"}],"about":[{"href":"https:\/\/www.hydraulic-cylinders.net\/es\/wp-json\/wp\/v2\/types\/product"}],"replies":[{"embeddable":true,"href":"https:\/\/www.hydraulic-cylinders.net\/es\/wp-json\/wp\/v2\/comments?post=15994"}],"wp:featuredmedia":[{"embeddable":true,"href":"https:\/\/www.hydraulic-cylinders.net\/es\/wp-json\/wp\/v2\/media\/14778"}],"wp:attachment":[{"href":"https:\/\/www.hydraulic-cylinders.net\/es\/wp-json\/wp\/v2\/media?parent=15994"}],"wp:term":[{"taxonomy":"product_brand","embeddable":true,"href":"https:\/\/www.hydraulic-cylinders.net\/es\/wp-json\/wp\/v2\/product_brand?post=15994"},{"taxonomy":"product_cat","embeddable":true,"href":"https:\/\/www.hydraulic-cylinders.net\/es\/wp-json\/wp\/v2\/product_cat?post=15994"},{"taxonomy":"product_tag","embeddable":true,"href":"https:\/\/www.hydraulic-cylinders.net\/es\/wp-json\/wp\/v2\/product_tag?post=15994"}],"curies":[{"name":"wp","href":"https:\/\/api.w.org\/{rel}","templated":true}]}}