{"id":15995,"date":"2025-01-19T15:16:04","date_gmt":"2025-01-19T15:16:04","guid":{"rendered":"https:\/\/www.hydraulic-cylinders.net\/product\/bucket-cylinder-for-yigong-cy8150\/"},"modified":"2025-01-19T15:16:06","modified_gmt":"2025-01-19T15:16:06","slug":"bucket-cylinder-for-yigong-cy8150","status":"publish","type":"product","link":"https:\/\/www.hydraulic-cylinders.net\/es\/producto\/bucket-cylinder-for-yigong-cy8150\/","title":{"rendered":"Cilindro de cuchar\u00f3n para Yigong CY8150"},"content":{"rendered":"<h1>Cilindro de cuchar\u00f3n para Yigong CY8150<\/h1>\n<h2>Introducci\u00f3n<\/h2>\n<p>El cilindro del cuchar\u00f3n es un cilindro hidr\u00e1ulico especialmente dise\u00f1ado que se utiliza principalmente para controlar el movimiento de los cucharones en maquinaria pesada, como excavadoras, retroexcavadoras y cargadoras frontales. Su funci\u00f3n principal es permitir que el cuchar\u00f3n se eleve, baje e incline, facilitando diversas tareas de manipulaci\u00f3n de materiales. En el sistema hidr\u00e1ulico, el cilindro del cuchar\u00f3n logra un control preciso del cuchar\u00f3n mediante cambios en la presi\u00f3n del aceite hidr\u00e1ulico, lo que permite a los operadores manipular cargas pesadas con eficiencia y adaptarse a entornos de trabajo complejos y a diversos requisitos.<\/p>\n<p><img decoding=\"async\" src=\"https:\/\/www.hydraulic-cylinders.net\/wp-content\/uploads\/2025\/01\/songte-company-2.webp\"\/><\/p>\n<h2>Caracter\u00edsticas<\/h2>\n<ul>\n<li>Alta resistencia y durabilidad: generalmente fabricados en acero o aluminio de alta resistencia, capaces de soportar alta presi\u00f3n y cargas pesadas, adapt\u00e1ndose a entornos de trabajo hostiles, dise\u00f1ados teniendo en cuenta la resistencia al desgaste y la resistencia a la corrosi\u00f3n, lo que prolonga la vida \u00fatil.<\/li>\n<li>Operaci\u00f3n hidr\u00e1ulica eficiente: se logran movimientos suaves de extensi\u00f3n y contracci\u00f3n mediante el uso de presi\u00f3n de aceite hidr\u00e1ulico, capaz de responder r\u00e1pidamente a los comandos de control, proporcionando poderosas fuerzas de empuje y tracci\u00f3n, adecuadas para manipular cargas pesadas y tareas laborales complejas.<\/li>\n<li>Se pueden seleccionar varios tipos: cilindros de simple efecto (hidr\u00e1ulicos en una sola direcci\u00f3n) o de doble efecto (hidr\u00e1ulicos en ambas direcciones) seg\u00fan las necesidades operativas. Algunos modelos son telesc\u00f3picos, lo que permite una mayor extensi\u00f3n sin aumentar las dimensiones externas, ideal para aplicaciones con espacio limitado.<\/li>\n<li>F\u00e1cil de producir: nuestra empresa puede producir este producto perfectamente y reemplazar estos cilindros hidr\u00e1ulicos.<\/li>\n<\/ul>\n<p><img decoding=\"async\" src=\"https:\/\/www.hydraulic-cylinders.net\/wp-content\/uploads\/2025\/01\/songte-cylinder-head-with-all-kinds-excavator-models.webp\"\/><\/p>\n<h2>Aplicaciones<\/h2>\n<p>El cilindro de cuchara se utiliza ampliamente en diversos equipos, incluidos:<\/p>\n<ul>\n<li>Equipos de construcci\u00f3n: En las excavadoras, son cruciales para excavar, cargar y mover tierra o escombros. En las retroexcavadoras, los cilindros del cuchar\u00f3n facilitan tanto la excavaci\u00f3n como la elevaci\u00f3n. <\/li>\n<li>Maquinaria agr\u00edcola: Se utiliza en cargadoras frontales para recoger, levantar y transportar tierra, heno y otros materiales. <\/li>\n<li>Excavadoras: Los cilindros del cuchar\u00f3n permiten excavar al permitir que el cuchar\u00f3n penetre en el suelo.<\/li>\n<li>Cargadores frontales: En los cargadores frontales, ayudan a levantar e inclinar la carga de manera efectiva.<\/li>\n<\/ul>\n<p>Cada una de estas aplicaciones puede beneficiarse enormemente del uso de cilindros de cangilones, lo que permite un control eficiente y preciso de cargas pesadas.<\/p>\n<h2>Criterios de dise\u00f1o y selecci\u00f3n<\/h2>\n<p>Al dise\u00f1ar cilindros de cangilones se tienen en cuenta varios factores, entre ellos:<\/p>\n<ul>\n<li>Capacidad de carga: el cilindro debe ser capaz de soportar el peso de la carga que transportar\u00e1.<\/li>\n<li>Sellado: se utilizan varios sellos para evitar fugas de aceite y garantizar que el cilindro funcione de manera suave y eficiente.<\/li>\n<li>Durabilidad: el cilindro debe poder soportar duras condiciones de funcionamiento y tener una larga vida \u00fatil.<\/li>\n<li>Seguridad: el dise\u00f1o del cilindro debe garantizar un funcionamiento seguro y minimizar el riesgo de accidentes.<\/li>\n<li>Mantenimiento: el dise\u00f1o del cilindro debe permitir un mantenimiento y reparaci\u00f3n f\u00e1cil y r\u00e1pido.<\/li>\n<\/ul>\n<p>La selecci\u00f3n de materiales y componentes tambi\u00e9n debe cumplir con estos est\u00e1ndares, y son necesarios un mantenimiento e inspecci\u00f3n regulares para garantizar un rendimiento \u00f3ptimo y prolongar la vida \u00fatil.<\/p>\n<p><img decoding=\"async\" src=\"https:\/\/www.hydraulic-cylinders.net\/wp-content\/uploads\/2025\/01\/songte-oil-pipes-and-spare-parts.webp\"\/><\/p>\n<h2>Sellado y lubricaci\u00f3n<\/h2>\n<p>Se utilizan diversos componentes de sellado, como sellos de pist\u00f3n y de v\u00e1stago, para evitar fugas de aceite y garantizar un funcionamiento suave. Estos sellos est\u00e1n fabricados con materiales resistentes al desgaste, como poliuretano y caucho de nitrilo. El cuerpo del cilindro y la superficie del extremo de la rosca est\u00e1n finamente procesados \u200b\u200bpara mejorar la resistencia al desgaste. Es necesario a\u00f1adir regularmente el aceite hidr\u00e1ulico adecuado para la lubricaci\u00f3n.<\/p>\n<h2>Mantenimiento y reparaci\u00f3n<\/h2>\n<p>El mantenimiento y la inspecci\u00f3n regulares son necesarios para garantizar un rendimiento \u00f3ptimo y prolongar la vida \u00fatil. Las tareas de mantenimiento m\u00e1s comunes incluyen:<\/p>\n<ul>\n<li>Inspecci\u00f3n regular<\/li>\n<li>Lubricaci\u00f3n adecuada<\/li>\n<li>Reemplazo del sello<\/li>\n<li>Comprobaci\u00f3n de calibraci\u00f3n<\/li>\n<\/ul>\n<p>Una instalaci\u00f3n correcta tambi\u00e9n es importante para garantizar el funcionamiento correcto y seguro del cilindro. Durante la instalaci\u00f3n, se deben proporcionar instrucciones de alineaci\u00f3n correctas y se pueden utilizar soportes de montaje adecuados para asegurar el cilindro. Se proporcionan procedimientos recomendados de inspecci\u00f3n, reparaci\u00f3n y reemplazo, y se ofrecen servicios de reconstrucci\u00f3n para prolongar su vida \u00fatil.<\/p>\n<p><img decoding=\"async\" src=\"https:\/\/www.hydraulic-cylinders.net\/wp-content\/uploads\/2025\/01\/songte-chushion-collar.webp\"\/><\/p>\n<h2>Consideraciones de seguridad y factores ambientales<\/h2>\n<p>Al utilizar cilindros de cangilones, las medidas de seguridad son fundamentales para minimizar el riesgo de accidentes. El uso y el mantenimiento adecuados tambi\u00e9n pueden reducir el impacto ambiental y aumentar la eficiencia.<\/p>\n<h2>Soluci\u00f3n de problemas y problemas comunes<\/h2>\n<p>Los problemas comunes que pueden surgir al usar cilindros de cangilones incluyen fugas de aceite, sellos defectuosos y un funcionamiento incorrecto. Los consejos y soluciones para la resoluci\u00f3n de problemas pueden ayudar a diagnosticar y resolver estos problemas, mientras que las medidas preventivas pueden reducir la probabilidad de que ocurran.<\/p>\n<p><img decoding=\"async\" src=\"https:\/\/www.hydraulic-cylinders.net\/wp-content\/uploads\/2025\/01\/songte-bushings-with-all-kinds-of-excavator-models.webp\"\/><\/p>\n<h2>Acerca de nuestra empresa<\/h2>\n<p>Nuestra empresa fabrica cilindros hidr\u00e1ulicos que pueden reemplazar a los cilindros hidr\u00e1ulicos tradicionales. Ofrecemos una gama completa de productos y nos hemos convertido en uno de los principales fabricantes y mayoristas de cilindros hidr\u00e1ulicos en el mercado nacional e internacional. Nos basamos en el principio de la excelencia, nos basamos en estrategias de gesti\u00f3n de producci\u00f3n industrializadas en talleres de alta calidad, mejoramos continuamente la plataforma de fabricaci\u00f3n, perfeccionamos la l\u00ednea de producci\u00f3n y tenemos una s\u00f3lida capacidad para crear productos de alta eficiencia, precisi\u00f3n y calidad para satisfacer las diversas necesidades de nuestros clientes.<\/p>\n<p>Ofrecemos servicios profesionales, con certificaci\u00f3n internacional y personalizados, utilizamos equipos de producci\u00f3n de vanguardia y ofrecemos un excelente servicio posventa. Nos comprometemos a ofrecer productos y servicios de alta calidad a nuestros clientes.<\/p>\n<p><img decoding=\"async\" src=\"https:\/\/www.hydraulic-cylinders.net\/wp-content\/uploads\/2025\/01\/songte-company-3.webp\"\/><\/p>\n<p>Autor: lyl<\/p>","protected":false},"excerpt":{"rendered":"<p>Bucket Cylinder For Yigong CY8150 Introduction The bucket cylinder is a specially designed hydraulic cylinder that is mainly used to control the movement of buckets in heavy machinery, such as excavators, backhoe loaders, and front-end loaders. Its main function is to enable the bucket to lift, lower, and tilt, making it easier to handle various [&hellip;]<\/p>","protected":false},"featured_media":14776,"comment_status":"open","ping_status":"closed","template":"","meta":{"_et_pb_use_builder":"","_et_pb_old_content":"","_et_gb_content_width":""},"product_brand":[],"product_cat":[1494],"product_tag":[1495,1496],"class_list":{"0":"post-15995","1":"product","2":"type-product","3":"status-publish","4":"has-post-thumbnail","6":"product_cat-bucket-cylinders","7":"product_tag-bucket-cylinders","8":"product_tag-hydraulic-cylinders","10":"first","11":"instock","12":"shipping-taxable","13":"product-type-simple"},"amp_enabled":true,"_links":{"self":[{"href":"https:\/\/www.hydraulic-cylinders.net\/es\/wp-json\/wp\/v2\/product\/15995","targetHints":{"allow":["GET"]}}],"collection":[{"href":"https:\/\/www.hydraulic-cylinders.net\/es\/wp-json\/wp\/v2\/product"}],"about":[{"href":"https:\/\/www.hydraulic-cylinders.net\/es\/wp-json\/wp\/v2\/types\/product"}],"replies":[{"embeddable":true,"href":"https:\/\/www.hydraulic-cylinders.net\/es\/wp-json\/wp\/v2\/comments?post=15995"}],"wp:featuredmedia":[{"embeddable":true,"href":"https:\/\/www.hydraulic-cylinders.net\/es\/wp-json\/wp\/v2\/media\/14776"}],"wp:attachment":[{"href":"https:\/\/www.hydraulic-cylinders.net\/es\/wp-json\/wp\/v2\/media?parent=15995"}],"wp:term":[{"taxonomy":"product_brand","embeddable":true,"href":"https:\/\/www.hydraulic-cylinders.net\/es\/wp-json\/wp\/v2\/product_brand?post=15995"},{"taxonomy":"product_cat","embeddable":true,"href":"https:\/\/www.hydraulic-cylinders.net\/es\/wp-json\/wp\/v2\/product_cat?post=15995"},{"taxonomy":"product_tag","embeddable":true,"href":"https:\/\/www.hydraulic-cylinders.net\/es\/wp-json\/wp\/v2\/product_tag?post=15995"}],"curies":[{"name":"wp","href":"https:\/\/api.w.org\/{rel}","templated":true}]}}