{"id":15999,"date":"2025-01-19T15:16:21","date_gmt":"2025-01-19T15:16:21","guid":{"rendered":"https:\/\/www.hydraulic-cylinders.net\/product\/bucket-cylinder-for-yigong-cy230lc-8\/"},"modified":"2025-01-19T15:16:27","modified_gmt":"2025-01-19T15:16:27","slug":"bucket-cylinder-for-yigong-cy230lc-8","status":"publish","type":"product","link":"https:\/\/www.hydraulic-cylinders.net\/es\/producto\/bucket-cylinder-for-yigong-cy230lc-8\/","title":{"rendered":"Cilindro de cuchar\u00f3n para Yigong CY230LC-8"},"content":{"rendered":"<h1>Cilindro de cuchar\u00f3n para Yigong CY230LC-8<\/h1>\n<h2>Introducci\u00f3n<\/h2>\n<p>El cilindro del cuchar\u00f3n para la Yigong CY230LC-8 es un cilindro hidr\u00e1ulico especialmente dise\u00f1ado para controlar el movimiento del cuchar\u00f3n en maquinaria pesada como excavadoras, retroexcavadoras y cargadoras frontales. Su funci\u00f3n principal es permitir la elevaci\u00f3n, el descenso y la inclinaci\u00f3n del cuchar\u00f3n, facilitando diversas tareas de manipulaci\u00f3n de materiales. En el sistema hidr\u00e1ulico, el cilindro del cuchar\u00f3n logra un control preciso del cuchar\u00f3n mediante cambios en la presi\u00f3n del aceite hidr\u00e1ulico, lo que permite a los operadores manipular cargas pesadas con eficiencia y adaptarse a entornos de trabajo complejos y diversos requisitos.<\/p>\n<p><img decoding=\"async\" src=\"https:\/\/www.hydraulic-cylinders.net\/wp-content\/uploads\/2025\/01\/songte-company-2.webp\"><\/p>\n<h2>Caracter\u00edsticas<\/h2>\n<ul>\n<li>Alta resistencia y durabilidad: Fabricado generalmente en acero o aluminio de alta resistencia, el cilindro del cuchar\u00f3n puede soportar alta presi\u00f3n y cargas pesadas, adapt\u00e1ndose a entornos de trabajo hostiles. Su dise\u00f1o considera la resistencia al desgaste y a la corrosi\u00f3n, lo que prolonga su vida \u00fatil.<\/li>\n<li>Operaci\u00f3n hidr\u00e1ulica eficiente: Aprovechando la presi\u00f3n del aceite hidr\u00e1ulico, el cilindro del cuchar\u00f3n logra una extensi\u00f3n y retracci\u00f3n suaves, lo que permite una respuesta r\u00e1pida a los comandos de control y proporciona una potente fuerza de empuje y tracci\u00f3n. Es ideal para manipular cargas pesadas y realizar tareas complejas.<\/li>\n<li>Varios tipos: El cilindro del cuchar\u00f3n puede seleccionarse como de simple efecto (presi\u00f3n hidr\u00e1ulica en una sola direcci\u00f3n) o de doble efecto (presi\u00f3n hidr\u00e1ulica en ambas direcciones) seg\u00fan las necesidades operativas espec\u00edficas. Algunos modelos son telesc\u00f3picos, lo que permite una mayor extensi\u00f3n sin aumentar las dimensiones externas, lo que los hace ideales para aplicaciones con espacio limitado.<\/li>\n<li>Reemplazo perfecto: Nuestros productos pueden reemplazar perfectamente estos cilindros hidr\u00e1ulicos.<\/li>\n<\/ul>\n<p><img decoding=\"async\" src=\"https:\/\/www.hydraulic-cylinders.net\/wp-content\/uploads\/2025\/01\/songte-cylinder-head-with-all-kinds-excavator-models.webp\"><\/p>\n<h2>Aplicaciones<\/h2>\n<p>El cilindro de cuchara para Yigong CY230LC-8 encuentra aplicaciones en diversos equipos:<\/p>\n<ul>\n<li>Equipos de construcci\u00f3n: Presentes en las excavadoras, son cruciales para excavar, cargar y mover tierra o escombros. En las retroexcavadoras, el cilindro del cuchar\u00f3n facilita tanto la excavaci\u00f3n como la elevaci\u00f3n.<\/li>\n<li>Maquinaria agr\u00edcola: Se utiliza en cargadoras frontales para recoger, levantar y transportar tierra, heno y otros materiales.<\/li>\n<li>Excavadoras: El cilindro del cuchar\u00f3n permite la acci\u00f3n de excavaci\u00f3n al permitir que el cuchar\u00f3n penetre en el suelo.<\/li>\n<li>Cargadores: En los cargadores frontales, ayudan a levantar y descargar mercanc\u00edas de manera eficiente.<\/li>\n<\/ul>\n<h2>Consideraciones de dise\u00f1o y criterios de selecci\u00f3n<\/h2>\n<p>Al dise\u00f1ar el cilindro del cuchar\u00f3n se tienen en cuenta varios factores:<\/p>\n<ul>\n<li>Capacidad de carga: El cilindro est\u00e1 dise\u00f1ado para soportar las cargas y fuerzas previstas que encontrar\u00e1 durante el funcionamiento.<\/li>\n<li>Sellado: Se utilizan diversos elementos de sellado, como sellos de pist\u00f3n y sellos de v\u00e1stago, para garantizar un funcionamiento sin fugas y evitar la contaminaci\u00f3n.<\/li>\n<li>Durabilidad: El cilindro est\u00e1 construido con materiales y acabados que mejoran su resistencia al desgaste, asegurando una larga vida \u00fatil.<\/li>\n<li>Seguridad: Se incorporan caracter\u00edsticas de seguridad para prevenir accidentes y garantizar el funcionamiento seguro del cilindro del cuchar\u00f3n.<\/li>\n<li>Mantenibilidad: El dise\u00f1o permite un f\u00e1cil acceso, inspecci\u00f3n y mantenimiento del cilindro, lo que reduce el tiempo de inactividad.<\/li>\n<\/ul>\n<p><img decoding=\"async\" src=\"https:\/\/www.hydraulic-cylinders.net\/wp-content\/uploads\/2025\/01\/songte-oil-pipes-and-spare-parts.webp\"><\/p>\n<h2>Sellado y lubricaci\u00f3n<\/h2>\n<p>El cilindro del cuchar\u00f3n utiliza diversos componentes de sellado, como sellos de pist\u00f3n y de v\u00e1stago, fabricados con materiales resistentes al desgaste como poliuretano y caucho de nitrilo. El cuerpo del cilindro y los extremos roscados se someten a un procesamiento preciso para mejorar la resistencia al desgaste. La lubricaci\u00f3n regular con el aceite hidr\u00e1ulico adecuado es necesaria para garantizar un funcionamiento suave y prolongar la vida \u00fatil del cilindro.<\/p>\n<h2>Inspecci\u00f3n regular y mantenimiento preventivo<\/h2>\n<p>Para garantizar un rendimiento \u00f3ptimo y una mayor vida \u00fatil del cilindro del cuchar\u00f3n, se recomiendan inspecciones regulares y un mantenimiento preventivo:<\/p>\n<ul>\n<li>Compruebe peri\u00f3dicamente si hay signos de da\u00f1o o desgaste.<\/li>\n<li>Lubrique adecuadamente el cilindro para mantener un funcionamiento suave.<\/li>\n<li>Reemplace los sellos cuando sea necesario para evitar fugas.<\/li>\n<li>Realice comprobaciones de calibraci\u00f3n para garantizar un funcionamiento preciso.<\/li>\n<\/ul>\n<h2>Gu\u00eda de instalaci\u00f3n adecuada<\/h2>\n<p>Al instalar el cilindro del cuchar\u00f3n, siga estas pautas:<\/p>\n<ul>\n<li>Aseg\u00farese de que el cilindro est\u00e9 correctamente alineado.<\/li>\n<li>Utilice soportes de instalaci\u00f3n adecuados para asegurar el cilindro.<\/li>\n<li>Siga los procedimientos recomendados para inspecci\u00f3n, reparaci\u00f3n y reemplazo.<\/li>\n<li>Proporciona consejos y t\u00e9cnicas para prolongar la vida \u00fatil del cilindro del cuchar\u00f3n.<\/li>\n<\/ul>\n<p><img decoding=\"async\" src=\"https:\/\/www.hydraulic-cylinders.net\/wp-content\/uploads\/2025\/01\/songte-chushion-collar.webp\"><\/p>\n<h2>Consideraciones de seguridad y factores ambientales<\/h2>\n<p>Al utilizar el cilindro de la cuchara, es importante seguir las medidas de seguridad para evitar accidentes o lesiones. Tambi\u00e9n se deben considerar los factores ambientales para garantizar el rendimiento y la durabilidad del cilindro.<\/p>\n<h2>Soluci\u00f3n de problemas y problemas comunes<\/h2>\n<p>Cuando surjan problemas con el cilindro del cuchar\u00f3n, los siguientes consejos y soluciones de resoluci\u00f3n de problemas pueden ser \u00fatiles para diagnosticar y resolver problemas:<\/p>\n<ul>\n<li>Proporcionar pautas para la resoluci\u00f3n de problemas y soluciones para problemas comunes.<\/li>\n<li>Ofrecer medidas preventivas para minimizar problemas potenciales.<\/li>\n<\/ul>\n<p><img decoding=\"async\" src=\"https:\/\/www.hydraulic-cylinders.net\/wp-content\/uploads\/2025\/01\/songte-bushings-with-all-kinds-of-excavator-models.webp\"><\/p>\n<p>Recuerda organizar el art\u00edculo de forma l\u00f3gica, usar subt\u00edtulos para facilitar la navegaci\u00f3n, incorporar im\u00e1genes o gr\u00e1ficos relevantes para una mejor comprensi\u00f3n y asegurarte de que el contenido sea claro, conciso y adecuado para lectores con diferentes niveles de conocimiento t\u00e9cnico.<\/p>\n<h2>Acerca de nuestra empresa<\/h2>\n<p>Somos fabricantes de cilindros hidr\u00e1ulicos de repuesto y uno de los principales fabricantes y distribuidores mayoristas en el mercado nacional e internacional. Seguimos una estrategia de gesti\u00f3n de producci\u00f3n industrializada basada en la excelencia, con talleres de fabricaci\u00f3n de alta calidad, talento t\u00e9cnico, equipos de fabricaci\u00f3n digital de alta gama y sistemas de prueba profesionales. Mejoramos continuamente nuestra plataforma de fabricaci\u00f3n y las rutas de producci\u00f3n de calidad de nuestros productos, y contamos con una s\u00f3lida capacidad creativa. Nuestros principios son la eficiencia, la precisi\u00f3n y la alta calidad para satisfacer las diversas necesidades de nuestros clientes.<\/p>\n<p><img decoding=\"async\" src=\"https:\/\/www.hydraulic-cylinders.net\/wp-content\/uploads\/2025\/01\/songte-company-3.webp\"><\/p>\n<p>Mayor expansi\u00f3n de nuestra empresa:<\/p>\n<ul>\n<li>Profesionalismo<\/li>\n<li>Certificaciones internacionales<\/li>\n<li>Servicios de personalizaci\u00f3n<\/li>\n<li>Equipos de producci\u00f3n<\/li>\n<li>Servicio postventa<\/li>\n<\/ul>\n<p>Nota: Autor: lyl<\/p>\n<p><img decoding=\"async\" src=\"https:\/\/hzpt.com\/wp-content\/uploads\/2024\/11\/songte-company-1.webp\"><\/p>","protected":false},"excerpt":{"rendered":"<p>Bucket Cylinder For Yigong CY230LC-8 Introduction The bucket cylinder for Yigong CY230LC-8 is a specially designed hydraulic cylinder used to control the movement of the bucket in heavy machinery such as excavators, backhoe loaders, and front-end loaders. Its main function is to enable the lifting, lowering, and tilting of the bucket, making it easier for [&hellip;]<\/p>","protected":false},"featured_media":14765,"comment_status":"open","ping_status":"closed","template":"","meta":{"_et_pb_use_builder":"","_et_pb_old_content":"","_et_gb_content_width":""},"product_brand":[],"product_cat":[1494],"product_tag":[1495,1496],"class_list":{"0":"post-15999","1":"product","2":"type-product","3":"status-publish","4":"has-post-thumbnail","6":"product_cat-bucket-cylinders","7":"product_tag-bucket-cylinders","8":"product_tag-hydraulic-cylinders","10":"first","11":"instock","12":"shipping-taxable","13":"product-type-simple"},"amp_enabled":true,"_links":{"self":[{"href":"https:\/\/www.hydraulic-cylinders.net\/es\/wp-json\/wp\/v2\/product\/15999","targetHints":{"allow":["GET"]}}],"collection":[{"href":"https:\/\/www.hydraulic-cylinders.net\/es\/wp-json\/wp\/v2\/product"}],"about":[{"href":"https:\/\/www.hydraulic-cylinders.net\/es\/wp-json\/wp\/v2\/types\/product"}],"replies":[{"embeddable":true,"href":"https:\/\/www.hydraulic-cylinders.net\/es\/wp-json\/wp\/v2\/comments?post=15999"}],"wp:featuredmedia":[{"embeddable":true,"href":"https:\/\/www.hydraulic-cylinders.net\/es\/wp-json\/wp\/v2\/media\/14765"}],"wp:attachment":[{"href":"https:\/\/www.hydraulic-cylinders.net\/es\/wp-json\/wp\/v2\/media?parent=15999"}],"wp:term":[{"taxonomy":"product_brand","embeddable":true,"href":"https:\/\/www.hydraulic-cylinders.net\/es\/wp-json\/wp\/v2\/product_brand?post=15999"},{"taxonomy":"product_cat","embeddable":true,"href":"https:\/\/www.hydraulic-cylinders.net\/es\/wp-json\/wp\/v2\/product_cat?post=15999"},{"taxonomy":"product_tag","embeddable":true,"href":"https:\/\/www.hydraulic-cylinders.net\/es\/wp-json\/wp\/v2\/product_tag?post=15999"}],"curies":[{"name":"wp","href":"https:\/\/api.w.org\/{rel}","templated":true}]}}