{"id":16000,"date":"2025-01-19T15:16:29","date_gmt":"2025-01-19T15:16:29","guid":{"rendered":"https:\/\/www.hydraulic-cylinders.net\/product\/bucket-cylinder-for-yigong-cy330lc-8\/"},"modified":"2025-01-19T15:16:31","modified_gmt":"2025-01-19T15:16:31","slug":"bucket-cylinder-for-yigong-cy330lc-8","status":"publish","type":"product","link":"https:\/\/www.hydraulic-cylinders.net\/es\/producto\/bucket-cylinder-for-yigong-cy330lc-8\/","title":{"rendered":"Cilindro de cuchar\u00f3n para Yigong CY330LC-8"},"content":{"rendered":"<h1>Cilindro de cuchar\u00f3n para Yigong CY330LC-8<\/h1>\n<h2>Introducci\u00f3n<\/h2>\n<p>El cilindro del cuchar\u00f3n es un cilindro hidr\u00e1ulico especialmente dise\u00f1ado que se utiliza para controlar el movimiento del cuchar\u00f3n en maquinaria pesada como excavadoras, retroexcavadoras y cargadoras frontales. Su funci\u00f3n principal es permitir que el cuchar\u00f3n se eleve, baje e incline, lo que facilita diversas tareas de manipulaci\u00f3n de materiales. En un sistema hidr\u00e1ulico, el cilindro del cuchar\u00f3n logra un control preciso del cuchar\u00f3n aprovechando los cambios de presi\u00f3n del aceite hidr\u00e1ulico, lo que permite a los operadores manipular cargas pesadas con eficiencia y adaptarse a entornos de trabajo complejos y a diversos requisitos.<\/p>\n<p><img decoding=\"async\" src=\"https:\/\/www.hydraulic-cylinders.net\/wp-content\/uploads\/2025\/01\/songte-company-2.webp\"><\/p>\n<h2>Caracter\u00edsticas<\/h2>\n<ul>\n<li><strong>Alta resistencia y durabilidad:<\/strong> Fabricado generalmente en acero o aluminio de alta resistencia, el cilindro del cuchar\u00f3n puede soportar alta presi\u00f3n y cargas pesadas, adapt\u00e1ndose a condiciones de trabajo rigurosas. Su dise\u00f1o considera la resistencia al desgaste y a la corrosi\u00f3n, lo que prolonga su vida \u00fatil.<\/li>\n<li><strong>Operaci\u00f3n hidr\u00e1ulica eficiente:<\/strong> Al utilizar la presi\u00f3n del aceite hidr\u00e1ulico, el cilindro del cuchar\u00f3n logra una extensi\u00f3n y retracci\u00f3n suaves, lo que permite una respuesta r\u00e1pida a los comandos de control y proporciona una poderosa fuerza de empuje y tracci\u00f3n, adecuada para manipular cargas pesadas y tareas laborales complejas.<\/li>\n<li><strong>Varios tipos:<\/strong> El cilindro del cuchar\u00f3n puede seleccionarse como de simple efecto (presi\u00f3n hidr\u00e1ulica en una sola direcci\u00f3n) o de doble efecto (presi\u00f3n hidr\u00e1ulica en ambas direcciones) seg\u00fan las necesidades, satisfaciendo as\u00ed diferentes necesidades operativas. Algunos modelos son telesc\u00f3picos, lo que permite una mayor extensi\u00f3n sin aumentar las dimensiones externas, lo que los hace ideales para aplicaciones con espacio limitado.<\/li>\n<li><strong>Reemplazabilidad:<\/strong> Nuestros productos pueden reemplazar perfectamente estos cilindros hidr\u00e1ulicos.<\/li>\n<\/ul>\n<p><img decoding=\"async\" src=\"https:\/\/www.hydraulic-cylinders.net\/wp-content\/uploads\/2025\/01\/songte-cylinder-head-with-all-kinds-excavator-models.webp\"><\/p>\n<h2>Aplicaciones<\/h2>\n<h3>Equipos de construcci\u00f3n<\/h3>\n<p>En las excavadoras, son esenciales para excavar, cargar y mover tierra o escombros. En las retroexcavadoras, el cilindro del cuchar\u00f3n facilita tanto la excavaci\u00f3n como la elevaci\u00f3n.<\/p>\n<h3>Maquinaria agr\u00edcola<\/h3>\n<p>Se utiliza en cargadores frontales para recoger, levantar y transportar tierra, heno y otros materiales.<\/p>\n<h3>excavadoras<\/h3>\n<p>El cilindro del cuchar\u00f3n permite la acci\u00f3n de excavaci\u00f3n al permitir que el cuchar\u00f3n penetre en el suelo.<\/p>\n<h3>Cargadores<\/h3>\n<p>En los cargadores frontales, ayudan a levantar y descargar la carga de manera eficaz.<\/p>\n<p><img decoding=\"async\" src=\"https:\/\/www.hydraulic-cylinders.net\/wp-content\/uploads\/2025\/01\/songte-oil-pipes-and-spare-parts.webp\"><\/p>\n<h2>Consideraciones de dise\u00f1o y criterios de selecci\u00f3n<\/h2>\n<ul>\n<li><strong>Capacidad de carga:<\/strong> El cilindro del cuchar\u00f3n est\u00e1 dise\u00f1ado para soportar los requisitos de carga especificados.<\/li>\n<li><strong>Caza de focas:<\/strong> Se utilizan diversos sellos, como sellos de pist\u00f3n y de v\u00e1stago, fabricados con materiales resistentes al desgaste como poliuretano y caucho de nitrilo. El cuerpo del cilindro y los extremos roscados se someten a un tratamiento de precisi\u00f3n para mejorar la resistencia al desgaste.<\/li>\n<li><strong>Durabilidad:<\/strong> El cilindro del cuchar\u00f3n est\u00e1 construido para soportar las exigencias de entornos de trabajo dif\u00edciles y brindar un rendimiento duradero.<\/li>\n<li><strong>Seguridad:<\/strong> Durante el proceso de dise\u00f1o se tienen en cuenta consideraciones de seguridad para garantizar el funcionamiento confiable del cilindro del cuchar\u00f3n.<\/li>\n<li><strong>Mantenibilidad:<\/strong> El cilindro del cuchar\u00f3n est\u00e1 dise\u00f1ado para facilitar el mantenimiento, lo que permite un servicio y reparaci\u00f3n eficientes cuando sea necesario.<\/li>\n<\/ul>\n<p><img decoding=\"async\" src=\"https:\/\/www.hydraulic-cylinders.net\/wp-content\/uploads\/2025\/01\/songte-chushion-collar.webp\"><\/p>\n<h2>Sellado y lubricaci\u00f3n<\/h2>\n<p>El cilindro del cuchar\u00f3n utiliza diversos sellos, como sellos de pist\u00f3n y sellos de v\u00e1stago, fabricados con materiales resistentes al desgaste como poliuretano y caucho de nitrilo. El cuerpo del cilindro y los extremos roscados se someten a un tratamiento de precisi\u00f3n para mejorar la resistencia al desgaste. La lubricaci\u00f3n regular con la cantidad adecuada de aceite hidr\u00e1ulico es necesaria para un funcionamiento fluido.<\/p>\n<h2>Inspecci\u00f3n regular y mantenimiento preventivo<\/h2>\n<ul>\n<li>Inspeccione peri\u00f3dicamente el cilindro del cuchar\u00f3n para detectar cualquier signo de da\u00f1o o desgaste.<\/li>\n<li>Aseg\u00farese de que todas las partes m\u00f3viles est\u00e9n lubricadas adecuadamente.<\/li>\n<li>Reemplace las juntas cuando sea necesario para mantener un rendimiento \u00f3ptimo.<\/li>\n<li>Realice comprobaciones de calibraci\u00f3n para garantizar un funcionamiento preciso.<\/li>\n<\/ul>\n<p><img decoding=\"async\" src=\"https:\/\/www.hydraulic-cylinders.net\/wp-content\/uploads\/2025\/01\/songte-bushings-with-all-kinds-of-excavator-models.webp\"><\/p>\n<h2>Consideraciones de seguridad y factores ambientales<\/h2>\n<p>Al utilizar el cilindro del cuchar\u00f3n, es importante seguir las medidas de seguridad para garantizar el bienestar de los operadores y prevenir accidentes. Se deben tener en cuenta las precauciones de seguridad al manipular cargas pesadas y operar maquinaria.<\/p>\n<h2>Soluci\u00f3n de problemas y problemas comunes<\/h2>\n<p>Los problemas comunes que pueden surgir con el cilindro del cuchar\u00f3n incluyen fugas, potencia insuficiente y movimientos anormales. Se ofrecen consejos y soluciones para ayudar a los lectores a diagnosticar y resolver problemas eficazmente. Adem\u00e1s, se sugieren medidas preventivas para minimizar posibles problemas.<\/p>\n<p><img decoding=\"async\" src=\"https:\/\/www.hydraulic-cylinders.net\/wp-content\/uploads\/2025\/01\/songte-company-1.webp\"><\/p>\n<h2>Tareas de mantenimiento<\/h2>\n<ul>\n<li>Inspecciones regulares<\/li>\n<li>Lubricaci\u00f3n adecuada<\/li>\n<li>Reemplazo de sellos<\/li>\n<li>Comprobaciones de calibraci\u00f3n<\/li>\n<\/ul>\n<p>La instalaci\u00f3n, la lubricaci\u00f3n y el ajuste correctos son cruciales, y se proporciona orientaci\u00f3n para alinear el cilindro correctamente durante la instalaci\u00f3n. Se recomienda el uso de soportes de instalaci\u00f3n adecuados para asegurar el cilindro. Se proporcionan procedimientos recomendados de inspecci\u00f3n, reparaci\u00f3n y reemplazo, junto con consejos para prolongar la vida \u00fatil del cilindro del cuchar\u00f3n.<\/p>\n<p><img decoding=\"async\" src=\"https:\/\/www.hydraulic-cylinders.net\/wp-content\/uploads\/2025\/01\/songte-company-3.webp\"><\/p>\n<h2>Acerca de nuestra empresa<\/h2>\n<p>Somos fabricantes de cilindros hidr\u00e1ulicos de repuesto y ofrecemos una amplia gama de productos. Somos uno de los principales fabricantes y distribuidores mayoristas de cilindros hidr\u00e1ulicos en el mercado nacional e internacional. Nos adherimos al principio de excelente calidad y nos basamos en estrategias de gesti\u00f3n de producci\u00f3n industrializada en talleres de fabricaci\u00f3n altamente equipados. Con un enfoque en el talento tecnol\u00f3gico, equipos de fabricaci\u00f3n digital de alta gama y sistemas de prueba profesionales, mejoramos continuamente nuestra plataforma de fabricaci\u00f3n, perfeccionamos la calidad de nuestros productos y contamos con una s\u00f3lida capacidad creativa. Nuestro objetivo es satisfacer las diversas necesidades de nuestros clientes con alta eficiencia, precisi\u00f3n y calidad.<\/p>","protected":false},"excerpt":{"rendered":"<p>Bucket Cylinder For Yigong CY330LC-8 Introduction The bucket cylinder is a specially designed hydraulic cylinder used to control the movement of the bucket in heavy machinery such as excavators, backhoe loaders, and front loaders. Its main function is to allow the bucket to lift, lower, and tilt, making it convenient for various material handling tasks. [&hellip;]<\/p>","protected":false},"featured_media":14762,"comment_status":"open","ping_status":"closed","template":"","meta":{"_et_pb_use_builder":"","_et_pb_old_content":"","_et_gb_content_width":""},"product_brand":[],"product_cat":[1494],"product_tag":[1495,1496],"class_list":{"0":"post-16000","1":"product","2":"type-product","3":"status-publish","4":"has-post-thumbnail","6":"product_cat-bucket-cylinders","7":"product_tag-bucket-cylinders","8":"product_tag-hydraulic-cylinders","10":"first","11":"instock","12":"shipping-taxable","13":"product-type-simple"},"amp_enabled":true,"_links":{"self":[{"href":"https:\/\/www.hydraulic-cylinders.net\/es\/wp-json\/wp\/v2\/product\/16000","targetHints":{"allow":["GET"]}}],"collection":[{"href":"https:\/\/www.hydraulic-cylinders.net\/es\/wp-json\/wp\/v2\/product"}],"about":[{"href":"https:\/\/www.hydraulic-cylinders.net\/es\/wp-json\/wp\/v2\/types\/product"}],"replies":[{"embeddable":true,"href":"https:\/\/www.hydraulic-cylinders.net\/es\/wp-json\/wp\/v2\/comments?post=16000"}],"wp:featuredmedia":[{"embeddable":true,"href":"https:\/\/www.hydraulic-cylinders.net\/es\/wp-json\/wp\/v2\/media\/14762"}],"wp:attachment":[{"href":"https:\/\/www.hydraulic-cylinders.net\/es\/wp-json\/wp\/v2\/media?parent=16000"}],"wp:term":[{"taxonomy":"product_brand","embeddable":true,"href":"https:\/\/www.hydraulic-cylinders.net\/es\/wp-json\/wp\/v2\/product_brand?post=16000"},{"taxonomy":"product_cat","embeddable":true,"href":"https:\/\/www.hydraulic-cylinders.net\/es\/wp-json\/wp\/v2\/product_cat?post=16000"},{"taxonomy":"product_tag","embeddable":true,"href":"https:\/\/www.hydraulic-cylinders.net\/es\/wp-json\/wp\/v2\/product_tag?post=16000"}],"curies":[{"name":"wp","href":"https:\/\/api.w.org\/{rel}","templated":true}]}}