{"id":16006,"date":"2025-01-19T15:16:54","date_gmt":"2025-01-19T15:16:54","guid":{"rendered":"https:\/\/www.hydraulic-cylinders.net\/product\/bucket-cylinder-for-xiniu-xn120-l\/"},"modified":"2025-01-19T15:16:56","modified_gmt":"2025-01-19T15:16:56","slug":"bucket-cylinder-for-xiniu-xn120-l","status":"publish","type":"product","link":"https:\/\/www.hydraulic-cylinders.net\/es\/producto\/bucket-cylinder-for-xiniu-xn120-l\/","title":{"rendered":"Cilindro de cuchar\u00f3n para Xiniu XN120-L"},"content":{"rendered":"<h1>Cilindro de cuchar\u00f3n para Xiniu XN120-L<\/h1>\n<h2>Introducci\u00f3n<\/h2>\n<p>El cilindro del cuchar\u00f3n para la Xiniu XN120-L es un cilindro hidr\u00e1ulico dise\u00f1ado espec\u00edficamente para controlar el movimiento de las palas en maquinaria pesada como excavadoras, retroexcavadoras y cargadoras frontales. Su funci\u00f3n principal es permitir que el cuchar\u00f3n se eleve, descienda e incline, facilitando as\u00ed diversas tareas de manipulaci\u00f3n de materiales. En el sistema hidr\u00e1ulico, el cilindro del cuchar\u00f3n utiliza las variaciones de la presi\u00f3n del aceite hidr\u00e1ulico para controlar con precisi\u00f3n el cuchar\u00f3n, lo que permite a los operadores manejar cargas pesadas de forma eficiente, adaptarse a entornos de trabajo complejos y a diversas exigencias laborales.<\/p>\n<p><img decoding=\"async\" src=\"https:\/\/www.hydraulic-cylinders.net\/wp-content\/uploads\/2025\/01\/songte-company-2.webp\" alt=\"Imagen del cilindro del cuchar\u00f3n para Xiniu XN120-L\"><\/p>\n<h2>Caracter\u00edsticas<\/h2>\n<ul>\n<li>Alta resistencia y durabilidad: Generalmente fabricadas en acero o aluminio de alta resistencia, capaces de soportar altas presiones y cargas pesadas, adapt\u00e1ndose a entornos de trabajo exigentes, dise\u00f1adas con resistencia al desgaste y a la corrosi\u00f3n, y prolongando su vida \u00fatil.<\/li>\n<li>Funcionamiento hidr\u00e1ulico eficiente: Utiliza la presi\u00f3n del aceite hidr\u00e1ulico para lograr un movimiento de expansi\u00f3n y contracci\u00f3n suave, respondiendo r\u00e1pidamente a los comandos de control y proporcionando una potente fuerza de empuje y tracci\u00f3n, adecuada para el manejo de cargas pesadas y tareas de trabajo complejas.<\/li>\n<li>Existen diversos tipos: se pueden seleccionar cilindros de simple efecto (hidr\u00e1ulicos de un solo sentido) o de doble efecto (hidr\u00e1ulicos de dos sentidos) seg\u00fan las necesidades operativas. Algunos modelos son telesc\u00f3picos, lo que permite una mayor extensi\u00f3n sin aumentar las dimensiones externas, resultando id\u00f3neos para aplicaciones con espacio limitado.<\/li>\n<li>Reemplazo perfecto: Nuestros productos pueden reemplazar perfectamente estos cilindros hidr\u00e1ulicos.<\/li>\n<\/ul>\n<p><img decoding=\"async\" src=\"https:\/\/www.hydraulic-cylinders.net\/wp-content\/uploads\/2025\/01\/songte-cylinder-head-with-all-kinds-excavator-models.webp\" alt=\"Imagen del cilindro del cuchar\u00f3n para Xiniu XN120-L\"><\/p>\n<h2>Aplicaciones<\/h2>\n<p>El cilindro de la cuchara para Xiniu XN120-L se utiliza ampliamente en diversas aplicaciones. Algunas de ellas son:<\/p>\n<ul>\n<li>Equipos de construcci\u00f3n: En las excavadoras, son esenciales para excavar, cargar y mover tierra o escombros. En las retroexcavadoras, los cilindros del cuchar\u00f3n facilitan tanto la excavaci\u00f3n como la elevaci\u00f3n. En las cargadoras frontales, ayudan a elevar e inclinar mercanc\u00edas con eficacia.<\/li>\n<li>Maquinaria agr\u00edcola: Se utiliza en cargadoras frontales para recoger, levantar y transportar tierra, heno y otros materiales. En las excavadoras, el cilindro del cuchar\u00f3n permite la excavaci\u00f3n al penetrar el cuchar\u00f3n en el suelo.<\/li>\n<\/ul>\n<h2>Consideraciones de dise\u00f1o y criterios de selecci\u00f3n<\/h2>\n<p>Los criterios de selecci\u00f3n para los cilindros de los cangilones deben considerar varias consideraciones de dise\u00f1o, tales como:<\/p>\n<ul>\n<li>Capacidad de carga: El cilindro debe ser capaz de soportar la carga m\u00e1xima que la m\u00e1quina pueda ejercer sobre \u00e9l.<\/li>\n<li>Sellado: El cilindro debe sellarse eficazmente para evitar fugas de aceite hidr\u00e1ulico y la entrada de contaminantes en el cilindro.<\/li>\n<li>Durabilidad: El cilindro debe ser lo suficientemente duradero como para resistir el impacto de factores ambientales adversos, como polvo, agua y escombros.<\/li>\n<li>Seguridad: El cilindro debe dise\u00f1arse teniendo en cuenta medidas de seguridad, como la protecci\u00f3n del cilindro contra da\u00f1os f\u00edsicos.<\/li>\n<li>Mantenibilidad: El cilindro debe ser f\u00e1cil de mantener y reparar, ya que es un componente esencial de la m\u00e1quina y cualquier fallo puede provocar un tiempo de inactividad significativo.<\/li>\n<\/ul>\n<p><img decoding=\"async\" src=\"https:\/\/www.hydraulic-cylinders.net\/wp-content\/uploads\/2025\/01\/songte-oil-pipes-and-spare-parts.webp\" alt=\"Imagen del cilindro del cuchar\u00f3n para Xiniu XN120-L\"><\/p>\n<h2>Sellado y lubricaci\u00f3n<\/h2>\n<p>El cilindro del cuchar\u00f3n utiliza diversos elementos de sellado, como juntas de pist\u00f3n, juntas de v\u00e1stago, entre otros. Estos elementos est\u00e1n fabricados con materiales resistentes al desgaste, como poliuretano y caucho de nitrilo, para garantizar una larga vida \u00fatil. El cuerpo del cilindro y las roscas reciben un tratamiento especial para mejorar su resistencia al desgaste. El cilindro del cuchar\u00f3n requiere lubricaci\u00f3n peri\u00f3dica con aceite hidr\u00e1ulico para asegurar su correcto funcionamiento.<\/p>\n<h2>Mantenimiento y reparaci\u00f3n<\/h2>\n<p>La inspecci\u00f3n peri\u00f3dica, la lubricaci\u00f3n adecuada, el reemplazo de sellos, la verificaci\u00f3n de calibraci\u00f3n y otras tareas de mantenimiento son cruciales para la durabilidad de los cilindros de los cucharones. La correcta alineaci\u00f3n del cilindro durante la instalaci\u00f3n es esencial para un rendimiento \u00f3ptimo. Se recomienda el uso de soportes de instalaci\u00f3n adecuados para fijar el cilindro. Ofrecemos servicios de inspecci\u00f3n, reparaci\u00f3n y reemplazo para ayudar a nuestros clientes con cualquier problema que puedan tener con los cilindros de sus cucharones.<\/p>\n<p><img decoding=\"async\" src=\"https:\/\/www.hydraulic-cylinders.net\/wp-content\/uploads\/2025\/01\/songte-chushion-collar.webp\" alt=\"Imagen del cilindro del cuchar\u00f3n para Xiniu XN120-L\"><\/p>\n<h2>Consideraciones de seguridad y factores ambientales<\/h2>\n<p>El cilindro de la cuchara para Xiniu XN120-L debe instalarse, usarse y mantenerse teniendo en cuenta las medidas de seguridad. De lo contrario, podr\u00edan producirse lesiones o da\u00f1os en la m\u00e1quina. Factores ambientales como la temperatura, la humedad y el polvo pueden afectar el rendimiento del cilindro y deben considerarse durante su selecci\u00f3n e instalaci\u00f3n.<\/p>\n<h2>Diagn\u00f3stico y soluci\u00f3n de problemas<\/h2>\n<p>Entre los problemas m\u00e1s comunes de los cilindros de los cucharones se incluyen fugas, fuerza insuficiente y ruidos anormales. Recomendamos inspeccionar el cilindro peri\u00f3dicamente y solucionar cualquier problema de inmediato para evitar tiempos de inactividad prolongados. Los consejos y soluciones para la resoluci\u00f3n de problemas pueden ayudar a los lectores a diagnosticar y solucionar eficazmente los problemas de los cilindros de los cucharones.<\/p>\n<p><img decoding=\"async\" src=\"https:\/\/www.hydraulic-cylinders.net\/wp-content\/uploads\/2025\/01\/songte-bushings-with-all-kinds-of-excavator-models.webp\" alt=\"Imagen del cilindro del cuchar\u00f3n para Xiniu XN120-L\"><\/p>\n<h2>Acerca de nuestra empresa<\/h2>\n<p>Somos fabricantes de cilindros hidr\u00e1ulicos de repuesto, con una gama completa de productos, lo que nos ha posicionado como uno de los principales fabricantes y distribuidores mayoristas de cilindros hidr\u00e1ulicos en los mercados nacionales e internacionales. Nos regimos por el principio de la excelencia en la calidad y nos apoyamos en una estrategia de gesti\u00f3n de producci\u00f3n industrializada, con talleres de fabricaci\u00f3n de alta precisi\u00f3n. Mejoramos continuamente nuestras instalaciones de fabricaci\u00f3n, perfeccionamos el proceso de producci\u00f3n y contamos con una gran capacidad de innovaci\u00f3n para satisfacer las diversas necesidades de nuestros clientes con alta eficiencia, precisi\u00f3n y calidad.<\/p>\n<p>Ofrecemos servicios personalizados, equipos de producci\u00f3n profesionales, certificaciones reconocidas internacionalmente y un completo sistema de servicio postventa, lo que garantiza que nuestros productos cumplan o superen las expectativas de los clientes.<\/p>\n<p><img decoding=\"async\" src=\"https:\/\/hzpt.com\/wp-content\/uploads\/2024\/11\/songte-company-1.webp\" alt=\"Imagen del cilindro del cuchar\u00f3n para Xiniu XN120-L\"><\/p>\n<p>Autor: lyl.<\/p>","protected":false},"excerpt":{"rendered":"<p>Bucket Cylinder For Xiniu XN120-L Introduction The bucket cylinder for Xiniu XN120-L is a type of hydraulic cylinder specially designed to control the movement of shovels in heavy machinery such as excavators, backhoe excavators, and front-end loaders. Its main function is to allow the bucket to lift, lower and tilt, making it easier to handle [&hellip;]<\/p>","protected":false},"featured_media":14784,"comment_status":"open","ping_status":"closed","template":"","meta":{"_et_pb_use_builder":"","_et_pb_old_content":"","_et_gb_content_width":""},"product_brand":[],"product_cat":[1494],"product_tag":[1495,1496],"class_list":{"0":"post-16006","1":"product","2":"type-product","3":"status-publish","4":"has-post-thumbnail","6":"product_cat-bucket-cylinders","7":"product_tag-bucket-cylinders","8":"product_tag-hydraulic-cylinders","10":"first","11":"instock","12":"shipping-taxable","13":"product-type-simple"},"amp_enabled":true,"_links":{"self":[{"href":"https:\/\/www.hydraulic-cylinders.net\/es\/wp-json\/wp\/v2\/product\/16006","targetHints":{"allow":["GET"]}}],"collection":[{"href":"https:\/\/www.hydraulic-cylinders.net\/es\/wp-json\/wp\/v2\/product"}],"about":[{"href":"https:\/\/www.hydraulic-cylinders.net\/es\/wp-json\/wp\/v2\/types\/product"}],"replies":[{"embeddable":true,"href":"https:\/\/www.hydraulic-cylinders.net\/es\/wp-json\/wp\/v2\/comments?post=16006"}],"wp:featuredmedia":[{"embeddable":true,"href":"https:\/\/www.hydraulic-cylinders.net\/es\/wp-json\/wp\/v2\/media\/14784"}],"wp:attachment":[{"href":"https:\/\/www.hydraulic-cylinders.net\/es\/wp-json\/wp\/v2\/media?parent=16006"}],"wp:term":[{"taxonomy":"product_brand","embeddable":true,"href":"https:\/\/www.hydraulic-cylinders.net\/es\/wp-json\/wp\/v2\/product_brand?post=16006"},{"taxonomy":"product_cat","embeddable":true,"href":"https:\/\/www.hydraulic-cylinders.net\/es\/wp-json\/wp\/v2\/product_cat?post=16006"},{"taxonomy":"product_tag","embeddable":true,"href":"https:\/\/www.hydraulic-cylinders.net\/es\/wp-json\/wp\/v2\/product_tag?post=16006"}],"curies":[{"name":"wp","href":"https:\/\/api.w.org\/{rel}","templated":true}]}}