{"id":16016,"date":"2025-01-19T15:17:44","date_gmt":"2025-01-19T15:17:44","guid":{"rendered":"https:\/\/www.hydraulic-cylinders.net\/product\/bucket-cylinder-for-kato-small-excavator-hd700-2-5-7\/"},"modified":"2025-01-19T15:17:46","modified_gmt":"2025-01-19T15:17:46","slug":"bucket-cylinder-for-kato-small-excavator-hd700-2-5-7","status":"publish","type":"product","link":"https:\/\/www.hydraulic-cylinders.net\/es\/producto\/bucket-cylinder-for-kato-small-excavator-hd700-2-5-7\/","title":{"rendered":"Cilindro de cuchar\u00f3n para excavadora peque\u00f1a Kato HD700-2-5-7"},"content":{"rendered":"<h1>Cilindro de cuchar\u00f3n para excavadora peque\u00f1a Kato HD700-2-5-7<\/h1>\n<h2>Introducci\u00f3n<\/h2>\n<p>El cilindro del cuchar\u00f3n para la excavadora peque\u00f1a Kato HD700-2-5-7 es un tipo de cilindro hidr\u00e1ulico especialmente dise\u00f1ado para controlar el movimiento del cuchar\u00f3n en maquinaria pesada, como excavadoras, retroexcavadoras y cargadoras frontales. Su funci\u00f3n principal es permitir que el cuchar\u00f3n se eleve, baje e incline, facilitando diversas tareas de manipulaci\u00f3n de materiales. En el sistema hidr\u00e1ulico, el cilindro del cuchar\u00f3n logra un control preciso del cuchar\u00f3n mediante cambios en la presi\u00f3n del aceite hidr\u00e1ulico, lo que permite a los operadores manipular cargas pesadas con eficiencia y adaptarse a entornos de trabajo complejos y diversos requisitos operativos.<\/p>\n<p><img decoding=\"async\" src=\"https:\/\/www.hydraulic-cylinders.net\/wp-content\/uploads\/2025\/01\/songte-company-2.webp\" alt=\"Imagen del cilindro del cubo\"><\/p>\n<h2>Caracter\u00edsticas<\/h2>\n<ul>\n<li>Alta resistencia y durabilidad: generalmente hecho de acero o aluminio de alta resistencia, el cilindro del cuchar\u00f3n puede soportar alta presi\u00f3n y cargas pesadas, adaptarse a entornos de trabajo hostiles y est\u00e1 dise\u00f1ado teniendo en cuenta la resistencia al desgaste y la corrosi\u00f3n para extender su vida \u00fatil.<\/li>\n<li>Operaci\u00f3n hidr\u00e1ulica eficiente: al utilizar la presi\u00f3n del aceite hidr\u00e1ulico para lograr una extensi\u00f3n y contracci\u00f3n suaves, el cilindro del cuchar\u00f3n puede responder r\u00e1pidamente a los comandos de control, proporcionar una poderosa fuerza de empuje y tracci\u00f3n y es adecuado para manipular cargas pesadas y tareas operativas complejas.<\/li>\n<li>Diversos tipos: El cilindro del cuchar\u00f3n puede seleccionarse como de simple efecto (hidr\u00e1ulico en una sola direcci\u00f3n) o de doble efecto (hidr\u00e1ulico en ambas direcciones) seg\u00fan las necesidades operativas. Algunos modelos son telesc\u00f3picos, lo que permite una mayor extensi\u00f3n sin aumentar las dimensiones externas, lo que los hace ideales para aplicaciones con espacio limitado.<\/li>\n<li>Reemplazo perfecto: Nuestros productos pueden reemplazar perfectamente estos cilindros hidr\u00e1ulicos.<\/li>\n<\/ul>\n<p><img decoding=\"async\" src=\"https:\/\/www.hydraulic-cylinders.net\/wp-content\/uploads\/2025\/01\/songte-cylinder-head-with-all-kinds-excavator-models.webp\" alt=\"Imagen de reemplazo del cilindro del cuchar\u00f3n\"><\/p>\n<h2>Aplicaciones<\/h2>\n<p>El cilindro de cuchara se utiliza ampliamente en diversas m\u00e1quinas pesadas. A continuaci\u00f3n, se presentan algunas aplicaciones comunes:<\/p>\n<h3>Equipos de construcci\u00f3n<\/h3>\n<p>En las excavadoras, son esenciales para excavar, cargar y mover tierra o escombros. En las retroexcavadoras, el cilindro del cuchar\u00f3n facilita tanto la excavaci\u00f3n como la elevaci\u00f3n. En las cargadoras frontales, ayudan a elevar y descargar mercanc\u00edas eficazmente.<\/p>\n<h3>Maquinaria agr\u00edcola<\/h3>\n<p>Se utiliza en cargadoras frontales para recoger, levantar y transportar tierra, heno y otros materiales. En las excavadoras, el cilindro del cuchar\u00f3n realiza la excavaci\u00f3n al permitir que el cuchar\u00f3n penetre en el suelo.<\/p>\n<h3>Otras aplicaciones<\/h3>\n<p>Los cilindros de cangilones tambi\u00e9n se utilizan en otras maquinarias pesadas, como gr\u00faas y carretillas elevadoras, donde se requiere manipulaci\u00f3n de materiales.<\/p>\n<h2>Consideraciones de dise\u00f1o y criterios de selecci\u00f3n<\/h2>\n<ul>\n<li>Capacidad de carga: El cilindro del cuchar\u00f3n debe estar dise\u00f1ado para soportar la capacidad de carga requerida de la maquinaria.<\/li>\n<li>Sellado: Se deben utilizar diversos sellos, como sellos de pist\u00f3n y sellos de v\u00e1stago, para proteger el cilindro de la contaminaci\u00f3n y evitar fugas.<\/li>\n<li>Durabilidad: El cilindro del cuchar\u00f3n debe estar dise\u00f1ado para soportar entornos de trabajo hostiles y mantener su rendimiento a lo largo del tiempo.<\/li>\n<li>Seguridad: El cilindro del cuchar\u00f3n debe estar dise\u00f1ado para evitar accidentes y garantizar la seguridad del operador.<\/li>\n<li>Mantenibilidad: El cilindro del cuchar\u00f3n debe estar dise\u00f1ado para facilitar su mantenimiento y reparaci\u00f3n para minimizar el tiempo de inactividad.<\/li>\n<\/ul>\n<p><img decoding=\"async\" src=\"https:\/\/www.hydraulic-cylinders.net\/wp-content\/uploads\/2025\/01\/songte-oil-pipes-and-spare-parts.webp\" alt=\"Imagen de dise\u00f1o de cilindro de cubo\"><\/p>\n<h2>Sellado y lubricaci\u00f3n<\/h2>\n<p>El cilindro del cuchar\u00f3n requiere diversos tipos de sellos, como sellos de pist\u00f3n y sellos de v\u00e1stago, fabricados con materiales resistentes al desgaste como poliuretano y caucho de nitrilo. El cuerpo del cilindro y la cara roscada del extremo est\u00e1n finamente procesados \u200b\u200bpara mejorar la resistencia al desgaste. Tambi\u00e9n es necesaria la lubricaci\u00f3n regular con el aceite hidr\u00e1ulico adecuado para mantener un funcionamiento suave.<\/p>\n<h2>Mantenimiento y reparaci\u00f3n<\/h2>\n<p>La inspecci\u00f3n regular y las medidas de mantenimiento preventivo son esenciales para garantizar la longevidad del cilindro del cuchar\u00f3n. Las tareas de mantenimiento habituales incluyen la inspecci\u00f3n regular, la lubricaci\u00f3n adecuada, el reemplazo de sellos y las comprobaciones de calibraci\u00f3n para garantizar el correcto funcionamiento del cilindro. Es importante instalar el cilindro correctamente y proporcionar orientaci\u00f3n sobre su alineaci\u00f3n durante la instalaci\u00f3n. Se recomienda utilizar soportes de instalaci\u00f3n adecuados para asegurar el cilindro. Los procedimientos recomendados de inspecci\u00f3n, reparaci\u00f3n y reemplazo pueden ayudar a prolongar la vida \u00fatil del cilindro del cuchar\u00f3n.<\/p>\n<p><img decoding=\"async\" src=\"https:\/\/www.hydraulic-cylinders.net\/wp-content\/uploads\/2025\/01\/songte-chushion-collar.webp\" alt=\"Imagen de mantenimiento del cilindro del cuchar\u00f3n\"><\/p>\n<h2>Consideraciones de seguridad y medio ambiente<\/h2>\n<p>Las medidas de seguridad son cruciales al operar maquinaria pesada que utiliza el cilindro del cuchar\u00f3n. Es fundamental comprender las instrucciones de operaci\u00f3n y seguir las normas de seguridad para evitar accidentes. Adem\u00e1s, factores ambientales como la temperatura y la humedad pueden afectar el rendimiento del cilindro del cuchar\u00f3n, por lo que es fundamental garantizar que se utilice dentro del rango ambiental especificado.<\/p>\n<h2>Diagn\u00f3stico y soluci\u00f3n de problemas<\/h2>\n<p>Las fallas comunes en el cilindro del cuchar\u00f3n incluyen fugas, da\u00f1os en el v\u00e1stago del cilindro y bajo rendimiento. Los m\u00e9todos de diagn\u00f3stico incluyen identificar el origen de la fuga y reemplazar el sello da\u00f1ado, inspeccionar el v\u00e1stago del cilindro para detectar da\u00f1os y verificar el correcto funcionamiento del sistema hidr\u00e1ulico. Las medidas preventivas, como la inspecci\u00f3n y el mantenimiento regulares, pueden ayudar a evitar posibles problemas.<\/p>\n<p><img decoding=\"async\" src=\"https:\/\/www.hydraulic-cylinders.net\/wp-content\/uploads\/2025\/01\/songte-bushings-with-all-kinds-of-excavator-models.webp\" alt=\"Imagen de falla del cilindro del cuchar\u00f3n\"><\/p>\n<h2>Sobre nosotros<\/h2>\n<p>Somos fabricantes de cilindros hidr\u00e1ulicos que pueden reemplazar los cilindros hidr\u00e1ulicos originales. Nuestra empresa produce una gama completa de productos y se ha convertido en uno de los principales fabricantes y mayoristas de cilindros hidr\u00e1ulicos en el mercado nacional e internacional. Nos adherimos al principio de excelente calidad, nos basamos en estrategias de gesti\u00f3n de producci\u00f3n industrializadas en talleres de alta calidad, mejoramos continuamente nuestras plataformas de fabricaci\u00f3n, optimizamos las rutas de calidad de producci\u00f3n y contamos con una s\u00f3lida capacidad creativa. Satisfacemos las diversas necesidades de nuestros clientes con los principios de alta eficiencia, alta precisi\u00f3n y alta calidad.<\/p>\n<p><img decoding=\"async\" src=\"https:\/\/hzpt.com\/wp-content\/uploads\/2024\/11\/songte-company-1.webp\" alt=\"Acerca de nosotros Imagen\"><\/p>\n<h3>Profesionalismo<\/h3>\n<p>Nuestra empresa cuenta con un equipo de t\u00e9cnicos profesionales y equipos de producci\u00f3n avanzados que pueden proporcionar a los clientes cilindros hidr\u00e1ulicos de alta calidad y servicios personalizados.<\/p>\n<h3>Certificaci\u00f3n Internacional<\/h3>\n<p>Los productos de nuestra empresa han pasado certificaciones internacionales como ISO9001 y CE, lo que demuestra nuestro compromiso con la calidad y la confiabilidad.<\/p>\n<h3>Servicios de personalizaci\u00f3n<\/h3>\n<p>Nuestra empresa puede proporcionar a los clientes cilindros hidr\u00e1ulicos personalizados que satisfagan sus necesidades espec\u00edficas.<\/p>\n<h3>Equipos de producci\u00f3n<\/h3>\n<p>El equipo de producci\u00f3n de nuestra empresa incluye centros de mecanizado CNC avanzados y varios equipos de prueba para garantizar la calidad del producto.<\/p>\n<h3>Servicio posventa<\/h3>\n<p>Nuestra empresa ofrece un conjunto completo de procedimientos de servicio posventa, incluido el mantenimiento y la reparaci\u00f3n del producto, para maximizar el rendimiento del producto y extender la vida \u00fatil de los cilindros hidr\u00e1ulicos.<\/p>\n<p>Autor: lyl.<\/p>","protected":false},"excerpt":{"rendered":"<p>Bucket Cylinder For Kato Small Excavator HD700-2-5-7 Introduction The bucket cylinder for Kato small excavator HD700-2-5-7 is a type of hydraulic cylinder that is specially designed to control the movement of the bucket in heavy machinery, such as excavators, backhoe excavators, and front-end loaders. Its primary function is to enable the bucket to lift, lower, [&hellip;]<\/p>","protected":false},"featured_media":14761,"comment_status":"open","ping_status":"closed","template":"","meta":{"_et_pb_use_builder":"","_et_pb_old_content":"","_et_gb_content_width":""},"product_brand":[],"product_cat":[1494],"product_tag":[1495,1496],"class_list":{"0":"post-16016","1":"product","2":"type-product","3":"status-publish","4":"has-post-thumbnail","6":"product_cat-bucket-cylinders","7":"product_tag-bucket-cylinders","8":"product_tag-hydraulic-cylinders","10":"first","11":"instock","12":"shipping-taxable","13":"product-type-simple"},"amp_enabled":true,"_links":{"self":[{"href":"https:\/\/www.hydraulic-cylinders.net\/es\/wp-json\/wp\/v2\/product\/16016","targetHints":{"allow":["GET"]}}],"collection":[{"href":"https:\/\/www.hydraulic-cylinders.net\/es\/wp-json\/wp\/v2\/product"}],"about":[{"href":"https:\/\/www.hydraulic-cylinders.net\/es\/wp-json\/wp\/v2\/types\/product"}],"replies":[{"embeddable":true,"href":"https:\/\/www.hydraulic-cylinders.net\/es\/wp-json\/wp\/v2\/comments?post=16016"}],"wp:featuredmedia":[{"embeddable":true,"href":"https:\/\/www.hydraulic-cylinders.net\/es\/wp-json\/wp\/v2\/media\/14761"}],"wp:attachment":[{"href":"https:\/\/www.hydraulic-cylinders.net\/es\/wp-json\/wp\/v2\/media?parent=16016"}],"wp:term":[{"taxonomy":"product_brand","embeddable":true,"href":"https:\/\/www.hydraulic-cylinders.net\/es\/wp-json\/wp\/v2\/product_brand?post=16016"},{"taxonomy":"product_cat","embeddable":true,"href":"https:\/\/www.hydraulic-cylinders.net\/es\/wp-json\/wp\/v2\/product_cat?post=16016"},{"taxonomy":"product_tag","embeddable":true,"href":"https:\/\/www.hydraulic-cylinders.net\/es\/wp-json\/wp\/v2\/product_tag?post=16016"}],"curies":[{"name":"wp","href":"https:\/\/api.w.org\/{rel}","templated":true}]}}