{"id":16025,"date":"2025-01-19T15:18:23","date_gmt":"2025-01-19T15:18:23","guid":{"rendered":"https:\/\/www.hydraulic-cylinders.net\/product\/bucket-cylinder-for-kato-small-excavator-hd1220\/"},"modified":"2025-01-19T15:18:29","modified_gmt":"2025-01-19T15:18:29","slug":"bucket-cylinder-for-kato-small-excavator-hd1220","status":"publish","type":"product","link":"https:\/\/www.hydraulic-cylinders.net\/es\/producto\/bucket-cylinder-for-kato-small-excavator-hd1220\/","title":{"rendered":"Cilindro de cuchar\u00f3n para excavadora peque\u00f1a Kato HD1220"},"content":{"rendered":"<h1>Cilindro de cuchar\u00f3n para excavadora peque\u00f1a Kato HD1220<\/h1>\n<h2>Introducci\u00f3n<\/h2>\n<p>El cilindro del cuchar\u00f3n es un cilindro hidr\u00e1ulico especialmente dise\u00f1ado que se utiliza para controlar el movimiento del cuchar\u00f3n en maquinaria pesada como excavadoras, retroexcavadoras y cargadoras frontales. Su funci\u00f3n principal es permitir la elevaci\u00f3n, el descenso y la inclinaci\u00f3n del cuchar\u00f3n, lo que lo hace adecuado para diversas tareas de manipulaci\u00f3n de materiales. En el sistema hidr\u00e1ulico, el cilindro del cuchar\u00f3n logra un control preciso del cuchar\u00f3n aprovechando los cambios de presi\u00f3n del aceite hidr\u00e1ulico, lo que permite a los operadores manipular cargas pesadas con eficiencia y adaptarse a entornos de trabajo complejos y diversos requisitos operativos.<\/p>\n<p><img decoding=\"async\" src=\"https:\/\/www.hydraulic-cylinders.net\/wp-content\/uploads\/2025\/01\/songte-company-2.webp\" alt=\"Imagen del cilindro del cubo\"><\/p>\n<h2>Caracter\u00edsticas<\/h2>\n<ul>\n<li>Alta resistencia y durabilidad: generalmente fabricados con acero o aluminio de alta resistencia, capaces de soportar alta presi\u00f3n y cargas pesadas, adecuados para entornos de trabajo hostiles, dise\u00f1ados teniendo en cuenta la resistencia al desgaste y la resistencia a la corrosi\u00f3n para extender la vida \u00fatil.<\/li>\n<li>Operaci\u00f3n hidr\u00e1ulica eficiente: utiliza la presi\u00f3n del aceite hidr\u00e1ulico para lograr una extensi\u00f3n y retracci\u00f3n suaves, capaz de responder r\u00e1pidamente a los comandos de control, proporcionando poderosas fuerzas de empuje y tracci\u00f3n, adecuadas para manipular cargas pesadas y tareas complejas.<\/li>\n<li>Varios Tipos: Se pueden seleccionar como cilindros de simple efecto (presi\u00f3n hidr\u00e1ulica utilizada en una sola direcci\u00f3n) o de doble efecto (presi\u00f3n hidr\u00e1ulica utilizada en ambas direcciones) seg\u00fan las necesidades, ciertos modelos son telesc\u00f3picos, lo que permite una mayor extensi\u00f3n sin aumentar las dimensiones externas, adecuados para aplicaciones con espacio limitado.<\/li>\n<li>Reemplazo perfecto: Nuestro producto puede reemplazar perfectamente estos cilindros hidr\u00e1ulicos.<\/li>\n<\/ul>\n<p><img decoding=\"async\" src=\"https:\/\/www.hydraulic-cylinders.net\/wp-content\/uploads\/2025\/01\/songte-cylinder-head-with-all-kinds-excavator-models.webp\" alt=\"Imagen del producto\"><\/p>\n<h2>Aplicaciones<\/h2>\n<ul>\n<li>Equipos de construcci\u00f3n: Presentes en las excavadoras, son cruciales para excavar, cargar y mover tierra o escombros. En las retroexcavadoras, el cilindro del cuchar\u00f3n facilita tanto la excavaci\u00f3n como la elevaci\u00f3n.<\/li>\n<li>Maquinaria agr\u00edcola: Se utiliza en cargadoras frontales para recoger, levantar y transportar tierra, heno y otros materiales.<\/li>\n<li>Excavadoras: El cilindro del cuchar\u00f3n permite realizar acciones de excavaci\u00f3n al permitir que el cuchar\u00f3n penetre en el suelo.<\/li>\n<li>Cargadores Frontales: En los cargadores frontales, ayudan a levantar e inclinar mercanc\u00edas de manera eficaz.<\/li>\n<\/ul>\n<h2>Consideraciones de dise\u00f1o y criterios de selecci\u00f3n<\/h2>\n<ul>\n<li>Capacidad de carga: Analice la capacidad para soportar cargas.<\/li>\n<li>Sellado: Analice la importancia de los sellos y sus materiales.<\/li>\n<li>Durabilidad: Analice la longevidad y la resistencia al desgaste del producto.<\/li>\n<li>Seguridad: Analice las caracter\u00edsticas y consideraciones de seguridad en el dise\u00f1o.<\/li>\n<li>Mantenibilidad: Analice la facilidad de mantenimiento y reparaci\u00f3n.<\/li>\n<\/ul>\n<p><img decoding=\"async\" src=\"https:\/\/www.hydraulic-cylinders.net\/wp-content\/uploads\/2025\/01\/songte-oil-pipes-and-spare-parts.webp\" alt=\"Imagen del producto\"><\/p>\n<h2>Sellado y lubricaci\u00f3n<\/h2>\n<p>El cilindro del cuchar\u00f3n utiliza diversos componentes de sellado, como sellos de pist\u00f3n y de v\u00e1stago, fabricados con materiales resistentes al desgaste como poliuretano y caucho de nitrilo. El cuerpo del cilindro y los extremos roscados se someten a un procesamiento fino para mejorar la resistencia al desgaste. Se requiere lubricaci\u00f3n regular con aceite hidr\u00e1ulico adecuado para garantizar un funcionamiento suave.<\/p>\n<h2>Inspecci\u00f3n peri\u00f3dica y medidas de mantenimiento preventivo<\/h2>\n<ul>\n<li>Inspecci\u00f3n peri\u00f3dica del estado del cilindro.<\/li>\n<li>Lubricaci\u00f3n adecuada del cilindro.<\/li>\n<li>Reemplazo de sellos y verificaci\u00f3n de calibraci\u00f3n.<\/li>\n<\/ul>\n<h2>Gu\u00eda de instalaci\u00f3n del producto<\/h2>\n<p>La correcta instalaci\u00f3n del cilindro del cuchar\u00f3n es esencial para un rendimiento \u00f3ptimo. Se recomienda alinearlo correctamente durante la instalaci\u00f3n y utilizar soportes de montaje adecuados para asegurarlo.<\/p>\n<p><img decoding=\"async\" src=\"https:\/\/www.hydraulic-cylinders.net\/wp-content\/uploads\/2025\/01\/songte-chushion-collar.webp\" alt=\"Imagen del producto\"><\/p>\n<h2>Tareas de mantenimiento<\/h2>\n<ul>\n<li>Inspecci\u00f3n regular<\/li>\n<li>Lubricaci\u00f3n adecuada<\/li>\n<li>Reemplazo del sello<\/li>\n<li>Comprobaciones de calibraci\u00f3n<\/li>\n<\/ul>\n<p>Es importante destacar la importancia de una correcta instalaci\u00f3n, lubricaci\u00f3n y ajuste. Se proporciona orientaci\u00f3n sobre la correcta alineaci\u00f3n del cilindro durante el proceso de instalaci\u00f3n, se recomienda el uso de soportes de instalaci\u00f3n adecuados para asegurarlo, se sugieren procedimientos de inspecci\u00f3n, reparaci\u00f3n y reemplazo, y se comparten consejos para prolongar la vida \u00fatil del cilindro del cuchar\u00f3n.<\/p>\n<p><img decoding=\"async\" src=\"https:\/\/www.hydraulic-cylinders.net\/wp-content\/uploads\/2025\/01\/songte-bushings-with-all-kinds-of-excavator-models.webp\" alt=\"Imagen del producto\"><\/p>\n<h2>Consideraciones de seguridad y factores ambientales<\/h2>\n<p>Analice la importancia de las medidas de seguridad al utilizar el cilindro del cubo y aborde los factores ambientales asociados con su uso.<\/p>\n<h2>Diagn\u00f3stico de fallas y problemas comunes<\/h2>\n<p>Analice fallas comunes y proporcione consejos y soluciones para la resoluci\u00f3n de problemas que ayuden a los lectores a diagnosticar y resolver problemas eficazmente. Adem\u00e1s, proponga medidas preventivas para minimizar posibles problemas.<\/p>\n<p><img decoding=\"async\" src=\"https:\/\/www.hydraulic-cylinders.net\/wp-content\/uploads\/2025\/01\/songte-company-1.webp\" alt=\"Imagen del producto\"><\/p>\n<h2>Acerca de nuestra empresa<\/h2>\n<p>Nuestra empresa fabrica cilindros hidr\u00e1ulicos de repuesto. Ofrecemos una amplia gama de productos y nos hemos convertido en uno de los principales fabricantes y distribuidores mayoristas de cilindros hidr\u00e1ulicos en el mercado nacional e internacional. Con un enfoque en la excelencia, nuestra estrategia de gesti\u00f3n de producci\u00f3n industrializada se basa en personal t\u00e9cnico cualificado, equipos de fabricaci\u00f3n de vanguardia y sistemas de prueba profesionales. Mejoramos continuamente nuestra plataforma de fabricaci\u00f3n, perfeccionamos las rutas de producci\u00f3n de calidad del producto y contamos con una s\u00f3lida capacidad de innovaci\u00f3n. Nuestro compromiso con la alta eficiencia, la alta precisi\u00f3n y los principios de alta calidad nos permite satisfacer las diversas necesidades de nuestros clientes.<\/p>\n<p><img decoding=\"async\" src=\"https:\/\/www.hydraulic-cylinders.net\/wp-content\/uploads\/2025\/01\/songte-company-3.webp\" alt=\"Imagen de la empresa\"><\/p>\n<h3>Profesionalismo<\/h3>\n<p>Hable sobre la experiencia y el profesionalismo de la empresa.<\/p>\n<h3>Certificaci\u00f3n Internacional<\/h3>\n<p>Discuta cualquier certificaci\u00f3n internacional que la empresa haya obtenido.<\/p>\n<h3>Servicios de personalizaci\u00f3n<\/h3>\n<p>Analice la capacidad de la empresa para ofrecer servicios personalizados.<\/p>\n<h3>Equipos de producci\u00f3n<\/h3>\n<p>Discuta el equipo de producci\u00f3n avanzado utilizado por la empresa.<\/p>\n<h3>Servicio posventa<\/h3>\n<p>Analice el compromiso de la empresa con el servicio posventa.<\/p>\n<p>Autor: lyl<\/p>","protected":false},"excerpt":{"rendered":"<p>Bucket Cylinder For Kato Small Excavator HD1220 Introduction The bucket cylinder is a specially designed hydraulic cylinder used to control the movement of the bucket in heavy machinery such as excavators, backhoe loaders, and front loaders. Its main function is to enable the lifting, lowering, and tilting of the bucket, making it suitable for various [&hellip;]<\/p>","protected":false},"featured_media":14776,"comment_status":"open","ping_status":"closed","template":"","meta":{"_et_pb_use_builder":"","_et_pb_old_content":"","_et_gb_content_width":""},"product_brand":[],"product_cat":[1494],"product_tag":[1495,1496],"class_list":{"0":"post-16025","1":"product","2":"type-product","3":"status-publish","4":"has-post-thumbnail","6":"product_cat-bucket-cylinders","7":"product_tag-bucket-cylinders","8":"product_tag-hydraulic-cylinders","10":"first","11":"instock","12":"shipping-taxable","13":"product-type-simple"},"amp_enabled":true,"_links":{"self":[{"href":"https:\/\/www.hydraulic-cylinders.net\/es\/wp-json\/wp\/v2\/product\/16025","targetHints":{"allow":["GET"]}}],"collection":[{"href":"https:\/\/www.hydraulic-cylinders.net\/es\/wp-json\/wp\/v2\/product"}],"about":[{"href":"https:\/\/www.hydraulic-cylinders.net\/es\/wp-json\/wp\/v2\/types\/product"}],"replies":[{"embeddable":true,"href":"https:\/\/www.hydraulic-cylinders.net\/es\/wp-json\/wp\/v2\/comments?post=16025"}],"wp:featuredmedia":[{"embeddable":true,"href":"https:\/\/www.hydraulic-cylinders.net\/es\/wp-json\/wp\/v2\/media\/14776"}],"wp:attachment":[{"href":"https:\/\/www.hydraulic-cylinders.net\/es\/wp-json\/wp\/v2\/media?parent=16025"}],"wp:term":[{"taxonomy":"product_brand","embeddable":true,"href":"https:\/\/www.hydraulic-cylinders.net\/es\/wp-json\/wp\/v2\/product_brand?post=16025"},{"taxonomy":"product_cat","embeddable":true,"href":"https:\/\/www.hydraulic-cylinders.net\/es\/wp-json\/wp\/v2\/product_cat?post=16025"},{"taxonomy":"product_tag","embeddable":true,"href":"https:\/\/www.hydraulic-cylinders.net\/es\/wp-json\/wp\/v2\/product_tag?post=16025"}],"curies":[{"name":"wp","href":"https:\/\/api.w.org\/{rel}","templated":true}]}}