{"id":16027,"date":"2025-01-19T15:18:35","date_gmt":"2025-01-19T15:18:35","guid":{"rendered":"https:\/\/www.hydraulic-cylinders.net\/product\/bucket-cylinder-for-kato-small-excavator-hd308r\/"},"modified":"2025-01-19T15:18:37","modified_gmt":"2025-01-19T15:18:37","slug":"bucket-cylinder-for-kato-small-excavator-hd308r","status":"publish","type":"product","link":"https:\/\/www.hydraulic-cylinders.net\/es\/producto\/bucket-cylinder-for-kato-small-excavator-hd308r\/","title":{"rendered":"Cilindro de cuchar\u00f3n para excavadora peque\u00f1a Kato HD308R"},"content":{"rendered":"<p><!DOCTYPE html><br \/>\n<html><br \/>\n<head><br \/>\n<title>Cilindro de cuchar\u00f3n para excavadora peque\u00f1a Kato HD308R<\/title><br \/>\n<\/head><br \/>\n<body><\/p>\n<h1>Cilindro de cuchar\u00f3n para excavadora peque\u00f1a Kato HD308R<\/h1>\n<h2>Introducci\u00f3n<\/h2>\n<p>El cilindro del cuchar\u00f3n es un cilindro hidr\u00e1ulico especialmente dise\u00f1ado para controlar el movimiento del cuchar\u00f3n en maquinaria pesada como excavadoras, retroexcavadoras y cargadoras de ruedas. Su funci\u00f3n principal es permitir la elevaci\u00f3n, el descenso y la inclinaci\u00f3n del cuchar\u00f3n, lo que facilita diversas tareas de manipulaci\u00f3n de materiales. En el sistema hidr\u00e1ulico, el cilindro del cuchar\u00f3n logra un control preciso del cuchar\u00f3n aprovechando los cambios de presi\u00f3n del aceite hidr\u00e1ulico, lo que permite a los operadores manipular cargas pesadas con eficiencia y adaptarse a entornos de trabajo complejos y diversos requisitos operativos.<\/p>\n<p><img decoding=\"async\" src=\"https:\/\/www.hydraulic-cylinders.net\/wp-content\/uploads\/2025\/01\/songte-company-2.webp\" alt=\"Imagen del cilindro del cubo\"><\/p>\n<h2>Caracter\u00edsticas<\/h2>\n<ul>\n<li>Alta resistencia y durabilidad: Generalmente fabricados en acero o aluminio de alta resistencia, soportan alta presi\u00f3n y cargas pesadas, adapt\u00e1ndose a entornos de trabajo hostiles. El dise\u00f1o considera la resistencia al desgaste y a la corrosi\u00f3n, lo que prolonga su vida \u00fatil.<\/li>\n<li>Operaci\u00f3n hidr\u00e1ulica eficiente: utiliza la presi\u00f3n del aceite hidr\u00e1ulico para lograr movimientos suaves de extensi\u00f3n y retracci\u00f3n, capaz de responder r\u00e1pidamente a los comandos de control, proporcionando poderosas fuerzas de empuje y tracci\u00f3n, adecuado para manipular cargas pesadas y tareas operativas complejas.<\/li>\n<li>M\u00faltiples tipos: Elija entre cilindros de simple efecto (fluido hidr\u00e1ulico en una sola direcci\u00f3n) o de doble efecto (fluido hidr\u00e1ulico en ambas direcciones) seg\u00fan sus necesidades operativas. Algunos modelos son telesc\u00f3picos, lo que permite una mayor extensi\u00f3n sin aumentar las dimensiones externas, ideal para aplicaciones con espacio limitado.<\/li>\n<li>Reemplazo perfecto: Nuestro producto puede reemplazar perfectamente estos cilindros hidr\u00e1ulicos.<\/li>\n<\/ul>\n<p><img decoding=\"async\" src=\"https:\/\/www.hydraulic-cylinders.net\/wp-content\/uploads\/2025\/01\/songte-cylinder-head-with-all-kinds-excavator-models.webp\" alt=\"Imagen de reemplazo del cilindro del cuchar\u00f3n\"><\/p>\n<h2>Aplicaciones<\/h2>\n<p>El cilindro de cuchara encuentra aplicaciones en diversas industrias:<\/p>\n<ol>\n<li>Equipos de construcci\u00f3n: En las excavadoras, son vitales para la excavaci\u00f3n, carga y transporte de materiales.<\/li>\n<li>Maquinaria agr\u00edcola: Se utiliza en cargadoras frontales para recoger, levantar y transportar tierra, heno y otros materiales.<\/li>\n<li>Excavadoras: El cilindro del cuchar\u00f3n permite excavar permitiendo que el cuchar\u00f3n penetre en el suelo.<\/li>\n<li>Cargadoras de ruedas: En las cargadoras frontales, ayudan a levantar e inclinar mercanc\u00edas de manera eficiente.<\/li>\n<\/ol>\n<h2>Consideraciones de dise\u00f1o y criterios de selecci\u00f3n<\/h2>\n<ul>\n<li>Capacidad de carga: Analice la capacidad del cilindro para soportar cargas y su impacto en las consideraciones de dise\u00f1o.<\/li>\n<li>Sellado: Explique la importancia de varios sellos, como sellos de pist\u00f3n y sellos de varilla, y el uso de materiales resistentes al desgaste como poliuretano y caucho de nitrilo.<\/li>\n<li>Durabilidad: Analice el tratamiento fino de la superficie del cuerpo del cilindro y los extremos roscados para mejorar la resistencia al desgaste.<\/li>\n<li>Seguridad: Destacar las consideraciones de seguridad en el dise\u00f1o, garantizando una operaci\u00f3n segura y minimizando los riesgos potenciales.<\/li>\n<li>Mantenimiento: Analice la importancia de las inspecciones regulares, la lubricaci\u00f3n y el reemplazo de sellos para garantizar la longevidad del cilindro.<\/li>\n<\/ul>\n<p><img decoding=\"async\" src=\"https:\/\/www.hydraulic-cylinders.net\/wp-content\/uploads\/2025\/01\/songte-oil-pipes-and-spare-parts.webp\" alt=\"Piezas de cilindros hidr\u00e1ulicos\"><\/p>\n<h2>Sellado y lubricaci\u00f3n<\/h2>\n<p>El cilindro del cuchar\u00f3n utiliza diversos componentes de sellado, como sellos de pist\u00f3n y de v\u00e1stago, fabricados con materiales resistentes al desgaste como poliuretano y caucho de nitrilo. El cuerpo del cilindro y los extremos roscados cuentan con un tratamiento fino para mejorar la resistencia al desgaste. Es necesaria una lubricaci\u00f3n regular con la cantidad adecuada de aceite hidr\u00e1ulico para garantizar un funcionamiento fluido.<\/p>\n<h2>Inspecciones y Mantenimiento Preventivo<\/h2>\n<p>Las inspecciones peri\u00f3dicas y el mantenimiento preventivo son cruciales para el correcto funcionamiento del cilindro del cuchar\u00f3n. Los puntos clave a considerar incluyen:<\/p>\n<ul>\n<li>Controles peri\u00f3dicos: inspeccione peri\u00f3dicamente si hay fugas, da\u00f1os y desgaste para identificar posibles problemas.<\/li>\n<li>Lubricaci\u00f3n adecuada: aplique lubricaci\u00f3n seg\u00fan lo recomendado para garantizar un funcionamiento suave.<\/li>\n<li>Reemplazo de sellos: reemplace los sellos cuando sea necesario para mantener un rendimiento \u00f3ptimo.<\/li>\n<li>Comprobaciones de calibraci\u00f3n: Realice comprobaciones de calibraci\u00f3n peri\u00f3dicas para garantizar un funcionamiento preciso.<\/li>\n<\/ul>\n<p><img decoding=\"async\" src=\"https:\/\/www.hydraulic-cylinders.net\/wp-content\/uploads\/2025\/01\/songte-chushion-collar.webp\" alt=\"Mantenimiento de cilindros hidr\u00e1ulicos\"><\/p>\n<h2>Consideraciones de seguridad y factores ambientales<\/h2>\n<p>Al trabajar con el cilindro del cuchar\u00f3n, es fundamental priorizar las medidas de seguridad para prevenir accidentes y garantizar el bienestar del operador. Esto incluye seguir las normas de seguridad, usar el equipo de protecci\u00f3n adecuado y seguir los procedimientos operativos correctos.<\/p>\n<h2>Diagn\u00f3stico y soluci\u00f3n de problemas<\/h2>\n<p>Es importante conocer las posibles fallas y problemas comunes que pueden surgir con el cilindro del cuchar\u00f3n. Al comprender estos problemas, los lectores pueden diagnosticarlos y resolverlos eficazmente. Adem\u00e1s, se pueden implementar medidas preventivas para minimizarlos.<\/p>\n<p><img decoding=\"async\" src=\"https:\/\/www.hydraulic-cylinders.net\/wp-content\/uploads\/2025\/01\/songte-bushings-with-all-kinds-of-excavator-models.webp\" alt=\"Problemas con los cilindros hidr\u00e1ulicos\"><\/p>\n<h2>Conclusi\u00f3n<\/h2>\n<p>En resumen, nuestra empresa es l\u00edder en la fabricaci\u00f3n y venta al por mayor de cilindros hidr\u00e1ulicos en el mercado nacional e internacional. Nos enorgullecemos de nuestra excelente calidad y utilizamos instalaciones de fabricaci\u00f3n avanzadas y sistemas de prueba profesionales para satisfacer las diversas necesidades de nuestros clientes. Con un compromiso con la eficiencia, la precisi\u00f3n y los altos est\u00e1ndares de calidad, nuestros productos est\u00e1n dise\u00f1ados para soportar los m\u00e1s exigentes requisitos operativos. Ofrecemos servicios personalizados, cumplimos con las certificaciones internacionales y brindamos un servicio posventa integral. Nos esforzamos por mejorar continuamente nuestra capacidad de fabricaci\u00f3n y la calidad de nuestros productos para garantizar la satisfacci\u00f3n del cliente.<\/p>\n<p><img decoding=\"async\" src=\"https:\/\/www.hydraulic-cylinders.net\/wp-content\/uploads\/2025\/01\/songte-company-3.webp\" alt=\"Descripci\u00f3n general de la empresa\"><\/p>\n<p>Autor: lyl<\/p>\n<p><\/body><br \/>\n<\/html><\/p>","protected":false},"excerpt":{"rendered":"<p>Bucket Cylinder For Kato Small Excavator HD308R Bucket Cylinder For Kato Small Excavator HD308R Introduction The bucket cylinder is a specially designed hydraulic cylinder used for controlling the movement of the bucket in heavy machinery such as excavators, backhoe loaders, and wheel loaders. Its main function is to enable the lifting, lowering, and tilting of [&hellip;]<\/p>","protected":false},"featured_media":14771,"comment_status":"open","ping_status":"closed","template":"","meta":{"_et_pb_use_builder":"","_et_pb_old_content":"","_et_gb_content_width":""},"product_brand":[],"product_cat":[1494],"product_tag":[1495,1496],"class_list":{"0":"post-16027","1":"product","2":"type-product","3":"status-publish","4":"has-post-thumbnail","6":"product_cat-bucket-cylinders","7":"product_tag-bucket-cylinders","8":"product_tag-hydraulic-cylinders","10":"first","11":"instock","12":"shipping-taxable","13":"product-type-simple"},"amp_enabled":true,"_links":{"self":[{"href":"https:\/\/www.hydraulic-cylinders.net\/es\/wp-json\/wp\/v2\/product\/16027","targetHints":{"allow":["GET"]}}],"collection":[{"href":"https:\/\/www.hydraulic-cylinders.net\/es\/wp-json\/wp\/v2\/product"}],"about":[{"href":"https:\/\/www.hydraulic-cylinders.net\/es\/wp-json\/wp\/v2\/types\/product"}],"replies":[{"embeddable":true,"href":"https:\/\/www.hydraulic-cylinders.net\/es\/wp-json\/wp\/v2\/comments?post=16027"}],"wp:featuredmedia":[{"embeddable":true,"href":"https:\/\/www.hydraulic-cylinders.net\/es\/wp-json\/wp\/v2\/media\/14771"}],"wp:attachment":[{"href":"https:\/\/www.hydraulic-cylinders.net\/es\/wp-json\/wp\/v2\/media?parent=16027"}],"wp:term":[{"taxonomy":"product_brand","embeddable":true,"href":"https:\/\/www.hydraulic-cylinders.net\/es\/wp-json\/wp\/v2\/product_brand?post=16027"},{"taxonomy":"product_cat","embeddable":true,"href":"https:\/\/www.hydraulic-cylinders.net\/es\/wp-json\/wp\/v2\/product_cat?post=16027"},{"taxonomy":"product_tag","embeddable":true,"href":"https:\/\/www.hydraulic-cylinders.net\/es\/wp-json\/wp\/v2\/product_tag?post=16027"}],"curies":[{"name":"wp","href":"https:\/\/api.w.org\/{rel}","templated":true}]}}