{"id":16112,"date":"2025-01-20T08:30:09","date_gmt":"2025-01-20T08:30:09","guid":{"rendered":"https:\/\/www.hydraulic-cylinders.net\/product\/arm-cylinderfor-sumitomo-large-excavator-sh350hb-3b\/"},"modified":"2025-01-20T08:30:18","modified_gmt":"2025-01-20T08:30:18","slug":"arm-cylinderfor-sumitomo-large-excavator-sh350hb-3b","status":"publish","type":"product","link":"https:\/\/www.hydraulic-cylinders.net\/es\/producto\/arm-cylinderfor-sumitomo-large-excavator-sh350hb-3b\/","title":{"rendered":"Cilindro de brazo para excavadora grande Sumitomo SH350HB-3B"},"content":{"rendered":"<h1>Cilindro de brazo para excavadora grande Sumitomo SH350HB-3B<\/h1>\n<h2>Introducci\u00f3n<\/h2>\n<p>Un cilindro de brazo es un cilindro hidr\u00e1ulico especialmente dise\u00f1ado que proporciona movimiento lineal y potencia al brazo de diversos tipos de maquinaria, como excavadoras, gr\u00faas y brazos rob\u00f3ticos. El cilindro de brazo desempe\u00f1a un papel fundamental en los sistemas hidr\u00e1ulicos, permitiendo el movimiento y control efectivos de herramientas o accesorios adicionales. Estos cilindros no solo proporcionan un movimiento suave, sino que tambi\u00e9n soportan cargas pesadas, garantizando un funcionamiento eficiente y la fiabilidad de la maquinaria en diversas condiciones de operaci\u00f3n.<\/p>\n<p><img decoding=\"async\" src=\"https:\/\/www.hydraulic-cylinders.net\/wp-content\/uploads\/2025\/01\/songte-company-2.webp\" alt=\"Cilindro del brazo\" \/><\/p>\n<h2>Caracter\u00edsticas<\/h2>\n<ul>\n<li>Transmisi\u00f3n de alta eficiencia: El cilindro del brazo proporciona un potente movimiento y fuerza lineal, lo que garantiza un rendimiento de alta eficiencia del brazo mec\u00e1nico durante las operaciones.<\/li>\n<li>Control preciso: a trav\u00e9s del sistema hidr\u00e1ulico, el cilindro del brazo puede lograr un control de movimiento preciso, lo que hace que la operaci\u00f3n de herramientas adicionales sea m\u00e1s flexible y precisa.<\/li>\n<li>Durable: Los cilindros de brazo generalmente est\u00e1n hechos de materiales de alta resistencia, que tienen buena resistencia al desgaste y a la corrosi\u00f3n, lo que los hace adecuados para uso a largo plazo en entornos hostiles.<\/li>\n<li>Adaptabilidad multifuncional: estos cilindros se pueden utilizar ampliamente en diversos equipos mec\u00e1nicos, como excavadoras, gr\u00faas y brazos rob\u00f3ticos, para satisfacer diferentes necesidades operativas.<\/li>\n<li>F\u00e1cil mantenimiento: dise\u00f1ado para facilitar el mantenimiento y el reemplazo, lo que hace que las inspecciones y el mantenimiento regulares sean m\u00e1s convenientes y reduce el tiempo de inactividad del equipo.<\/li>\n<\/ul>\n<p>Podemos producir este producto, que puede reemplazar perfectamente estos cilindros hidr\u00e1ulicos.<\/p>\n<p><img decoding=\"async\" src=\"https:\/\/www.hydraulic-cylinders.net\/wp-content\/uploads\/2025\/01\/songte-oil-pipes-and-spare-parts.webp\" alt=\"Cilindros hidr\u00e1ulicos\" \/><\/p>\n<h2>Aplicaciones<\/h2>\n<p>El cilindro del brazo tiene varias aplicaciones, entre ellas:<\/p>\n<h3>Ingenier\u00eda de la construcci\u00f3n<\/h3>\n<p>Se utiliza en excavadoras y gr\u00faas para controlar el movimiento de cucharones o plumas, para movimiento de tierras, manipulaci\u00f3n de materiales e instalaci\u00f3n estructural.<\/p>\n<h3>Industria manufacturera<\/h3>\n<p>Se utiliza en l\u00edneas de producci\u00f3n automatizadas para el movimiento de brazos rob\u00f3ticos, para procesos de ensamblaje, soldadura y manipulaci\u00f3n, mejorando la eficiencia y precisi\u00f3n de la producci\u00f3n.<\/p>\n<h3>Maquinaria agr\u00edcola<\/h3>\n<p>Se utiliza en maquinaria agr\u00edcola como cosechadoras y sembradoras para controlar el movimiento de los brazos operativos, realizando tareas como sembrar, fertilizar y cosechar.<\/p>\n<h3>Miner\u00eda<\/h3>\n<p>Se utiliza en equipos de miner\u00eda para controlar el movimiento del brazo, para extraer y transportar mineral.<\/p>\n<h3>Log\u00edstica y Transporte<\/h3>\n<p>Se utiliza en carretillas elevadoras y robots de manipulaci\u00f3n para controlar la elevaci\u00f3n y el movimiento de carga, para la manipulaci\u00f3n y apilado de materiales.<\/p>\n<p><img decoding=\"async\" src=\"https:\/\/www.hydraulic-cylinders.net\/wp-content\/uploads\/2025\/01\/songte-chushion-collar.webp\" alt=\"Cilindro de brazo liso\" \/><\/p>\n<h2>Consideraciones de dise\u00f1o y criterios de selecci\u00f3n<\/h2>\n<p>Al seleccionar un cilindro de brazo, se deben considerar varios factores:<\/p>\n<h3>capacidad de carga<\/h3>\n<p>El cilindro del brazo debe poder soportar el peso de la carga que se espera que mueva.<\/p>\n<h3>Caza de focas<\/h3>\n<p>El uso de sellos de alta calidad, como sellos de pist\u00f3n y sellos de v\u00e1stago hechos de materiales resistentes al desgaste como poliuretano y caucho de nitrilo, es crucial para garantizar un rendimiento \u00f3ptimo y evitar fugas.<\/p>\n<h3>Durabilidad<\/h3>\n<p>Los cilindros de brazo generalmente est\u00e1n hechos de materiales de alta resistencia para garantizar la resistencia al desgaste y la corrosi\u00f3n, lo cual es importante para el uso a largo plazo en entornos hostiles.<\/p>\n<h3>Seguridad<\/h3>\n<p>Se deben incorporar consideraciones de seguridad en el dise\u00f1o del cilindro del brazo, como el uso de v\u00e1lvulas de seguridad y dispositivos de protecci\u00f3n contra sobrecarga.<\/p>\n<h3>Mantenimiento<\/h3>\n<p>El dise\u00f1o debe tener en cuenta la facilidad de mantenimiento y reemplazo de componentes, como sellos y cojinetes, para garantizar un rendimiento \u00f3ptimo y reducir el tiempo de inactividad.<\/p>\n<p><img decoding=\"async\" src=\"https:\/\/www.hydraulic-cylinders.net\/wp-content\/uploads\/2025\/01\/songte-cylinder-head-with-all-kinds-excavator-models.webp\" alt=\"Cabezal de cilindro de brazo\" \/><\/p>\n<h2>Sellado y lubricaci\u00f3n<\/h2>\n<p>Se deben utilizar diversos componentes de sellado para el cilindro del brazo, como sellos de pist\u00f3n y de v\u00e1stago, fabricados con materiales resistentes al desgaste como poliuretano y caucho de nitrilo. El cuerpo del cilindro y las superficies roscadas de los extremos deben procesarse con precisi\u00f3n para mejorar la resistencia al desgaste. Se debe a\u00f1adir suficiente aceite hidr\u00e1ulico al cilindro para su lubricaci\u00f3n.<\/p>\n<h2>Mantenimiento<\/h2>\n<p>Es necesario realizar inspecciones peri\u00f3dicas y medidas de mantenimiento preventivo para garantizar el correcto funcionamiento del cilindro del brazo. Esto incluye la sustituci\u00f3n de sellos y cojinetes desgastados, la comprobaci\u00f3n de fugas y la inspecci\u00f3n de las v\u00e1lvulas de seguridad y los dispositivos de protecci\u00f3n contra sobrecargas. Tambi\u00e9n es fundamental seguir las instrucciones del fabricante para una correcta instalaci\u00f3n, operaci\u00f3n y mantenimiento.<\/p>\n<p><img decoding=\"async\" src=\"https:\/\/www.hydraulic-cylinders.net\/wp-content\/uploads\/2025\/01\/songte-bushings-with-all-kinds-of-excavator-models.webp\" alt=\"Bujes del cilindro del brazo\" \/><\/p>\n<h2>Gu\u00eda de instalaci\u00f3n<\/h2>\n<p>Antes de instalar el cilindro del brazo, aseg\u00farese de que el cilindro y el accesorio est\u00e9n correctamente acoplados. Evite sobrecargar y aseg\u00farese de que los dispositivos de seguridad est\u00e9n correctamente instalados. Revise el sistema hidr\u00e1ulico para detectar fugas o aver\u00edas. Siga las instrucciones del fabricante para una instalaci\u00f3n y un funcionamiento correctos.<\/p>\n<h2>Consideraciones de seguridad y factores ambientales<\/h2>\n<p>Al utilizar el cilindro del brazo, es fundamental seguir las normas de seguridad y tomar las precauciones necesarias para evitar accidentes y lesiones. Tambi\u00e9n se deben considerar factores ambientales como la temperatura, la humedad y la presencia de sustancias corrosivas.<\/p>\n<h2>Soluci\u00f3n de problemas y problemas comunes<\/h2>\n<p>Los problemas comunes con el cilindro del brazo incluyen fugas, movimiento lento y ruidos anormales. Estos problemas pueden deberse al desgaste de los sellos, falta de aceite hidr\u00e1ulico o da\u00f1os en el cilindro o el v\u00e1stago del pist\u00f3n. El mantenimiento y las inspecciones regulares pueden ayudar a prevenir estos problemas. Si surgen problemas, consulte las instrucciones del fabricante para su resoluci\u00f3n y, si es necesario, busque ayuda profesional.<\/p>\n<h2>Sobre nosotros<\/h2>\n<p>Somos un fabricante profesional de cilindros hidr\u00e1ulicos de repuesto con una amplia gama de productos y nos hemos convertido en uno de los principales fabricantes y distribuidores mayoristas de cilindros hidr\u00e1ulicos en los mercados nacionales e internacionales. Nos adherimos siempre al principio de la excelencia, bas\u00e1ndonos en estrategias de gesti\u00f3n de la producci\u00f3n industrializada en talleres de fabricaci\u00f3n de precisi\u00f3n para mejorar continuamente nuestro nivel t\u00e9cnico y la eficiencia de la producci\u00f3n. Mediante la introducci\u00f3n de equipos de fabricaci\u00f3n digital de alta gama y sistemas de prueba profesionales, optimizamos nuestra plataforma de fabricaci\u00f3n, mejoramos los procesos de control de calidad de los productos y contamos con una s\u00f3lida capacidad de innovaci\u00f3n. Nuestro objetivo es satisfacer las diversas necesidades de nuestros clientes con los principios de eficiencia, precisi\u00f3n y alta calidad.<\/p>\n<p><img decoding=\"async\" src=\"https:\/\/www.hydraulic-cylinders.net\/wp-content\/uploads\/2025\/01\/songte-company-4.webp\" alt=\"Compa\u00f1\u00eda\" \/><br \/>\n<img decoding=\"async\" src=\"https:\/\/www.hydraulic-cylinders.net\/wp-content\/uploads\/2025\/01\/songte-company-3.webp\" alt=\"Compa\u00f1\u00eda\" \/><\/p>\n<p>Ofrecemos un servicio profesional, personalizado y con certificaci\u00f3n internacional, equipos de producci\u00f3n avanzados y un excelente servicio posventa.<\/p>\n<p>Autor: lyl.<\/p>","protected":false},"excerpt":{"rendered":"<p>Arm Cylinder For Sumitomo Large Excavator SH350HB-3B Introduction An arm cylinder is a specially designed hydraulic cylinder used to provide linear movement and power to the arm of various types of machinery such as excavators, cranes, and robotic arms. The arm cylinder plays a critical role in hydraulic systems, enabling the effective movement and control [&hellip;]<\/p>","protected":false},"featured_media":14759,"comment_status":"open","ping_status":"closed","template":"","meta":{"_et_pb_use_builder":"","_et_pb_old_content":"","_et_gb_content_width":""},"product_brand":[],"product_cat":[1497],"product_tag":[1498,1496],"class_list":{"0":"post-16112","1":"product","2":"type-product","3":"status-publish","4":"has-post-thumbnail","6":"product_cat-arm-cylinders","7":"product_tag-arm-cylinders","8":"product_tag-hydraulic-cylinders","10":"first","11":"instock","12":"shipping-taxable","13":"product-type-simple"},"amp_enabled":true,"_links":{"self":[{"href":"https:\/\/www.hydraulic-cylinders.net\/es\/wp-json\/wp\/v2\/product\/16112","targetHints":{"allow":["GET"]}}],"collection":[{"href":"https:\/\/www.hydraulic-cylinders.net\/es\/wp-json\/wp\/v2\/product"}],"about":[{"href":"https:\/\/www.hydraulic-cylinders.net\/es\/wp-json\/wp\/v2\/types\/product"}],"replies":[{"embeddable":true,"href":"https:\/\/www.hydraulic-cylinders.net\/es\/wp-json\/wp\/v2\/comments?post=16112"}],"wp:featuredmedia":[{"embeddable":true,"href":"https:\/\/www.hydraulic-cylinders.net\/es\/wp-json\/wp\/v2\/media\/14759"}],"wp:attachment":[{"href":"https:\/\/www.hydraulic-cylinders.net\/es\/wp-json\/wp\/v2\/media?parent=16112"}],"wp:term":[{"taxonomy":"product_brand","embeddable":true,"href":"https:\/\/www.hydraulic-cylinders.net\/es\/wp-json\/wp\/v2\/product_brand?post=16112"},{"taxonomy":"product_cat","embeddable":true,"href":"https:\/\/www.hydraulic-cylinders.net\/es\/wp-json\/wp\/v2\/product_cat?post=16112"},{"taxonomy":"product_tag","embeddable":true,"href":"https:\/\/www.hydraulic-cylinders.net\/es\/wp-json\/wp\/v2\/product_tag?post=16112"}],"curies":[{"name":"wp","href":"https:\/\/api.w.org\/{rel}","templated":true}]}}