{"id":16170,"date":"2025-01-20T08:35:33","date_gmt":"2025-01-20T08:35:33","guid":{"rendered":"https:\/\/www.hydraulic-cylinders.net\/product\/arm-cylinderfor-caterpillar-large-excavator-e349dz\/"},"modified":"2025-01-20T08:35:40","modified_gmt":"2025-01-20T08:35:40","slug":"arm-cylinderfor-caterpillar-large-excavator-e349dz","status":"publish","type":"product","link":"https:\/\/www.hydraulic-cylinders.net\/es\/producto\/arm-cylinderfor-caterpillar-large-excavator-e349dz\/","title":{"rendered":"Cilindro de brazo para excavadora grande Caterpillar E349DZ"},"content":{"rendered":"<p>Cilindro de brazo para excavadora Caterpillar E349DZ: definici\u00f3n y explicaci\u00f3n<\/p>\n<p>El cilindro del brazo es un cilindro hidr\u00e1ulico especializado, dise\u00f1ado para proporcionar movimiento lineal y potencia al brazo de diversos tipos de maquinaria, como excavadoras, gr\u00faas y brazos mec\u00e1nicos. El cilindro del brazo desempe\u00f1a un papel fundamental en el sistema hidr\u00e1ulico, permitiendo el movimiento y control eficaz de herramientas o accesorios adicionales. Estos cilindros no solo logran movimientos suaves, sino que tambi\u00e9n soportan cargas pesadas, garantizando un funcionamiento eficiente y la fiabilidad de la maquinaria en diversas condiciones de trabajo.<\/p>\n<p><img loading=\"lazy\" decoding=\"async\" src=\"https:\/\/www.hydraulic-cylinders.net\/wp-content\/uploads\/2025\/01\/songte-company-2.webp\" alt=\"Cilindro del brazo\" width=\"400\" height=\"300\"><\/p>\n<p>Caracter\u00edsticas del cilindro del brazo<\/p>\n<p>El cilindro del brazo posee varias caracter\u00edsticas que lo convierten en un componente esencial de diversos tipos de maquinaria. Algunas de las caracter\u00edsticas clave incluyen:<\/p>\n<h2>Transmisi\u00f3n de potencia de alta eficiencia<\/h2>\n<p>El cilindro del brazo puede proporcionar un potente movimiento y fuerza lineal, lo que garantiza una alta eficiencia en el funcionamiento del brazo mec\u00e1nico.<\/p>\n<h2>Control preciso<\/h2>\n<p>A trav\u00e9s del sistema hidr\u00e1ulico, el cilindro del brazo puede lograr un control de movimiento preciso, haciendo que la operaci\u00f3n de herramientas adicionales sea m\u00e1s flexible y precisa.<\/p>\n<h2>Alta durabilidad<\/h2>\n<p>Los cilindros de brazo generalmente est\u00e1n hechos de materiales de alta resistencia, que tienen una excelente resistencia al desgaste y a la corrosi\u00f3n, adecuados para un uso a largo plazo en condiciones ambientales adversas.<\/p>\n<h2>Adaptabilidad multifuncional<\/h2>\n<p>Estos cilindros se pueden utilizar ampliamente en varios tipos de maquinaria, como excavadoras, gr\u00faas y brazos mec\u00e1nicos, para satisfacer diferentes requisitos de trabajo.<\/p>\n<h2>F\u00e1cil mantenimiento<\/h2>\n<p>El dise\u00f1o del cilindro del brazo tiene en cuenta la facilidad de mantenimiento y reemplazo, lo que lo hace conveniente para la inspecci\u00f3n y el mantenimiento de rutina y reduce el tiempo de inactividad del equipo.<\/p>\n<p>Nuestras capacidades de producci\u00f3n<\/p>\n<p>Nuestros productos pueden reemplazar perfectamente estos cilindros hidr\u00e1ulicos.<\/p>\n<p><img loading=\"lazy\" decoding=\"async\" src=\"https:\/\/www.hydraulic-cylinders.net\/wp-content\/uploads\/2025\/01\/songte-oil-pipes-and-spare-parts.webp\" alt=\"Cilindro hidr\u00e1ulico\" width=\"400\" height=\"300\"><\/p>\n<p>Aplicaci\u00f3n del cilindro de brazo<\/p>\n<p>El cilindro de brazo tiene diversas aplicaciones en diferentes industrias, entre ellas:<\/p>\n<h2>Ingenier\u00eda de la construcci\u00f3n<\/h2>\n<p>En excavadoras y gr\u00faas, el cilindro del brazo se utiliza para controlar el movimiento del cuchar\u00f3n o la pluma, realizando movimientos de tierra, manipulaci\u00f3n de materiales e instalaci\u00f3n estructural.<\/p>\n<h2>Industria manufacturera<\/h2>\n<p>En las l\u00edneas de producci\u00f3n automatizadas, el cilindro de brazo se utiliza para el movimiento de brazos mec\u00e1nicos, realizando procesos de ensamblaje, soldadura y manipulaci\u00f3n, mejorando la eficiencia y precisi\u00f3n de la producci\u00f3n.<\/p>\n<h2>Maquinaria agr\u00edcola<\/h2>\n<p>En maquinaria agr\u00edcola como cosechadoras y sembradoras, el cilindro del brazo controla el movimiento del brazo operativo, realizando tareas como la siembra, la fertilizaci\u00f3n y la cosecha.<\/p>\n<h2>Miner\u00eda<\/h2>\n<p>En los equipos de miner\u00eda, el cilindro del brazo controla el movimiento del brazo, realizando la miner\u00eda y el transporte de mineral.<\/p>\n<h2>Log\u00edstica y Transporte<\/h2>\n<p>En carretillas elevadoras y robots de manipulaci\u00f3n, el cilindro del brazo se utiliza para controlar la elevaci\u00f3n y el movimiento de las horquillas, realizando la manipulaci\u00f3n y el apilado de materiales.<\/p>\n<p>Consideraciones de dise\u00f1o y est\u00e1ndares de selecci\u00f3n<\/p>\n<p>Al dise\u00f1ar cilindros de brazo, se deben considerar varios factores, como la capacidad de carga, el rendimiento del sellado, la durabilidad, la seguridad y la facilidad de mantenimiento. <\/p>\n<h2>capacidad de carga<\/h2>\n<p>La capacidad de carga del cilindro del brazo debe dise\u00f1arse para satisfacer las necesidades de la maquinaria para garantizar que pueda soportar el peso y la fuerza requeridos.<\/p>\n<h2>Rendimiento de sellado<\/h2>\n<p>El cilindro del brazo necesita utilizar varios componentes de sellado, como sellos de pist\u00f3n, sellos de varilla, hechos de materiales resistentes al desgaste como poliuretano, caucho de nitrilo, para garantizar un rendimiento de sellado efectivo.<\/p>\n<h2>Durabilidad<\/h2>\n<p>El cuerpo del cilindro del brazo suele estar fabricado con materiales de alta resistencia y procesado para mejorar la resistencia al desgaste. La superficie del cuerpo del cilindro y el extremo roscado deben procesarse con precisi\u00f3n para aumentar la resistencia al desgaste.<\/p>\n<h2>Seguridad<\/h2>\n<p>Para garantizar un funcionamiento seguro, el cilindro del brazo debe tener suficiente resistencia y estabilidad, y el sistema hidr\u00e1ulico debe tener un dispositivo de seguridad para evitar la ca\u00edda repentina del cilindro del brazo.<\/p>\n<h2>Mantenibilidad<\/h2>\n<p>El cilindro del brazo debe estar dise\u00f1ado para que sea f\u00e1cil mantener y reemplazar componentes, y el sistema hidr\u00e1ulico debe tener un sistema de filtraci\u00f3n para evitar la contaminaci\u00f3n.<\/p>\n<p><img loading=\"lazy\" decoding=\"async\" src=\"https:\/\/www.hydraulic-cylinders.net\/wp-content\/uploads\/2025\/01\/songte-cylinder-head-with-all-kinds-excavator-models.webp\" alt=\"Culata\" width=\"400\" height=\"300\"><\/p>\n<p>Sellado y lubricaci\u00f3n del cilindro del brazo<\/p>\n<p>En el cilindro del brazo, diversos componentes de sellado, como los sellos de pist\u00f3n, los sellos de v\u00e1stago y los rascadores, desempe\u00f1an un papel fundamental para mantener el rendimiento de sellado del sistema hidr\u00e1ulico. Estos componentes est\u00e1n fabricados con materiales resistentes al desgaste, como poliuretano y caucho de nitrilo, y est\u00e1n dise\u00f1ados para soportar fluidos hidr\u00e1ulicos a alta presi\u00f3n. El cuerpo del cilindro y la superficie roscada del extremo suelen procesarse con precisi\u00f3n para mejorar la resistencia al desgaste. Una lubricaci\u00f3n adecuada del v\u00e1stago del cilindro y los componentes de sellado es necesaria para proteger el rendimiento de sellado y prolongar la vida \u00fatil del cilindro. Es fundamental a\u00f1adir regularmente la cantidad correcta de aceite hidr\u00e1ulico al sistema hidr\u00e1ulico.<\/p>\n<p>Inspecci\u00f3n regular y mantenimiento preventivo<\/p>\n<p>La inspecci\u00f3n regular y el mantenimiento preventivo del cilindro del brazo mejoran la fiabilidad del sistema hidr\u00e1ulico, reducen el tiempo de inactividad del equipo y prolongan su vida \u00fatil. Las medidas de mantenimiento preventivo incluyen la revisi\u00f3n del nivel de aceite del sistema hidr\u00e1ulico, la sustituci\u00f3n de juntas desgastadas, la limpieza del cuerpo del cilindro y el extremo roscado, y la revisi\u00f3n de los dispositivos de seguridad.<\/p>\n<p><img loading=\"lazy\" decoding=\"async\" src=\"https:\/\/www.hydraulic-cylinders.net\/wp-content\/uploads\/2025\/01\/songte-chushion-collar.webp\" alt=\"Cuello acolchado\" width=\"400\" height=\"300\"><\/p>\n<p>Gu\u00eda de instalaci\u00f3n<\/p>\n<p>Los siguientes son los pasos para instalar correctamente el cilindro del brazo:<\/p>\n<p>1. Aseg\u00farese de que el v\u00e1stago del cilindro y el pist\u00f3n est\u00e9n en la posici\u00f3n retra\u00edda.<\/p>\n<p>2. Limpie la superficie de montaje del cilindro y la m\u00e1quina.<\/p>\n<p>3. Alinee el cilindro con la superficie de montaje y f\u00edjelo en su lugar.<\/p>\n<p>4. Conecte las mangueras y accesorios hidr\u00e1ulicos.<\/p>\n<p>5. Llene el sistema hidr\u00e1ulico con el aceite hidr\u00e1ulico recomendado.<\/p>\n<p>6. Purgue el aire del sistema hidr\u00e1ulico.<\/p>\n<p>7. Verifique el funcionamiento del cilindro, incluido el movimiento, la fuerza y \u200b\u200bla velocidad.<\/p>\n<p>Consideraciones de seguridad<\/p>\n<p>El funcionamiento seguro del cilindro del brazo requiere que el sistema hidr\u00e1ulico est\u00e9 correctamente dise\u00f1ado e instalado de forma segura. El sistema hidr\u00e1ulico debe contar con dispositivos de seguridad, como v\u00e1lvulas de alivio de presi\u00f3n y v\u00e1lvulas de retenci\u00f3n, para evitar sobrecargas y ca\u00eddas repentinas de presi\u00f3n. Los operadores deben recibir la capacitaci\u00f3n adecuada y seguir las normas de seguridad para evitar accidentes.<\/p>\n<p>Soluci\u00f3n de problemas y problemas comunes<\/p>\n<p>Algunos problemas comunes con el cilindro del brazo incluyen fugas de aceite, reducci\u00f3n de fuerza y \u200b\u200blentitud de movimiento. Estos problemas pueden deberse a sellos desgastados, v\u00e1stago del pist\u00f3n da\u00f1ado o lubricaci\u00f3n insuficiente. Para solucionar estos problemas, se recomienda revisar los componentes de sellado, inspeccionar el v\u00e1stago del pist\u00f3n y asegurar una lubricaci\u00f3n adecuada.<\/p>\n<p><img loading=\"lazy\" decoding=\"async\" src=\"https:\/\/www.hydraulic-cylinders.net\/wp-content\/uploads\/2025\/01\/songte-bushings-with-all-kinds-of-excavator-models.webp\" alt=\"Bujes\" width=\"400\" height=\"300\"><\/p>\n<p>Conclusi\u00f3n<\/p>\n<p>Somos un fabricante profesional de cilindros hidr\u00e1ulicos que ofrece una amplia gama de productos y nos hemos convertido en uno de los principales fabricantes y distribuidores mayoristas de cilindros hidr\u00e1ulicos en el mercado nacional e internacional. Nos adherimos siempre al principio de excelente calidad, mejoramos continuamente nuestra tecnolog\u00eda y eficiencia de producci\u00f3n, y ofrecemos a nuestros clientes productos eficientes, precisos y de alta calidad. Ofrecemos servicios profesionales, certificaciones internacionales, servicios personalizados, equipos de producci\u00f3n avanzados y servicio posventa.<\/p>\n<p><img loading=\"lazy\" decoding=\"async\" src=\"https:\/\/www.hydraulic-cylinders.net\/wp-content\/uploads\/2025\/01\/songte-company-4.webp\" alt=\"Imagen de la empresa\" width=\"400\" height=\"300\"><br \/>\n<img loading=\"lazy\" decoding=\"async\" src=\"https:\/\/www.hydraulic-cylinders.net\/wp-content\/uploads\/2025\/01\/songte-company-3.webp\" alt=\"Imagen de la empresa\" width=\"400\" height=\"300\"><\/p>\n<p>Autor: lyl<\/p>","protected":false},"excerpt":{"rendered":"<p>Arm Cylinder For Caterpillar Large Excavator E349DZ: Definition and Explanation The arm cylinder is a specialized hydraulic cylinder designed to provide linear motion and power to the arm of various types of machinery, such as excavators, cranes, and mechanical arms. The arm cylinder plays a critical role in the hydraulic system, allowing additional tools or [&hellip;]<\/p>","protected":false},"featured_media":14766,"comment_status":"open","ping_status":"closed","template":"","meta":{"_et_pb_use_builder":"","_et_pb_old_content":"","_et_gb_content_width":""},"product_brand":[],"product_cat":[1497],"product_tag":[1498,1496],"class_list":{"0":"post-16170","1":"product","2":"type-product","3":"status-publish","4":"has-post-thumbnail","6":"product_cat-arm-cylinders","7":"product_tag-arm-cylinders","8":"product_tag-hydraulic-cylinders","10":"first","11":"instock","12":"shipping-taxable","13":"product-type-simple"},"amp_enabled":true,"_links":{"self":[{"href":"https:\/\/www.hydraulic-cylinders.net\/es\/wp-json\/wp\/v2\/product\/16170","targetHints":{"allow":["GET"]}}],"collection":[{"href":"https:\/\/www.hydraulic-cylinders.net\/es\/wp-json\/wp\/v2\/product"}],"about":[{"href":"https:\/\/www.hydraulic-cylinders.net\/es\/wp-json\/wp\/v2\/types\/product"}],"replies":[{"embeddable":true,"href":"https:\/\/www.hydraulic-cylinders.net\/es\/wp-json\/wp\/v2\/comments?post=16170"}],"wp:featuredmedia":[{"embeddable":true,"href":"https:\/\/www.hydraulic-cylinders.net\/es\/wp-json\/wp\/v2\/media\/14766"}],"wp:attachment":[{"href":"https:\/\/www.hydraulic-cylinders.net\/es\/wp-json\/wp\/v2\/media?parent=16170"}],"wp:term":[{"taxonomy":"product_brand","embeddable":true,"href":"https:\/\/www.hydraulic-cylinders.net\/es\/wp-json\/wp\/v2\/product_brand?post=16170"},{"taxonomy":"product_cat","embeddable":true,"href":"https:\/\/www.hydraulic-cylinders.net\/es\/wp-json\/wp\/v2\/product_cat?post=16170"},{"taxonomy":"product_tag","embeddable":true,"href":"https:\/\/www.hydraulic-cylinders.net\/es\/wp-json\/wp\/v2\/product_tag?post=16170"}],"curies":[{"name":"wp","href":"https:\/\/api.w.org\/{rel}","templated":true}]}}