{"id":1623,"date":"2023-10-08T08:41:38","date_gmt":"2023-10-08T08:41:38","guid":{"rendered":"https:\/\/hydraulic-cylinders.net\/?post_type=product&#038;p=1623"},"modified":"2025-04-11T02:55:33","modified_gmt":"2025-04-11T02:55:33","slug":"press-return-cylinder","status":"publish","type":"product","link":"https:\/\/www.hydraulic-cylinders.net\/es\/producto\/press-return-cylinder\/","title":{"rendered":"Presione el cilindro de retorno"},"content":{"rendered":"<h1 style=\"text-align: center;\"><strong>Presione el cilindro de retorno<\/strong><\/h1>\n<p><img loading=\"lazy\" decoding=\"async\" class=\"aligncenter wp-image-1624\" src=\"https:\/\/hydraulic-cylinders.net\/wp-content\/uploads\/2023\/10\/return-cylinder-1-300x300.webp\" alt=\"\" width=\"400\" height=\"400\" \/><\/p>\n<p>El cilindro de retorno de prensa es un componente vital para optimizar las operaciones de prensado en diversas industrias. Gracias a sus caracter\u00edsticas avanzadas y rendimiento confiable, este cilindro ofrece mayor eficiencia, precisi\u00f3n y seguridad.<\/p>\n<p>El cilindro de retorno de prensa es valioso para mejorar la eficiencia, precisi\u00f3n y seguridad en las operaciones de prensado. Gracias a su construcci\u00f3n robusta, posicionamiento preciso, retorno eficiente y caracter\u00edsticas de seguridad integradas, este cilindro le permite lograr resultados superiores. Siguiendo los m\u00e9todos de uso y las pr\u00e1cticas de mantenimiento recomendadas, puede maximizar el rendimiento, la productividad y la vida \u00fatil de sus operaciones de prensado. Elija el cilindro de retorno de prensa para optimizar procesos cr\u00edticos y elevar la excelencia operativa.<\/p>\n<p>Caracter\u00edsticas clave del cilindro de retorno de prensa:<\/p>\n<ol>\n<li>Construcci\u00f3n robusta:<\/li>\n<\/ol>\n<ul>\n<li>El cilindro de retorno de prensa est\u00e1 construido con materiales de alta calidad, lo que garantiza durabilidad y longevidad.<\/li>\n<li>Su dise\u00f1o robusto puede soportar cargas pesadas y duras condiciones de operaci\u00f3n, proporcionando un rendimiento confiable en entornos industriales exigentes.<\/li>\n<\/ul>\n<ol start=\"2\">\n<li>Posicionamiento preciso:<\/li>\n<\/ol>\n<ul>\n<li>Este cilindro ofrece un control de posicionamiento preciso, lo que permite una alineaci\u00f3n precisa del mecanismo de retorno de la prensa.<\/li>\n<li>Su excepcional precisi\u00f3n garantiza un posicionamiento consistente y confiable, minimizando el riesgo de errores o desalineaciones.<\/li>\n<\/ul>\n<ol start=\"3\">\n<li>Retorno eficiente:<\/li>\n<\/ol>\n<ul>\n<li>El cilindro de retorno de la prensa permite el retorno r\u00e1pido y eficiente del mecanismo de prensa a su posici\u00f3n inicial.<\/li>\n<li>Su potente sistema hidr\u00e1ulico facilita un movimiento r\u00e1pido, reduciendo el tiempo de inactividad y aumentando la productividad general.<\/li>\n<\/ul>\n<ol start=\"4\">\n<li>Caracter\u00edsticas de seguridad:<\/li>\n<\/ol>\n<ul>\n<li>Este cilindro incorpora caracter\u00edsticas de seguridad como v\u00e1lvulas de alivio de presi\u00f3n y mecanismos de parada de emergencia.<\/li>\n<li>Estas caracter\u00edsticas de seguridad ayudan a proteger la prensa y al operador, previniendo accidentes y minimizando el riesgo de da\u00f1os.<\/li>\n<\/ul>\n<h2><strong>Par\u00e1metros del cilindro de retorno de prensa:<\/strong><\/h2>\n<table border=\"1\" cellspacing=\"0\" cellpadding=\"0\">\n<tbody>\n<tr>\n<td>Nombre del producto<\/td>\n<td>Cilindro de retorno de prensa hidr\u00e1ulica<\/td>\n<\/tr>\n<tr>\n<td>Caracter\u00edsticas:<\/td>\n<td>Proporciona fuerza de retorno para el cilindro principal y el cilindro lateral, dividido en tipo \u00e9mbolo\/tipo pist\u00f3n<\/td>\n<\/tr>\n<tr>\n<td>Di\u00e1metro del orificio:<\/td>\n<td>180 mm \uff5e 410 mm<\/td>\n<\/tr>\n<tr>\n<td>Di\u00e1metro de la varilla:<\/td>\n<td>\u00a0120 mm \uff5e 360 mm<br \/>\nCarrera \u2264 4500 mm<\/td>\n<\/tr>\n<tr>\n<td>Fuerza de empuje:<\/td>\n<td>M\u00e1ximo 2612 KN<br \/>\n(Di\u00e1metro del orificio: 410 mm\/presi\u00f3n 31,5 MPa)<\/td>\n<\/tr>\n<tr>\n<td>\u00c9mbolo:<\/td>\n<td>\u00a0140 mm \uff5e 360 mm<br \/>\nCarrera \u22643000 mm<\/td>\n<\/tr>\n<tr>\n<td>Fuerza de empuje del \u00e9mbolo:<\/td>\n<td>M\u00e1ximo 3206KN<br \/>\n(\u00c9mbolo 360 mm\/presi\u00f3n 31,5 MPa)<\/td>\n<\/tr>\n<tr>\n<td>Aplicaciones del cilindro de retorno de prensa hidr\u00e1ulica:<\/td>\n<td>Prensa hidr\u00e1ulica<\/td>\n<\/tr>\n<\/tbody>\n<\/table>\n<div class=\"txtboxL\">\n<div><\/div>\n<div class=\"txtboxL\">Caracter\u00edsticas:<\/div>\n<div class=\"txtboxR\">Proporciona fuerza de retorno para el cilindro principal y el cilindro lateral, dividido en tipo \u00e9mbolo\/tipo pist\u00f3n<\/div>\n<div class=\"txtboxL\">Especificaci\u00f3n:<br \/>\nPist\u00f3n<\/div>\n<div class=\"txtboxR\">Di\u00e1metro del orificio: 180 mm \uff5e 410 mm<br \/>\nDi\u00e1metro de la varilla: 120 mm \uff5e 360 mm<br \/>\nCarrera \u2264 4500 mm<\/div>\n<div class=\"txtboxL\">Fuerza de empuje:<\/div>\n<div class=\"txtboxR\">M\u00e1ximo 2612 KN<br \/>\n(Di\u00e1metro del orificio: 410 mm\/presi\u00f3n 31,5 MPa)<\/div>\n<div class=\"txtboxL\">Especificaci\u00f3n:<br \/>\n\u00c9mbolo<\/div>\n<div class=\"txtboxR\">\u00c9mbolo: 140 mm \uff5e 360 mm<br \/>\nCarrera \u22643000 mm<\/div>\n<div class=\"txtboxL\">Fuerza de empuje:<\/div>\n<div class=\"txtboxR\">M\u00e1ximo 3206KN<br \/>\n(\u00c9mbolo 360 mm\/presi\u00f3n 31,5 MPa)<\/div>\n<\/div>\n<h2><strong>F\u00e1brica de cilindros de prensa:<\/strong><\/h2>\n<p><img loading=\"lazy\" decoding=\"async\" class=\"alignnone wp-image-1619 size-full\" src=\"https:\/\/hydraulic-cylinders.net\/wp-content\/uploads\/2023\/10\/press-cylinder.webp\" alt=\"\" width=\"1418\" height=\"946\" srcset=\"https:\/\/hydraulic-cylinders.net\/wp-content\/uploads\/2023\/10\/press-cylinder.webp 1418w, https:\/\/hydraulic-cylinders.net\/wp-content\/uploads\/2023\/10\/press-cylinder-1280x854.webp 1280w, https:\/\/hydraulic-cylinders.net\/wp-content\/uploads\/2023\/10\/press-cylinder-980x654.webp 980w, https:\/\/hydraulic-cylinders.net\/wp-content\/uploads\/2023\/10\/press-cylinder-480x320.webp 480w\" sizes=\"(min-width: 0px) and (max-width: 480px) 480px, (min-width: 481px) and (max-width: 980px) 980px, (min-width: 981px) and (max-width: 1280px) 1280px, (min-width: 1281px) 1418px, 100vw\" \/><\/p>\n<h2><strong>M\u00e9todo de uso del cilindro de retorno de prensa<\/strong><strong>:<\/strong><\/h2>\n<ol>\n<li><strong>Instalaci\u00f3n e Integraci\u00f3n:<\/strong><\/li>\n<\/ol>\n<ul>\n<li>Monte el cilindro de retorno de la prensa de forma segura en el marco de la prensa o en el \u00e1rea de montaje designada.<\/li>\n<li>Aseg\u00farese de que la alineaci\u00f3n y la conexi\u00f3n sean adecuadas, siguiendo las pautas y recomendaciones del fabricante.<\/li>\n<\/ul>\n<ol start=\"2\">\n<li><strong>Conexiones hidr\u00e1ulicas:<\/strong><\/li>\n<\/ol>\n<ul>\n<li>Conecte el cilindro de retorno de la prensa a la unidad de potencia hidr\u00e1ulica utilizando mangueras y accesorios hidr\u00e1ulicos adecuados.<\/li>\n<li>Verifique que las conexiones hidr\u00e1ulicas sean seguras y libres de fugas para garantizar una transferencia de fluido eficiente y un funcionamiento seguro.<\/li>\n<\/ul>\n<ol start=\"3\">\n<li><strong>Ajuste de posicionamiento:<\/strong><\/li>\n<\/ol>\n<ul>\n<li>Ajuste la posici\u00f3n del cilindro de retorno de la prensa seg\u00fan los requisitos espec\u00edficos de su aplicaci\u00f3n de prensado.<\/li>\n<li>Siga las instrucciones del fabricante para establecer las posiciones de inicio y retorno deseadas para un rendimiento \u00f3ptimo.<\/li>\n<\/ul>\n<ol start=\"4\">\n<li><strong>Controles operacionales:<\/strong><\/li>\n<\/ol>\n<ul>\n<li>Familiar\u00edcese con los controles operativos proporcionados por el cilindro de retorno de prensa.<\/li>\n<li>Comprenda c\u00f3mo iniciar el movimiento de retorno y funciones adicionales, como control de velocidad o funciones de parada de emergencia.<\/li>\n<\/ul>\n<h2><strong>\u00bfQu\u00e9 ley hidr\u00e1ulica utiliza el sistema de frenos?<\/strong><\/h2>\n<p>El sistema de frenos de los veh\u00edculos suele utilizar la ley hidr\u00e1ulica de Pascal. Esta ley establece que, al aplicar presi\u00f3n a un fluido confinado, esta se transmite por igual en todas las direcciones. En el contexto de un sistema de frenos hidr\u00e1ulico, este principio permite la transmisi\u00f3n de fuerza desde el pedal del freno hasta los propios frenos.<\/p>\n<p>A continuaci\u00f3n se ofrece una explicaci\u00f3n simplificada de c\u00f3mo el sistema de frenos utiliza la ley de Pascal:<\/p>\n<ol>\n<li><strong>Aplicaci\u00f3n del pedal de freno:<\/strong>\n<ul>\n<li>Cuando el conductor pisa el pedal del freno, se aplica una fuerza mec\u00e1nica al cilindro maestro.<\/li>\n<\/ul>\n<\/li>\n<li><strong>Cilindro maestro:<\/strong>\n<ul>\n<li>El cilindro maestro contiene un pist\u00f3n que se mueve en respuesta a la fuerza aplicada por el pedal del freno.<\/li>\n<li>A medida que el pist\u00f3n se mueve, ejerce presi\u00f3n sobre el l\u00edquido de frenos contenido dentro del cilindro maestro.<\/li>\n<\/ul>\n<\/li>\n<li><strong>Transmisi\u00f3n de presi\u00f3n:<\/strong>\n<ul>\n<li>En este punto entra en juego la ley de Pascal.<\/li>\n<li>La presi\u00f3n creada por el movimiento del pist\u00f3n se transmite por igual a todo el l\u00edquido de frenos en todas las direcciones.<\/li>\n<\/ul>\n<\/li>\n<li><strong>L\u00edneas hidr\u00e1ulicas:<\/strong>\n<ul>\n<li>El l\u00edquido de frenos, bajo presi\u00f3n, fluye a trav\u00e9s de las l\u00edneas hidr\u00e1ulicas o tuber\u00edas de freno.<\/li>\n<li>Estas l\u00edneas conectan el cilindro maestro a las pinzas de freno o a los cilindros de las ruedas en cada rueda.<\/li>\n<\/ul>\n<\/li>\n<li><strong>Pinzas de freno\/cilindros de rueda:<\/strong>\n<ul>\n<li>Las pinzas de freno (en los frenos de disco) o los cilindros de rueda (en los frenos de tambor) reciben el l\u00edquido de frenos presurizado en cada rueda.<\/li>\n<li>La presi\u00f3n hace que las pinzas o cilindros ejerzan fuerza sobre las pastillas o zapatas de freno, que presionan contra los rotores o tambores de freno.<\/li>\n<\/ul>\n<\/li>\n<li><strong>Fricci\u00f3n y acci\u00f3n de frenado:<\/strong>\n<ul>\n<li>La fricci\u00f3n entre las pastillas de freno y los rotores (o zapatas y tambores) ralentiza o detiene las ruedas del veh\u00edculo.<\/li>\n<\/ul>\n<\/li>\n<\/ol>\n<h2><strong>Capacidad de la f\u00e1brica:<\/strong><\/h2>\n<h3>(1) Montaje<\/h3>\n<p>Contamos con una plataforma de ensamblaje independiente de primera clase para investigaci\u00f3n y desarrollo. El taller de producci\u00f3n de cilindros hidr\u00e1ulicos cuenta con cuatro l\u00edneas de ensamblaje de cilindros de elevaci\u00f3n semiautom\u00e1ticos y una l\u00ednea de ensamblaje de cilindros de inclinaci\u00f3n autom\u00e1ticos, con una capacidad de producci\u00f3n anual dise\u00f1ada de 1 mill\u00f3n de piezas. El taller de cilindros especiales est\u00e1 equipado con un sistema de ensamblaje de limpieza semiautom\u00e1tico de diversas especificaciones, con una capacidad de producci\u00f3n anual dise\u00f1ada de 200,000 unidades, y est\u00e1 equipado con reconocidos equipos de mecanizado CNC, un centro de mecanizado, equipos especiales de procesamiento de cilindros de alta precisi\u00f3n, una m\u00e1quina de soldadura robotizada, una m\u00e1quina de limpieza autom\u00e1tica, una m\u00e1quina de ensamblaje de cilindros autom\u00e1ticos y una l\u00ednea de producci\u00f3n de pintura autom\u00e1tica. Contamos con m\u00e1s de 300 equipos cr\u00edticos. La asignaci\u00f3n \u00f3ptima y el uso eficiente de los recursos de equipo garantizan la precisi\u00f3n y la alta calidad de los productos.<\/p>\n<p><img loading=\"lazy\" decoding=\"async\" class=\"alignnone wp-image-626\" src=\"https:\/\/hydraulic-cylinders.net\/wp-content\/uploads\/2023\/08\/hydraulic-cylinder-product-1-300x158.webp\" alt=\"\" width=\"495\" height=\"260\" srcset=\"https:\/\/hydraulic-cylinders.net\/wp-content\/uploads\/2023\/08\/hydraulic-cylinder-product-1-300x158.webp 495w, https:\/\/hydraulic-cylinders.net\/wp-content\/uploads\/2023\/08\/hydraulic-cylinder-product-1-480x252.webp 480w\" sizes=\"(min-width: 0px) and (max-width: 480px) 480px, (min-width: 481px) 495px, 100vw\" \/> <img loading=\"lazy\" decoding=\"async\" class=\"alignnone wp-image-627\" src=\"https:\/\/hydraulic-cylinders.net\/wp-content\/uploads\/2023\/08\/hydraulic-cylinder-product-2-300x189.webp\" alt=\"\" width=\"413\" height=\"260\" \/><\/p>\n<h3>(2) Mecanizado<\/h3>\n<p>El taller de mecanizado est\u00e1 equipado con un centro de torneado de carril inclinado personalizado, un centro de mecanizado, una m\u00e1quina de bru\u00f1ido de alta velocidad, un robot de soldadura y otros equipos relacionados, que pueden procesar tubos cil\u00edndricos con un di\u00e1metro interior m\u00e1ximo de 400 mm y una longitud m\u00e1xima de 6 metros.<\/p>\n<p><img loading=\"lazy\" decoding=\"async\" class=\"alignnone wp-image-628 size-large\" src=\"https:\/\/hydraulic-cylinders.net\/wp-content\/uploads\/2023\/08\/hydraulic-cylinder-product-3-1024x391.webp\" alt=\"\" width=\"1024\" height=\"391\" srcset=\"https:\/\/hydraulic-cylinders.net\/wp-content\/uploads\/2023\/08\/hydraulic-cylinder-product-3-980x374.webp 980w, https:\/\/hydraulic-cylinders.net\/wp-content\/uploads\/2023\/08\/hydraulic-cylinder-product-3-480x183.webp 480w\" sizes=\"(min-width: 0px) and (max-width: 480px) 480px, (min-width: 481px) and (max-width: 980px) 980px, (min-width: 981px) 1024px, 100vw\" \/><\/p>\n<h3>(3) Soldadura<\/h3>\n<p><img loading=\"lazy\" decoding=\"async\" class=\"alignnone wp-image-629 size-large\" src=\"https:\/\/hydraulic-cylinders.net\/wp-content\/uploads\/2023\/08\/hydraulic-cylinder-product-4-1024x510.webp\" alt=\"\" width=\"1024\" height=\"510\" srcset=\"https:\/\/hydraulic-cylinders.net\/wp-content\/uploads\/2023\/08\/hydraulic-cylinder-product-4-980x488.webp 980w, https:\/\/hydraulic-cylinders.net\/wp-content\/uploads\/2023\/08\/hydraulic-cylinder-product-4-480x239.webp 480w\" sizes=\"(min-width: 0px) and (max-width: 480px) 480px, (min-width: 481px) and (max-width: 980px) 980px, (min-width: 981px) 1024px, 100vw\" \/><\/p>\n<h3>(4) Pintura y revestimiento<\/h3>\n<p>Con peque\u00f1as y medianas l\u00edneas de cilindros autom\u00e1ticos de recubrimiento de pintura a base de agua, para lograr la carga y descarga autom\u00e1tica de robots y pulverizaci\u00f3n autom\u00e1tica, la capacidad de dise\u00f1o de 4000 piezas por turno;<br \/>\nTambi\u00e9n disponemos de una l\u00ednea semiautom\u00e1tica de producci\u00f3n de pintura para grandes cilindros accionada por cadena, con una capacidad de dise\u00f1o de 60 cajas por turno.<\/p>\n<p><img loading=\"lazy\" decoding=\"async\" class=\"alignnone wp-image-630\" src=\"https:\/\/hydraulic-cylinders.net\/wp-content\/uploads\/2023\/08\/hydraulic-cylinder-product-5-300x213.webp\" alt=\"\" width=\"366\" height=\"260\" \/> <img loading=\"lazy\" decoding=\"async\" class=\"alignnone wp-image-631\" src=\"https:\/\/hydraulic-cylinders.net\/wp-content\/uploads\/2023\/08\/hydraulic-cylinder-product-6-300x225.webp\" alt=\"\" width=\"347\" height=\"260\" \/><\/p>\n<h3>(5) Pruebas<\/h3>\n<p>Disponemos de instalaciones de inspecci\u00f3n y bancos de pruebas de primera clase para garantizar que el rendimiento del cilindro cumple los requisitos.<\/p>\n<p><img loading=\"lazy\" decoding=\"async\" class=\"alignnone wp-image-632\" src=\"https:\/\/hydraulic-cylinders.net\/wp-content\/uploads\/2023\/08\/hydraulic-cylinder-product-8-300x200.webp\" alt=\"\" width=\"389\" height=\"260\" \/><\/p>\n<p>&nbsp;<\/p>\n<p>&nbsp;<\/p>\n<p>Somos uno de los mejores fabricantes de cilindros hidr\u00e1ulicos. Ofrecemos cilindros hidr\u00e1ulicos integrales. Tambi\u00e9n proporcionamos... <a href=\"https:\/\/hzpt.com\/agricultural-pto-gearbox\/\" target=\"_blank\" rel=\"noopener\">cajas de cambios agr\u00edcolas<\/a>Hemos exportado nuestros productos a clientes de todo el mundo y nos hemos ganado una excelente reputaci\u00f3n gracias a nuestra excelente calidad y servicio posventa. Invitamos a clientes nacionales e internacionales a contactarnos para negociar negocios, intercambiar informaci\u00f3n y... <a href=\"https:\/\/www.hydraulic-cylinders.net\/es\/contact-us\/\">colabore con nosotros<\/a>!<\/p>","protected":false},"excerpt":{"rendered":"<p>Press Return Cylinder The press return cylinder is a vital component in optimizing pressing operations in various industries. With its advanced features and reliable performance, this cylinder offers enhanced efficiency, accuracy, and safety. The press return cylinder is valuable for enhancing efficiency, accuracy, and safety in pressing operations. With its robust construction, precise positioning, efficient [&hellip;]<\/p>","protected":false},"featured_media":1625,"comment_status":"open","ping_status":"closed","template":"","meta":{"_et_pb_use_builder":"","_et_pb_old_content":"","_et_gb_content_width":""},"product_brand":[],"product_cat":[1522,1549,1376],"product_tag":[1380],"class_list":{"0":"post-1623","1":"product","2":"type-product","3":"status-publish","4":"has-post-thumbnail","6":"product_cat-press-hydraulic-cylinders","7":"product_cat-single-acting-hydraulic-cylinder","8":"product_cat-hydraulic-cylinder","9":"product_tag-hydraulic-cylinder","11":"first","12":"instock","13":"shipping-taxable","14":"product-type-simple"},"amp_enabled":true,"_links":{"self":[{"href":"https:\/\/www.hydraulic-cylinders.net\/es\/wp-json\/wp\/v2\/product\/1623","targetHints":{"allow":["GET"]}}],"collection":[{"href":"https:\/\/www.hydraulic-cylinders.net\/es\/wp-json\/wp\/v2\/product"}],"about":[{"href":"https:\/\/www.hydraulic-cylinders.net\/es\/wp-json\/wp\/v2\/types\/product"}],"replies":[{"embeddable":true,"href":"https:\/\/www.hydraulic-cylinders.net\/es\/wp-json\/wp\/v2\/comments?post=1623"}],"wp:featuredmedia":[{"embeddable":true,"href":"https:\/\/www.hydraulic-cylinders.net\/es\/wp-json\/wp\/v2\/media\/1625"}],"wp:attachment":[{"href":"https:\/\/www.hydraulic-cylinders.net\/es\/wp-json\/wp\/v2\/media?parent=1623"}],"wp:term":[{"taxonomy":"product_brand","embeddable":true,"href":"https:\/\/www.hydraulic-cylinders.net\/es\/wp-json\/wp\/v2\/product_brand?post=1623"},{"taxonomy":"product_cat","embeddable":true,"href":"https:\/\/www.hydraulic-cylinders.net\/es\/wp-json\/wp\/v2\/product_cat?post=1623"},{"taxonomy":"product_tag","embeddable":true,"href":"https:\/\/www.hydraulic-cylinders.net\/es\/wp-json\/wp\/v2\/product_tag?post=1623"}],"curies":[{"name":"wp","href":"https:\/\/api.w.org\/{rel}","templated":true}]}}