{"id":16236,"date":"2025-01-20T08:42:30","date_gmt":"2025-01-20T08:42:30","guid":{"rendered":"https:\/\/www.hydraulic-cylinders.net\/product\/arm-cylinderfor-hyundai-small-excavator-r110-7-9\/"},"modified":"2025-01-20T08:42:37","modified_gmt":"2025-01-20T08:42:37","slug":"arm-cylinderfor-hyundai-small-excavator-r110-7-9","status":"publish","type":"product","link":"https:\/\/www.hydraulic-cylinders.net\/es\/producto\/arm-cylinderfor-hyundai-small-excavator-r110-7-9\/","title":{"rendered":"Cilindro de brazo para excavadora peque\u00f1a Hyundai R110-7-9"},"content":{"rendered":"<h1>Cilindro de brazo para excavadora peque\u00f1a Hyundai R110-7-9<\/h1>\n<h2>Introducci\u00f3n<\/h2>\n<p>Un cilindro de brazo es un cilindro hidr\u00e1ulico especialmente dise\u00f1ado que se utiliza principalmente para proporcionar movimiento lineal y potencia a los brazos de diversas m\u00e1quinas, como excavadoras, gr\u00faas y brazos rob\u00f3ticos. El cilindro de brazo desempe\u00f1a un papel fundamental en el sistema hidr\u00e1ulico, permitiendo que los accesorios se muevan y controlen eficazmente. Estos cilindros no solo proporcionan un movimiento suave, sino que tambi\u00e9n soportan cargas pesadas, garantizando un funcionamiento eficiente y la fiabilidad de la m\u00e1quina en diversas condiciones de trabajo.<\/p>\n<p><img decoding=\"async\" src=\"https:\/\/www.hydraulic-cylinders.net\/wp-content\/uploads\/2025\/01\/songte-company-2.webp\"><\/p>\n<h2>Caracter\u00edsticas<\/h2>\n<ul>\n<li>Transmisi\u00f3n de potencia eficiente: el cilindro del brazo proporciona un fuerte movimiento lineal y potencia para garantizar un alto rendimiento del brazo mec\u00e1nico en diversas operaciones.<\/li>\n<li>Control preciso: el cilindro del brazo puede lograr un control de movimiento preciso a trav\u00e9s del sistema hidr\u00e1ulico, lo que hace que la operaci\u00f3n de los accesorios sea m\u00e1s flexible y precisa.<\/li>\n<li>Gran durabilidad: los cilindros de brazo generalmente est\u00e1n hechos de materiales de alta resistencia con buena resistencia al desgaste y a la corrosi\u00f3n, adecuados para uso a largo plazo en entornos hostiles.<\/li>\n<li>Adaptabilidad multifuncional: estos cilindros se pueden utilizar ampliamente en diversos equipos mec\u00e1nicos, como excavadoras, gr\u00faas y brazos rob\u00f3ticos, para cumplir con diferentes requisitos de trabajo.<\/li>\n<li>F\u00e1cil mantenimiento: El dise\u00f1o considera un f\u00e1cil mantenimiento y reemplazo, lo que hace que las inspecciones y el mantenimiento regulares sean m\u00e1s convenientes y reducen el tiempo de inactividad del equipo.<\/li>\n<\/ul>\n<p><img decoding=\"async\" src=\"https:\/\/www.hydraulic-cylinders.net\/wp-content\/uploads\/2025\/01\/songte-oil-pipes-and-spare-parts.webp\"><\/p>\n<h2>Aplicaciones<\/h2>\n<p>Los cilindros de brazo se utilizan ampliamente en diversas industrias:<\/p>\n<ul>\n<li>Ingenier\u00eda de construcci\u00f3n: En excavadoras y gr\u00faas, los cilindros de brazo se utilizan para controlar el movimiento de cucharones o plumas para movimiento de tierras, manipulaci\u00f3n de materiales e instalaci\u00f3n estructural.<\/li>\n<li>Fabricaci\u00f3n: En las l\u00edneas de producci\u00f3n automatizadas, los cilindros de brazo se utilizan para el movimiento de brazos rob\u00f3ticos para procesos de ensamblaje, soldadura y manipulaci\u00f3n de materiales para mejorar la eficiencia y la precisi\u00f3n de la producci\u00f3n.<\/li>\n<li>Maquinaria agr\u00edcola: En maquinaria agr\u00edcola como cosechadoras y sembradoras, los cilindros del brazo controlan el movimiento del brazo operativo para tareas de siembra, fertilizaci\u00f3n y cosecha.<\/li>\n<li>Miner\u00eda: En los equipos de miner\u00eda, los cilindros de brazo se utilizan para controlar el movimiento del brazo de los equipos de miner\u00eda para la extracci\u00f3n y el transporte de minerales.<\/li>\n<li>Log\u00edstica y transporte: En carretillas elevadoras y robots de manipulaci\u00f3n, se utilizan cilindros de brazo para controlar la elevaci\u00f3n y el movimiento de las horquillas para realizar la manipulaci\u00f3n y el apilado de materiales.<\/li>\n<\/ul>\n<h2>Consideraciones de dise\u00f1o y criterios de selecci\u00f3n<\/h2>\n<p>Los cilindros de brazo deben cumplir ciertos requisitos para garantizar su rendimiento y longevidad:<\/p>\n<ul>\n<li>Capacidad de carga: El cilindro del brazo debe tener suficiente capacidad de carga para soportar el peso del accesorio o aditamento.<\/li>\n<li>Sellado: Se deben utilizar varios componentes de sellado, como sellos de pist\u00f3n y sellos de varilla, para el cilindro del brazo para evitar fugas de aceite y garantizar la seguridad y confiabilidad del sistema.<\/li>\n<li>Durabilidad: Se utilizan materiales de alta resistencia para fabricar cilindros de brazo para garantizar su durabilidad, resistencia al desgaste y resistencia a la corrosi\u00f3n en entornos hostiles.<\/li>\n<li>Seguridad: Se deben instalar caracter\u00edsticas de seguridad, como v\u00e1lvulas de seguridad, en el sistema hidr\u00e1ulico para garantizar el funcionamiento seguro del cilindro del brazo.<\/li>\n<li>Mantenibilidad: Los cilindros del brazo deben estar dise\u00f1ados para un f\u00e1cil mantenimiento y reemplazo para minimizar el tiempo de inactividad del equipo.<\/li>\n<\/ul>\n<p><img decoding=\"async\" src=\"https:\/\/www.hydraulic-cylinders.net\/wp-content\/uploads\/2025\/01\/songte-cylinder-head-with-all-kinds-excavator-models.webp\"><\/p>\n<h2>Sellado y lubricaci\u00f3n<\/h2>\n<p>Se utilizan diversos componentes de sellado, como sellos de pist\u00f3n y de v\u00e1stago, en el cilindro del brazo para evitar fugas de aceite. Estos sellos est\u00e1n fabricados con materiales resistentes al desgaste, como poliuretano y caucho de nitrilo. El cuerpo del cilindro y la superficie roscada del extremo est\u00e1n finamente procesados \u200b\u200bpara mejorar la resistencia al desgaste. Es necesario lubricar regularmente el cilindro del brazo para garantizar su correcto funcionamiento.<\/p>\n<p><img decoding=\"async\" src=\"https:\/\/www.hydraulic-cylinders.net\/wp-content\/uploads\/2025\/01\/songte-chushion-collar.webp\"><\/p>\n<h2>Mantenimiento y soluci\u00f3n de problemas<\/h2>\n<p>Las inspecciones peri\u00f3dicas y el mantenimiento preventivo son necesarios para garantizar el rendimiento \u00f3ptimo del cilindro del brazo. Los siguientes consejos pueden ayudar a diagnosticar y solucionar problemas:<\/p>\n<ul>\n<li>Verifique si hay fugas de aceite en los sellos y juntas del cilindro.<\/li>\n<li>Verifique si hay da\u00f1os en el cuerpo del cilindro y el v\u00e1stago del pist\u00f3n.<\/li>\n<li>Compruebe el nivel de aceite hidr\u00e1ulico para garantizar una lubricaci\u00f3n adecuada.<\/li>\n<li>Compruebe si hay fugas de aire en el sistema.<\/li>\n<\/ul>\n<p>Si se detectan problemas, deben abordarse de inmediato para evitar mayores da\u00f1os al sistema. Medidas de prevenci\u00f3n, como el mantenimiento y la inspecci\u00f3n regulares, pueden minimizar los posibles problemas.<\/p>\n<h2>Gu\u00eda de instalaci\u00f3n<\/h2>\n<p>La instalaci\u00f3n debe ser realizada por profesionales, siguiendo las instrucciones del fabricante. Se deben seguir los siguientes pasos:<\/p>\n<ol>\n<li>Limpie el lugar de instalaci\u00f3n para eliminar cualquier polvo o residuo.<\/li>\n<li>Aplique una peque\u00f1a cantidad de lubricante al cuerpo del cilindro.<\/li>\n<li>Conecte las tuber\u00edas de entrada y salida al sistema hidr\u00e1ulico.<\/li>\n<li>Atornille el cilindro al soporte de montaje o a la brida.<\/li>\n<li>Verifique el sistema para detectar posibles fugas de aceite y aseg\u00farese de que funciona de manera segura.<\/li>\n<\/ol>\n<p><img decoding=\"async\" src=\"https:\/\/www.hydraulic-cylinders.net\/wp-content\/uploads\/2025\/01\/songte-bushings-with-all-kinds-of-excavator-models.webp\"><\/p>\n<h2>Consideraciones de seguridad y factores ambientales<\/h2>\n<p>Se deben tomar medidas de seguridad al operar el cilindro del brazo para garantizar la seguridad del personal y de la m\u00e1quina. Los operadores deben estar capacitados y cualificados para operar el equipo. Tambi\u00e9n se debe considerar el impacto ambiental y se deben tomar las medidas adecuadas para minimizar el impacto de las fugas de aceite hidr\u00e1ulico y la contaminaci\u00f3n ac\u00fastica.<\/p>\n<p><em>Autor: lyl<\/em><\/p>\n<h2>Sobre nosotros<\/h2>\n<p>Somos un fabricante profesional de cilindros hidr\u00e1ulicos de repuesto con una amplia gama de productos. Nos hemos convertido en uno de los principales fabricantes y distribuidores mayoristas de cilindros hidr\u00e1ulicos en el mercado nacional e internacional. Nos adherimos siempre al principio de excelente calidad, bas\u00e1ndonos en la estrategia de gesti\u00f3n de la producci\u00f3n industrial de un taller de fabricaci\u00f3n de alta calidad, y mejoramos continuamente nuestro nivel t\u00e9cnico y eficiencia de producci\u00f3n. Mediante la introducci\u00f3n de equipos de fabricaci\u00f3n digital de alta gama y sistemas de prueba profesionales, optimizamos continuamente la plataforma de fabricaci\u00f3n, mejoramos el proceso de control de calidad del producto y contamos con una s\u00f3lida capacidad de innovaci\u00f3n. Nuestro objetivo es satisfacer las diversas necesidades de nuestros clientes con alta eficiencia, precisi\u00f3n y principios de alta calidad.<\/p>\n<h3>Profesionalismo<\/h3>\n<p>Contamos con un equipo dedicado de profesionales con amplia experiencia en la industria hidr\u00e1ulica. Ofrecemos soluciones personalizadas para satisfacer las necesidades espec\u00edficas de nuestros clientes.<\/p>\n<h3>Certificaci\u00f3n Internacional<\/h3>\n<p>Nuestros productos han pasado certificaciones de calidad internacionales como ISO9001, CE y ROHS, lo que garantiza su alta calidad y confiabilidad.<\/p>\n<h3>Servicios de personalizaci\u00f3n<\/h3>\n<p>Ofrecemos servicios personalizados para nuestros clientes, incluido el dise\u00f1o, la producci\u00f3n y la instalaci\u00f3n de productos, para satisfacer sus necesidades espec\u00edficas.<\/p>\n<h3>Equipos de producci\u00f3n<\/h3>\n<p>Contamos con equipos de fabricaci\u00f3n avanzados, incluidos tornos CNC, fresadoras y robots de soldadura, para garantizar la precisi\u00f3n y la calidad de nuestros productos.<\/p>\n<h3>Servicio posventa<\/h3>\n<p>Brindamos servicios integrales de posventa, que incluyen soporte t\u00e9cnico, mantenimiento y servicios de reparaci\u00f3n, para garantizar el funcionamiento estable y a largo plazo de nuestros productos.<\/p>\n<p><img decoding=\"async\" src=\"https:\/\/www.hydraulic-cylinders.net\/wp-content\/uploads\/2025\/01\/songte-company-4.webp\"><br \/>\n<img decoding=\"async\" src=\"https:\/\/www.hydraulic-cylinders.net\/wp-content\/uploads\/2025\/01\/songte-company-3.webp\"><\/p>","protected":false},"excerpt":{"rendered":"<p>Arm Cylinder For Hyundai Small Excavator R110-7-9 Introduction An arm cylinder is a specially designed hydraulic cylinder primarily used to provide linear motion and power to the arms of various machinery such as excavators, cranes, and robotic arms. The arm cylinder plays a critical role in the hydraulic system, enabling attachments or accessories to move [&hellip;]<\/p>","protected":false},"featured_media":14777,"comment_status":"open","ping_status":"closed","template":"","meta":{"_et_pb_use_builder":"","_et_pb_old_content":"","_et_gb_content_width":""},"product_brand":[],"product_cat":[1497],"product_tag":[1498,1496],"class_list":{"0":"post-16236","1":"product","2":"type-product","3":"status-publish","4":"has-post-thumbnail","6":"product_cat-arm-cylinders","7":"product_tag-arm-cylinders","8":"product_tag-hydraulic-cylinders","10":"first","11":"instock","12":"shipping-taxable","13":"product-type-simple"},"amp_enabled":true,"_links":{"self":[{"href":"https:\/\/www.hydraulic-cylinders.net\/es\/wp-json\/wp\/v2\/product\/16236","targetHints":{"allow":["GET"]}}],"collection":[{"href":"https:\/\/www.hydraulic-cylinders.net\/es\/wp-json\/wp\/v2\/product"}],"about":[{"href":"https:\/\/www.hydraulic-cylinders.net\/es\/wp-json\/wp\/v2\/types\/product"}],"replies":[{"embeddable":true,"href":"https:\/\/www.hydraulic-cylinders.net\/es\/wp-json\/wp\/v2\/comments?post=16236"}],"wp:featuredmedia":[{"embeddable":true,"href":"https:\/\/www.hydraulic-cylinders.net\/es\/wp-json\/wp\/v2\/media\/14777"}],"wp:attachment":[{"href":"https:\/\/www.hydraulic-cylinders.net\/es\/wp-json\/wp\/v2\/media?parent=16236"}],"wp:term":[{"taxonomy":"product_brand","embeddable":true,"href":"https:\/\/www.hydraulic-cylinders.net\/es\/wp-json\/wp\/v2\/product_brand?post=16236"},{"taxonomy":"product_cat","embeddable":true,"href":"https:\/\/www.hydraulic-cylinders.net\/es\/wp-json\/wp\/v2\/product_cat?post=16236"},{"taxonomy":"product_tag","embeddable":true,"href":"https:\/\/www.hydraulic-cylinders.net\/es\/wp-json\/wp\/v2\/product_tag?post=16236"}],"curies":[{"name":"wp","href":"https:\/\/api.w.org\/{rel}","templated":true}]}}