{"id":1626,"date":"2023-10-08T08:46:25","date_gmt":"2023-10-08T08:46:25","guid":{"rendered":"https:\/\/hydraulic-cylinders.net\/?post_type=product&#038;p=1626"},"modified":"2025-04-11T03:46:32","modified_gmt":"2025-04-11T03:46:32","slug":"press-lateral-shift-anvil-cylinder","status":"publish","type":"product","link":"https:\/\/www.hydraulic-cylinders.net\/es\/producto\/press-lateral-shift-anvil-cylinder\/","title":{"rendered":"Presione el cilindro del yunque de desplazamiento lateral"},"content":{"rendered":"<h1 style=\"text-align: center;\"><strong>Presione el cilindro del yunque de desplazamiento lateral<\/strong><\/h1>\n<p><img loading=\"lazy\" decoding=\"async\" class=\"aligncenter wp-image-1627\" src=\"https:\/\/hydraulic-cylinders.net\/wp-content\/uploads\/2023\/10\/lateral-shift-anvil-cylinder-300x300.webp\" alt=\"\" width=\"400\" height=\"400\" \/><\/p>\n<p>El cilindro de yunque de desplazamiento lateral para prensas es un componente de vanguardia dise\u00f1ado para optimizar las operaciones de prensado en diversas industrias. Gracias a sus caracter\u00edsticas avanzadas y su rendimiento fiable, este cilindro ofrece mayor precisi\u00f3n, eficiencia y versatilidad.<\/p>\n<p>El cilindro de yunque de desplazamiento lateral para prensas es una herramienta potente que mejora la precisi\u00f3n, la eficiencia y la versatilidad en las operaciones de prensado. Gracias a su capacidad de desplazamiento lateral, alta precisi\u00f3n, rapidez de procesamiento y compatibilidad con diversas aplicaciones, este cilindro le permite lograr resultados superiores. Siguiendo las recomendaciones de uso y mantenimiento, maximizar\u00e1 el rendimiento, la productividad y la vida \u00fatil de sus operaciones de prensado. Elija el cilindro de yunque de desplazamiento lateral para optimizar sus procesos de prensado y alcanzar nuevos niveles de precisi\u00f3n y eficiencia.<\/p>\n<p>Caracter\u00edsticas principales del cilindro de yunque de desplazamiento lateral de prensa:<\/p>\n<ol>\n<li>Capacidad de desplazamiento lateral:<\/li>\n<\/ol>\n<ul>\n<li>El cilindro de yunque con desplazamiento lateral de prensa presenta un mecanismo de desplazamiento lateral \u00fanico que permite un posicionamiento preciso del yunque.<\/li>\n<li>Esta capacidad de desplazamiento lateral permite una alineaci\u00f3n precisa con el material de prensado, lo que garantiza resultados \u00f3ptimos y reduce el tiempo de configuraci\u00f3n.<\/li>\n<\/ul>\n<ol start=\"2\">\n<li>Alta precisi\u00f3n:<\/li>\n<\/ol>\n<ul>\n<li>Este cilindro proporciona una precisi\u00f3n excepcional en el desplazamiento lateral, lo que permite realizar ajustes finos en la posici\u00f3n del yunque.<\/li>\n<li>Con su alta precisi\u00f3n, garantiza una alineaci\u00f3n consistente y precisa, lo que da como resultado una calidad de prensado superior.<\/li>\n<\/ul>\n<ol start=\"3\">\n<li>Funcionamiento r\u00e1pido y eficiente:<\/li>\n<\/ol>\n<ul>\n<li>El cilindro de yunque de desplazamiento lateral de prensa est\u00e1 dise\u00f1ado para un funcionamiento r\u00e1pido y eficiente, maximizando la productividad.<\/li>\n<li>Su avanzado sistema hidr\u00e1ulico permite un r\u00e1pido desplazamiento lateral, reduciendo los tiempos de ciclo y aumentando el rendimiento general.<\/li>\n<\/ul>\n<ol start=\"4\">\n<li>Versatilidad:<\/li>\n<\/ol>\n<ul>\n<li>Este cilindro es compatible con una amplia gama de aplicaciones de prensado y se adapta a diversos materiales y formas.<\/li>\n<li>Ya sea que est\u00e9 trabajando con l\u00e1minas de metal, pl\u00e1sticos u otros materiales, el cilindro de yunque con desplazamiento lateral de prensa ofrece versatilidad para satisfacer sus necesidades de prensado.<\/li>\n<\/ul>\n<h2><strong>Par\u00e1metros del cilindro del yunque de desplazamiento lateral de la prensa:<\/strong><\/h2>\n<table border=\"1\" cellspacing=\"0\" cellpadding=\"0\">\n<tbody>\n<tr>\n<td>Nombre del producto<\/td>\n<td>Cilindro de yunque de desplazamiento lateral de prensa hidr\u00e1ulica<\/td>\n<\/tr>\n<tr>\n<td>Caracter\u00edsticas:<\/td>\n<td>Mueva el yunque lateralmente<\/td>\n<\/tr>\n<tr>\n<td>Di\u00e1metro del orificio:<\/td>\n<td>125 mm \uff5e 250 mm<\/td>\n<\/tr>\n<tr>\n<td>Di\u00e1metro de la varilla:<\/td>\n<td>90 mm \uff5e 180 mm<br \/>\nCarrera \u2264 5500 mm<\/td>\n<\/tr>\n<tr>\n<td>Fuerza de empuje:<\/td>\n<td>M\u00e1ximo 1546 KN<br \/>\n(Di\u00e1metro del orificio: 250 mm\/presi\u00f3n 31,5 MPa)<\/td>\n<\/tr>\n<tr>\n<td>Aplicaciones del cilindro de yunque de desplazamiento lateral:<\/td>\n<td>Prensa hidr\u00e1ulica<\/td>\n<\/tr>\n<\/tbody>\n<\/table>\n<div><\/div>\n<div class=\"txtboxL\">\n<div class=\"txtboxL\">\n<div class=\"txtboxL\">Caracter\u00edsticas:<\/div>\n<div class=\"txtboxR\">Mueva el yunque lateralmente<\/div>\n<div class=\"txtboxL\">Especificaci\u00f3n:<\/div>\n<div class=\"txtboxR\">Di\u00e1metro del orificio: 125 mm \uff5e 250 mm<br \/>\nDi\u00e1metro de la varilla: 90 mm \uff5e 180 mm<br \/>\nCarrera \u2264 5500 mm<\/div>\n<div class=\"txtboxL\">Fuerza de empuje:<\/div>\n<div class=\"txtboxR\">M\u00e1ximo 1546 KN<br \/>\n(Di\u00e1metro del orificio: 250 mm\/presi\u00f3n 31,5 MPa)<\/div>\n<\/div>\n<\/div>\n<h2><strong>F\u00e1brica de cilindros de prensa:<\/strong><\/h2>\n<p><img loading=\"lazy\" decoding=\"async\" class=\"alignnone wp-image-1619 size-full\" src=\"https:\/\/hydraulic-cylinders.net\/wp-content\/uploads\/2023\/10\/press-cylinder.webp\" alt=\"\" width=\"1418\" height=\"946\" srcset=\"https:\/\/hydraulic-cylinders.net\/wp-content\/uploads\/2023\/10\/press-cylinder.webp 1418w, https:\/\/hydraulic-cylinders.net\/wp-content\/uploads\/2023\/10\/press-cylinder-1280x854.webp 1280w, https:\/\/hydraulic-cylinders.net\/wp-content\/uploads\/2023\/10\/press-cylinder-980x654.webp 980w, https:\/\/hydraulic-cylinders.net\/wp-content\/uploads\/2023\/10\/press-cylinder-480x320.webp 480w\" sizes=\"(min-width: 0px) and (max-width: 480px) 480px, (min-width: 481px) and (max-width: 980px) 980px, (min-width: 981px) and (max-width: 1280px) 1280px, (min-width: 1281px) 1418px, 100vw\" \/><\/p>\n<h2><strong>M\u00e9todo de uso del cilindro de yunque de desplazamiento lateral de la prensa<\/strong><strong>:<\/strong><\/h2>\n<ol>\n<li><strong>Instalaci\u00f3n e Integraci\u00f3n:<\/strong><\/li>\n<\/ol>\n<ul>\n<li>Monte el cilindro de yunque de desplazamiento lateral de la prensa de forma segura en el marco de la prensa o en el \u00e1rea de montaje designada.<\/li>\n<li>Aseg\u00farese de que la alineaci\u00f3n y la conexi\u00f3n sean adecuadas, siguiendo las pautas y recomendaciones del fabricante.<\/li>\n<\/ul>\n<ol start=\"2\">\n<li><strong>Conexiones hidr\u00e1ulicas:<\/strong><\/li>\n<\/ol>\n<ul>\n<li>Conecte el cilindro de yunque de desplazamiento lateral de la prensa a la unidad de potencia hidr\u00e1ulica utilizando mangueras y accesorios adecuados.<\/li>\n<li>Verifique que las conexiones hidr\u00e1ulicas sean seguras y libres de fugas para garantizar una transferencia de fluido eficiente y un funcionamiento seguro.<\/li>\n<\/ul>\n<ol start=\"3\">\n<li><strong>Ajuste de posicionamiento:<\/strong><\/li>\n<\/ol>\n<ul>\n<li>Ajuste la posici\u00f3n de desplazamiento lateral del yunque seg\u00fan los requisitos espec\u00edficos de su aplicaci\u00f3n de prensado.<\/li>\n<li>Utilice el mecanismo de desplazamiento lateral para lograr una alineaci\u00f3n precisa con el material de presi\u00f3n.<\/li>\n<\/ul>\n<ol start=\"4\">\n<li><strong>Controles operacionales:<\/strong><\/li>\n<\/ol>\n<ul>\n<li>Familiar\u00edcese con los controles operativos proporcionados por el cilindro de yunque de desplazamiento lateral de la prensa.<\/li>\n<li>Comprenda c\u00f3mo iniciar el movimiento de desplazamiento lateral y cualquier caracter\u00edstica adicional, como control de velocidad o mecanismos de bloqueo de posici\u00f3n.<\/li>\n<\/ul>\n<h2><strong>\u00bfC\u00f3mo liberar presi\u00f3n en el sistema hidr\u00e1ulico?<\/strong><\/h2>\n<p>Liberar la presi\u00f3n de un sistema hidr\u00e1ulico es crucial para garantizar la seguridad y realizar tareas de mantenimiento o reparaci\u00f3n. Aqu\u00ed tienes una gu\u00eda paso a paso sobre c\u00f3mo liberar la presi\u00f3n de un sistema hidr\u00e1ulico:<\/p>\n<ol>\n<li><strong>Identificar la fuente de energ\u00eda:<\/strong>\n<ul>\n<li>Determine la fuente de alimentaci\u00f3n que suministra presi\u00f3n al sistema hidr\u00e1ulico. Esta podr\u00eda ser un motor el\u00e9ctrico, una bomba accionada por motor o cualquier otra fuente de alimentaci\u00f3n.<\/li>\n<\/ul>\n<\/li>\n<li><strong>Apague la fuente de energ\u00eda:<\/strong>\n<ul>\n<li>Apague o apague la fuente de energ\u00eda que genera presi\u00f3n para el sistema hidr\u00e1ulico.<\/li>\n<li>Si es un motor el\u00e9ctrico, apague la fuente de alimentaci\u00f3n o descon\u00e9ctelo.<\/li>\n<li>Para una bomba impulsada por motor, apague el motor.<\/li>\n<\/ul>\n<\/li>\n<li><strong>Activar la parada de emergencia:<\/strong>\n<ul>\n<li>Si su sistema hidr\u00e1ulico tiene un bot\u00f3n o palanca de parada de emergencia, act\u00edvelo para detener cualquier generaci\u00f3n adicional de presi\u00f3n hidr\u00e1ulica.<\/li>\n<\/ul>\n<\/li>\n<li><strong>Deje tiempo para liberar la presi\u00f3n:<\/strong>\n<ul>\n<li>Despu\u00e9s de apagar la fuente de energ\u00eda y activar la parada de emergencia, deje suficiente tiempo para que la presi\u00f3n se disipe.<\/li>\n<li>El tiempo necesario para liberar la presi\u00f3n depender\u00e1 del tama\u00f1o y la complejidad del sistema hidr\u00e1ulico. Puede tardar unos minutos o m\u00e1s en liberarse por completo.<\/li>\n<\/ul>\n<\/li>\n<li><strong>Verificar liberaci\u00f3n de presi\u00f3n:<\/strong>\n<ul>\n<li>Para asegurarse de que se haya liberado la presi\u00f3n, verifique los man\u00f3metros o indicadores en el sistema hidr\u00e1ulico, si est\u00e1n disponibles.<\/li>\n<li>Si la lectura de presi\u00f3n es cero o cercana a cero, indica que la presi\u00f3n se ha liberado con \u00e9xito.<\/li>\n<\/ul>\n<\/li>\n<li><strong>Alivio de la presi\u00f3n residual:<\/strong>\n<ul>\n<li>En algunos casos, incluso despu\u00e9s de apagar la fuente de energ\u00eda, todav\u00eda puede haber presi\u00f3n residual en el sistema hidr\u00e1ulico.<\/li>\n<li>Para aliviar esta presi\u00f3n residual, ubique la v\u00e1lvula de alivio de presi\u00f3n en el sistema hidr\u00e1ulico.<\/li>\n<li>Abra lentamente la v\u00e1lvula de alivio de presi\u00f3n utilizando las herramientas adecuadas (por ejemplo, una llave inglesa) para liberar gradualmente la presi\u00f3n restante.<\/li>\n<li>Tenga cuidado y est\u00e9 atento al liberar la presi\u00f3n residual para evitar movimientos bruscos o salpicaduras de l\u00edquido hidr\u00e1ulico.<\/li>\n<\/ul>\n<\/li>\n<li><strong>Vuelva a verificar la liberaci\u00f3n de presi\u00f3n:<\/strong>\n<ul>\n<li>Luego de aliviar la presi\u00f3n residual, verifique nuevamente que los indicadores de presi\u00f3n muestren presi\u00f3n cero o cercana a ella.<\/li>\n<li>Inspeccione visualmente el sistema hidr\u00e1ulico para detectar cualquier signo de movimiento o acumulaci\u00f3n de presi\u00f3n.<\/li>\n<\/ul>\n<\/li>\n<\/ol>\n<h2><strong>Capacidad de la f\u00e1brica:<\/strong><\/h2>\n<h3>(1) Montaje<\/h3>\n<p>Contamos con una plataforma de ensamblaje independiente de primera clase para investigaci\u00f3n y desarrollo. El taller de producci\u00f3n de cilindros hidr\u00e1ulicos cuenta con cuatro l\u00edneas de ensamblaje de cilindros de elevaci\u00f3n semiautom\u00e1ticos y una l\u00ednea de ensamblaje de cilindros de inclinaci\u00f3n autom\u00e1ticos, con una capacidad de producci\u00f3n anual dise\u00f1ada de 1 mill\u00f3n de piezas. El taller de cilindros especiales est\u00e1 equipado con un sistema de ensamblaje de limpieza semiautom\u00e1tico de diversas especificaciones, con una capacidad de producci\u00f3n anual dise\u00f1ada de 200,000 unidades, y est\u00e1 equipado con reconocidos equipos de mecanizado CNC, un centro de mecanizado, equipos especiales de procesamiento de cilindros de alta precisi\u00f3n, una m\u00e1quina de soldadura robotizada, una m\u00e1quina de limpieza autom\u00e1tica, una m\u00e1quina de ensamblaje de cilindros autom\u00e1ticos y una l\u00ednea de producci\u00f3n de pintura autom\u00e1tica. Contamos con m\u00e1s de 300 equipos cr\u00edticos. La asignaci\u00f3n \u00f3ptima y el uso eficiente de los recursos de equipo garantizan la precisi\u00f3n y la alta calidad de los productos.<\/p>\n<p><img loading=\"lazy\" decoding=\"async\" class=\"alignnone wp-image-626\" src=\"https:\/\/hydraulic-cylinders.net\/wp-content\/uploads\/2023\/08\/hydraulic-cylinder-product-1-300x158.webp\" alt=\"\" width=\"495\" height=\"260\" srcset=\"https:\/\/hydraulic-cylinders.net\/wp-content\/uploads\/2023\/08\/hydraulic-cylinder-product-1-300x158.webp 495w, https:\/\/hydraulic-cylinders.net\/wp-content\/uploads\/2023\/08\/hydraulic-cylinder-product-1-480x252.webp 480w\" sizes=\"(min-width: 0px) and (max-width: 480px) 480px, (min-width: 481px) 495px, 100vw\" \/> <img loading=\"lazy\" decoding=\"async\" class=\"alignnone wp-image-627\" src=\"https:\/\/hydraulic-cylinders.net\/wp-content\/uploads\/2023\/08\/hydraulic-cylinder-product-2-300x189.webp\" alt=\"\" width=\"413\" height=\"260\" \/><\/p>\n<h3>(2) Mecanizado<\/h3>\n<p>El taller de mecanizado est\u00e1 equipado con un centro de torneado de carril inclinado personalizado, un centro de mecanizado, una m\u00e1quina de bru\u00f1ido de alta velocidad, un robot de soldadura y otros equipos relacionados, que pueden procesar tubos cil\u00edndricos con un di\u00e1metro interior m\u00e1ximo de 400 mm y una longitud m\u00e1xima de 6 metros.<\/p>\n<p><img loading=\"lazy\" decoding=\"async\" class=\"alignnone wp-image-628 size-large\" src=\"https:\/\/hydraulic-cylinders.net\/wp-content\/uploads\/2023\/08\/hydraulic-cylinder-product-3-1024x391.webp\" alt=\"\" width=\"1024\" height=\"391\" srcset=\"https:\/\/hydraulic-cylinders.net\/wp-content\/uploads\/2023\/08\/hydraulic-cylinder-product-3-980x374.webp 980w, https:\/\/hydraulic-cylinders.net\/wp-content\/uploads\/2023\/08\/hydraulic-cylinder-product-3-480x183.webp 480w\" sizes=\"(min-width: 0px) and (max-width: 480px) 480px, (min-width: 481px) and (max-width: 980px) 980px, (min-width: 981px) 1024px, 100vw\" \/><\/p>\n<h3>(3) Soldadura<\/h3>\n<p><img loading=\"lazy\" decoding=\"async\" class=\"alignnone wp-image-629 size-large\" src=\"https:\/\/hydraulic-cylinders.net\/wp-content\/uploads\/2023\/08\/hydraulic-cylinder-product-4-1024x510.webp\" alt=\"\" width=\"1024\" height=\"510\" srcset=\"https:\/\/hydraulic-cylinders.net\/wp-content\/uploads\/2023\/08\/hydraulic-cylinder-product-4-980x488.webp 980w, https:\/\/hydraulic-cylinders.net\/wp-content\/uploads\/2023\/08\/hydraulic-cylinder-product-4-480x239.webp 480w\" sizes=\"(min-width: 0px) and (max-width: 480px) 480px, (min-width: 481px) and (max-width: 980px) 980px, (min-width: 981px) 1024px, 100vw\" \/><\/p>\n<h3>(4) Pintura y revestimiento<\/h3>\n<p>Con peque\u00f1as y medianas l\u00edneas de cilindros autom\u00e1ticos de recubrimiento de pintura a base de agua, para lograr la carga y descarga autom\u00e1tica de robots y pulverizaci\u00f3n autom\u00e1tica, la capacidad de dise\u00f1o de 4000 piezas por turno;<br \/>\nTambi\u00e9n disponemos de una l\u00ednea semiautom\u00e1tica de producci\u00f3n de pintura para grandes cilindros accionada por cadena, con una capacidad de dise\u00f1o de 60 cajas por turno.<\/p>\n<p><img loading=\"lazy\" decoding=\"async\" class=\"alignnone wp-image-630\" src=\"https:\/\/hydraulic-cylinders.net\/wp-content\/uploads\/2023\/08\/hydraulic-cylinder-product-5-300x213.webp\" alt=\"\" width=\"366\" height=\"260\" \/> <img loading=\"lazy\" decoding=\"async\" class=\"alignnone wp-image-631\" src=\"https:\/\/hydraulic-cylinders.net\/wp-content\/uploads\/2023\/08\/hydraulic-cylinder-product-6-300x225.webp\" alt=\"\" width=\"347\" height=\"260\" \/><\/p>\n<h3>(5) Pruebas<\/h3>\n<p>Disponemos de instalaciones de inspecci\u00f3n y bancos de pruebas de primera clase para garantizar que el rendimiento del cilindro cumple los requisitos.<\/p>\n<p><img loading=\"lazy\" decoding=\"async\" class=\"alignnone wp-image-632\" src=\"https:\/\/hydraulic-cylinders.net\/wp-content\/uploads\/2023\/08\/hydraulic-cylinder-product-8-300x200.webp\" alt=\"\" width=\"389\" height=\"260\" \/><\/p>\n<p>&nbsp;<\/p>\n<p>&nbsp;<\/p>\n<p>Somos uno de los mejores fabricantes de cilindros hidr\u00e1ulicos. Ofrecemos cilindros hidr\u00e1ulicos integrales. Tambi\u00e9n proporcionamos... <a href=\"https:\/\/hzpt.com\/agricultural-pto-gearbox\/\" target=\"_blank\" rel=\"noopener\">cajas de cambios agr\u00edcolas<\/a>Hemos exportado nuestros productos a clientes de todo el mundo y nos hemos ganado una excelente reputaci\u00f3n gracias a nuestra excelente calidad y servicio posventa. Invitamos a clientes nacionales e internacionales a contactarnos para negociar negocios, intercambiar informaci\u00f3n y... <a href=\"https:\/\/www.hydraulic-cylinders.net\/es\/contact-us\/\">colabore con nosotros<\/a>!<\/p>","protected":false},"excerpt":{"rendered":"<p>Press Lateral Shift Anvil Cylinder The press lateral shift anvil cylinder is a cutting-edge component designed to optimize pressing operations in various industries. With its advanced features and reliable performance, this cylinder offers enhanced precision, efficiency, and versatility. The press lateral shift anvil cylinder is a powerful tool for enhancing precision, efficiency, and versatility in [&hellip;]<\/p>","protected":false},"featured_media":1628,"comment_status":"open","ping_status":"closed","template":"","meta":{"_et_pb_use_builder":"","_et_pb_old_content":"","_et_gb_content_width":""},"product_brand":[],"product_cat":[1550,1522,1376],"product_tag":[1380],"class_list":{"0":"post-1626","1":"product","2":"type-product","3":"status-publish","4":"has-post-thumbnail","6":"product_cat-double-acting-hydraulic-cylinder","7":"product_cat-press-hydraulic-cylinders","8":"product_cat-hydraulic-cylinder","9":"product_tag-hydraulic-cylinder","11":"first","12":"instock","13":"shipping-taxable","14":"product-type-simple"},"amp_enabled":true,"_links":{"self":[{"href":"https:\/\/www.hydraulic-cylinders.net\/es\/wp-json\/wp\/v2\/product\/1626","targetHints":{"allow":["GET"]}}],"collection":[{"href":"https:\/\/www.hydraulic-cylinders.net\/es\/wp-json\/wp\/v2\/product"}],"about":[{"href":"https:\/\/www.hydraulic-cylinders.net\/es\/wp-json\/wp\/v2\/types\/product"}],"replies":[{"embeddable":true,"href":"https:\/\/www.hydraulic-cylinders.net\/es\/wp-json\/wp\/v2\/comments?post=1626"}],"wp:featuredmedia":[{"embeddable":true,"href":"https:\/\/www.hydraulic-cylinders.net\/es\/wp-json\/wp\/v2\/media\/1628"}],"wp:attachment":[{"href":"https:\/\/www.hydraulic-cylinders.net\/es\/wp-json\/wp\/v2\/media?parent=1626"}],"wp:term":[{"taxonomy":"product_brand","embeddable":true,"href":"https:\/\/www.hydraulic-cylinders.net\/es\/wp-json\/wp\/v2\/product_brand?post=1626"},{"taxonomy":"product_cat","embeddable":true,"href":"https:\/\/www.hydraulic-cylinders.net\/es\/wp-json\/wp\/v2\/product_cat?post=1626"},{"taxonomy":"product_tag","embeddable":true,"href":"https:\/\/www.hydraulic-cylinders.net\/es\/wp-json\/wp\/v2\/product_tag?post=1626"}],"curies":[{"name":"wp","href":"https:\/\/api.w.org\/{rel}","templated":true}]}}