{"id":16262,"date":"2025-01-20T09:00:34","date_gmt":"2025-01-20T09:00:34","guid":{"rendered":"https:\/\/www.hydraulic-cylinders.net\/product\/arm-cylinderfor-hyundai-wheel-excavator-r160w-5\/"},"modified":"2025-01-20T09:00:36","modified_gmt":"2025-01-20T09:00:36","slug":"arm-cylinderfor-hyundai-wheel-excavator-r160w-5","status":"publish","type":"product","link":"https:\/\/www.hydraulic-cylinders.net\/es\/producto\/arm-cylinderfor-hyundai-wheel-excavator-r160w-5\/","title":{"rendered":"Cilindro de brazo para excavadora de ruedas Hyundai R160W-5"},"content":{"rendered":"<h2>Introducci\u00f3n<\/h2>\n<h3>Cilindro de brazo para excavadora de ruedas Hyundai R160W-5<\/h3>\n<p>Un cilindro de brazo es un cilindro hidr\u00e1ulico especialmente dise\u00f1ado que se utiliza principalmente para proporcionar movimiento lineal y potencia a los brazos de diversos tipos de maquinaria, como excavadoras, gr\u00faas y brazos mec\u00e1nicos. El cilindro de brazo desempe\u00f1a un papel fundamental en el sistema hidr\u00e1ulico, ya que permite el movimiento y el control efectivos de herramientas o accesorios adicionales. Estos cilindros no solo logran un movimiento suave, sino que tambi\u00e9n soportan cargas pesadas, garantizando un funcionamiento eficiente y la fiabilidad de la maquinaria en diversas condiciones de trabajo.<\/p>\n<p><img decoding=\"async\" src=\"https:\/\/www.hydraulic-cylinders.net\/wp-content\/uploads\/2025\/01\/songte-company-2.webp\" alt=\"Imagen del cilindro del brazo\"><\/p>\n<h2>Caracter\u00edsticas<\/h2>\n<ol>\n<li><strong>Transmisi\u00f3n de alta eficiencia:<\/strong> Los cilindros de brazo proporcionan un potente movimiento y fuerza lineal, lo que garantiza un rendimiento de alta eficiencia del brazo mec\u00e1nico en diversas operaciones.<\/li>\n<li><strong>Control de precisi\u00f3n:<\/strong> A trav\u00e9s del sistema hidr\u00e1ulico, los cilindros del brazo pueden lograr un control de movimiento preciso, haciendo que la operaci\u00f3n de herramientas adicionales sea m\u00e1s flexible y precisa.<\/li>\n<li><strong>Fuerte durabilidad:<\/strong> Los cilindros de brazo generalmente est\u00e1n hechos de materiales de alta resistencia y tienen buena resistencia al desgaste y a la corrosi\u00f3n, lo que los hace adecuados para uso a largo plazo en entornos hostiles.<\/li>\n<li><strong>Adaptabilidad multifuncional:<\/strong> Estos cilindros se pueden utilizar ampliamente en varios tipos de maquinaria, como excavadoras, gr\u00faas y brazos mec\u00e1nicos, adapt\u00e1ndose a diferentes requisitos de trabajo.<\/li>\n<li><strong>F\u00e1cil mantenimiento:<\/strong> Se ha tenido en cuenta en el dise\u00f1o la facilidad de mantenimiento y reemplazo, haciendo que los controles y el mantenimiento regulares sean m\u00e1s convenientes y reduciendo el tiempo de inactividad del equipo.<\/li>\n<\/ol>\n<p>Nuestro producto puede reemplazar perfectamente estos cilindros hidr\u00e1ulicos. Vea la siguiente imagen:<\/p>\n<p><img decoding=\"async\" src=\"https:\/\/www.hydraulic-cylinders.net\/wp-content\/uploads\/2025\/01\/songte-oil-pipes-and-spare-parts.webp\" alt=\"Imagen de cilindros hidr\u00e1ulicos\"><\/p>\n<h2>Aplicaciones<\/h2>\n<p>Los cilindros de brazo se utilizan en diversas industrias para m\u00faltiples aplicaciones como:<\/p>\n<ol>\n<li><strong>Ingenier\u00eda de la construcci\u00f3n:<\/strong> En excavadoras y gr\u00faas, los cilindros de brazo se utilizan para controlar el movimiento de cucharones o plumas para movimiento de tierras, manipulaci\u00f3n de materiales e instalaci\u00f3n estructural.<\/li>\n<li><strong>Fabricaci\u00f3n:<\/strong> En las l\u00edneas de producci\u00f3n automatizadas, los cilindros de brazo se utilizan para controlar el movimiento de los brazos mec\u00e1nicos para el ensamblaje, la soldadura y la manipulaci\u00f3n de materiales, mejorando la eficiencia y la precisi\u00f3n de la producci\u00f3n.<\/li>\n<li><strong>Maquinaria agr\u00edcola:<\/strong> En maquinaria agr\u00edcola, como cosechadoras y sembradoras, los cilindros de brazo controlan el movimiento de los brazos operativos para realizar tareas como sembrar, fertilizar y cosechar.<\/li>\n<li><strong>Miner\u00eda:<\/strong> En los equipos de miner\u00eda, los cilindros de brazo se utilizan para controlar el movimiento del brazo del equipo de miner\u00eda para la extracci\u00f3n y manipulaci\u00f3n de mineral.<\/li>\n<li><strong>Log\u00edstica y Transporte:<\/strong> En carretillas elevadoras y robots de manipulaci\u00f3n, se utilizan cilindros de brazo para controlar la elevaci\u00f3n y el movimiento de la carga, realizando la manipulaci\u00f3n y el apilado de materiales.<\/li>\n<\/ol>\n<h2>Consideraciones de dise\u00f1o y criterios de selecci\u00f3n<\/h2>\n<p>Los cilindros de brazo est\u00e1n dise\u00f1ados teniendo en cuenta factores clave como:<\/p>\n<ol>\n<li><strong>Capacidad de carga:<\/strong> Los cilindros de brazo deben tener suficiente capacidad de carga para soportar cargas pesadas y garantizar su funcionamiento eficiente.<\/li>\n<li><strong>Caza de focas:<\/strong> Se utilizan diversos componentes de sellado, como sellos de pist\u00f3n y sellos de v\u00e1stago, y se seleccionan materiales de sellado como poliuretano y caucho de nitrilo para garantizar la durabilidad.<\/li>\n<li><strong>Durabilidad:<\/strong> Los cilindros de brazo est\u00e1n hechos de materiales de alta resistencia y procesados \u200b\u200bcon precisi\u00f3n para mejorar su resistencia al desgaste y a la corrosi\u00f3n.<\/li>\n<li><strong>Seguridad:<\/strong> Las consideraciones de seguridad incluyen el dise\u00f1o e instalaci\u00f3n de v\u00e1lvulas de seguridad y otros dispositivos de seguridad para prevenir accidentes.<\/li>\n<li><strong>Mantenibilidad:<\/strong> El dise\u00f1o considera un f\u00e1cil mantenimiento y reemplazo para revisiones y mantenimientos regulares, reduciendo el tiempo de inactividad del equipo.<\/li>\n<\/ol>\n<p>Vea la siguiente imagen:<\/p>\n<p><img decoding=\"async\" src=\"https:\/\/www.hydraulic-cylinders.net\/wp-content\/uploads\/2025\/01\/songte-cylinder-head-with-all-kinds-excavator-models.webp\" alt=\"Imagen de la culata\"><\/p>\n<h2>Sellado y lubricaci\u00f3n<\/h2>\n<p>Los cilindros de brazo utilizan diversos componentes de sellado, como sellos de pist\u00f3n y de v\u00e1stago, y materiales de sellado como poliuretano y caucho de nitrilo, para garantizar su durabilidad. El cuerpo del cilindro y las superficies roscadas de los extremos est\u00e1n finamente procesadas para mejorar la resistencia al desgaste. Para su lubricaci\u00f3n, se requiere el llenado regular con aceite hidr\u00e1ulico adecuado.<\/p>\n<h2>Mantenimiento preventivo y soluci\u00f3n de problemas<\/h2>\n<p>Las revisiones peri\u00f3dicas y el mantenimiento preventivo son necesarios para evitar posibles problemas. Los siguientes consejos pueden ayudar a diagnosticar y solucionar problemas:<\/p>\n<h3>Problemas comunes<\/h3>\n<ol>\n<li>Baja eficiencia de operaci\u00f3n del cilindro<\/li>\n<li>Fuga de aceite del cilindro<\/li>\n<li>Ruido o vibraci\u00f3n excesivos en el cilindro<\/li>\n<li>deriva del cilindro<\/li>\n<li>Deformaci\u00f3n o da\u00f1o del cilindro<\/li>\n<\/ol>\n<h3>M\u00e9todos de soluci\u00f3n de problemas<\/h3>\n<ol>\n<li>Verifique la ruta de aceite y la v\u00e1lvula de control para garantizar un flujo de aceite suave y un control correcto.<\/li>\n<li>Compruebe los componentes de sellado y reempl\u00e1celos si es necesario.<\/li>\n<li>Verifique la precisi\u00f3n de instalaci\u00f3n del cilindro y aj\u00fastelo.<\/li>\n<li>Verifique la presi\u00f3n del sistema hidr\u00e1ulico y aj\u00fastela al nivel adecuado.<\/li>\n<li>Revise el cuerpo del cilindro y rep\u00e1relo o reempl\u00e1celo si es necesario.<\/li>\n<\/ol>\n<p>Las medidas preventivas incluyen el mantenimiento regular y el reemplazo de piezas desgastadas, el uso y mantenimiento adecuados del sistema hidr\u00e1ulico y evitar la sobrecarga o el funcionamiento con sobrepresi\u00f3n.<\/p>\n<p>Vea la siguiente imagen:<\/p>\n<p><img decoding=\"async\" src=\"https:\/\/www.hydraulic-cylinders.net\/wp-content\/uploads\/2025\/01\/songte-chushion-collar.webp\" alt=\"Imagen de cuello acolchado\"><\/p>\n<h2>Instrucciones de instalaci\u00f3n<\/h2>\n<p>Una instalaci\u00f3n correcta es crucial para el funcionamiento de los cilindros del brazo. Se deben seguir los siguientes pasos:<\/p>\n<ol>\n<li>Aseg\u00farese de que el cilindro y el brazo mec\u00e1nico est\u00e9n alineados.<\/li>\n<li>Aseg\u00farese de que el v\u00e1stago del pist\u00f3n est\u00e9 instalado correctamente.<\/li>\n<li>Aseg\u00farese de que el conector hidr\u00e1ulico est\u00e9 correctamente instalado y apretado.<\/li>\n<li>Realice una prueba funcional para garantizar el correcto funcionamiento.<\/li>\n<\/ol>\n<p>Vea la siguiente imagen:<\/p>\n<p><img decoding=\"async\" src=\"https:\/\/www.hydraulic-cylinders.net\/wp-content\/uploads\/2025\/01\/songte-bushings-with-all-kinds-of-excavator-models.webp\" alt=\"Imagen de bujes\"><\/p>\n<h2>Sobre nosotros<\/h2>\n<p>Somos un fabricante profesional de cilindros hidr\u00e1ulicos de repuesto con una amplia gama de productos y nos hemos convertido en uno de los principales fabricantes y distribuidores mayoristas de cilindros hidr\u00e1ulicos en los mercados nacionales e internacionales. Nos adherimos siempre al principio de la excelencia en la calidad y nos apoyamos en las estrategias de gesti\u00f3n de producci\u00f3n de nuestros excelentes talleres para mejorar continuamente nuestra tecnolog\u00eda y eficiencia de producci\u00f3n. Mediante la introducci\u00f3n de equipos de fabricaci\u00f3n digital avanzados y sistemas de prueba profesionales, optimizamos constantemente nuestra plataforma de fabricaci\u00f3n y mejoramos los procesos de control de calidad de nuestros productos. Nuestro objetivo es satisfacer las diversas necesidades de nuestros clientes con los principios de eficiencia, precisi\u00f3n y alta calidad.<\/p>\n<p>Nuestra empresa tiene las siguientes ventajas:<\/p>\n<ul>\n<li><strong>Profesionalismo:<\/strong> Contamos con un equipo de profesionales experimentados y equipos de fabricaci\u00f3n avanzados para garantizar la calidad y precisi\u00f3n del producto.<\/li>\n<li><strong>Certificaci\u00f3n Internacional:<\/strong> Nuestros productos han pasado las certificaciones ISO9001, CE y otras internacionales, lo que garantiza su calidad y confiabilidad.<\/li>\n<li><strong>Servicios personalizados:<\/strong> Ofrecemos servicios personalizados para satisfacer las necesidades y requisitos espec\u00edficos de nuestros clientes.<\/li>\n<li><strong>Equipo de producci\u00f3n:<\/strong> Contamos con equipos de producci\u00f3n digital avanzados como m\u00e1quinas CNC y sistemas de prueba para garantizar productos de alta calidad.<\/li>\n<li><strong>Servicio postventa:<\/strong> Brindamos un servicio y soporte posventa integral para garantizar la satisfacci\u00f3n y lealtad del cliente.<\/li>\n<\/ul>\n<p>Vea las siguientes im\u00e1genes:<\/p>\n<p><img decoding=\"async\" src=\"https:\/\/www.hydraulic-cylinders.net\/wp-content\/uploads\/2025\/01\/songte-company-4.webp\" alt=\"Imagen de la empresa 1\"><br \/>\n<img decoding=\"async\" src=\"https:\/\/www.hydraulic-cylinders.net\/wp-content\/uploads\/2025\/01\/songte-company-3.webp\" alt=\"Imagen de la empresa 2\"><\/p>\n<p>Escrito por lyl.<\/p>","protected":false},"excerpt":{"rendered":"<p>Introduction Arm Cylinder for Hyundai Wheel Excavator R160W-5 An arm cylinder is a specially designed hydraulic cylinder that is primarily used to provide linear motion and power for the arms of various types of machinery such as excavators, cranes, and mechanical arms. The arm cylinder plays a key role in the hydraulic system by enabling [&hellip;]<\/p>","protected":false},"featured_media":14766,"comment_status":"open","ping_status":"closed","template":"","meta":{"_et_pb_use_builder":"","_et_pb_old_content":"","_et_gb_content_width":""},"product_brand":[],"product_cat":[1497],"product_tag":[1498,1496],"class_list":{"0":"post-16262","1":"product","2":"type-product","3":"status-publish","4":"has-post-thumbnail","6":"product_cat-arm-cylinders","7":"product_tag-arm-cylinders","8":"product_tag-hydraulic-cylinders","10":"first","11":"instock","12":"shipping-taxable","13":"product-type-simple"},"amp_enabled":true,"_links":{"self":[{"href":"https:\/\/www.hydraulic-cylinders.net\/es\/wp-json\/wp\/v2\/product\/16262","targetHints":{"allow":["GET"]}}],"collection":[{"href":"https:\/\/www.hydraulic-cylinders.net\/es\/wp-json\/wp\/v2\/product"}],"about":[{"href":"https:\/\/www.hydraulic-cylinders.net\/es\/wp-json\/wp\/v2\/types\/product"}],"replies":[{"embeddable":true,"href":"https:\/\/www.hydraulic-cylinders.net\/es\/wp-json\/wp\/v2\/comments?post=16262"}],"wp:featuredmedia":[{"embeddable":true,"href":"https:\/\/www.hydraulic-cylinders.net\/es\/wp-json\/wp\/v2\/media\/14766"}],"wp:attachment":[{"href":"https:\/\/www.hydraulic-cylinders.net\/es\/wp-json\/wp\/v2\/media?parent=16262"}],"wp:term":[{"taxonomy":"product_brand","embeddable":true,"href":"https:\/\/www.hydraulic-cylinders.net\/es\/wp-json\/wp\/v2\/product_brand?post=16262"},{"taxonomy":"product_cat","embeddable":true,"href":"https:\/\/www.hydraulic-cylinders.net\/es\/wp-json\/wp\/v2\/product_cat?post=16262"},{"taxonomy":"product_tag","embeddable":true,"href":"https:\/\/www.hydraulic-cylinders.net\/es\/wp-json\/wp\/v2\/product_tag?post=16262"}],"curies":[{"name":"wp","href":"https:\/\/api.w.org\/{rel}","templated":true}]}}