{"id":16343,"date":"2025-01-20T09:07:31","date_gmt":"2025-01-20T09:07:31","guid":{"rendered":"https:\/\/www.hydraulic-cylinders.net\/product\/arm-cylinderfor-volvo-wheel-excavator-ew145bp\/"},"modified":"2025-01-20T09:07:33","modified_gmt":"2025-01-20T09:07:33","slug":"arm-cylinderfor-volvo-wheel-excavator-ew145bp","status":"publish","type":"product","link":"https:\/\/www.hydraulic-cylinders.net\/es\/producto\/arm-cylinderfor-volvo-wheel-excavator-ew145bp\/","title":{"rendered":"Cilindro de brazo para excavadora de ruedas Volvo EW145BP"},"content":{"rendered":"<p>Cilindro de brazo para excavadora de ruedas Volvo EW145BP: Lo que necesita saber<\/p>\n<h2>Introducci\u00f3n<\/h2>\n<h3>Cilindro de brazo de definici\u00f3n para excavadora de ruedas Volvo EW145BP<\/h3>\n<p>Un cilindro de brazo es un cilindro hidr\u00e1ulico especialmente dise\u00f1ado que se utiliza principalmente para proporcionar movimiento lineal y potencia a los brazos de diversos tipos de maquinaria, como excavadoras, gr\u00faas y brazos rob\u00f3ticos. Los cilindros de brazo desempe\u00f1an un papel crucial en los sistemas hidr\u00e1ulicos, permitiendo que los accesorios se muevan y se controlen eficazmente. Estos cilindros no solo permiten un movimiento suave, sino que tambi\u00e9n pueden soportar cargas pesadas, garantizando un funcionamiento eficiente y la fiabilidad de la maquinaria en diversas condiciones de trabajo.<\/p>\n<p><img decoding=\"async\" src=\"https:\/\/www.hydraulic-cylinders.net\/wp-content\/uploads\/2025\/01\/songte-company-2.webp\" alt=\"Imagen del cilindro del brazo\"><\/p>\n<h3>Caracter\u00edsticas del cilindro de brazo para excavadora de ruedas Volvo EW145BP<\/h3>\n<p>Los cilindros de brazo ofrecen diversas caracter\u00edsticas que los hacen ideales para su uso en diversas m\u00e1quinas. Estas son algunas de las principales:<\/p>\n<ul>\n<li><strong>Transmisi\u00f3n de alta eficiencia:<\/strong> Los cilindros de brazo proporcionan un potente movimiento y fuerza lineal, lo que garantiza una eficiencia de alto rendimiento en diversas operaciones.<\/li>\n<li><strong>Control preciso:<\/strong> Mediante sistemas hidr\u00e1ulicos, los cilindros del brazo pueden lograr un control de movimiento preciso, haciendo que la operaci\u00f3n de herramientas adicionales sea m\u00e1s flexible y precisa.<\/li>\n<li><strong>Fuerte durabilidad:<\/strong> Los cilindros de brazo generalmente est\u00e1n hechos de materiales de alta resistencia, que tienen buena resistencia al desgaste y a la corrosi\u00f3n, lo que los hace adecuados para uso a largo plazo en entornos hostiles.<\/li>\n<li><strong>Adaptabilidad multifuncional:<\/strong> Estos cilindros se pueden utilizar ampliamente en varios tipos de maquinaria, como excavadoras, gr\u00faas y brazos rob\u00f3ticos, para satisfacer diferentes requisitos de trabajo.<\/li>\n<li><strong>F\u00e1cil mantenimiento:<\/strong> Los cilindros de brazo est\u00e1n dise\u00f1ados teniendo en cuenta la facilidad de mantenimiento y reemplazo, lo que hace que la inspecci\u00f3n y el mantenimiento regulares sean m\u00e1s convenientes y reducen el tiempo de inactividad del equipo.<\/li>\n<\/ul>\n<p>Nuestros productos pueden reemplazar perfectamente estos cilindros hidr\u00e1ulicos. Ofrecemos una gama de repuestos, incluyendo tuber\u00edas de aceite y bujes, para satisfacer las diversas necesidades de nuestros clientes.<\/p>\n<p><img decoding=\"async\" src=\"https:\/\/www.hydraulic-cylinders.net\/wp-content\/uploads\/2025\/01\/songte-oil-pipes-and-spare-parts.webp\" alt=\"Repuestos para cilindros hidr\u00e1ulicos\"><\/p>\n<h3>Aplicaciones del cilindro de brazo para excavadora de ruedas Volvo EW145BP<\/h3>\n<p>Los cilindros de brazo se pueden utilizar en varios tipos de maquinaria en diferentes industrias, entre las que se incluyen:<\/p>\n<ul>\n<li><strong>Construcci\u00f3n:<\/strong> En excavadoras y gr\u00faas, los cilindros de brazo se utilizan para controlar el movimiento del cuchar\u00f3n o la pluma para movimiento de tierras, manipulaci\u00f3n de materiales e instalaci\u00f3n estructural.<\/li>\n<li><strong>Fabricaci\u00f3n:<\/strong> En las l\u00edneas de producci\u00f3n automatizadas, se utilizan cilindros de brazo para mover brazos rob\u00f3ticos durante el ensamblaje, la soldadura y la manipulaci\u00f3n de materiales, mejorando la eficiencia y la precisi\u00f3n de la producci\u00f3n.<\/li>\n<li><strong>Maquinaria agr\u00edcola:<\/strong> En maquinaria agr\u00edcola, como cosechadoras y sembradoras, los cilindros de brazo controlan el movimiento de los brazos operativos para tareas como sembrar, fertilizar y cosechar.<\/li>\n<li><strong>Miner\u00eda:<\/strong> En los equipos de miner\u00eda, los cilindros de brazo se utilizan para controlar el movimiento del brazo del equipo de miner\u00eda para la miner\u00eda y el manejo de materiales.<\/li>\n<li><strong>Log\u00edstica y Transporte:<\/strong> En carretillas elevadoras y robots de manipulaci\u00f3n, se utilizan cilindros de brazo para controlar la elevaci\u00f3n y el movimiento de mercanc\u00edas, lo que permite la manipulaci\u00f3n y el apilado de materiales.<\/li>\n<\/ul>\n<h2>Consideraciones de dise\u00f1o y criterios de selecci\u00f3n<\/h2>\n<h3>Consideraciones de dise\u00f1o<\/h3>\n<p>Al dise\u00f1ar cilindros de brazo, se deben considerar varios factores, entre ellos:<\/p>\n<ul>\n<li><strong>Capacidad de carga:<\/strong> Los cilindros de brazo deben estar dise\u00f1ados para soportar la carga y presi\u00f3n m\u00e1ximas requeridas para operaciones espec\u00edficas.<\/li>\n<li><strong>Caza de focas:<\/strong> Se deben seleccionar e instalar adecuadamente varios componentes de sellado, como sellos de pist\u00f3n y sellos de v\u00e1stago, para garantizar que el cilindro sea herm\u00e9tico y a prueba de fugas.<\/li>\n<li><strong>Durabilidad:<\/strong> Los cilindros del brazo deben estar hechos de materiales de alta resistencia y someterse a un tratamiento t\u00e9rmico integral para mejorar su resistencia al desgaste y a la corrosi\u00f3n.<\/li>\n<li><strong>Seguridad:<\/strong> The design of the cylinder should prioritize safety, including overpressure protection and the avoidance of potential hazards from the cylinder&#8217;s movement.<\/li>\n<li><strong>Mantenibilidad:<\/strong> Los cilindros del brazo deben estar dise\u00f1ados para que se puedan desmontar, inspeccionar y mantener f\u00e1cilmente, reduciendo el tiempo de inactividad y los costos de mantenimiento.<\/li>\n<\/ul>\n<p><img decoding=\"async\" src=\"https:\/\/www.hydraulic-cylinders.net\/wp-content\/uploads\/2025\/01\/songte-cylinder-head-with-all-kinds-excavator-models.webp\" alt=\"Imagen de la culata\"><\/p>\n<h3>Sellado y lubricaci\u00f3n<\/h3>\n<p>Arm cylinders require various sealing components, such as piston seals and rod seals, to prevent air leakage and ensure that the cylinder is airtight. These sealing components should be made of wear-resistant materials such as polyurethane and nitrile rubber, ensuring that the cylinder can withstand high loads and operate effectively in harsh environments. The cylinder&#8217;s body and threaded end surface should be finely processed to improve their wear resistance.<\/p>\n<p>El cilindro tambi\u00e9n debe lubricarse regularmente y se le debe agregar la cantidad adecuada de aceite hidr\u00e1ulico. Llenar el cilindro en exceso o en defecto puede da\u00f1arlo y reducir su rendimiento.<\/p>\n<h3>Medidas de mantenimiento y prevenci\u00f3n<\/h3>\n<p>Para garantizar la longevidad y el rendimiento \u00f3ptimo del cilindro del brazo, se deben realizar inspecciones peri\u00f3dicas y mantenimiento preventivo. A continuaci\u00f3n, se presentan algunas medidas preventivas a considerar:<\/p>\n<ul>\n<li>Regularly examine and replace the sealing components to prevent leakage and ensure the cylinder&#8217;s lifespan.<\/li>\n<li>Limpie el cilindro peri\u00f3dicamente para evitar que entre polvo y otras materias extra\u00f1as en \u00e9l.<\/li>\n<li>Inspeccione el v\u00e1stago del pist\u00f3n para detectar cualquier da\u00f1o o doblez, reemplaz\u00e1ndolo inmediatamente si es necesario.<\/li>\n<li>Evite la sobrecarga y el sobrecalentamiento del cilindro para evitar da\u00f1os al cilindro y a la maquinaria.<\/li>\n<li>Keep the hydraulic oil clean and replace it regularly to maintain the cylinder&#8217;s optimal performance.<\/li>\n<\/ul>\n<p><img decoding=\"async\" src=\"https:\/\/www.hydraulic-cylinders.net\/wp-content\/uploads\/2025\/01\/songte-chushion-collar.webp\" alt=\"Imagen de cuello de coj\u00edn\"><\/p>\n<h3>Gu\u00eda de instalaci\u00f3n<\/h3>\n<p>Para instalar el cilindro del brazo, siga estos pasos:<\/p>\n<ol>\n<li>Ensure that the cylinder&#8217;s model matches the machinery&#8217;s model and specifications.<\/li>\n<li>Limpie la superficie de los puntos de montaje de la maquinaria.<\/li>\n<li>Monte el cilindro en la maquinaria, asegur\u00e1ndose de que el cilindro est\u00e9 nivelado y correctamente alineado.<\/li>\n<li>Fije el cilindro a la maquinaria mediante pernos o tornillos con el torque adecuado.<\/li>\n<li>Check the cylinder&#8217;s movement to ensure that it operates smoothly and efficiently.<\/li>\n<\/ol>\n<p><img decoding=\"async\" src=\"https:\/\/www.hydraulic-cylinders.net\/wp-content\/uploads\/2025\/01\/songte-bushings-with-all-kinds-of-excavator-models.webp\" alt=\"Imagen de bujes\"><\/p>\n<h3>Consideraciones de seguridad y medio ambiente<\/h3>\n<p>Al utilizar cilindros de brazo, se deben tomar medidas de seguridad para prevenir posibles riesgos. Estas medidas incluyen:<\/p>\n<ul>\n<li>Use equipo de protecci\u00f3n como guantes y gafas de seguridad al manipular el cilindro.<\/li>\n<li>Colocar el cilindro lejos de materiales inflamables y \u00e1reas peligrosas para evitar riesgos de incendio, explosi\u00f3n o da\u00f1os al cilindro.<\/li>\n<li>Asegurarse de que el cilindro est\u00e9 instalado de forma correcta y segura para evitar que se caiga o se mueva inesperadamente.<\/li>\n<li>Evitar sobrecargar y sobrecalentar el cilindro, lo cual puede provocar da\u00f1os en el cilindro y en la maquinaria.<\/li>\n<\/ul>\n<h3>Soluci\u00f3n de problemas y problemas comunes<\/h3>\n<p>A continuaci\u00f3n se presentan algunos problemas comunes que pueden surgir con los cilindros del brazo:<\/p>\n<ul>\n<li><strong>Fuga:<\/strong> The cylinder may have a problem with the sealing components or the cylinder&#8217;s body.<\/li>\n<li><strong>Calentamiento excesivo:<\/strong> Es posible que el cilindro est\u00e9 utilizando el tipo incorrecto de aceite hidr\u00e1ulico o que se est\u00e9 utilizando en condiciones demasiado calientes.<\/li>\n<li><strong>Operaci\u00f3n lenta:<\/strong> Es posible que el cilindro tenga baja presi\u00f3n o que tenga problemas con el sistema hidr\u00e1ulico.<\/li>\n<li><strong>Cilindro agarrotado:<\/strong> El cilindro puede estar da\u00f1ado o puede tener residuos o materia extra\u00f1a en su interior.<\/li>\n<li><strong>Movimiento irregular:<\/strong> El cilindro puede estar desalineado o tener v\u00e1stagos de pist\u00f3n da\u00f1ados.<\/li>\n<\/ul>\n<p>Si surge alg\u00fan problema, siga los pasos de soluci\u00f3n de problemas y consulte con un profesional si es necesario. Para evitar problemas, realice inspecciones y mantenimiento regulares.<\/p>\n<p><img decoding=\"async\" src=\"https:\/\/www.hydraulic-cylinders.net\/wp-content\/uploads\/2025\/01\/songte-company-4.webp\" alt=\"Imagen de la empresa\"><\/p>\n<h2>Acerca de nuestra empresa<\/h2>\n<p>We are a professional hydraulic cylinder manufacturer that provides a wide range of products and has become one of the leading manufacturers and wholesale distributors of hydraulic cylinders in both domestic and international markets. We have always adhered to the principle of excellent quality, relying on the industrialized production management strategy of our sophisticated manufacturing workshop to continuously improve our technical level and production efficiency. By introducing high-end digital manufacturing equipment and professional testing systems, we optimize our manufacturing platform and improve our product quality control processes to provide innovative solutions to our customers&#8217; diverse needs.<\/p>\n<p>We offer a range of professional services, including international certification, customized solutions, high-quality production equipment, and excellent after-sales services. Our company has passed ISO 9001:2015 certification and has received many awards for our innovative solutions and customer satisfaction. We are committed to meeting our customers&#8217; needs by providing efficient, accurate, and high-quality products.<\/p>\n<p><img decoding=\"async\" src=\"https:\/\/www.hydraulic-cylinders.net\/wp-content\/uploads\/2025\/01\/songte-company-3.webp\" alt=\"Imagen de la empresa\"><\/p>\n<p>Autor: lyl<\/p>","protected":false},"excerpt":{"rendered":"<p>Arm Cylinder for Volvo Wheel Excavator EW145BP: What You Need to Know Introduction Defining Arm Cylinder for Volvo Wheel Excavator EW145BP An arm cylinder is a specially designed hydraulic cylinder used primarily to provide linear motion and power for the arms of various types of machinery, such as excavators, cranes, and robotic arms. Arm cylinders [&hellip;]<\/p>","protected":false},"featured_media":14763,"comment_status":"open","ping_status":"closed","template":"","meta":{"_et_pb_use_builder":"","_et_pb_old_content":"","_et_gb_content_width":""},"product_brand":[],"product_cat":[1497],"product_tag":[1498,1496],"class_list":{"0":"post-16343","1":"product","2":"type-product","3":"status-publish","4":"has-post-thumbnail","6":"product_cat-arm-cylinders","7":"product_tag-arm-cylinders","8":"product_tag-hydraulic-cylinders","10":"first","11":"instock","12":"shipping-taxable","13":"product-type-simple"},"amp_enabled":true,"_links":{"self":[{"href":"https:\/\/www.hydraulic-cylinders.net\/es\/wp-json\/wp\/v2\/product\/16343","targetHints":{"allow":["GET"]}}],"collection":[{"href":"https:\/\/www.hydraulic-cylinders.net\/es\/wp-json\/wp\/v2\/product"}],"about":[{"href":"https:\/\/www.hydraulic-cylinders.net\/es\/wp-json\/wp\/v2\/types\/product"}],"replies":[{"embeddable":true,"href":"https:\/\/www.hydraulic-cylinders.net\/es\/wp-json\/wp\/v2\/comments?post=16343"}],"wp:featuredmedia":[{"embeddable":true,"href":"https:\/\/www.hydraulic-cylinders.net\/es\/wp-json\/wp\/v2\/media\/14763"}],"wp:attachment":[{"href":"https:\/\/www.hydraulic-cylinders.net\/es\/wp-json\/wp\/v2\/media?parent=16343"}],"wp:term":[{"taxonomy":"product_brand","embeddable":true,"href":"https:\/\/www.hydraulic-cylinders.net\/es\/wp-json\/wp\/v2\/product_brand?post=16343"},{"taxonomy":"product_cat","embeddable":true,"href":"https:\/\/www.hydraulic-cylinders.net\/es\/wp-json\/wp\/v2\/product_cat?post=16343"},{"taxonomy":"product_tag","embeddable":true,"href":"https:\/\/www.hydraulic-cylinders.net\/es\/wp-json\/wp\/v2\/product_tag?post=16343"}],"curies":[{"name":"wp","href":"https:\/\/api.w.org\/{rel}","templated":true}]}}