{"id":16364,"date":"2025-01-20T09:09:23","date_gmt":"2025-01-20T09:09:23","guid":{"rendered":"https:\/\/www.hydraulic-cylinders.net\/product\/arm-cylinderfor-sany-middle-excavator-sy215c-8-9\/"},"modified":"2025-01-20T09:09:25","modified_gmt":"2025-01-20T09:09:25","slug":"arm-cylinderfor-sany-middle-excavator-sy215c-8-9","status":"publish","type":"product","link":"https:\/\/www.hydraulic-cylinders.net\/es\/producto\/arm-cylinderfor-sany-middle-excavator-sy215c-8-9\/","title":{"rendered":"Cilindro de brazo para excavadora intermedia Sany SY215C-8-9"},"content":{"rendered":"<h2>Cilindro de brazo para excavadora intermedia Sany SY215C-8-9<\/h2>\n<h3>Definici\u00f3n y explicaci\u00f3n<\/h3>\n<p>El cilindro de brazo es un cilindro hidr\u00e1ulico especialmente dise\u00f1ado que se utiliza principalmente para proporcionar movimiento lineal y potencia a los brazos de diversas m\u00e1quinas, como excavadoras, gr\u00faas y brazos rob\u00f3ticos. El cilindro de brazo desempe\u00f1a un papel fundamental en el sistema hidr\u00e1ulico, permitiendo el movimiento y control eficaz de herramientas o accesorios adicionales. Estos cilindros no solo proporcionan un movimiento suave, sino que tambi\u00e9n soportan cargas pesadas, garantizando un funcionamiento eficiente y la fiabilidad de la maquinaria en diversas condiciones de trabajo.<\/p>\n<p><img decoding=\"async\" src=\"https:\/\/www.hydraulic-cylinders.net\/wp-content\/uploads\/2025\/01\/songte-company-2.webp\" alt=\"Imagen del cilindro del brazo\" \/><\/p>\n<h3>Caracter\u00edsticas<\/h3>\n<ul>\n<li><strong>Transmisi\u00f3n de potencia eficiente:<\/strong> El cilindro del brazo proporciona un fuerte movimiento lineal y fuerza, lo que garantiza un rendimiento de alta eficiencia del brazo rob\u00f3tico en diversas operaciones.<\/li>\n<li><strong>Control preciso:<\/strong> El cilindro del brazo puede lograr un control de movimiento preciso a trav\u00e9s del sistema hidr\u00e1ulico, lo que hace que la operaci\u00f3n de herramientas adicionales sea m\u00e1s flexible y precisa.<\/li>\n<li><strong>Durable:<\/strong> Los cilindros de brazo generalmente est\u00e1n hechos de materiales de alta resistencia, con buena resistencia al desgaste y a la corrosi\u00f3n, adecuados para uso a largo plazo en entornos hostiles.<\/li>\n<li><strong>Adaptabilidad multifuncional:<\/strong> Estos cilindros se pueden utilizar ampliamente en diversos equipos mec\u00e1nicos, como excavadoras, gr\u00faas y brazos rob\u00f3ticos, para adaptarse a diferentes requisitos de trabajo.<\/li>\n<li><strong>F\u00e1cil mantenimiento:<\/strong> El dise\u00f1o tiene en cuenta la facilidad de mantenimiento y sustituci\u00f3n, lo que hace que las inspecciones y el mantenimiento regulares sean m\u00e1s convenientes y reduce el tiempo de inactividad del equipo.<\/li>\n<\/ul>\n<p>Podemos fabricar este producto y nuestro producto puede reemplazar perfectamente estos cilindros hidr\u00e1ulicos.<\/p>\n<p><img decoding=\"async\" src=\"https:\/\/www.hydraulic-cylinders.net\/wp-content\/uploads\/2025\/01\/songte-oil-pipes-and-spare-parts.webp\" alt=\"Imagen de piezas de repuesto\" \/><\/p>\n<h3>Aplicaciones<\/h3>\n<p>Los cilindros de brazo se utilizan ampliamente en diversos campos como:<\/p>\n<ul>\n<li><strong>Ingenier\u00eda de construcci\u00f3n:<\/strong> En excavadoras y gr\u00faas, los cilindros de brazo se utilizan para controlar el movimiento del cuchar\u00f3n o la pluma para movimiento de tierras, manipulaci\u00f3n de materiales e instalaci\u00f3n de estructuras.<\/li>\n<li><strong>Industria manufacturera:<\/strong> En las l\u00edneas de producci\u00f3n automatizadas, los cilindros de brazo se utilizan para el movimiento de brazos rob\u00f3ticos, el ensamblaje, la soldadura y el manejo de materiales para mejorar la eficiencia y la precisi\u00f3n de la producci\u00f3n.<\/li>\n<li><strong>Maquinaria agr\u00edcola:<\/strong> En maquinaria agr\u00edcola como cosechadoras y sembradoras, los cilindros del brazo controlan el movimiento del brazo operativo, realizando tareas como sembrar, fertilizar y cosechar.<\/li>\n<li><strong>Miner\u00eda:<\/strong> En los equipos de miner\u00eda, los cilindros de brazo se utilizan para controlar el movimiento del brazo del equipo de miner\u00eda para la extracci\u00f3n y transporte de minerales.<\/li>\n<li><strong>Log\u00edstica y transporte:<\/strong> En las carretillas elevadoras y los robots de manipulaci\u00f3n, los cilindros de los brazos se utilizan para controlar la elevaci\u00f3n y el movimiento de la horquilla, realizando as\u00ed la manipulaci\u00f3n y el apilamiento de materiales.<\/li>\n<\/ul>\n<h3>Consideraciones de dise\u00f1o y est\u00e1ndares de selecci\u00f3n<\/h3>\n<p>Desde una perspectiva de dise\u00f1o, los cilindros de brazo deben cumplir los siguientes requisitos:<\/p>\n<ul>\n<li><strong>Capacidad de carga:<\/strong> Los cilindros del brazo deben poder soportar el peso del equipo y la carga.<\/li>\n<li><strong>Caza de focas:<\/strong> Se utilizan diversos elementos de sellado, como sellos de pist\u00f3n y sellos de v\u00e1stago, para evitar fugas de fluido y garantizar un funcionamiento confiable y eficiente.<\/li>\n<li><strong>Durabilidad:<\/strong> Los cilindros de brazo a menudo est\u00e1n expuestos a entornos hostiles y requieren materiales de alta resistencia y tratamientos de superficie para proporcionar una buena resistencia al desgaste y la corrosi\u00f3n.<\/li>\n<li><strong>Seguridad:<\/strong> Es necesario tener en cuenta consideraciones de seguridad para evitar accidentes causados \u200b\u200bpor fallas o mal funcionamiento del cilindro.<\/li>\n<li><strong>Mantenimiento:<\/strong> Los cilindros del brazo deben dise\u00f1arse para facilitar el mantenimiento y el reemplazo para reducir el tiempo de inactividad del equipo y los costos de mantenimiento.<\/li>\n<\/ul>\n<p><img decoding=\"async\" src=\"https:\/\/www.hydraulic-cylinders.net\/wp-content\/uploads\/2025\/01\/songte-cylinder-head-with-all-kinds-excavator-models.webp\" alt=\"Imagen de la culata\" \/><\/p>\n<h3>Sellado y lubricaci\u00f3n<\/h3>\n<p>Se utilizan diversos elementos de sellado, como sellos de pist\u00f3n y de v\u00e1stago, para evitar fugas de fluido y garantizar un funcionamiento fiable y eficiente. Los sellos est\u00e1n fabricados con materiales resistentes al desgaste, como poliuretano y caucho de nitrilo. El cuerpo del cilindro y la superficie del extremo roscado est\u00e1n finamente procesados \u200b\u200bpara mejorar la resistencia al desgaste. Es necesario a\u00f1adir regularmente el aceite hidr\u00e1ulico adecuado para la lubricaci\u00f3n y garantizar el buen funcionamiento del cilindro hidr\u00e1ulico.<\/p>\n<p><img decoding=\"async\" src=\"https:\/\/www.hydraulic-cylinders.net\/wp-content\/uploads\/2025\/01\/songte-chushion-collar.webp\" alt=\"Imagen de sellado\" \/><\/p>\n<h3>Inspecci\u00f3n peri\u00f3dica y medidas de mantenimiento preventivo<\/h3>\n<ul>\n<li>Compruebe peri\u00f3dicamente el nivel de aceite, la limpieza y la calidad del aceite hidr\u00e1ulico y reemplace o agregue aceite seg\u00fan sea necesario.<\/li>\n<li>Inspeccione los elementos de sellado, el cuerpo del cilindro y la superficie del extremo roscado para detectar desgaste y corrosi\u00f3n, y reempl\u00e1celos a tiempo si es necesario.<\/li>\n<li>Revise peri\u00f3dicamente las piezas de fijaci\u00f3n y apri\u00e9telas si es necesario para evitar que se aflojen y fallen.<\/li>\n<li>Realice mantenimiento y reparaciones regulares para evitar posibles problemas y garantizar el funcionamiento confiable y eficiente del equipo.<\/li>\n<\/ul>\n<h3>Gu\u00eda de instalaci\u00f3n del producto<\/h3>\n<p>Antes de la instalaci\u00f3n, lea atentamente el manual del producto y siga los pasos a continuaci\u00f3n:<\/p>\n<ol>\n<li>Verifique el modelo y las especificaciones del producto para asegurarse de que coincidan con el equipo.<\/li>\n<li>Revise el lugar de instalaci\u00f3n y aseg\u00farese de que est\u00e9 limpio, nivelado y libre de residuos.<\/li>\n<li>Coloque el cilindro en la posici\u00f3n correcta y alinee los orificios de instalaci\u00f3n.<\/li>\n<li>Apriete los pernos y tuercas de fijaci\u00f3n seg\u00fan el torque especificado.<\/li>\n<li>Realice una prueba de presi\u00f3n para asegurarse de que el cilindro funciona correctamente.<\/li>\n<\/ol>\n<p><img decoding=\"async\" src=\"https:\/\/www.hydraulic-cylinders.net\/wp-content\/uploads\/2025\/01\/songte-bushings-with-all-kinds-of-excavator-models.webp\" alt=\"Imagen de bujes\" \/><\/p>\n<h3>Consideraciones de seguridad y factores ambientales<\/h3>\n<p>La seguridad es una prioridad fundamental al utilizar cilindros hidr\u00e1ulicos. Es necesario garantizar que el equipo se instale, mantenga y repare correctamente para evitar accidentes causados \u200b\u200bpor fallos o mal funcionamiento de los cilindros. Adem\u00e1s, es fundamental desechar adecuadamente el aceite hidr\u00e1ulico usado y otros residuos para proteger el medio ambiente y garantizar el desarrollo sostenible.<\/p>\n<h3>Soluci\u00f3n de problemas y problemas comunes<\/h3>\n<p>Algunos problemas y soluciones comunes para los cilindros de brazo son:<\/p>\n<ul>\n<li><strong>Fuga de l\u00edquido:<\/strong> Compruebe si los elementos de sellado est\u00e1n desgastados o da\u00f1ados y reempl\u00e1celos si es necesario.<\/li>\n<li><strong>Ruido anormal:<\/strong> Compruebe si hay piezas de fijaci\u00f3n sueltas o componentes da\u00f1ados y rep\u00e1relos o reempl\u00e1celos seg\u00fan sea necesario.<\/li>\n<li><strong>Movimiento lento:<\/strong> Verifique el nivel y la calidad del aceite hidr\u00e1ulico y reemplace o agregue aceite seg\u00fan sea necesario.<\/li>\n<\/ul>\n<p>El mantenimiento y la inspecci\u00f3n regulares pueden ayudar a prevenir problemas potenciales y garantizar un funcionamiento confiable y eficiente del equipo.<\/p>\n<p><img decoding=\"async\" src=\"https:\/\/www.hydraulic-cylinders.net\/wp-content\/uploads\/2025\/01\/songte-company-4.webp\" alt=\"Imagen de la empresa\" \/><br \/>\n<img decoding=\"async\" src=\"https:\/\/www.hydraulic-cylinders.net\/wp-content\/uploads\/2025\/01\/songte-company-3.webp\" alt=\"Imagen de la empresa\" \/><\/p>\n<h3>Sobre nosotros<\/h3>\n<p>Somos un fabricante profesional de cilindros hidr\u00e1ulicos de repuesto con una amplia gama de productos y nos hemos convertido en uno de los principales fabricantes y distribuidores mayoristas de cilindros hidr\u00e1ulicos en el mercado nacional e internacional. Nos adherimos siempre al principio de la excelencia en la calidad, nos basamos en la estrategia de gesti\u00f3n de la producci\u00f3n industrializada de nuestros talleres de fabricaci\u00f3n de alta calidad y mejoramos continuamente nuestro nivel t\u00e9cnico y eficiencia de producci\u00f3n. Contamos con una s\u00f3lida capacidad de innovaci\u00f3n mediante la introducci\u00f3n de equipos de fabricaci\u00f3n digital de alta gama y sistemas de prueba profesionales, la optimizaci\u00f3n continua de la plataforma de fabricaci\u00f3n y la mejora de los procesos de control de calidad de los productos. Nuestro objetivo es satisfacer las diversas necesidades de nuestros clientes con los principios de alta eficiencia, precisi\u00f3n y alta calidad.<\/p>\n<p>Ofrecemos servicios profesionales, certificaciones internacionales, servicios personalizados, equipos de producci\u00f3n y servicios postventa.<\/p>\n<p>Autor: lyl.<\/p>","protected":false},"excerpt":{"rendered":"<p>Arm Cylinder For Sany Middle Excavator SY215C-8-9 Definition and Explanation Arm cylinder is a specially designed hydraulic cylinder that is mainly used to provide linear motion and power for arms of various machinery such as excavators, cranes and robotic arms. The arm cylinder plays a key role in the hydraulic system, enabling additional tools or [&hellip;]<\/p>","protected":false},"featured_media":14759,"comment_status":"open","ping_status":"closed","template":"","meta":{"_et_pb_use_builder":"","_et_pb_old_content":"","_et_gb_content_width":""},"product_brand":[],"product_cat":[1497],"product_tag":[1498,1496],"class_list":{"0":"post-16364","1":"product","2":"type-product","3":"status-publish","4":"has-post-thumbnail","6":"product_cat-arm-cylinders","7":"product_tag-arm-cylinders","8":"product_tag-hydraulic-cylinders","10":"first","11":"instock","12":"shipping-taxable","13":"product-type-simple"},"amp_enabled":true,"_links":{"self":[{"href":"https:\/\/www.hydraulic-cylinders.net\/es\/wp-json\/wp\/v2\/product\/16364","targetHints":{"allow":["GET"]}}],"collection":[{"href":"https:\/\/www.hydraulic-cylinders.net\/es\/wp-json\/wp\/v2\/product"}],"about":[{"href":"https:\/\/www.hydraulic-cylinders.net\/es\/wp-json\/wp\/v2\/types\/product"}],"replies":[{"embeddable":true,"href":"https:\/\/www.hydraulic-cylinders.net\/es\/wp-json\/wp\/v2\/comments?post=16364"}],"wp:featuredmedia":[{"embeddable":true,"href":"https:\/\/www.hydraulic-cylinders.net\/es\/wp-json\/wp\/v2\/media\/14759"}],"wp:attachment":[{"href":"https:\/\/www.hydraulic-cylinders.net\/es\/wp-json\/wp\/v2\/media?parent=16364"}],"wp:term":[{"taxonomy":"product_brand","embeddable":true,"href":"https:\/\/www.hydraulic-cylinders.net\/es\/wp-json\/wp\/v2\/product_brand?post=16364"},{"taxonomy":"product_cat","embeddable":true,"href":"https:\/\/www.hydraulic-cylinders.net\/es\/wp-json\/wp\/v2\/product_cat?post=16364"},{"taxonomy":"product_tag","embeddable":true,"href":"https:\/\/www.hydraulic-cylinders.net\/es\/wp-json\/wp\/v2\/product_tag?post=16364"}],"curies":[{"name":"wp","href":"https:\/\/api.w.org\/{rel}","templated":true}]}}