{"id":16367,"date":"2025-01-20T09:09:36","date_gmt":"2025-01-20T09:09:36","guid":{"rendered":"https:\/\/www.hydraulic-cylinders.net\/product\/arm-cylinderfor-sany-middle-excavator-sy265cq\/"},"modified":"2025-01-20T09:09:38","modified_gmt":"2025-01-20T09:09:38","slug":"arm-cylinderfor-sany-middle-excavator-sy265cq","status":"publish","type":"product","link":"https:\/\/www.hydraulic-cylinders.net\/es\/producto\/arm-cylinderfor-sany-middle-excavator-sy265cq\/","title":{"rendered":"Cilindro de brazo para excavadora intermedia Sany SY265CQ"},"content":{"rendered":"<h2>Cilindro de brazo para excavadora intermedia Sany SY265CQ<\/h2>\n<h3>Introducci\u00f3n<\/h3>\n<p>El cilindro de brazo es un cilindro hidr\u00e1ulico especializado, dise\u00f1ado para proporcionar movimiento lineal y potencia a diversos brazos de maquinaria, como excavadoras, gr\u00faas y brazos mec\u00e1nicos. Desempe\u00f1a un papel crucial en el sistema hidr\u00e1ulico, permitiendo el movimiento y control efectivos de implementos o accesorios. Estos cilindros no solo proporcionan un movimiento suave, sino que tambi\u00e9n soportan cargas pesadas, garantizando un funcionamiento eficiente y la fiabilidad de la maquinaria en diversas condiciones de operaci\u00f3n.<\/p>\n<p><img decoding=\"async\" src=\"https:\/\/www.hydraulic-cylinders.net\/wp-content\/uploads\/2025\/01\/songte-company-2.webp\" alt=\"Imagen del cilindro del brazo\"><\/p>\n<h3>Caracter\u00edsticas<\/h3>\n<ul>\n<li>Transmisi\u00f3n de potencia eficiente: el cilindro del brazo proporciona un movimiento lineal potente y una fuerza que garantiza una eficiencia de alto rendimiento de los brazos mec\u00e1nicos en diversas operaciones.<\/li>\n<li>Control preciso: El cilindro del brazo permite un control preciso del movimiento a trav\u00e9s del sistema hidr\u00e1ulico, lo que hace que el funcionamiento de los accesorios sea m\u00e1s flexible y preciso.<\/li>\n<li>Alta durabilidad: estos cilindros generalmente est\u00e1n hechos de materiales de alta resistencia con buena resistencia al desgaste y a la corrosi\u00f3n, adecuados para uso a largo plazo en entornos hostiles.<\/li>\n<li>Adaptabilidad multifuncional: estos cilindros son ampliamente aplicables a diversos equipos mec\u00e1nicos, como excavadoras, gr\u00faas y brazos mec\u00e1nicos, y se adaptan a diferentes requisitos de trabajo.<\/li>\n<li>F\u00e1cil mantenimiento: El dise\u00f1o considera la facilidad de mantenimiento y reemplazo, lo que hace que la inspecci\u00f3n y el mantenimiento regulares sean m\u00e1s convenientes y reducen el tiempo de inactividad del equipo.<\/li>\n<\/ul>\n<p>Podemos fabricar este producto y nuestros productos pueden reemplazar perfectamente estos cilindros hidr\u00e1ulicos.<\/p>\n<p><img decoding=\"async\" src=\"https:\/\/www.hydraulic-cylinders.net\/wp-content\/uploads\/2025\/01\/songte-oil-pipes-and-spare-parts.webp\" alt=\"Imagen de reemplazo del cilindro del brazo\"><\/p>\n<h3>Aplicaciones<\/h3>\n<p>El cilindro de brazo se utiliza ampliamente en diversas industrias, entre ellas:<\/p>\n<ul>\n<li>Ingenier\u00eda de construcci\u00f3n: En excavadoras y gr\u00faas, el cilindro del brazo controla el movimiento de cucharones o plumas para movimientos de tierra, manipulaci\u00f3n de materiales e instalaci\u00f3n de estructuras.<\/li>\n<li>Fabricaci\u00f3n: En las l\u00edneas de producci\u00f3n automatizadas, el cilindro del brazo controla el movimiento de los brazos mec\u00e1nicos para los procesos de ensamblaje, soldadura y manipulaci\u00f3n para mejorar la eficiencia y la precisi\u00f3n de la producci\u00f3n.<\/li>\n<li>Maquinaria agr\u00edcola: En maquinaria agr\u00edcola como cosechadoras y sembradoras, el cilindro del brazo controla el movimiento de los brazos operativos para realizar tareas como sembrar, fertilizar y cosechar.<\/li>\n<li>Miner\u00eda: En los equipos de miner\u00eda, el cilindro del brazo controla el movimiento de los brazos del equipo de miner\u00eda para la extracci\u00f3n y manipulaci\u00f3n del mineral.<\/li>\n<li>Log\u00edstica y transporte: En carretillas elevadoras y robots de manipulaci\u00f3n, el cilindro del brazo controla la elevaci\u00f3n y el movimiento de los brazos de las horquillas para realizar el manejo y apilado de materiales.<\/li>\n<\/ul>\n<h3>Consideraciones de dise\u00f1o y criterios de selecci\u00f3n<\/h3>\n<p>Desde una perspectiva de dise\u00f1o, el cilindro del brazo debe considerar su capacidad de carga, sellado, durabilidad, seguridad y facilidad de mantenimiento.<\/p>\n<ul>\n<li>Capacidad de carga: El cilindro del brazo debe tener suficiente capacidad de carga para garantizar la seguridad del funcionamiento mec\u00e1nico.<\/li>\n<li>Sellado: El cilindro del brazo debe utilizar varios sellos, como sellos de pist\u00f3n, sellos de varilla, etc., y seleccionar materiales resistentes al desgaste como poliuretano y caucho de nitrilo para garantizar un buen rendimiento de sellado.<\/li>\n<li>Durabilidad: El cuerpo del cilindro y la superficie del extremo roscado deben someterse a un procesamiento fino para mejorar la resistencia al desgaste.<\/li>\n<li>Seguridad: El cilindro del brazo debe cumplir con varios requisitos de seguridad, como dise\u00f1o a prueba de explosiones, protecci\u00f3n anticorrosi\u00f3n y estricto control de calidad.<\/li>\n<li>Mantenibilidad: El cilindro del brazo debe estar dise\u00f1ado para un f\u00e1cil mantenimiento y reemplazo, y el proceso de mantenimiento debe ser simple y conveniente.<\/li>\n<\/ul>\n<p><img decoding=\"async\" src=\"https:\/\/www.hydraulic-cylinders.net\/wp-content\/uploads\/2025\/01\/songte-cylinder-head-with-all-kinds-excavator-models.webp\" alt=\"Imagen de dise\u00f1o del cilindro del brazo\"><\/p>\n<h3>Sellado y lubricaci\u00f3n<\/h3>\n<p>El cilindro del brazo utiliza diversos sellos, como sellos de pist\u00f3n y de v\u00e1stago, y materiales resistentes al desgaste como poliuretano y caucho de nitrilo para garantizar un buen sellado. El cuerpo del cilindro y la superficie roscada se someten a un procesamiento fino para mejorar la resistencia al desgaste. A\u00f1ada regularmente la cantidad adecuada de aceite hidr\u00e1ulico para lubricaci\u00f3n.<\/p>\n<h3>Medidas de inspecci\u00f3n y mantenimiento preventivo<\/h3>\n<p>Para garantizar el funcionamiento eficiente y seguro del cilindro del brazo, es necesario inspeccionarlo y realizarle mantenimiento peri\u00f3dicamente. Se pueden tomar las siguientes medidas:<\/p>\n<ul>\n<li>Inspeccione y reemplace los sellos y juntas da\u00f1ados.<\/li>\n<li>Compruebe si el cuerpo del cilindro presenta deformaciones o desgaste.<\/li>\n<li>Compruebe que el extremo roscado no presente da\u00f1os ni corrosi\u00f3n.<\/li>\n<li>A\u00f1ada peri\u00f3dicamente la cantidad adecuada de aceite hidr\u00e1ulico para la lubricaci\u00f3n.<\/li>\n<li>Compruebe que la v\u00e1lvula de seguridad funcione correctamente.<\/li>\n<\/ul>\n<p><img decoding=\"async\" src=\"https:\/\/www.hydraulic-cylinders.net\/wp-content\/uploads\/2025\/01\/songte-chushion-collar.webp\" alt=\"Imagen de inspecci\u00f3n del cilindro del brazo\"><\/p>\n<h3>Gu\u00eda de instalaci\u00f3n<\/h3>\n<ol>\n<li>Aseg\u00farese de que el cilindro del brazo est\u00e9 limpio y libre de materias extra\u00f1as.<\/li>\n<li>Alinee el extremo roscado del cilindro con el orificio del brazo de la m\u00e1quina.<\/li>\n<li>Utilice una llave para apretar el extremo roscado.<\/li>\n<li>Conecte los tubos y accesorios hidr\u00e1ulicos.<\/li>\n<li>Agregue la cantidad adecuada de aceite hidr\u00e1ulico para la lubricaci\u00f3n.<\/li>\n<\/ol>\n<p><img decoding=\"async\" src=\"https:\/\/www.hydraulic-cylinders.net\/wp-content\/uploads\/2025\/01\/songte-bushings-with-all-kinds-of-excavator-models.webp\" alt=\"Imagen de instalaci\u00f3n del cilindro del brazo\"><\/p>\n<h3>Consideraciones de seguridad y medio ambiente<\/h3>\n<p>Las medidas de seguridad son esenciales al operar el cilindro del brazo. Es necesario seguir las instrucciones, operar estrictamente de acuerdo con las normas y usar el equipo de protecci\u00f3n adecuado. Tambi\u00e9n se debe considerar la protecci\u00f3n del medio ambiente al desechar el cilindro del brazo.<\/p>\n<h3>Soluci\u00f3n de problemas y problemas comunes<\/h3>\n<ul>\n<li>Falla del cilindro: Verifique que el cuerpo del cilindro no presente deformaciones ni fugas de aceite hidr\u00e1ulico.<\/li>\n<li>Falla del sello: Verifique que los sellos del pist\u00f3n y los sellos del v\u00e1stago no presenten desgaste o da\u00f1os.<\/li>\n<li>Pist\u00f3n atascado: Verifique el sistema hidr\u00e1ulico para detectar bloqueos o viscosidad de aceite inadecuada.<\/li>\n<li>Ruido anormal: Verifique si hay deformaci\u00f3n o da\u00f1os en el cuerpo del cilindro o en el extremo roscado.<\/li>\n<\/ul>\n<p>Para solucionar problemas, se recomienda contactar a un t\u00e9cnico profesional. Para evitar posibles problemas, es fundamental realizar un mantenimiento regular.<\/p>\n<p><img decoding=\"async\" src=\"https:\/\/www.hydraulic-cylinders.net\/wp-content\/uploads\/2025\/01\/songte-chushion-collar.webp\" alt=\"Imagen de soluci\u00f3n de problemas del cilindro del brazo\"><\/p>\n<h3>Acerca de nuestra empresa<\/h3>\n<p>Somos un fabricante profesional de cilindros hidr\u00e1ulicos de repuesto con una amplia gama de productos y nos hemos convertido en uno de los principales fabricantes y distribuidores mayoristas de cilindros hidr\u00e1ulicos en el mercado nacional e internacional. Nos adherimos siempre al principio de la excelencia en la calidad, aplicamos estrategias de gesti\u00f3n de la producci\u00f3n industrializada en nuestros talleres de alta calidad y mejoramos continuamente nuestro nivel t\u00e9cnico y la eficiencia de producci\u00f3n. Mediante la introducci\u00f3n de equipos de fabricaci\u00f3n digital de alta gama y sistemas de prueba profesionales, optimizamos la plataforma de fabricaci\u00f3n y mejoramos el proceso de control de calidad del producto, adem\u00e1s de contar con una s\u00f3lida capacidad de innovaci\u00f3n. Nuestro objetivo es satisfacer las diversas necesidades de nuestros clientes con alta eficiencia, precisi\u00f3n y alta calidad.<\/p>\n<p><img decoding=\"async\" src=\"https:\/\/www.hydraulic-cylinders.net\/wp-content\/uploads\/2025\/01\/songte-company-4.webp\" alt=\"Imagen de presentaci\u00f3n de la empresa\"><\/p>\n<h3>Profesionalismo, Certificaci\u00f3n Internacional, Personalizaci\u00f3n, Equipos de Producci\u00f3n y Servicio Postventa<\/h3>\n<p>Nos enorgullecemos de nuestro profesionalismo y la alta calidad de nuestros productos. Nuestros productos cuentan con certificaciones internacionales como ISO9001 y CE. Tambi\u00e9n ofrecemos servicios personalizados seg\u00fan las necesidades del cliente. Contamos con equipos de producci\u00f3n avanzados, como centros de mecanizado CNC, m\u00e1quinas de soldadura autom\u00e1ticas y equipos de prueba. Ofrecemos un servicio posventa integral que incluye soporte t\u00e9cnico, mantenimiento y reparaci\u00f3n.<\/p>\n<p><img decoding=\"async\" src=\"https:\/\/www.hydraulic-cylinders.net\/wp-content\/uploads\/2025\/01\/songte-company-3.webp\" alt=\"Imagen de informaci\u00f3n de la empresa\"><\/p>\n<p>Autor: lyl.<\/p>","protected":false},"excerpt":{"rendered":"<p>Arm Cylinder For Sany Middle Excavator SY265CQ Introduction The Arm Cylinder is a specialized hydraulic cylinder designed to provide linear motion and power to various machinery arms such as excavators, cranes, and mechanical arms. It plays a crucial role in the hydraulic system, enabling the effective movement and control of attachments or accessories. These cylinders [&hellip;]<\/p>","protected":false},"featured_media":14779,"comment_status":"open","ping_status":"closed","template":"","meta":{"_et_pb_use_builder":"","_et_pb_old_content":"","_et_gb_content_width":""},"product_brand":[],"product_cat":[1497],"product_tag":[1498,1496],"class_list":{"0":"post-16367","1":"product","2":"type-product","3":"status-publish","4":"has-post-thumbnail","6":"product_cat-arm-cylinders","7":"product_tag-arm-cylinders","8":"product_tag-hydraulic-cylinders","10":"first","11":"instock","12":"shipping-taxable","13":"product-type-simple"},"amp_enabled":true,"_links":{"self":[{"href":"https:\/\/www.hydraulic-cylinders.net\/es\/wp-json\/wp\/v2\/product\/16367","targetHints":{"allow":["GET"]}}],"collection":[{"href":"https:\/\/www.hydraulic-cylinders.net\/es\/wp-json\/wp\/v2\/product"}],"about":[{"href":"https:\/\/www.hydraulic-cylinders.net\/es\/wp-json\/wp\/v2\/types\/product"}],"replies":[{"embeddable":true,"href":"https:\/\/www.hydraulic-cylinders.net\/es\/wp-json\/wp\/v2\/comments?post=16367"}],"wp:featuredmedia":[{"embeddable":true,"href":"https:\/\/www.hydraulic-cylinders.net\/es\/wp-json\/wp\/v2\/media\/14779"}],"wp:attachment":[{"href":"https:\/\/www.hydraulic-cylinders.net\/es\/wp-json\/wp\/v2\/media?parent=16367"}],"wp:term":[{"taxonomy":"product_brand","embeddable":true,"href":"https:\/\/www.hydraulic-cylinders.net\/es\/wp-json\/wp\/v2\/product_brand?post=16367"},{"taxonomy":"product_cat","embeddable":true,"href":"https:\/\/www.hydraulic-cylinders.net\/es\/wp-json\/wp\/v2\/product_cat?post=16367"},{"taxonomy":"product_tag","embeddable":true,"href":"https:\/\/www.hydraulic-cylinders.net\/es\/wp-json\/wp\/v2\/product_tag?post=16367"}],"curies":[{"name":"wp","href":"https:\/\/api.w.org\/{rel}","templated":true}]}}