{"id":16437,"date":"2025-01-20T09:15:38","date_gmt":"2025-01-20T09:15:38","guid":{"rendered":"https:\/\/www.hydraulic-cylinders.net\/product\/arm-cylinderfor-zoomlion-large-excavator-ze520esp\/"},"modified":"2025-01-20T09:15:40","modified_gmt":"2025-01-20T09:15:40","slug":"arm-cylinderfor-zoomlion-large-excavator-ze520esp","status":"publish","type":"product","link":"https:\/\/www.hydraulic-cylinders.net\/es\/producto\/arm-cylinderfor-zoomlion-large-excavator-ze520esp\/","title":{"rendered":"Cilindro de brazo para excavadora grande Zoomlion ZE520ESP"},"content":{"rendered":"<p>Cilindro del brazo para la excavadora grande Zoomlion ZE520ESP: Definici\u00f3n y explicaci\u00f3n<\/p>\n<p>El cilindro de brazo es un tipo de cilindro hidr\u00e1ulico dise\u00f1ado para proporcionar movimiento lineal y potencia a los brazos de diversos tipos de maquinaria, como excavadoras, gr\u00faas y brazos mec\u00e1nicos. Desempe\u00f1a un papel fundamental en los sistemas hidr\u00e1ulicos, permitiendo que los implementos o accesorios se muevan y controlen eficazmente. Estos cilindros no solo garantizan un movimiento suave, sino que tambi\u00e9n soportan cargas pesadas, lo que asegura el funcionamiento eficiente y la fiabilidad de la maquinaria en diversas condiciones de trabajo.<\/p>\n<p><img decoding=\"async\" src=\"https:\/\/www.hydraulic-cylinders.net\/wp-content\/uploads\/2025\/01\/songte-company-2.webp\"><\/p>\n<p>Caracter\u00edsticas del cilindro del brazo para la excavadora grande Zoomlion ZE520ESP<\/p>\n<p>1. Transmisi\u00f3n de alta eficiencia: El cilindro del brazo proporciona un potente movimiento lineal y fuerza, lo que garantiza un alto rendimiento de los brazos mec\u00e1nicos en diversas operaciones.<br \/>\n2. Control de precisi\u00f3n: A trav\u00e9s del sistema hidr\u00e1ulico, el cilindro del brazo puede lograr un control de movimiento preciso, lo que hace que el funcionamiento de los implementos sea m\u00e1s flexible y preciso.<br \/>\n3. Gran durabilidad: Los cilindros de los brazos suelen estar fabricados con materiales de alta resistencia, con buena resistencia al desgaste y a la corrosi\u00f3n, adecuados para un uso prolongado en entornos hostiles.<br \/>\n4. Adaptabilidad multifuncional: Estos cilindros pueden utilizarse ampliamente en diversos equipos mec\u00e1nicos, como excavadoras, gr\u00faas y brazos mec\u00e1nicos, para satisfacer diferentes necesidades de trabajo.<br \/>\n5. F\u00e1cil mantenimiento: El dise\u00f1o contempla un f\u00e1cil mantenimiento y reemplazo, lo que hace que la inspecci\u00f3n y el mantenimiento regulares sean m\u00e1s convenientes y reduce el tiempo de inactividad del equipo.<\/p>\n<p><img decoding=\"async\" src=\"https:\/\/www.hydraulic-cylinders.net\/wp-content\/uploads\/2025\/01\/songte-oil-pipes-and-spare-parts.webp\"><\/p>\n<p>Aplicaci\u00f3n del cilindro del brazo para la excavadora grande Zoomlion ZE520ESP<\/p>\n<p>1. Ingenier\u00eda de la construcci\u00f3n: Los cilindros de brazo se utilizan en excavadoras y gr\u00faas para controlar el movimiento de cucharones o plumas para el movimiento de tierras, el manejo de materiales y la instalaci\u00f3n de estructuras.<br \/>\n2. Industria manufacturera: Los cilindros de brazo se utilizan en l\u00edneas de producci\u00f3n automatizadas para controlar el movimiento de los brazos mec\u00e1nicos para procesos de ensamblaje, soldadura y manipulaci\u00f3n, mejorando la eficiencia y precisi\u00f3n de la producci\u00f3n.<br \/>\n3. Maquinaria agr\u00edcola: Los cilindros de los brazos controlan el movimiento de los brazos operativos en maquinaria agr\u00edcola como cosechadoras y sembradoras, que realizan tareas como siembra, fertilizaci\u00f3n y cosecha.<br \/>\n4. Miner\u00eda: Los cilindros de brazo se utilizan para controlar el movimiento del brazo de los equipos mineros para la excavaci\u00f3n y el transporte de mineral.<br \/>\n5. Log\u00edstica y transporte: Los cilindros de brazo se utilizan en montacargas y robots de manipulaci\u00f3n para controlar la elevaci\u00f3n y el movimiento de las horquillas, haciendo posible la manipulaci\u00f3n y el apilamiento de materiales.<\/p>\n<p>Consideraciones de dise\u00f1o y criterios de selecci\u00f3n<\/p>\n<p>1. Capacidad de carga: Los cilindros de los brazos deben dise\u00f1arse y seleccionarse de acuerdo con su capacidad de carga para garantizar el funcionamiento seguro y eficiente de la maquinaria.<br \/>\n2. Sellado: Se deben utilizar diversos componentes de sellado, como sellos de pist\u00f3n y sellos de v\u00e1stago, para garantizar el rendimiento del sellado y evitar fugas de aceite.<br \/>\n3. Durabilidad: El cuerpo del cilindro y la superficie del extremo roscado deben procesarse con precisi\u00f3n para mejorar la resistencia al desgaste y a la corrosi\u00f3n.<br \/>\n4. Seguridad: Los cilindros de los brazos deben dise\u00f1arse y seleccionarse teniendo en cuenta las consideraciones de seguridad para evitar accidentes causados \u200b\u200bpor fugas o da\u00f1os en los cilindros.<br \/>\n5. Mantenimiento: Los cilindros del brazo deben ser f\u00e1ciles de mantener y reemplazar para reducir el tiempo de inactividad del equipo.<\/p>\n<p><img decoding=\"async\" src=\"https:\/\/www.hydraulic-cylinders.net\/wp-content\/uploads\/2025\/01\/songte-cylinder-head-with-all-kinds-excavator-models.webp\"><\/p>\n<p>Sellado y lubricaci\u00f3n del cilindro del brazo para la excavadora grande Zoomlion ZE520ESP<\/p>\n<p>1. Se deben utilizar diversos componentes de sellado, como sellos de pist\u00f3n y sellos de v\u00e1stago, para garantizar el rendimiento del sellado y evitar fugas de aceite.<br \/>\n2. Los componentes de sellado deben estar hechos de materiales resistentes al desgaste, como poliuretano y caucho de nitrilo, para prolongar la vida \u00fatil del cilindro.<br \/>\n3. El cuerpo del cilindro y la superficie del extremo roscado deben procesarse finamente para mejorar la resistencia al desgaste y a la corrosi\u00f3n.<br \/>\n4. Se debe agregar regularmente el aceite hidr\u00e1ulico apropiado para lubricar y mantener el cilindro, asegurando as\u00ed un funcionamiento suave y eficiente.<\/p>\n<p>Inspecci\u00f3n peri\u00f3dica y medidas de mantenimiento preventivo<\/p>\n<p>1. Revise peri\u00f3dicamente el cilindro para detectar signos de desgaste, fugas y da\u00f1os.<br \/>\n2. Reemplace a tiempo los componentes de sellado da\u00f1ados o desgastados.<br \/>\n3. Limpie regularmente el cuerpo del cilindro y la superficie del extremo roscado para evitar la corrosi\u00f3n y el desgaste.<br \/>\n4. Mantenga el nivel y la calidad del aceite hidr\u00e1ulico y reempl\u00e1celo regularmente.<br \/>\n5. Inspeccione y mantenga regularmente el sistema hidr\u00e1ulico para garantizar el funcionamiento eficiente y seguro del cilindro del brazo.<\/p>\n<p><img decoding=\"async\" src=\"https:\/\/www.hydraulic-cylinders.net\/wp-content\/uploads\/2025\/01\/songte-chushion-collar.webp\"><\/p>\n<p>Gu\u00eda de instalaci\u00f3n del producto<\/p>\n<p>1. Antes de la instalaci\u00f3n, verifique si el cilindro del brazo coincide con el modelo de la excavadora y si los componentes de sellado est\u00e1n intactos.<br \/>\n2. Limpie la superficie de montaje del cilindro y aseg\u00farese de que est\u00e9 nivelada y libre de residuos.<br \/>\n3. Instale el cilindro del brazo verticalmente y apriete los pernos al par especificado.<br \/>\n4. Conecte la tuber\u00eda de aceite hidr\u00e1ulico seg\u00fan el diagrama de instalaci\u00f3n y llene con aceite hidr\u00e1ulico.<br \/>\n5. Pruebe el funcionamiento del cilindro del brazo y verifique si hay fugas.<\/p>\n<p>Consideraciones de seguridad y factores ambientales<\/p>\n<p>1. Los cilindros de los brazos deben dise\u00f1arse y seleccionarse teniendo en cuenta las consideraciones de seguridad para evitar accidentes causados \u200b\u200bpor fugas o da\u00f1os en los cilindros.<br \/>\n2. Los operadores deben ser capacitados e instruidos sobre el uso y mantenimiento correctos de los cilindros del brazo para garantizar un funcionamiento seguro.<br \/>\n3. La eliminaci\u00f3n del aceite hidr\u00e1ulico usado y de los cilindros desgastados debe cumplir con las normas de protecci\u00f3n ambiental.<\/p>\n<p>Soluci\u00f3n de problemas y problemas comunes<\/p>\n<p>1. Fugas: Compruebe y sustituya los componentes de sellado da\u00f1ados o repare el cuerpo del cilindro.<br \/>\n2. Funcionamiento lento: Compruebe el nivel y la calidad del aceite hidr\u00e1ulico y si el sistema hidr\u00e1ulico presenta obstrucciones o da\u00f1os.<br \/>\n3. Ruido anormal: Compruebe si el cuerpo del cilindro est\u00e1 da\u00f1ado o si el v\u00e1stago del pist\u00f3n est\u00e1 doblado.<br \/>\n4. Desviaci\u00f3n del cilindro: Compruebe y ajuste la presi\u00f3n y el caudal del sistema hidr\u00e1ulico o repare el cuerpo del cilindro.<\/p>\n<p><img decoding=\"async\" src=\"https:\/\/www.hydraulic-cylinders.net\/wp-content\/uploads\/2025\/01\/songte-bushings-with-all-kinds-of-excavator-models.webp\"><\/p>\n<p>Acerca de nuestra empresa<\/p>\n<p>Somos fabricantes profesionales de cilindros hidr\u00e1ulicos de repuesto con una amplia gama de productos y nos hemos consolidado como uno de los principales fabricantes y distribuidores mayoristas de cilindros hidr\u00e1ulicos en los mercados nacionales e internacionales. Nos regimos por el principio de la excelencia en la calidad, y gracias a una estrategia de gesti\u00f3n de producci\u00f3n industrial con talleres de fabricaci\u00f3n especializados, mejoramos continuamente nuestra tecnolog\u00eda y eficiencia productiva. Con la incorporaci\u00f3n de equipos de fabricaci\u00f3n digital de \u00faltima generaci\u00f3n y sistemas de prueba profesionales, optimizamos la plataforma de fabricaci\u00f3n, mejoramos el proceso de control de calidad del producto y contamos con una gran capacidad de innovaci\u00f3n. Nuestro objetivo es satisfacer las diversas necesidades de nuestros clientes con productos de alta eficiencia, precisi\u00f3n y calidad.<\/p>\n<p>Ofrecemos servicios personalizados y nuestros productos cuentan con certificaciones internacionales como ISO 9001, CE y RoHS. Disponemos de equipos de producci\u00f3n avanzados, incluyendo tornos CNC, rectificadoras y l\u00edneas de montaje. Adem\u00e1s, contamos con un equipo profesional de servicio posventa para brindar soluciones r\u00e1pidas y eficientes a los problemas de nuestros clientes.<\/p>\n<p><img decoding=\"async\" src=\"https:\/\/www.hydraulic-cylinders.net\/wp-content\/uploads\/2025\/01\/songte-company-4.webp\"><\/p>\n<p><img decoding=\"async\" src=\"https:\/\/www.hydraulic-cylinders.net\/wp-content\/uploads\/2025\/01\/songte-company-3.webp\"><\/p>\n<p>Autor: lyl.<\/p>","protected":false},"excerpt":{"rendered":"<p>Arm Cylinder for Zoomlion Large Excavator ZE520ESP: Definition and Explanation Arm cylinder is a type of hydraulic cylinder designed to provide linear motion and power to the arms of various types of machinery such as excavators, cranes, and mechanical arms. It plays a critical role in hydraulic systems, enabling attachments or accessories to move and [&hellip;]<\/p>","protected":false},"featured_media":14779,"comment_status":"open","ping_status":"closed","template":"","meta":{"_et_pb_use_builder":"","_et_pb_old_content":"","_et_gb_content_width":""},"product_brand":[],"product_cat":[1497],"product_tag":[1498,1496],"class_list":{"0":"post-16437","1":"product","2":"type-product","3":"status-publish","4":"has-post-thumbnail","6":"product_cat-arm-cylinders","7":"product_tag-arm-cylinders","8":"product_tag-hydraulic-cylinders","10":"first","11":"instock","12":"shipping-taxable","13":"product-type-simple"},"amp_enabled":true,"_links":{"self":[{"href":"https:\/\/www.hydraulic-cylinders.net\/es\/wp-json\/wp\/v2\/product\/16437","targetHints":{"allow":["GET"]}}],"collection":[{"href":"https:\/\/www.hydraulic-cylinders.net\/es\/wp-json\/wp\/v2\/product"}],"about":[{"href":"https:\/\/www.hydraulic-cylinders.net\/es\/wp-json\/wp\/v2\/types\/product"}],"replies":[{"embeddable":true,"href":"https:\/\/www.hydraulic-cylinders.net\/es\/wp-json\/wp\/v2\/comments?post=16437"}],"wp:featuredmedia":[{"embeddable":true,"href":"https:\/\/www.hydraulic-cylinders.net\/es\/wp-json\/wp\/v2\/media\/14779"}],"wp:attachment":[{"href":"https:\/\/www.hydraulic-cylinders.net\/es\/wp-json\/wp\/v2\/media?parent=16437"}],"wp:term":[{"taxonomy":"product_brand","embeddable":true,"href":"https:\/\/www.hydraulic-cylinders.net\/es\/wp-json\/wp\/v2\/product_brand?post=16437"},{"taxonomy":"product_cat","embeddable":true,"href":"https:\/\/www.hydraulic-cylinders.net\/es\/wp-json\/wp\/v2\/product_cat?post=16437"},{"taxonomy":"product_tag","embeddable":true,"href":"https:\/\/www.hydraulic-cylinders.net\/es\/wp-json\/wp\/v2\/product_tag?post=16437"}],"curies":[{"name":"wp","href":"https:\/\/api.w.org\/{rel}","templated":true}]}}