{"id":16439,"date":"2025-01-20T09:15:51","date_gmt":"2025-01-20T09:15:51","guid":{"rendered":"https:\/\/www.hydraulic-cylinders.net\/product\/arm-cylinderfor-zoomlion-large-excavator-ze1250e\/"},"modified":"2025-01-20T09:15:53","modified_gmt":"2025-01-20T09:15:53","slug":"arm-cylinderfor-zoomlion-large-excavator-ze1250e","status":"publish","type":"product","link":"https:\/\/www.hydraulic-cylinders.net\/es\/producto\/arm-cylinderfor-zoomlion-large-excavator-ze1250e\/","title":{"rendered":"Cilindro de brazo para excavadora grande Zoomlion ZE1250E"},"content":{"rendered":"<h1>Cilindro de brazo para excavadora grande Zoomlion ZE1250E<\/h1>\n<h2>Introducci\u00f3n<\/h2>\n<p>El cilindro de brazo es un cilindro hidr\u00e1ulico especializado, dise\u00f1ado para proporcionar movimiento lineal y potencia a los brazos de diversos tipos de maquinaria, como excavadoras, gr\u00faas y manipuladores. Desempe\u00f1a un papel fundamental en el sistema hidr\u00e1ulico, permitiendo que los accesorios se muevan y se controlen eficazmente. Estos cilindros no solo permiten un movimiento suave, sino que tambi\u00e9n soportan cargas pesadas, garantizando as\u00ed un funcionamiento eficiente y fiable de la maquinaria en diversas condiciones de operaci\u00f3n.<\/p>\n<p><img decoding=\"async\" src=\"https:\/\/www.hydraulic-cylinders.net\/wp-content\/uploads\/2025\/01\/songte-company-2.webp\"\/><\/p>\n<h2>Caracter\u00edsticas<\/h2>\n<ul>\n<li>Transmisi\u00f3n de alta eficiencia: El cilindro del brazo proporciona un potente movimiento y fuerza lineal, lo que garantiza una alta eficiencia operativa del manipulador en diversas operaciones.<\/li>\n<li>Control de precisi\u00f3n: a trav\u00e9s del sistema hidr\u00e1ulico, el cilindro del brazo puede lograr un control de movimiento preciso, lo que hace que la operaci\u00f3n de los accesorios sea m\u00e1s flexible y precisa.<\/li>\n<li>Gran durabilidad: el cilindro del brazo generalmente est\u00e1 hecho de materiales de alta resistencia, con buena resistencia al desgaste y a la corrosi\u00f3n, lo que lo hace adecuado para uso a largo plazo en entornos hostiles.<\/li>\n<li>Adaptabilidad multifuncional: estos cilindros se pueden usar ampliamente en diversos equipos mec\u00e1nicos, como excavadoras, gr\u00faas y manipuladores, para cumplir con diferentes requisitos de trabajo.<\/li>\n<li>F\u00e1cil mantenimiento: El dise\u00f1o tiene en cuenta un f\u00e1cil mantenimiento y reemplazo, lo que hace que las inspecciones y el mantenimiento regulares sean m\u00e1s convenientes y reducen el tiempo de inactividad del equipo.<\/li>\n<\/ul>\n<p>Podemos producir este producto, que puede reemplazar perfectamente estos cilindros hidr\u00e1ulicos.<\/p>\n<p><img decoding=\"async\" src=\"https:\/\/www.hydraulic-cylinders.net\/wp-content\/uploads\/2025\/01\/songte-oil-pipes-and-spare-parts.webp\"\/><\/p>\n<h2>Aplicaciones<\/h2>\n<ul>\n<li>Ingenier\u00eda de construcci\u00f3n: En excavadoras y gr\u00faas, el cilindro del brazo se utiliza para controlar el movimiento del cuchar\u00f3n o la pluma para movimiento de tierras, manipulaci\u00f3n de materiales e instalaci\u00f3n estructural.<\/li>\n<li>Industria manufacturera: En las l\u00edneas de producci\u00f3n automatizadas, el cilindro de brazo se utiliza para el movimiento de manipuladores para procesos de ensamblaje, soldadura y manipulaci\u00f3n, mejorando la eficiencia y precisi\u00f3n de la producci\u00f3n.<\/li>\n<li>Maquinaria agr\u00edcola: En maquinaria agr\u00edcola como cosechadoras y sembradoras, el cilindro del brazo controla el funcionamiento del brazo para tareas como sembrar, fertilizar y cosechar.<\/li>\n<li>Miner\u00eda: En los equipos de miner\u00eda, el cilindro del brazo se utiliza para controlar el movimiento del brazo del equipo de miner\u00eda para la extracci\u00f3n y manipulaci\u00f3n de minerales.<\/li>\n<li>Log\u00edstica y Transporte: En carretillas elevadoras y robots de manipulaci\u00f3n, el cilindro del brazo se utiliza para controlar la elevaci\u00f3n y el movimiento de la horquilla, realizando la manipulaci\u00f3n y apilado de materiales.<\/li>\n<\/ul>\n<h2>Consideraciones de dise\u00f1o y criterios de selecci\u00f3n<\/h2>\n<ul>\n<li>Capacidad de carga: El cilindro del brazo debe estar dise\u00f1ado para soportar la carga m\u00e1xima de la maquinaria en la que se utiliza.<\/li>\n<li>Sellado: Se deben seleccionar varios componentes de sellado, como sellos de pist\u00f3n, sellos de varilla, etc., para evitar fugas de aceite hidr\u00e1ulico.<\/li>\n<li>Durabilidad: Se deben utilizar materiales de alta resistencia para el cilindro del brazo para garantizar la resistencia al desgaste y a la corrosi\u00f3n y prolongar la vida \u00fatil del cilindro.<\/li>\n<li>Seguridad: El cilindro del brazo debe estar dise\u00f1ado para evitar accidentes y garantizar la seguridad de los operadores y el equipo.<\/li>\n<li>Mantenibilidad: El cilindro del brazo debe estar dise\u00f1ado para que sea f\u00e1cil de mantener y reparar, reduciendo el tiempo de inactividad del equipo.<\/li>\n<\/ul>\n<p><img decoding=\"async\" src=\"https:\/\/www.hydraulic-cylinders.net\/wp-content\/uploads\/2025\/01\/songte-cylinder-head-with-all-kinds-excavator-models.webp\"\/><\/p>\n<h2>Sellado y lubricaci\u00f3n<\/h2>\n<p>El cilindro del brazo utiliza diversos componentes de sellado, como sellos de pist\u00f3n y de v\u00e1stago, fabricados con materiales resistentes al desgaste como poliuretano y caucho de nitrilo para evitar fugas de aceite hidr\u00e1ulico. El cuerpo del cilindro y la superficie roscada del extremo est\u00e1n mecanizados con precisi\u00f3n para mejorar la resistencia al desgaste. Para la lubricaci\u00f3n, es necesario rellenar regularmente con la cantidad adecuada de aceite hidr\u00e1ulico.<\/p>\n<h2>Inspecci\u00f3n peri\u00f3dica y medidas de mantenimiento preventivo<\/h2>\n<ul>\n<li>Revise peri\u00f3dicamente los componentes de sellado y reempl\u00e1celos si es necesario.<\/li>\n<li>Inspeccione el cuerpo del cilindro y la cara final para detectar desgaste y reempl\u00e1celos si es necesario.<\/li>\n<li>Reemplace el aceite hidr\u00e1ulico peri\u00f3dicamente y mant\u00e9ngalo limpio.<\/li>\n<li>Revise peri\u00f3dicamente los componentes de seguridad y reempl\u00e1celos si es necesario.<\/li>\n<li>Realice el mantenimiento y reparaci\u00f3n peri\u00f3dico del sistema hidr\u00e1ulico para evitar posibles problemas.<\/li>\n<\/ul>\n<p><img decoding=\"async\" src=\"https:\/\/www.hydraulic-cylinders.net\/wp-content\/uploads\/2025\/01\/songte-chushion-collar.webp\"\/><\/p>\n<h2>Gu\u00eda de instalaci\u00f3n del producto<\/h2>\n<ol>\n<li>Compruebe si el cilindro coincide con la maquinaria e inst\u00e1lelo de acuerdo con las instrucciones.<\/li>\n<li>Conecte la tuber\u00eda hidr\u00e1ulica al cilindro y limpie cuidadosamente estas piezas para evitar la contaminaci\u00f3n.<\/li>\n<li>Llene el cilindro con aceite hidr\u00e1ulico y verifique que no haya fugas.<\/li>\n<li>Pruebe el cilindro para asegurarse de que funciona de manera suave y correcta.<\/li>\n<\/ol>\n<h2>Consideraciones de seguridad y factores ambientales<\/h2>\n<p>Al utilizar el cilindro del brazo, es necesario seguir las normas de seguridad para prevenir accidentes y garantizar la seguridad de los operadores y el equipo. Tambi\u00e9n se deben considerar factores ambientales como la temperatura, la humedad y el polvo para garantizar el correcto funcionamiento del cilindro.<\/p>\n<h2>Soluci\u00f3n de problemas y problemas comunes<\/h2>\n<ul>\n<li>Problema: El cilindro no se mueve o se mueve lentamente.<\/li>\n<li>Soluci\u00f3n: Compruebe si el aceite hidr\u00e1ulico es suficiente y si la tuber\u00eda est\u00e1 bloqueada o tiene fugas.<\/li>\n<li>Problema: Hay una fuga en el cilindro.<\/li>\n<li>Soluci\u00f3n: Compruebe si los componentes de sellado est\u00e1n da\u00f1ados o si el cuerpo del cilindro o la superficie del extremo roscado est\u00e1n desgastados.<\/li>\n<li>Problema: El cilindro hace ruidos anormales durante el funcionamiento.<\/li>\n<li>Soluci\u00f3n: Verifique si el cuerpo del cilindro est\u00e1 deformado o si el pist\u00f3n o la varilla est\u00e1n da\u00f1ados.<\/li>\n<\/ul>\n<p>Las medidas preventivas incluyen inspecci\u00f3n y mantenimiento regulares para evitar posibles problemas, as\u00ed como seguir las pautas de seguridad para prevenir accidentes.<\/p>\n<p><img decoding=\"async\" src=\"https:\/\/www.hydraulic-cylinders.net\/wp-content\/uploads\/2025\/01\/songte-bushings-with-all-kinds-of-excavator-models.webp\"\/><\/p>\n<h2>Sobre nosotros<\/h2>\n<p>We are a professional manufacturer of replacement hydraulic cylinders, with a wide range of products and have become one of the leading hydraulic cylinder manufacturers and wholesale distributors in the domestic and international markets. We adhere to the principle of excellent quality and rely on the industrialized production management strategy of precision manufacturing workshops to continuously improve our technical level and production efficiency. Through the introduction of high-end digital manufacturing equipment and professional testing systems, we continuously optimize the manufacturing platform, improve the product quality control process, and have strong innovation capabilities. Our goal is to satisfy customers&#8217; diversified needs with high efficiency, precision, and high quality.<\/p>\n<h3>Profesionalismo<\/h3>\n<p>Contamos con un equipo t\u00e9cnico profesional con amplia experiencia en la producci\u00f3n y el mantenimiento de cilindros hidr\u00e1ulicos. Nos adherimos al principio de \"el cliente es lo primero\" y brindamos servicios profesionales y eficientes.<\/p>\n<h3>Certificaci\u00f3n Internacional<\/h3>\n<p>Hemos obtenido varias certificaciones internacionales, como ISO9001, CE y RoHS, que reflejan nuestros altos est\u00e1ndares de calidad y procesos de producci\u00f3n.<\/p>\n<h3>Servicios de personalizaci\u00f3n<\/h3>\n<p>We provide customized services and can produce hydraulic cylinders according to customers&#8217; specific requirements, providing customers with personalized solutions.<\/p>\n<h3>Equipos de producci\u00f3n<\/h3>\n<p>Hemos introducido una serie de equipos de fabricaci\u00f3n digital de alta gama, como m\u00e1quinas herramienta CNC, para garantizar la precisi\u00f3n y la eficiencia del proceso de producci\u00f3n.<\/p>\n<h3>Servicio postventa<\/h3>\n<p>Brindamos un servicio posventa integral, que incluye orientaci\u00f3n sobre instalaci\u00f3n, mantenimiento y reparaci\u00f3n, y soporte t\u00e9cnico, para garantizar el funcionamiento eficiente y estable del cilindro hidr\u00e1ulico.<\/p>\n<p><img decoding=\"async\" src=\"https:\/\/www.hydraulic-cylinders.net\/wp-content\/uploads\/2025\/01\/songte-company-4.webp\"\/><br \/>\n<img decoding=\"async\" src=\"https:\/\/www.hydraulic-cylinders.net\/wp-content\/uploads\/2025\/01\/songte-company-3.webp\"\/><\/p>\n<p>Autor: lyl.<\/p>","protected":false},"excerpt":{"rendered":"<p>Arm Cylinder For Zoomlion Large Excavator ZE1250E Introduction The arm cylinder is a specialized hydraulic cylinder designed to provide linear motion and power to the arms of various types of machinery, such as excavators, cranes, and manipulators. It plays a critical role in the hydraulic system, allowing attachments or accessories to move and be controlled [&hellip;]<\/p>","protected":false},"featured_media":14774,"comment_status":"open","ping_status":"closed","template":"","meta":{"_et_pb_use_builder":"","_et_pb_old_content":"","_et_gb_content_width":""},"product_brand":[],"product_cat":[1497],"product_tag":[1498,1496],"class_list":{"0":"post-16439","1":"product","2":"type-product","3":"status-publish","4":"has-post-thumbnail","6":"product_cat-arm-cylinders","7":"product_tag-arm-cylinders","8":"product_tag-hydraulic-cylinders","10":"first","11":"instock","12":"shipping-taxable","13":"product-type-simple"},"amp_enabled":true,"_links":{"self":[{"href":"https:\/\/www.hydraulic-cylinders.net\/es\/wp-json\/wp\/v2\/product\/16439","targetHints":{"allow":["GET"]}}],"collection":[{"href":"https:\/\/www.hydraulic-cylinders.net\/es\/wp-json\/wp\/v2\/product"}],"about":[{"href":"https:\/\/www.hydraulic-cylinders.net\/es\/wp-json\/wp\/v2\/types\/product"}],"replies":[{"embeddable":true,"href":"https:\/\/www.hydraulic-cylinders.net\/es\/wp-json\/wp\/v2\/comments?post=16439"}],"wp:featuredmedia":[{"embeddable":true,"href":"https:\/\/www.hydraulic-cylinders.net\/es\/wp-json\/wp\/v2\/media\/14774"}],"wp:attachment":[{"href":"https:\/\/www.hydraulic-cylinders.net\/es\/wp-json\/wp\/v2\/media?parent=16439"}],"wp:term":[{"taxonomy":"product_brand","embeddable":true,"href":"https:\/\/www.hydraulic-cylinders.net\/es\/wp-json\/wp\/v2\/product_brand?post=16439"},{"taxonomy":"product_cat","embeddable":true,"href":"https:\/\/www.hydraulic-cylinders.net\/es\/wp-json\/wp\/v2\/product_cat?post=16439"},{"taxonomy":"product_tag","embeddable":true,"href":"https:\/\/www.hydraulic-cylinders.net\/es\/wp-json\/wp\/v2\/product_tag?post=16439"}],"curies":[{"name":"wp","href":"https:\/\/api.w.org\/{rel}","templated":true}]}}