{"id":1644,"date":"2023-10-10T06:05:51","date_gmt":"2023-10-10T06:05:51","guid":{"rendered":"https:\/\/hydraulic-cylinders.net\/?post_type=product&#038;p=1644"},"modified":"2025-04-11T02:55:30","modified_gmt":"2025-04-11T02:55:30","slug":"press-clamping-cylinder","status":"publish","type":"product","link":"https:\/\/www.hydraulic-cylinders.net\/es\/producto\/press-clamping-cylinder\/","title":{"rendered":"Cilindro de sujeci\u00f3n de prensa"},"content":{"rendered":"<h1 style=\"text-align: center;\"><strong>Cilindro de sujeci\u00f3n de prensa<\/strong><\/h1>\n<p><img loading=\"lazy\" decoding=\"async\" class=\"aligncenter wp-image-1645\" src=\"https:\/\/hydraulic-cylinders.net\/wp-content\/uploads\/2023\/10\/clamping-cylinder-1-1-300x300.webp\" alt=\"\" width=\"400\" height=\"400\" \/><\/p>\n<p>El cilindro de sujeci\u00f3n para prensas es un producto de vanguardia que ofrece un rendimiento y una fiabilidad excepcionales en diversas aplicaciones industriales. Gracias a sus caracter\u00edsticas avanzadas y su dise\u00f1o robusto, este cilindro ofrece una mayor fuerza de sujeci\u00f3n, un control preciso y una mayor productividad.<\/p>\n<p>El cilindro de sujeci\u00f3n de prensas es una innovaci\u00f3n en aplicaciones industriales, ofreciendo alta fuerza de sujeci\u00f3n, control preciso y operaci\u00f3n r\u00e1pida. Con sus vers\u00e1tiles opciones de montaje y rendimiento confiable, este cilindro mejora la productividad, eficiencia y precisi\u00f3n en diversos procesos industriales. Siguiendo los m\u00e9todos de uso y las pr\u00e1cticas de mantenimiento recomendadas, puede maximizar la longevidad, confiabilidad y seguridad del cilindro de sujeci\u00f3n de prensas en su instalaci\u00f3n industrial. Elija este cilindro para aprovechar al m\u00e1ximo sus procesos industriales y lograr r\u00e1pidamente resultados superiores.<\/p>\n<p>Caracter\u00edsticas principales del cilindro de sujeci\u00f3n de prensa:<\/p>\n<ol>\n<li>Alta fuerza de sujeci\u00f3n:<\/li>\n<\/ol>\n<ul>\n<li>El cilindro de sujeci\u00f3n de prensa cuenta con una potente fuerza de sujeci\u00f3n, lo que le permite mantener las piezas de trabajo en su lugar de forma segura durante los procesos de mecanizado, soldadura o ensamblaje.<\/li>\n<li>Con su construcci\u00f3n robusta y dise\u00f1o optimizado, este cilindro proporciona una fuerza de sujeci\u00f3n confiable y constante, garantizando estabilidad y precisi\u00f3n.<\/li>\n<\/ul>\n<ol start=\"2\">\n<li>Control preciso:<\/li>\n<\/ol>\n<ul>\n<li>Este cilindro cuenta con mecanismos de control precisos que permiten a los operadores ajustar la fuerza de sujeci\u00f3n con precisi\u00f3n.<\/li>\n<li>La capacidad de ajustar con precisi\u00f3n la fuerza de sujeci\u00f3n garantiza un agarre \u00f3ptimo sin da\u00f1ar piezas de trabajo delicadas, lo que da como resultado una calidad superior y una reducci\u00f3n de la repetici\u00f3n del trabajo.<\/li>\n<\/ul>\n<ol start=\"3\">\n<li>Operaci\u00f3n r\u00e1pida:<\/li>\n<\/ol>\n<ul>\n<li>El cilindro de sujeci\u00f3n de prensa est\u00e1 dise\u00f1ado para operaciones de sujeci\u00f3n y liberaci\u00f3n r\u00e1pidas, minimizando el tiempo de inactividad y maximizando la productividad.<\/li>\n<li>Su dise\u00f1o eficiente y su accionamiento de alta velocidad permiten cambios r\u00e1pidos de piezas, reduciendo los tiempos de ciclo y mejorando la eficiencia general.<\/li>\n<\/ul>\n<ol start=\"4\">\n<li>Opciones de montaje vers\u00e1tiles:<\/li>\n<\/ol>\n<ul>\n<li>Este cilindro ofrece opciones de montaje vers\u00e1tiles, que incluyen montajes con brida, pie o cuerpo roscado, lo que proporciona flexibilidad para integrarse perfectamente en diferentes configuraciones industriales.<\/li>\n<li>La variedad de opciones de montaje permite una f\u00e1cil instalaci\u00f3n e integraci\u00f3n con maquinaria existente o estaciones de trabajo personalizadas.<\/li>\n<\/ul>\n<h2><strong>Par\u00e1metros del cilindro de sujeci\u00f3n de prensa:<\/strong><\/h2>\n<table border=\"1\" cellspacing=\"0\" cellpadding=\"0\">\n<tbody>\n<tr>\n<td>Nombre del producto<\/td>\n<td>Cilindro de sujeci\u00f3n de prensa hidr\u00e1ulica<\/td>\n<\/tr>\n<tr>\n<td>Caracter\u00edsticas:<\/td>\n<td>Apriete el cabezal de la abrazadera que sujeta el lingote o tocho de acero.<\/td>\n<\/tr>\n<tr>\n<td>Di\u00e1metro del orificio:<\/td>\n<td>125 mm \uff5e 700 mm<\/td>\n<\/tr>\n<tr>\n<td>Di\u00e1metro de la varilla:<\/td>\n<td>80 mm \uff5e 520 mm<br \/>\nCarrera \u22641200 mm<\/td>\n<\/tr>\n<tr>\n<td>Fuerza de empuje:<\/td>\n<td>M\u00e1ximo 9621KN<br \/>\n(Di\u00e1metro del cilindro 700 mm\/presi\u00f3n 25 MPa)<\/td>\n<\/tr>\n<tr>\n<td>\u00a0Aplicaciones del cilindro de sujeci\u00f3n:<\/td>\n<td>Prensa hidr\u00e1ulica<\/td>\n<\/tr>\n<\/tbody>\n<\/table>\n<div><\/div>\n<div class=\"txtboxL\">Caracter\u00edsticas:<\/div>\n<div class=\"txtboxR\">Apriete el cabezal de la abrazadera que sujeta el lingote o tocho de acero.<\/div>\n<div class=\"txtboxL\">Especificaci\u00f3n:<\/div>\n<div class=\"txtboxR\">Di\u00e1metro del orificio: 125 mm \uff5e 700 mm<br \/>\nDi\u00e1metro de la varilla: 80 mm \uff5e 520 mm<br \/>\nCarrera \u22641200 mm<\/div>\n<div class=\"txtboxL\">Fuerza de empuje:<\/div>\n<div class=\"txtboxR\">M\u00e1ximo 9621KN<br \/>\n(Di\u00e1metro del cilindro 700 mm\/presi\u00f3n 25 MPa)<\/div>\n<h2><strong>F\u00e1brica de cilindros de prensa:<\/strong><\/h2>\n<p><img loading=\"lazy\" decoding=\"async\" class=\"alignnone wp-image-1619 size-full\" src=\"https:\/\/hydraulic-cylinders.net\/wp-content\/uploads\/2023\/10\/press-cylinder.webp\" alt=\"\" width=\"1418\" height=\"946\" srcset=\"https:\/\/hydraulic-cylinders.net\/wp-content\/uploads\/2023\/10\/press-cylinder.webp 1418w, https:\/\/hydraulic-cylinders.net\/wp-content\/uploads\/2023\/10\/press-cylinder-1280x854.webp 1280w, https:\/\/hydraulic-cylinders.net\/wp-content\/uploads\/2023\/10\/press-cylinder-980x654.webp 980w, https:\/\/hydraulic-cylinders.net\/wp-content\/uploads\/2023\/10\/press-cylinder-480x320.webp 480w\" sizes=\"(min-width: 0px) and (max-width: 480px) 480px, (min-width: 481px) and (max-width: 980px) 980px, (min-width: 981px) and (max-width: 1280px) 1280px, (min-width: 1281px) 1418px, 100vw\" \/><\/p>\n<h2><strong>M\u00e9todo de uso del cilindro de sujeci\u00f3n de prensa<\/strong><strong>:<\/strong><\/h2>\n<ol>\n<li><strong>Montaje e instalaci\u00f3n:<\/strong><\/li>\n<\/ol>\n<ul>\n<li>Comience seleccionando la opci\u00f3n de montaje adecuada para su aplicaci\u00f3n, como brida, pie o cuerpo roscado.<\/li>\n<li>Siga las instrucciones o pautas del fabricante para montar de forma segura el cilindro de sujeci\u00f3n de la prensa en la ubicaci\u00f3n deseada, asegurando una alineaci\u00f3n y estabilidad adecuadas.<\/li>\n<\/ul>\n<ol start=\"2\">\n<li><strong>Ajuste de la fuerza de sujeci\u00f3n:<\/strong><\/li>\n<\/ol>\n<ul>\n<li>Dependiendo de los requisitos de su aplicaci\u00f3n, utilice los controles o mecanismos de ajuste provistos para establecer la fuerza de sujeci\u00f3n deseada.<\/li>\n<li>Considere cuidadosamente el material de la pieza de trabajo, el tama\u00f1o y los requisitos de procesamiento para lograr la fuerza de sujeci\u00f3n \u00f3ptima para obtener los mejores resultados.<\/li>\n<\/ul>\n<ol start=\"3\">\n<li><strong>Sujeci\u00f3n de la pieza de trabajo:<\/strong><\/li>\n<\/ol>\n<ul>\n<li>Coloque la pieza de trabajo dentro del rango de sujeci\u00f3n del cilindro de sujeci\u00f3n de la prensa.<\/li>\n<li>Active el cilindro para aplicar la fuerza de sujeci\u00f3n, garantizando un agarre seguro en la pieza de trabajo.<\/li>\n<li>Verifique que la fuerza de sujeci\u00f3n sea suficiente para sujetar la pieza de trabajo firmemente durante la operaci\u00f3n requerida.<\/li>\n<\/ul>\n<h2><strong>\u00bfC\u00f3mo quitar la tapa del extremo del cilindro hidr\u00e1ulico?<\/strong><\/h2>\n<div class=\"ChatMessage_chatMessage__xkgHx\" data-complete=\"true\">\n<div class=\"ChatMessage_botMessageHeader__8yA1R\">\n<div class=\"ChatMessage_headerWrapper__UeGSI\">\n<div class=\"ChatMessage_badge__ah1FU\">Quitar la tapa de un cilindro hidr\u00e1ulico es un proceso sencillo que requiere herramientas esenciales y una ejecuci\u00f3n cuidadosa. Aqu\u00ed tienes una gu\u00eda paso a paso sobre c\u00f3mo quitar la tapa de un cilindro hidr\u00e1ulico:<\/div>\n<\/div>\n<\/div>\n<div class=\"ChatMessage_messageRow__DHlnq\">\n<div class=\"ChatMessage_messageWrapper__4Ugd6\">\n<div class=\"Message_row__ug_UU\">\n<div class=\"Message_botMessageBubble__aYctV\">\n<div class=\"Markdown_markdownContainer__Tz3HQ\">\n<ol>\n<li><strong>Seguridad ante todo:<\/strong> Antes de comenzar cualquier trabajo en el cilindro hidr\u00e1ulico, aseg\u00farese de que el sistema est\u00e9 despresurizado y de que la alimentaci\u00f3n hidr\u00e1ulica est\u00e9 desconectada. Esto evitar\u00e1 movimientos inesperados o descargas de fluido hidr\u00e1ulico.<\/li>\n<li><strong>Recopilar herramientas:<\/strong> Necesitar\u00e1 herramientas adecuadas, incluidas llaves inglesas, juegos de vasos, un mazo de goma y una palanca o un destornillador.<\/li>\n<li><strong>Identificar la tapa del extremo:<\/strong> La tapa del extremo generalmente se ubica en un extremo del cilindro hidr\u00e1ulico y est\u00e1 asegurada con pernos o anillos de retenci\u00f3n.<\/li>\n<li><strong>Acceda a los Bolts:<\/strong> Si la tapa del extremo est\u00e1 sujeta con pernos, utilice la llave inglesa o el juego de dados adecuados para aflojarlos y retirarlos. Comience aflojando los pernos en cruz para asegurar una liberaci\u00f3n uniforme de la presi\u00f3n.<\/li>\n<li><strong>Retire los anillos de retenci\u00f3n:<\/strong> La tapa del extremo a veces puede estar asegurada con anillos de retenci\u00f3n. Use una palanca o un destornillador para retirar con cuidado los anillos de retenci\u00f3n, asegur\u00e1ndose de no da\u00f1ar el cilindro ni la tapa del extremo.<\/li>\n<li><strong>Toque suavemente:<\/strong> Una vez retirados los pernos o anillos de retenci\u00f3n, la tapa podr\u00eda seguir sellada herm\u00e9ticamente debido a la presi\u00f3n hidr\u00e1ulica o la fricci\u00f3n. Use un mazo de goma para golpear suavemente el per\u00edmetro de la tapa. Esto ayuda a romper cualquier adhesivo o material de sellado y aflojar la tapa.<\/li>\n<li><strong>Retire la tapa del extremo:<\/strong> Con la tapa del extremo aflojada, use una palanca o un destornillador para extraerla con cuidado. Comience por un borde y avance alrededor, aplicando una presi\u00f3n suave y uniforme para evitar da\u00f1ar el cilindro o la tapa. Golpee ligeramente la palanca con un mazo de goma para soltar la tapa.<\/li>\n<li><strong>Inspeccionar y limpiar:<\/strong> Una vez retirada la tapa, inspecci\u00f3nela para detectar cualquier signo de da\u00f1o, desgaste o fuga. Observe si hay sellos o juntas que deban reemplazarse. Limpie a fondo la tapa y la superficie de montaje del cilindro para asegurar un sello de reensamblaje correcto.<\/li>\n<\/ol>\n<\/div>\n<\/div>\n<\/div>\n<\/div>\n<\/div>\n<\/div>\n<h2><strong>Capacidad de la f\u00e1brica:<\/strong><\/h2>\n<h3>(1) Montaje<\/h3>\n<p>Contamos con una plataforma de ensamblaje independiente de primera clase para investigaci\u00f3n y desarrollo. El taller de producci\u00f3n de cilindros hidr\u00e1ulicos cuenta con cuatro l\u00edneas de ensamblaje de cilindros de elevaci\u00f3n semiautom\u00e1ticos y una l\u00ednea de ensamblaje de cilindros de inclinaci\u00f3n autom\u00e1ticos, con una capacidad de producci\u00f3n anual dise\u00f1ada de 1 mill\u00f3n de piezas. El taller de cilindros especiales est\u00e1 equipado con un sistema de ensamblaje de limpieza semiautom\u00e1tico de diversas especificaciones, con una capacidad de producci\u00f3n anual dise\u00f1ada de 200,000 unidades, y est\u00e1 equipado con reconocidos equipos de mecanizado CNC, un centro de mecanizado, equipos especiales de procesamiento de cilindros de alta precisi\u00f3n, una m\u00e1quina de soldadura robotizada, una m\u00e1quina de limpieza autom\u00e1tica, una m\u00e1quina de ensamblaje de cilindros autom\u00e1ticos y una l\u00ednea de producci\u00f3n de pintura autom\u00e1tica. Contamos con m\u00e1s de 300 equipos cr\u00edticos. La asignaci\u00f3n \u00f3ptima y el uso eficiente de los recursos de equipo garantizan la precisi\u00f3n y la alta calidad de los productos.<\/p>\n<p><img loading=\"lazy\" decoding=\"async\" class=\"alignnone wp-image-626\" src=\"https:\/\/hydraulic-cylinders.net\/wp-content\/uploads\/2023\/08\/hydraulic-cylinder-product-1-300x158.webp\" alt=\"\" width=\"495\" height=\"260\" srcset=\"https:\/\/hydraulic-cylinders.net\/wp-content\/uploads\/2023\/08\/hydraulic-cylinder-product-1-300x158.webp 495w, https:\/\/hydraulic-cylinders.net\/wp-content\/uploads\/2023\/08\/hydraulic-cylinder-product-1-480x252.webp 480w\" sizes=\"(min-width: 0px) and (max-width: 480px) 480px, (min-width: 481px) 495px, 100vw\" \/> <img loading=\"lazy\" decoding=\"async\" class=\"alignnone wp-image-627\" src=\"https:\/\/hydraulic-cylinders.net\/wp-content\/uploads\/2023\/08\/hydraulic-cylinder-product-2-300x189.webp\" alt=\"\" width=\"413\" height=\"260\" \/><\/p>\n<h3>(2) Mecanizado<\/h3>\n<p>El taller de mecanizado est\u00e1 equipado con un centro de torneado de carril inclinado personalizado, un centro de mecanizado, una m\u00e1quina de bru\u00f1ido de alta velocidad, un robot de soldadura y otros equipos relacionados, que pueden procesar tubos cil\u00edndricos con un di\u00e1metro interior m\u00e1ximo de 400 mm y una longitud m\u00e1xima de 6 metros.<\/p>\n<p><img loading=\"lazy\" decoding=\"async\" class=\"alignnone wp-image-628 size-large\" src=\"https:\/\/hydraulic-cylinders.net\/wp-content\/uploads\/2023\/08\/hydraulic-cylinder-product-3-1024x391.webp\" alt=\"\" width=\"1024\" height=\"391\" srcset=\"https:\/\/hydraulic-cylinders.net\/wp-content\/uploads\/2023\/08\/hydraulic-cylinder-product-3-980x374.webp 980w, https:\/\/hydraulic-cylinders.net\/wp-content\/uploads\/2023\/08\/hydraulic-cylinder-product-3-480x183.webp 480w\" sizes=\"(min-width: 0px) and (max-width: 480px) 480px, (min-width: 481px) and (max-width: 980px) 980px, (min-width: 981px) 1024px, 100vw\" \/><\/p>\n<h3>(3) Soldadura<\/h3>\n<p><img loading=\"lazy\" decoding=\"async\" class=\"alignnone wp-image-629 size-large\" src=\"https:\/\/hydraulic-cylinders.net\/wp-content\/uploads\/2023\/08\/hydraulic-cylinder-product-4-1024x510.webp\" alt=\"\" width=\"1024\" height=\"510\" srcset=\"https:\/\/hydraulic-cylinders.net\/wp-content\/uploads\/2023\/08\/hydraulic-cylinder-product-4-980x488.webp 980w, https:\/\/hydraulic-cylinders.net\/wp-content\/uploads\/2023\/08\/hydraulic-cylinder-product-4-480x239.webp 480w\" sizes=\"(min-width: 0px) and (max-width: 480px) 480px, (min-width: 481px) and (max-width: 980px) 980px, (min-width: 981px) 1024px, 100vw\" \/><\/p>\n<h3>(4) Pintura y revestimiento<\/h3>\n<p>Con peque\u00f1as y medianas l\u00edneas de cilindros autom\u00e1ticos de recubrimiento de pintura a base de agua, para lograr la carga y descarga autom\u00e1tica de robots y pulverizaci\u00f3n autom\u00e1tica, la capacidad de dise\u00f1o de 4000 piezas por turno;<br \/>\nTambi\u00e9n disponemos de una l\u00ednea semiautom\u00e1tica de producci\u00f3n de pintura para grandes cilindros accionada por cadena, con una capacidad de dise\u00f1o de 60 cajas por turno.<\/p>\n<p><img loading=\"lazy\" decoding=\"async\" class=\"alignnone wp-image-630\" src=\"https:\/\/hydraulic-cylinders.net\/wp-content\/uploads\/2023\/08\/hydraulic-cylinder-product-5-300x213.webp\" alt=\"\" width=\"366\" height=\"260\" \/> <img loading=\"lazy\" decoding=\"async\" class=\"alignnone wp-image-631\" src=\"https:\/\/hydraulic-cylinders.net\/wp-content\/uploads\/2023\/08\/hydraulic-cylinder-product-6-300x225.webp\" alt=\"\" width=\"347\" height=\"260\" \/><\/p>\n<h3>(5) Pruebas<\/h3>\n<p>Disponemos de instalaciones de inspecci\u00f3n y bancos de pruebas de primera clase para garantizar que el rendimiento del cilindro cumple los requisitos.<\/p>\n<p><img loading=\"lazy\" decoding=\"async\" class=\"alignnone wp-image-632\" src=\"https:\/\/hydraulic-cylinders.net\/wp-content\/uploads\/2023\/08\/hydraulic-cylinder-product-8-300x200.webp\" alt=\"\" width=\"389\" height=\"260\" \/><\/p>\n<p>&nbsp;<\/p>\n<p>&nbsp;<\/p>\n<p>Somos uno de los mejores fabricantes de cilindros hidr\u00e1ulicos. Ofrecemos cilindros hidr\u00e1ulicos integrales. Tambi\u00e9n proporcionamos... <a href=\"https:\/\/hzpt.com\/agricultural-pto-gearbox\/\" target=\"_blank\" rel=\"noopener\">cajas de cambios agr\u00edcolas<\/a>Hemos exportado nuestros productos a clientes de todo el mundo y nos hemos ganado una excelente reputaci\u00f3n gracias a nuestra excelente calidad y servicio posventa. Invitamos a clientes nacionales e internacionales a contactarnos para negociar negocios, intercambiar informaci\u00f3n y... <a href=\"https:\/\/www.hydraulic-cylinders.net\/es\/contact-us\/\">colabore con nosotros<\/a>!<\/p>","protected":false},"excerpt":{"rendered":"<p>Press Clamping Cylinder The press clamping cylinder is a cutting-edge product that delivers exceptional performance and reliability in various industrial applications. With its advanced features and robust design, this cylinder offers enhanced clamping force, precise control, and improved productivity. The press clamping cylinder is a game-changer in industrial applications, offering high clamping force, precise control, [&hellip;]<\/p>","protected":false},"featured_media":1646,"comment_status":"open","ping_status":"closed","template":"","meta":{"_et_pb_use_builder":"","_et_pb_old_content":"","_et_gb_content_width":""},"product_brand":[],"product_cat":[1522,1549,1376],"product_tag":[1380],"class_list":{"0":"post-1644","1":"product","2":"type-product","3":"status-publish","4":"has-post-thumbnail","6":"product_cat-press-hydraulic-cylinders","7":"product_cat-single-acting-hydraulic-cylinder","8":"product_cat-hydraulic-cylinder","9":"product_tag-hydraulic-cylinder","11":"first","12":"instock","13":"shipping-taxable","14":"product-type-simple"},"amp_enabled":true,"_links":{"self":[{"href":"https:\/\/www.hydraulic-cylinders.net\/es\/wp-json\/wp\/v2\/product\/1644","targetHints":{"allow":["GET"]}}],"collection":[{"href":"https:\/\/www.hydraulic-cylinders.net\/es\/wp-json\/wp\/v2\/product"}],"about":[{"href":"https:\/\/www.hydraulic-cylinders.net\/es\/wp-json\/wp\/v2\/types\/product"}],"replies":[{"embeddable":true,"href":"https:\/\/www.hydraulic-cylinders.net\/es\/wp-json\/wp\/v2\/comments?post=1644"}],"wp:featuredmedia":[{"embeddable":true,"href":"https:\/\/www.hydraulic-cylinders.net\/es\/wp-json\/wp\/v2\/media\/1646"}],"wp:attachment":[{"href":"https:\/\/www.hydraulic-cylinders.net\/es\/wp-json\/wp\/v2\/media?parent=1644"}],"wp:term":[{"taxonomy":"product_brand","embeddable":true,"href":"https:\/\/www.hydraulic-cylinders.net\/es\/wp-json\/wp\/v2\/product_brand?post=1644"},{"taxonomy":"product_cat","embeddable":true,"href":"https:\/\/www.hydraulic-cylinders.net\/es\/wp-json\/wp\/v2\/product_cat?post=1644"},{"taxonomy":"product_tag","embeddable":true,"href":"https:\/\/www.hydraulic-cylinders.net\/es\/wp-json\/wp\/v2\/product_tag?post=1644"}],"curies":[{"name":"wp","href":"https:\/\/api.w.org\/{rel}","templated":true}]}}