{"id":16443,"date":"2025-01-20T09:16:10","date_gmt":"2025-01-20T09:16:10","guid":{"rendered":"https:\/\/www.hydraulic-cylinders.net\/product\/arm-cylinderfor-sunward-small-excavator-swe150elr\/"},"modified":"2025-01-20T09:16:12","modified_gmt":"2025-01-20T09:16:12","slug":"arm-cylinderfor-sunward-small-excavator-swe150elr","status":"publish","type":"product","link":"https:\/\/www.hydraulic-cylinders.net\/es\/producto\/arm-cylinderfor-sunward-small-excavator-swe150elr\/","title":{"rendered":"Cilindro de brazo para excavadora peque\u00f1a Sunward SWE150ELR"},"content":{"rendered":"<h1>Cilindro de brazo para excavadora peque\u00f1a Sunward SWE150ELR<\/h1>\n<h2>Introducci\u00f3n<\/h2>\n<h3>Definici\u00f3n de cilindro de brazo<\/h3>\n<p>Un cilindro de brazo es un cilindro hidr\u00e1ulico especialmente dise\u00f1ado que se utiliza principalmente para proporcionar movimiento lineal y potencia a los brazos de diversos tipos de maquinaria, como excavadoras, gr\u00faas y manipuladores. El cilindro de brazo desempe\u00f1a un papel fundamental en el sistema hidr\u00e1ulico, permitiendo el movimiento y control eficientes de las herramientas o accesorios acoplados. Estos cilindros no solo proporcionan movimientos suaves, sino que tambi\u00e9n soportan cargas pesadas, garantizando el funcionamiento eficiente y la fiabilidad de la maquinaria en diversas condiciones de trabajo.<\/p>\n<p><img decoding=\"async\" src=\"https:\/\/www.hydraulic-cylinders.net\/wp-content\/uploads\/2025\/01\/songte-company-2.webp\"><\/p>\n<h2>Caracter\u00edsticas del producto<\/h2>\n<ul>\n<li>\n<h3>Transmisi\u00f3n de alta eficiencia<\/h3>\n<p>El cilindro del brazo puede proporcionar un potente movimiento y fuerza lineal, lo que garantiza el rendimiento de alta eficiencia del brazo de la m\u00e1quina en diversas operaciones.<\/p>\n<\/li>\n<li>\n<h3>Control preciso<\/h3>\n<p>A trav\u00e9s del sistema hidr\u00e1ulico, el cilindro del brazo puede lograr un control de movimiento preciso, haciendo que la operaci\u00f3n de las herramientas adjuntas sea m\u00e1s flexible y precisa.<\/p>\n<\/li>\n<li>\n<h3>Gran durabilidad<\/h3>\n<p>El cilindro del brazo suele estar fabricado con materiales de alta resistencia y posee una buena resistencia al desgaste y a la corrosi\u00f3n, lo que lo hace adecuado para su uso a largo plazo en entornos hostiles.<\/p>\n<\/li>\n<li>\n<h3>Adaptabilidad multifuncional<\/h3>\n<p>Estos cilindros se pueden utilizar ampliamente en diversos equipos mec\u00e1nicos, como excavadoras, gr\u00faas y manipuladores, para adaptarse a diferentes requisitos de trabajo.<\/p>\n<\/li>\n<li>\n<h3>F\u00e1cil mantenimiento<\/h3>\n<p>El dise\u00f1o tiene en cuenta la facilidad de mantenimiento y sustituci\u00f3n, lo que hace que la inspecci\u00f3n y el mantenimiento regulares sean m\u00e1s convenientes y reduce el tiempo de inactividad del equipo.<\/p>\n<\/li>\n<\/ul>\n<p><img decoding=\"async\" src=\"https:\/\/www.hydraulic-cylinders.net\/wp-content\/uploads\/2025\/01\/songte-oil-pipes-and-spare-parts.webp\"><\/p>\n<h2>Aplicaciones<\/h2>\n<p>El cilindro del brazo tiene diversas aplicaciones en diferentes industrias:<\/p>\n<ul>\n<li>\n<h3>Ingenier\u00eda de la construcci\u00f3n<\/h3>\n<p>En excavadoras y gr\u00faas, el cilindro del brazo se utiliza para controlar el movimiento del cuchar\u00f3n o la pluma para movimientos de tierra, manipulaci\u00f3n de materiales e instalaci\u00f3n estructural.<\/p>\n<\/li>\n<li>\n<h3>Industria manufacturera<\/h3>\n<p>En las l\u00edneas de producci\u00f3n automatizadas, el cilindro del brazo se utiliza para el movimiento de manipuladores, como ensamblaje, soldadura y manipulaci\u00f3n, para mejorar la eficiencia y la precisi\u00f3n de la producci\u00f3n.<\/p>\n<\/li>\n<li>\n<h3>Maquinaria agr\u00edcola<\/h3>\n<p>En maquinaria agr\u00edcola, como cosechadoras y sembradoras, el cilindro del brazo controla el movimiento del brazo de operaci\u00f3n para tareas como sembrar, fertilizar y cosechar.<\/p>\n<\/li>\n<li>\n<h3>Miner\u00eda<\/h3>\n<p>En los equipos de miner\u00eda, el cilindro del brazo se utiliza para controlar el movimiento del brazo del equipo de miner\u00eda para la extracci\u00f3n y manipulaci\u00f3n de mineral.<\/p>\n<\/li>\n<li>\n<h3>Log\u00edstica y Transporte<\/h3>\n<p>En carretillas elevadoras y robots de manipulaci\u00f3n, el cilindro del brazo se utiliza para controlar la elevaci\u00f3n y el movimiento de la horquilla para manipular y apilar materiales.<\/p>\n<\/li>\n<\/ul>\n<h2>Consideraciones de dise\u00f1o y criterios de selecci\u00f3n<\/h2>\n<p>El dise\u00f1o del cilindro del brazo debe considerar los siguientes factores:<\/p>\n<ul>\n<li>\n<h3>Capacidad de carga<\/h3>\n<p>El cilindro debe ser capaz de soportar la carga m\u00e1xima requerida en la aplicaci\u00f3n.<\/p>\n<\/li>\n<li>\n<h3>Caza de focas<\/h3>\n<p>El cilindro debe utilizar varios sellos, como sellos de pist\u00f3n y sellos de v\u00e1stago hechos de materiales resistentes al desgaste como poliuretano y caucho de nitrilo para garantizar el rendimiento de sellado del cilindro.<\/p>\n<\/li>\n<li>\n<h3>Durabilidad<\/h3>\n<p>El cilindro debe estar hecho de materiales de alta resistencia y someterse a un tratamiento de superficie preciso, como el cuerpo del cilindro y el tratamiento de la superficie del extremo roscado para mejorar la resistencia al desgaste.<\/p>\n<\/li>\n<li>\n<h3>Seguridad<\/h3>\n<p>El cilindro debe cumplir con las normas de seguridad pertinentes para garantizar la seguridad del personal y del equipo durante su uso.<\/p>\n<\/li>\n<li>\n<h3>Mantenibilidad<\/h3>\n<p>El cilindro debe estar dise\u00f1ado para facilitar el mantenimiento y el reemplazo de piezas, como sellos f\u00e1ciles de quitar, lo que hace que sea m\u00e1s f\u00e1cil y r\u00e1pido reparar y mantener el cilindro.<\/p>\n<\/li>\n<\/ul>\n<p><img decoding=\"async\" src=\"https:\/\/www.hydraulic-cylinders.net\/wp-content\/uploads\/2025\/01\/songte-cylinder-head-with-all-kinds-excavator-models.webp\"><\/p>\n<h2>Sellado y lubricaci\u00f3n<\/h2>\n<p>Se deben utilizar diversos sellos, como sellos de pist\u00f3n y de v\u00e1stago, para garantizar el sellado del cilindro. Estos sellos est\u00e1n fabricados con materiales resistentes al desgaste, como poliuretano y caucho de nitrilo. El cuerpo del cilindro y la superficie del extremo roscado se someten a un tratamiento superficial preciso para mejorar la resistencia al desgaste. Es necesario a\u00f1adir regularmente una cantidad adecuada de aceite hidr\u00e1ulico para su lubricaci\u00f3n.<\/p>\n<h2>Inspecci\u00f3n regular y medidas de mantenimiento preventivo<\/h2>\n<p>Se deben tomar las siguientes medidas para las inspecciones regulares y el mantenimiento preventivo:<\/p>\n<ul>\n<li>\n<h3>Compruebe si la superficie del cilindro presenta da\u00f1os.<\/h3>\n<p>Revise la superficie del cilindro para detectar rayones, corrosi\u00f3n u otros da\u00f1os. Si encuentra alg\u00fan da\u00f1o, reempl\u00e1celo de inmediato.<\/p>\n<\/li>\n<li>\n<h3>Compruebe el pist\u00f3n y la biela<\/h3>\n<p>Revise el pist\u00f3n y la biela para detectar deformaciones y da\u00f1os. Si se detectan da\u00f1os, el cilindro debe reemplazarse de inmediato.<\/p>\n<\/li>\n<li>\n<h3>Compruebe los sellos<\/h3>\n<p>Revise los sellos para detectar desgaste o da\u00f1os. Si se detectan, deben reemplazarse a tiempo.<\/p>\n<\/li>\n<li>\n<h3>Compruebe el sistema hidr\u00e1ulico<\/h3>\n<p>Revise el sistema hidr\u00e1ulico para detectar fugas u otras anomal\u00edas. Si se detecta alguna anomal\u00eda, el sistema debe repararse de inmediato.<\/p>\n<\/li>\n<\/ul>\n<p><img decoding=\"async\" src=\"https:\/\/www.hydraulic-cylinders.net\/wp-content\/uploads\/2025\/01\/songte-chushion-collar.webp\"><\/p>\n<h2>Gu\u00eda de instalaci\u00f3n del producto<\/h2>\n<p>Se deben seguir los siguientes pasos para instalar correctamente el cilindro del brazo:<\/p>\n<ol>\n<li>Prepare el lugar de instalaci\u00f3n y aseg\u00farese de que est\u00e9 limpio y plano.<\/li>\n<li>Haga coincidir el cilindro con la posici\u00f3n y direcci\u00f3n de instalaci\u00f3n correctas.<\/li>\n<li>Instale el cilindro y conecte el sistema hidr\u00e1ulico.<\/li>\n<li>Pruebe el cilindro para garantizar su correcto funcionamiento.<\/li>\n<\/ol>\n<p><img decoding=\"async\" src=\"https:\/\/www.hydraulic-cylinders.net\/wp-content\/uploads\/2025\/01\/songte-bushings-with-all-kinds-of-excavator-models.webp\"><\/p>\n<h2>Consideraciones de seguridad y factores ambientales<\/h2>\n<p>Al utilizar el cilindro del brazo, se deben cumplir las normas de seguridad pertinentes para garantizar la seguridad del personal y el equipo. Tambi\u00e9n se deben considerar factores ambientales como la temperatura, la humedad y el polvo para garantizar el funcionamiento estable y fiable del cilindro.<\/p>\n<h2>Soluci\u00f3n de problemas y problemas comunes<\/h2>\n<p>Los siguientes son algunos problemas comunes que pueden ocurrir con el cilindro del brazo:<\/p>\n<ul>\n<li>\n<h3>Fuga del sello<\/h3>\n<p>Si el sello est\u00e1 da\u00f1ado o desgastado, puede causar fugas. Debe reemplazarse a tiempo.<\/p>\n<\/li>\n<li>\n<h3>Atasco del pist\u00f3n<\/h3>\n<p>Si el pist\u00f3n se atasca, el cilindro podr\u00eda dejar de funcionar. Debe limpiarse o reemplazarse a tiempo.<\/p>\n<\/li>\n<li>\n<h3>Fuerza insuficiente<\/h3>\n<p>Si la fuerza proporcionada por el cilindro es insuficiente, puede deberse a presi\u00f3n insuficiente o a da\u00f1os en el cilindro. Se debe aumentar la presi\u00f3n del sistema hidr\u00e1ulico o reemplazar el cilindro lo antes posible.<\/p>\n<\/li>\n<\/ul>\n<p>Se recomienda revisar y realizar mantenimiento peri\u00f3dicamente al cilindro para evitar que ocurran estos problemas.<\/p>\n<h2>Sobre nosotros<\/h2>\n<p>Somos un fabricante profesional de cilindros hidr\u00e1ulicos de repuesto con una amplia gama de productos. Nos hemos convertido en uno de los principales fabricantes y distribuidores mayoristas de cilindros hidr\u00e1ulicos en el mercado nacional e internacional. Nos adherimos siempre al principio de la excelencia en la calidad, nos basamos en estrategias de gesti\u00f3n de producci\u00f3n industrializadas de sofisticados talleres de fabricaci\u00f3n y mejoramos continuamente nuestro nivel tecnol\u00f3gico y la eficiencia de producci\u00f3n. Mediante la introducci\u00f3n de equipos de fabricaci\u00f3n digital de alta gama y sistemas de prueba profesionales, optimizamos la plataforma de fabricaci\u00f3n y perfeccionamos el proceso de control de calidad del producto, adem\u00e1s de contar con una s\u00f3lida capacidad de innovaci\u00f3n. Nuestro objetivo es satisfacer las diversas necesidades de nuestros clientes con alta eficiencia, precisi\u00f3n y alta calidad.<\/p>\n<p>Brindamos servicios profesionales, certificados internacionalmente y personalizados, contamos con equipos de producci\u00f3n avanzados y un excelente servicio posventa.<\/p>\n<p><img decoding=\"async\" src=\"https:\/\/www.hydraulic-cylinders.net\/wp-content\/uploads\/2025\/01\/songte-company-4.webp\"><\/p>\n<p><img decoding=\"async\" src=\"https:\/\/www.hydraulic-cylinders.net\/wp-content\/uploads\/2025\/01\/songte-company-3.webp\"><\/p>\n<p>Autor: lyl<\/p>","protected":false},"excerpt":{"rendered":"<p>Arm CylinderFor Sunward Small Excavator SWE150ELR Introduction Definition of Arm Cylinder An arm cylinder is a specially designed hydraulic cylinder that is mainly used to provide linear motion and power to the arms of various types of machinery, such as excavators, cranes, and manipulators. The arm cylinder plays a critical role in the hydraulic system, [&hellip;]<\/p>","protected":false},"featured_media":14763,"comment_status":"open","ping_status":"closed","template":"","meta":{"_et_pb_use_builder":"","_et_pb_old_content":"","_et_gb_content_width":""},"product_brand":[],"product_cat":[1497],"product_tag":[1498,1496],"class_list":{"0":"post-16443","1":"product","2":"type-product","3":"status-publish","4":"has-post-thumbnail","6":"product_cat-arm-cylinders","7":"product_tag-arm-cylinders","8":"product_tag-hydraulic-cylinders","10":"first","11":"instock","12":"shipping-taxable","13":"product-type-simple"},"amp_enabled":true,"_links":{"self":[{"href":"https:\/\/www.hydraulic-cylinders.net\/es\/wp-json\/wp\/v2\/product\/16443","targetHints":{"allow":["GET"]}}],"collection":[{"href":"https:\/\/www.hydraulic-cylinders.net\/es\/wp-json\/wp\/v2\/product"}],"about":[{"href":"https:\/\/www.hydraulic-cylinders.net\/es\/wp-json\/wp\/v2\/types\/product"}],"replies":[{"embeddable":true,"href":"https:\/\/www.hydraulic-cylinders.net\/es\/wp-json\/wp\/v2\/comments?post=16443"}],"wp:featuredmedia":[{"embeddable":true,"href":"https:\/\/www.hydraulic-cylinders.net\/es\/wp-json\/wp\/v2\/media\/14763"}],"wp:attachment":[{"href":"https:\/\/www.hydraulic-cylinders.net\/es\/wp-json\/wp\/v2\/media?parent=16443"}],"wp:term":[{"taxonomy":"product_brand","embeddable":true,"href":"https:\/\/www.hydraulic-cylinders.net\/es\/wp-json\/wp\/v2\/product_brand?post=16443"},{"taxonomy":"product_cat","embeddable":true,"href":"https:\/\/www.hydraulic-cylinders.net\/es\/wp-json\/wp\/v2\/product_cat?post=16443"},{"taxonomy":"product_tag","embeddable":true,"href":"https:\/\/www.hydraulic-cylinders.net\/es\/wp-json\/wp\/v2\/product_tag?post=16443"}],"curies":[{"name":"wp","href":"https:\/\/api.w.org\/{rel}","templated":true}]}}