{"id":16458,"date":"2025-01-21T05:26:42","date_gmt":"2025-01-21T05:26:42","guid":{"rendered":"https:\/\/www.hydraulic-cylinders.net\/product\/arm-cylinder-for-sunward-large-excavator-swe365elr\/"},"modified":"2025-01-21T05:26:44","modified_gmt":"2025-01-21T05:26:44","slug":"arm-cylinder-for-sunward-large-excavator-swe365elr","status":"publish","type":"product","link":"https:\/\/www.hydraulic-cylinders.net\/es\/producto\/arm-cylinder-for-sunward-large-excavator-swe365elr\/","title":{"rendered":"Cilindro de brazo para excavadora grande Sunward SWE365ELR"},"content":{"rendered":"<h2>Cilindro de brazo para excavadora grande Sunward SWE365ELR<\/h2>\n<h3>Introducci\u00f3n<\/h3>\n<p>El cilindro de brazo es un cilindro hidr\u00e1ulico especialmente dise\u00f1ado, utilizado principalmente para proporcionar movimiento lineal y potencia a diversos tipos de brazos de maquinaria, como excavadoras, gr\u00faas y brazos rob\u00f3ticos. Los cilindros de brazo desempe\u00f1an un papel fundamental en los sistemas hidr\u00e1ulicos, permitiendo que los accesorios se muevan y se controlen eficazmente. Estos cilindros no solo logran un movimiento suave, sino que tambi\u00e9n soportan cargas pesadas, garantizando un funcionamiento eficiente y la fiabilidad de la maquinaria en diversas condiciones de trabajo.<\/p>\n<p><img decoding=\"async\" src=\"https:\/\/www.hydraulic-cylinders.net\/wp-content\/uploads\/2025\/01\/songte-company-2.webp\" alt=\"Imagen del cilindro del brazo\"><\/p>\n<h3>Caracter\u00edsticas<\/h3>\n<ul>\n<li>Transmisi\u00f3n de potencia eficiente: el cilindro del brazo proporciona un potente movimiento y fuerza lineal, lo que garantiza un rendimiento de alta eficiencia durante diversas operaciones.<\/li>\n<li>Control preciso: El cilindro del brazo puede lograr un control de movimiento preciso a trav\u00e9s de sistemas hidr\u00e1ulicos, lo que hace que las operaciones del accesorio sean m\u00e1s flexibles y precisas.<\/li>\n<li>Gran durabilidad: los cilindros de brazo generalmente est\u00e1n hechos de materiales de alta resistencia, que tienen buena resistencia al desgaste y a la corrosi\u00f3n, lo que los hace adecuados para uso a largo plazo en entornos hostiles.<\/li>\n<li>Adaptabilidad multifuncional: estos cilindros se pueden utilizar ampliamente en diversos equipos mec\u00e1nicos, como excavadoras, gr\u00faas y brazos rob\u00f3ticos, para cumplir con diferentes requisitos de trabajo.<\/li>\n<li>F\u00e1cil mantenimiento: El dise\u00f1o considera la facilidad de mantenimiento y reemplazo, lo que hace que la inspecci\u00f3n y el mantenimiento regulares sean m\u00e1s convenientes, reduciendo el tiempo de inactividad del equipo.<\/li>\n<\/ul>\n<p>Podemos producir este producto, que puede reemplazar perfectamente estos cilindros hidr\u00e1ulicos.<\/p>\n<p><img decoding=\"async\" src=\"https:\/\/www.hydraulic-cylinders.net\/wp-content\/uploads\/2025\/01\/songte-oil-pipes-and-spare-parts.webp\" alt=\"Imagen de cilindro hidr\u00e1ulico\"><\/p>\n<h3>Aplicaciones<\/h3>\n<p>El cilindro de brazo tiene una amplia gama de aplicaciones en diversos campos, tales como:<\/p>\n<ul>\n<li>Proyectos de construcci\u00f3n: En excavadoras y gr\u00faas, los cilindros de brazo se utilizan para controlar el movimiento del cuchar\u00f3n o la pluma para movimiento de tierra, manipulaci\u00f3n de materiales e instalaci\u00f3n estructural.<\/li>\n<li>Industria manufacturera: En las l\u00edneas de producci\u00f3n automatizadas, los cilindros de brazo se utilizan para controlar el movimiento de los brazos rob\u00f3ticos para los procesos de ensamblaje, soldadura y manipulaci\u00f3n para mejorar la eficiencia y la precisi\u00f3n de la producci\u00f3n.<\/li>\n<li>Maquinaria agr\u00edcola: En maquinaria agr\u00edcola como cosechadoras y sembradoras, los cilindros de brazo controlan el movimiento de los brazos operativos para realizar tareas como sembrar, fertilizar y cosechar.<\/li>\n<li>Miner\u00eda: Los cilindros de brazo se utilizan para controlar el movimiento del brazo del equipo de miner\u00eda y transportar mineral durante las operaciones mineras.<\/li>\n<li>Log\u00edstica y Transporte: Los cilindros de brazo se utilizan para controlar la elevaci\u00f3n y el movimiento de las horquillas en carretillas elevadoras y robots de manipulaci\u00f3n, lo que permite la manipulaci\u00f3n y el apilado de materiales.<\/li>\n<\/ul>\n<h3>Consideraciones de dise\u00f1o y criterios de selecci\u00f3n<\/h3>\n<p>Las consideraciones de dise\u00f1o para los cilindros de brazo incluyen:<\/p>\n<ul>\n<li>Capacidad de carga: Los cilindros del brazo deben poder soportar la carga requerida.<\/li>\n<li>Sellado: Se deben utilizar diversos sellos, como sellos de pist\u00f3n y sellos de varilla, para garantizar que el fluido hidr\u00e1ulico no tenga fugas.<\/li>\n<li>Durabilidad: Los cilindros del brazo deben estar fabricados con materiales de alta resistencia y resistentes al desgaste para soportar entornos hostiles.<\/li>\n<li>Seguridad: Los cilindros del brazo deben cumplir con los est\u00e1ndares de seguridad para evitar accidentes o mal funcionamiento.<\/li>\n<li>Mantenibilidad: Los cilindros del brazo deben estar dise\u00f1ados para que su mantenimiento y reparaci\u00f3n sean f\u00e1ciles.<\/li>\n<\/ul>\n<p><img decoding=\"async\" src=\"https:\/\/www.hydraulic-cylinders.net\/wp-content\/uploads\/2025\/01\/songte-cylinder-head-with-all-kinds-excavator-models.webp\" alt=\"Imagen de la culata\"><\/p>\n<h3>Sellado y lubricaci\u00f3n<\/h3>\n<p>Se deben utilizar diversos sellos, como sellos de pist\u00f3n y de v\u00e1stago, para garantizar la estanqueidad del fluido hidr\u00e1ulico. Estos sellos deben estar fabricados con materiales resistentes al desgaste, como poliuretano y caucho de nitrilo. El cuerpo del cilindro y la superficie del extremo de la rosca deben estar finamente procesados \u200b\u200bpara mejorar la resistencia al desgaste. El cilindro del brazo requiere la adici\u00f3n regular de aceite hidr\u00e1ulico adecuado para su lubricaci\u00f3n.<\/p>\n<h3>Medidas de mantenimiento y precauci\u00f3n<\/h3>\n<p>La inspecci\u00f3n peri\u00f3dica y el mantenimiento preventivo son necesarios para garantizar el correcto funcionamiento del cilindro del brazo y prolongar su vida \u00fatil. Las medidas incluyen:<\/p>\n<ul>\n<li>Inspeccione peri\u00f3dicamente el cilindro del brazo para detectar da\u00f1os o desgaste.<\/li>\n<li>Limpieza del cilindro y sustituci\u00f3n de cualquier sello o pieza da\u00f1ada.<\/li>\n<li>Apretar los tornillos o tuercas sueltos.<\/li>\n<li>Reemplazar peri\u00f3dicamente el aceite hidr\u00e1ulico.<\/li>\n<\/ul>\n<p><img decoding=\"async\" src=\"https:\/\/www.hydraulic-cylinders.net\/wp-content\/uploads\/2025\/01\/songte-chushion-collar.webp\" alt=\"Imagen de cuello de coj\u00edn\"><\/p>\n<h3>Gu\u00eda de instalaci\u00f3n<\/h3>\n<p>El cilindro del brazo debe instalarse correctamente para garantizar su funcionamiento seguro y fiable. Los pasos incluyen:<\/p>\n<ul>\n<li>Prepare las herramientas y equipos necesarios.<\/li>\n<li>Coloque el cilindro y con\u00e9ctelo al sistema hidr\u00e1ulico.<\/li>\n<li>Verifique que el cilindro no tenga fugas y pruebe su funcionamiento.<\/li>\n<li>Fije firmemente el cilindro con pernos o pasadores.<\/li>\n<\/ul>\n<p><img decoding=\"async\" src=\"https:\/\/www.hydraulic-cylinders.net\/wp-content\/uploads\/2025\/01\/songte-bushings-with-all-kinds-of-excavator-models.webp\" alt=\"Imagen de bujes\"><\/p>\n<h3>Consideraciones de seguridad y factores ambientales<\/h3>\n<p>Las medidas de seguridad son fundamentales al utilizar cilindros de brazo. El personal debidamente capacitado debe manipular y operar la maquinaria, y se debe utilizar el equipo de seguridad. Tambi\u00e9n se deben considerar factores ambientales, como la temperatura y la humedad, al utilizar el cilindro de brazo. <\/p>\n<h3>Soluci\u00f3n de problemas y problemas comunes<\/h3>\n<p>Los problemas comunes con los cilindros de brazo incluyen fugas, da\u00f1os y mal funcionamiento. Consejos para la soluci\u00f3n de problemas:<\/p>\n<ul>\n<li>Inspeccionar si hay da\u00f1os o desgaste en el cilindro.<\/li>\n<li>Comprobaci\u00f3n de fugas en el sistema hidr\u00e1ulico.<\/li>\n<li>Probando el funcionamiento del cilindro.<\/li>\n<\/ul>\n<p>Para evitar posibles problemas, se deben realizar peri\u00f3dicamente un mantenimiento e inspecci\u00f3n adecuados.<\/p>\n<p><img decoding=\"async\" src=\"https:\/\/www.hydraulic-cylinders.net\/wp-content\/uploads\/2025\/01\/songte-company-4.webp\" alt=\"Imagen de la empresa\"><br \/>\n<img decoding=\"async\" src=\"https:\/\/www.hydraulic-cylinders.net\/wp-content\/uploads\/2025\/01\/songte-company-3.webp\" alt=\"Imagen de la empresa\"><\/p>\n<h3>Sobre nosotros<\/h3>\n<p>Somos un fabricante profesional de cilindros hidr\u00e1ulicos de repuesto con una amplia gama de productos. Nos hemos convertido en uno de los principales fabricantes y distribuidores mayoristas de cilindros hidr\u00e1ulicos en el mercado nacional e internacional. Nos adherimos siempre al principio de excelente calidad y nos basamos en la estrategia de gesti\u00f3n de producci\u00f3n industrializada de nuestro taller de fabricaci\u00f3n para mejorar continuamente nuestro nivel tecnol\u00f3gico y la eficiencia de producci\u00f3n. Mediante la introducci\u00f3n de equipos de fabricaci\u00f3n digital avanzados y sistemas de prueba profesionales, optimizamos continuamente nuestra plataforma de fabricaci\u00f3n, mejoramos los procesos de control de calidad de los productos y contamos con una s\u00f3lida capacidad de innovaci\u00f3n. Nuestro objetivo es satisfacer las diversas necesidades de nuestros clientes con alta eficiencia, precisi\u00f3n y principios de alta calidad.<\/p>\n<p>Nuestras fortalezas incluyen:<\/p>\n<ul>\n<li>Profesionalismo: Contamos con un equipo de profesionales experimentados que brindan servicios y productos de alta calidad.<\/li>\n<li>Certificaci\u00f3n Internacional: Hemos obtenido diversas certificaciones internacionales, garantizando que nuestros productos cumplen con los est\u00e1ndares globales.<\/li>\n<li>Servicios de personalizaci\u00f3n: Brindamos servicios personalizados para satisfacer necesidades espec\u00edficas.<\/li>\n<li>Equipo de producci\u00f3n: Utilizamos equipos de fabricaci\u00f3n digital avanzados para producir productos de alta calidad.<\/li>\n<li>Servicio postventa: Ofrecemos un excelente servicio postventa para garantizar la satisfacci\u00f3n del cliente.<\/li>\n<\/ul>\n<p>Autor: lyl<\/p>","protected":false},"excerpt":{"rendered":"<p>Arm Cylinder For Sunward Large Excavator SWE365ELR Introduction The arm cylinder is a specially designed hydraulic cylinder, mainly used to provide linear motion and power for various types of machine arms such as excavators, cranes, and robotic arms. Arm cylinders play a critical role in hydraulic systems, enabling attachments or accessories to move and be [&hellip;]<\/p>","protected":false},"featured_media":14779,"comment_status":"open","ping_status":"closed","template":"","meta":{"_et_pb_use_builder":"","_et_pb_old_content":"","_et_gb_content_width":""},"product_brand":[],"product_cat":[1497],"product_tag":[1498,1496],"class_list":{"0":"post-16458","1":"product","2":"type-product","3":"status-publish","4":"has-post-thumbnail","6":"product_cat-arm-cylinders","7":"product_tag-arm-cylinders","8":"product_tag-hydraulic-cylinders","10":"first","11":"instock","12":"shipping-taxable","13":"product-type-simple"},"amp_enabled":true,"_links":{"self":[{"href":"https:\/\/www.hydraulic-cylinders.net\/es\/wp-json\/wp\/v2\/product\/16458","targetHints":{"allow":["GET"]}}],"collection":[{"href":"https:\/\/www.hydraulic-cylinders.net\/es\/wp-json\/wp\/v2\/product"}],"about":[{"href":"https:\/\/www.hydraulic-cylinders.net\/es\/wp-json\/wp\/v2\/types\/product"}],"replies":[{"embeddable":true,"href":"https:\/\/www.hydraulic-cylinders.net\/es\/wp-json\/wp\/v2\/comments?post=16458"}],"wp:featuredmedia":[{"embeddable":true,"href":"https:\/\/www.hydraulic-cylinders.net\/es\/wp-json\/wp\/v2\/media\/14779"}],"wp:attachment":[{"href":"https:\/\/www.hydraulic-cylinders.net\/es\/wp-json\/wp\/v2\/media?parent=16458"}],"wp:term":[{"taxonomy":"product_brand","embeddable":true,"href":"https:\/\/www.hydraulic-cylinders.net\/es\/wp-json\/wp\/v2\/product_brand?post=16458"},{"taxonomy":"product_cat","embeddable":true,"href":"https:\/\/www.hydraulic-cylinders.net\/es\/wp-json\/wp\/v2\/product_cat?post=16458"},{"taxonomy":"product_tag","embeddable":true,"href":"https:\/\/www.hydraulic-cylinders.net\/es\/wp-json\/wp\/v2\/product_tag?post=16458"}],"curies":[{"name":"wp","href":"https:\/\/api.w.org\/{rel}","templated":true}]}}