{"id":16500,"date":"2025-01-21T05:29:38","date_gmt":"2025-01-21T05:29:38","guid":{"rendered":"https:\/\/www.hydraulic-cylinders.net\/product\/arm-cylinder-for-liugong-small-excavator-clg9045d-907\/"},"modified":"2025-01-21T05:29:40","modified_gmt":"2025-01-21T05:29:40","slug":"arm-cylinder-for-liugong-small-excavator-clg9045d-907","status":"publish","type":"product","link":"https:\/\/www.hydraulic-cylinders.net\/es\/producto\/arm-cylinder-for-liugong-small-excavator-clg9045d-907\/","title":{"rendered":"Cilindro de brazo para excavadora peque\u00f1a Liugong CLG9045D\/907"},"content":{"rendered":"<h1>Cilindro de brazo para excavadora peque\u00f1a Liugong CLG9045D\/907<\/h1>\n<h2>Introducci\u00f3n<\/h2>\n<p>El cilindro de brazo es un cilindro hidr\u00e1ulico de dise\u00f1o especial que se utiliza principalmente para proporcionar movimiento lineal y potencia al brazo de diversas m\u00e1quinas, como excavadoras, gr\u00faas y brazos mec\u00e1nicos. El cilindro de brazo desempe\u00f1a un papel fundamental en los sistemas hidr\u00e1ulicos, permitiendo que los implementos se muevan y controlen eficazmente. Estos cilindros no solo proporcionan un movimiento suave, sino que tambi\u00e9n soportan cargas pesadas, garantizando un funcionamiento eficiente y la fiabilidad de la maquinaria en diversas condiciones de operaci\u00f3n.<\/p>\n<p><img decoding=\"async\" src=\"https:\/\/www.hydraulic-cylinders.net\/wp-content\/uploads\/2025\/01\/songte-company-2.webp\"><\/p>\n<h2>Caracter\u00edsticas<\/h2>\n<ul>\n<li>\n<h3>Transmisi\u00f3n de potencia eficiente:<\/h3>\n<p> El cilindro del brazo proporciona un potente movimiento lineal y fuerza, lo que garantiza un alto rendimiento del brazo mec\u00e1nico en diversas operaciones.<\/li>\n<li>\n<h3>Control preciso:<\/h3>\n<p> Gracias al sistema hidr\u00e1ulico, el cilindro del brazo permite un control de movimiento preciso, lo que hace que el funcionamiento de los accesorios sea m\u00e1s flexible y exacto.<\/li>\n<li>\n<h3>Fuerte durabilidad:<\/h3>\n<p> El cilindro del brazo suele estar fabricado con materiales de alta resistencia, tiene buena resistencia al desgaste y a la corrosi\u00f3n, y es adecuado para un uso prolongado en entornos dif\u00edciles.<\/li>\n<li>\n<h3>Adaptabilidad multifuncional:<\/h3>\n<p> Estos cilindros pueden utilizarse ampliamente en diversos equipos mec\u00e1nicos, como excavadoras, gr\u00faas y brazos mec\u00e1nicos, y pueden adaptarse a diferentes necesidades de trabajo.<\/li>\n<li>\n<h3>F\u00e1cil mantenimiento:<\/h3>\n<p> Dise\u00f1ados pensando en la facilidad de mantenimiento y sustituci\u00f3n, la inspecci\u00f3n y el mantenimiento peri\u00f3dicos resultan m\u00e1s c\u00f3modos, lo que reduce el tiempo de inactividad del equipo.<\/li>\n<\/ul>\n<p><img decoding=\"async\" src=\"https:\/\/www.hydraulic-cylinders.net\/wp-content\/uploads\/2025\/01\/songte-oil-pipes-and-spare-parts.webp\"><\/p>\n<h2>Aplicaciones<\/h2>\n<p>El cilindro de brazo se utiliza ampliamente en diversas industrias, entre ellas:<\/p>\n<ul>\n<li>\n<h3>Ingenier\u00eda de la construcci\u00f3n:<\/h3>\n<p> En las excavadoras y gr\u00faas, el cilindro del brazo se utiliza para controlar el movimiento de la cuchara o la pluma para el movimiento de tierras, la manipulaci\u00f3n de materiales y la instalaci\u00f3n de estructuras.<\/li>\n<li>\n<h3>Fabricaci\u00f3n:<\/h3>\n<p> En las l\u00edneas de producci\u00f3n automatizadas, el cilindro de brazo se utiliza para el movimiento de brazos mec\u00e1nicos, como en el montaje, la soldadura y la manipulaci\u00f3n, mejorando la eficiencia y la precisi\u00f3n de la producci\u00f3n.<\/li>\n<li>\n<h3>Maquinaria agr\u00edcola:<\/h3>\n<p> En la maquinaria agr\u00edcola, como las cosechadoras y las sembradoras, el cilindro del brazo controla el movimiento del brazo operativo, realizando tareas como la siembra, la fertilizaci\u00f3n y la cosecha.<\/li>\n<li>\n<h3>Miner\u00eda:<\/h3>\n<p> En los equipos de miner\u00eda, el cilindro del brazo se utiliza para controlar el movimiento del brazo de la maquinaria para la extracci\u00f3n y manipulaci\u00f3n de minerales.<\/li>\n<li>\n<h3>Log\u00edstica y Transporte:<\/h3>\n<p> En carretillas elevadoras y robots de manipulaci\u00f3n, el cilindro de brazo se utiliza para controlar la elevaci\u00f3n y el movimiento de las horquillas, realizando la manipulaci\u00f3n y el apilado de materiales.<\/li>\n<\/ul>\n<h2>Consideraciones de dise\u00f1o y criterios de selecci\u00f3n<\/h2>\n<p>El cilindro del brazo est\u00e1 dise\u00f1ado para tener ciertas caracter\u00edsticas, como capacidad de carga, sellado, durabilidad, seguridad y facilidad de mantenimiento, para garantizar el rendimiento y la fiabilidad del cilindro. <\/p>\n<ul>\n<li>\n<h3>Capacidad de carga:<\/h3>\n<p> El cilindro del brazo est\u00e1 dise\u00f1ado para soportar cargas pesadas y transmitir un potente movimiento lineal y fuerza.<\/li>\n<li>\n<h3>Caza de focas:<\/h3>\n<p> Se utilizan diversos sellos, como sellos de pist\u00f3n y sellos de v\u00e1stago, para garantizar un sellado adecuado y reducir las fugas de fluido. Se suelen utilizar sellos fabricados con materiales resistentes al desgaste, como poliuretano y caucho de nitrilo, y las superficies del cuerpo del cilindro y del extremo roscado se procesan con precisi\u00f3n para mejorar su resistencia al desgaste.<\/li>\n<li>\n<h3>Durabilidad:<\/h3>\n<p> El cilindro del brazo est\u00e1 fabricado con materiales de alta resistencia, como acero aleado, para garantizar un uso prolongado en condiciones de funcionamiento adversas.<\/li>\n<li>\n<h3>Seguridad:<\/h3>\n<p> El cilindro del brazo est\u00e1 dise\u00f1ado con caracter\u00edsticas de seguridad, como v\u00e1lvulas de alivio de presi\u00f3n, para proteger el sistema hidr\u00e1ulico de la sobrepresi\u00f3n.<\/li>\n<li>\n<h3>Mantenibilidad:<\/h3>\n<p> El cilindro del brazo est\u00e1 dise\u00f1ado para facilitar su mantenimiento y sustituci\u00f3n, reduciendo as\u00ed el tiempo de inactividad del equipo.<\/li>\n<\/ul>\n<p><img decoding=\"async\" src=\"https:\/\/www.hydraulic-cylinders.net\/wp-content\/uploads\/2025\/01\/songte-cylinder-head-with-all-kinds-excavator-models.webp\"><\/p>\n<h2>Sellado y lubricaci\u00f3n<\/h2>\n<p>El cilindro del brazo utiliza diversos sellos, como sellos de pist\u00f3n y de v\u00e1stago, para garantizar un sellado adecuado y reducir las fugas de fluido. Se suelen utilizar sellos fabricados con materiales resistentes al desgaste, como poliuretano y caucho de nitrilo. El cuerpo del cilindro y las superficies de los extremos roscados se procesan con precisi\u00f3n para mejorar su resistencia al desgaste. La lubricaci\u00f3n regular del cilindro con la cantidad adecuada de aceite hidr\u00e1ulico prolonga su vida \u00fatil.<\/p>\n<h2>Inspecci\u00f3n peri\u00f3dica y medidas de mantenimiento preventivo<\/h2>\n<p>Las inspecciones peri\u00f3dicas y las medidas de mantenimiento preventivo pueden ayudar a mantener el rendimiento y la fiabilidad del cilindro del brazo. Se deben tomar las siguientes medidas:<\/p>\n<ul>\n<li>\n<h3>Revise los sellos con regularidad:<\/h3>\n<p> Compruebe si las juntas presentan desgaste o da\u00f1os. Si detecta alg\u00fan da\u00f1o, sustit\u00fayalas a tiempo.<\/li>\n<li>\n<h3>Compruebe el cuerpo del cilindro y la biela del pist\u00f3n:<\/h3>\n<p> Compruebe si hay desgaste o da\u00f1os en el cuerpo del cilindro y en la varilla del pist\u00f3n. Si es necesario, sustit\u00fayalos a tiempo.<\/li>\n<li>\n<h3>Limpie el cilindro regularmente:<\/h3>\n<p> Elimine la suciedad y los residuos del cilindro para evitar da\u00f1os en las juntas y otros componentes.<\/li>\n<li>\n<h3>Compruebe el aceite hidr\u00e1ulico con regularidad:<\/h3>\n<p> Compruebe peri\u00f3dicamente el nivel y la calidad del aceite hidr\u00e1ulico y a\u00f1ada o reemplace el aceite seg\u00fan sea necesario.<\/li>\n<\/ul>\n<p><img decoding=\"async\" src=\"https:\/\/www.hydraulic-cylinders.net\/wp-content\/uploads\/2025\/01\/songte-chushion-collar.webp\"><\/p>\n<h2>Gu\u00eda de instalaci\u00f3n del producto<\/h2>\n<p>El cilindro del brazo debe ser instalado por un t\u00e9cnico profesional y experimentado. Se deben seguir los siguientes pasos:<\/p>\n<ol>\n<li>\n<h3>Prepare el lugar de instalaci\u00f3n:<\/h3>\n<p> Limpie el lugar de instalaci\u00f3n y aseg\u00farese de que haya suficiente espacio para instalar el cilindro.<\/li>\n<li>\n<h3>Prepara el cilindro:<\/h3>\n<p> Retire los tapones y revise el cilindro para detectar cualquier da\u00f1o o defecto.<\/li>\n<li>\n<h3>Instale el cilindro:<\/h3>\n<p> Utilice las herramientas y el equipo adecuados para instalar el cilindro y conectar las l\u00edneas hidr\u00e1ulicas.<\/li>\n<li>\n<h3>Pruebe el cilindro:<\/h3>\n<p> Pruebe el cilindro para asegurarse de que funciona correctamente.<\/li>\n<\/ol>\n<p><img decoding=\"async\" src=\"https:\/\/www.hydraulic-cylinders.net\/wp-content\/uploads\/2025\/01\/songte-bushings-with-all-kinds-of-excavator-models.webp\"><\/p>\n<h2>Consideraciones de seguridad y factores ambientales<\/h2>\n<p>Al utilizar el cilindro de brazo, es importante seguir las normas y directrices de seguridad para prevenir accidentes. Se deben tomar medidas de seguridad como el uso de equipo de protecci\u00f3n y la utilizaci\u00f3n de se\u00f1ales de advertencia al trabajar con el cilindro. Factores ambientales como la temperatura, la humedad y las sustancias corrosivas pueden afectar el rendimiento y la vida \u00fatil del cilindro, por lo que es importante almacenarlo y utilizarlo en condiciones adecuadas.<\/p>\n<h2>Soluci\u00f3n de problemas y problemas comunes<\/h2>\n<p>Los problemas m\u00e1s comunes con el cilindro del brazo incluyen fugas de aceite, ruidos anormales y desplazamiento del cilindro. Las fugas de aceite pueden deberse a juntas desgastadas o da\u00f1adas, una instalaci\u00f3n incorrecta u otros problemas. Los ruidos anormales pueden deberse a conexiones flojas, componentes da\u00f1ados u otros problemas. El desplazamiento del cilindro puede deberse a juntas desgastadas o da\u00f1adas, presi\u00f3n hidr\u00e1ulica insuficiente u otros problemas. Para diagnosticar y solucionar estos problemas, consulte el manual del usuario o a un t\u00e9cnico especializado.<\/p>\n<h2>Introducci\u00f3n de la empresa<\/h2>\n<p>Somos un fabricante profesional de cilindros hidr\u00e1ulicos de repuesto con una amplia gama de productos, y nos hemos consolidado como uno de los principales fabricantes y distribuidores mayoristas de cilindros hidr\u00e1ulicos en los mercados nacionales e internacionales. Nos regimos por el principio de la excelencia en la calidad, bas\u00e1ndonos en una estrategia de gesti\u00f3n de producci\u00f3n industrial con talleres de fabricaci\u00f3n de vanguardia para mejorar constantemente nuestro nivel t\u00e9cnico y eficiencia productiva. Mediante la incorporaci\u00f3n de equipos de fabricaci\u00f3n digital de \u00faltima generaci\u00f3n y sistemas de prueba profesionales, optimizamos continuamente la plataforma de fabricaci\u00f3n y mejoramos el proceso de control de calidad del producto, demostrando una gran capacidad de innovaci\u00f3n. Nuestro objetivo es satisfacer las diversas necesidades de nuestros clientes con alta eficiencia, precisi\u00f3n y calidad.<\/p>\n<p>Nuestra empresa ofrece servicios profesionales, certificaci\u00f3n internacional, servicios personalizados, equipos de producci\u00f3n avanzados y un excelente servicio postventa. <\/p>\n<p><img decoding=\"async\" src=\"https:\/\/www.hydraulic-cylinders.net\/wp-content\/uploads\/2025\/01\/songte-company-4.webp\"><br \/>\n<img decoding=\"async\" src=\"https:\/\/www.hydraulic-cylinders.net\/wp-content\/uploads\/2025\/01\/songte-company-3.webp\"><\/p>\n<p>Autor: lyl<\/p>","protected":false},"excerpt":{"rendered":"<p>Arm Cylinder For Liugong Small Excavator CLG9045D\/907 Introduction The Arm Cylinder is a specially designed hydraulic cylinder that is primarily used to provide linear motion and power to the arm of various machinery such as excavators, cranes and mechanical arms. The Arm Cylinder plays a critical role in hydraulic systems, enabling attachments to move and [&hellip;]<\/p>","protected":false},"featured_media":14774,"comment_status":"open","ping_status":"closed","template":"","meta":{"_et_pb_use_builder":"","_et_pb_old_content":"","_et_gb_content_width":""},"product_brand":[],"product_cat":[1497],"product_tag":[1498,1496],"class_list":{"0":"post-16500","1":"product","2":"type-product","3":"status-publish","4":"has-post-thumbnail","6":"product_cat-arm-cylinders","7":"product_tag-arm-cylinders","8":"product_tag-hydraulic-cylinders","10":"first","11":"instock","12":"shipping-taxable","13":"product-type-simple"},"amp_enabled":true,"_links":{"self":[{"href":"https:\/\/www.hydraulic-cylinders.net\/es\/wp-json\/wp\/v2\/product\/16500","targetHints":{"allow":["GET"]}}],"collection":[{"href":"https:\/\/www.hydraulic-cylinders.net\/es\/wp-json\/wp\/v2\/product"}],"about":[{"href":"https:\/\/www.hydraulic-cylinders.net\/es\/wp-json\/wp\/v2\/types\/product"}],"replies":[{"embeddable":true,"href":"https:\/\/www.hydraulic-cylinders.net\/es\/wp-json\/wp\/v2\/comments?post=16500"}],"wp:featuredmedia":[{"embeddable":true,"href":"https:\/\/www.hydraulic-cylinders.net\/es\/wp-json\/wp\/v2\/media\/14774"}],"wp:attachment":[{"href":"https:\/\/www.hydraulic-cylinders.net\/es\/wp-json\/wp\/v2\/media?parent=16500"}],"wp:term":[{"taxonomy":"product_brand","embeddable":true,"href":"https:\/\/www.hydraulic-cylinders.net\/es\/wp-json\/wp\/v2\/product_brand?post=16500"},{"taxonomy":"product_cat","embeddable":true,"href":"https:\/\/www.hydraulic-cylinders.net\/es\/wp-json\/wp\/v2\/product_cat?post=16500"},{"taxonomy":"product_tag","embeddable":true,"href":"https:\/\/www.hydraulic-cylinders.net\/es\/wp-json\/wp\/v2\/product_tag?post=16500"}],"curies":[{"name":"wp","href":"https:\/\/api.w.org\/{rel}","templated":true}]}}