{"id":16563,"date":"2025-01-21T05:34:11","date_gmt":"2025-01-21T05:34:11","guid":{"rendered":"https:\/\/www.hydraulic-cylinders.net\/product\/arm-cylinder-for-liebherr-large-excavator-r946\/"},"modified":"2025-01-21T05:34:14","modified_gmt":"2025-01-21T05:34:14","slug":"arm-cylinder-for-liebherr-large-excavator-r946","status":"publish","type":"product","link":"https:\/\/www.hydraulic-cylinders.net\/es\/producto\/arm-cylinder-for-liebherr-large-excavator-r946\/","title":{"rendered":"Cilindro de brazo para excavadora grande Liebherr R946"},"content":{"rendered":"<h1>Cilindro de brazo para excavadora grande Liebherr R946<\/h1>\n<h2>Introducci\u00f3n<\/h2>\n<p>El cilindro de brazo es un cilindro hidr\u00e1ulico de dise\u00f1o especial que proporciona movimiento lineal y potencia al brazo de diversas m\u00e1quinas, como excavadoras, gr\u00faas y brazos rob\u00f3ticos. Este cilindro desempe\u00f1a un papel fundamental en los sistemas hidr\u00e1ulicos, permitiendo el movimiento y control eficientes de herramientas o implementos adicionales. Adem\u00e1s de proporcionar movimientos suaves, estos cilindros soportan cargas pesadas, lo que garantiza la alta eficiencia y fiabilidad de la maquinaria en diversas condiciones de funcionamiento.<\/p>\n<p><img decoding=\"async\" src=\"https:\/\/www.hydraulic-cylinders.net\/wp-content\/uploads\/2025\/01\/songte-company-2.webp\"><\/p>\n<h2>Caracter\u00edsticas<\/h2>\n<ul>\n<li>Transmisi\u00f3n de potencia eficiente: El cilindro del brazo proporciona un potente movimiento lineal y fuerza, lo que garantiza una alta eficiencia en diversas operaciones del brazo de la maquinaria.<\/li>\n<li>Control preciso: Mediante sistemas hidr\u00e1ulicos, el cilindro del brazo puede lograr un control de movimiento preciso, lo que hace que el funcionamiento de herramientas adicionales sea m\u00e1s flexible y preciso.<\/li>\n<li>Duradero: El cilindro del brazo suele estar fabricado con materiales de alta resistencia que ofrecen buena resistencia al desgaste y a la corrosi\u00f3n, lo que lo hace adecuado para un uso prolongado en entornos hostiles.<\/li>\n<li>Adaptabilidad multifuncional: Estos cilindros pueden utilizarse ampliamente en diversas m\u00e1quinas, como excavadoras, gr\u00faas y brazos rob\u00f3ticos, adapt\u00e1ndose a diferentes requisitos de trabajo.<\/li>\n<li>Mantenimiento sencillo: El dise\u00f1o tiene en cuenta la facilidad de mantenimiento y sustituci\u00f3n, lo que hace que la inspecci\u00f3n y el mantenimiento regulares sean m\u00e1s convenientes y reduce el tiempo de inactividad del equipo.<\/li>\n<\/ul>\n<p>Podemos producir este producto, que puede reemplazar perfectamente estos cilindros hidr\u00e1ulicos.<\/p>\n<p><img decoding=\"async\" src=\"https:\/\/www.hydraulic-cylinders.net\/wp-content\/uploads\/2025\/01\/songte-oil-pipes-and-spare-parts.webp\"><\/p>\n<h2>Aplicaciones<\/h2>\n<p>El cilindro del brazo se puede utilizar en diversas industrias, entre ellas:<\/p>\n<ul>\n<li>Construcci\u00f3n: En excavadoras y gr\u00faas, el cilindro del brazo se utiliza para controlar el movimiento del cuchar\u00f3n o la pluma para el movimiento de tierras, el manejo de materiales y la instalaci\u00f3n de estructuras.<\/li>\n<li>Fabricaci\u00f3n: En las l\u00edneas de producci\u00f3n automatizadas, el cilindro del brazo se utiliza para el movimiento de los brazos rob\u00f3ticos, facilitando los procesos de ensamblaje, soldadura y manipulaci\u00f3n, lo que mejora la eficiencia y la precisi\u00f3n de la producci\u00f3n.<\/li>\n<li>Maquinaria agr\u00edcola: En maquinaria agr\u00edcola como cosechadoras y sembradoras, el cilindro del brazo controla el movimiento del brazo operativo, realizando tareas como plantar, fertilizar y cosechar.<\/li>\n<li>Miner\u00eda: En los equipos de miner\u00eda, el cilindro del brazo se utiliza para controlar el movimiento del brazo del equipo, realizando tareas como la extracci\u00f3n y el transporte de minerales.<\/li>\n<li>Log\u00edstica y transporte: En las carretillas elevadoras y los robots de manipulaci\u00f3n, el cilindro del brazo se utiliza para controlar la elevaci\u00f3n y el movimiento de las horquillas, realizando as\u00ed la manipulaci\u00f3n y el apilamiento de materiales.<\/li>\n<\/ul>\n<h2>Consideraciones de dise\u00f1o y criterios de selecci\u00f3n<\/h2>\n<p>Los criterios de dise\u00f1o y selecci\u00f3n del cilindro del brazo incluyen:<\/p>\n<h3>capacidad de carga<\/h3>\n<p>El cilindro del brazo debe estar dise\u00f1ado para soportar las cargas y fuerzas previstas que se le aplicar\u00e1n durante su funcionamiento.<\/p>\n<h3>Caza de focas<\/h3>\n<p>Para evitar fugas y contaminaci\u00f3n de fluidos se utilizan diversos tipos de juntas, como las de pist\u00f3n y las de v\u00e1stago. Se prefieren las juntas fabricadas con materiales resistentes al desgaste, como el poliuretano y el caucho de nitrilo.<\/p>\n<h3>Durabilidad<\/h3>\n<p>El cilindro del brazo suele estar fabricado con materiales de alta resistencia que soportan el desgaste y la corrosi\u00f3n. La cabeza del cilindro y la superficie roscada del extremo reciben un mecanizado de precisi\u00f3n para mejorar su resistencia al desgaste.<\/p>\n<h3>Seguridad<\/h3>\n<p>El cilindro del brazo debe dise\u00f1arse teniendo en cuenta la seguridad, con caracter\u00edsticas como dispositivos de parada de emergencia, protecci\u00f3n contra sobrecargas y mecanismos de bloqueo para evitar movimientos accidentales.<\/p>\n<h3>Mantenimiento<\/h3>\n<p>El cilindro del brazo debe dise\u00f1arse para facilitar el mantenimiento, con caracter\u00edsticas como un f\u00e1cil acceso a las piezas de repuesto y procedimientos sencillos de desmontaje y montaje.<\/p>\n<p><img decoding=\"async\" src=\"https:\/\/www.hydraulic-cylinders.net\/wp-content\/uploads\/2025\/01\/songte-cylinder-head-with-all-kinds-excavator-models.webp\"><\/p>\n<h2>Sellado y lubricaci\u00f3n<\/h2>\n<p>El cilindro del brazo utiliza diversos sellos, como los del pist\u00f3n y los del v\u00e1stago, para evitar fugas y contaminaci\u00f3n del fluido. Se prefieren los sellos fabricados con materiales resistentes al desgaste, como el poliuretano y el caucho de nitrilo. El cuerpo del cilindro y el v\u00e1stago del pist\u00f3n se lubrican con aceite hidr\u00e1ulico para reducir la fricci\u00f3n y el desgaste, lo que garantiza un funcionamiento suave y fiable. Es necesario realizar cambios de aceite peri\u00f3dicos e inspeccionar los sellos para asegurar el correcto funcionamiento del cilindro del brazo.<\/p>\n<h2>Mantenimiento y reparaci\u00f3n<\/h2>\n<p>Para garantizar el buen funcionamiento del cilindro del brazo, se requiere una inspecci\u00f3n peri\u00f3dica y un mantenimiento preventivo. Algunas medidas comunes de mantenimiento preventivo incluyen la revisi\u00f3n del nivel de aceite hidr\u00e1ulico, el reemplazo del filtro y la inspecci\u00f3n de las juntas para detectar fugas. En caso de mal funcionamiento, algunas recomendaciones para diagnosticar y solucionar problemas incluyen la revisi\u00f3n de las conexiones, la inspecci\u00f3n de las juntas y la comprobaci\u00f3n de la presi\u00f3n de la bomba hidr\u00e1ulica. El almacenamiento y la manipulaci\u00f3n adecuados del cilindro del brazo tambi\u00e9n son esenciales para evitar da\u00f1os durante el transporte y el almacenamiento.<\/p>\n<p><img decoding=\"async\" src=\"https:\/\/www.hydraulic-cylinders.net\/wp-content\/uploads\/2025\/01\/songte-chushion-collar.webp\"><\/p>\n<h2>Gu\u00eda de instalaci\u00f3n<\/h2>\n<p>La instalaci\u00f3n del cilindro del brazo requiere un an\u00e1lisis minucioso del sistema hidr\u00e1ulico existente de la maquinaria y de los requisitos de montaje espec\u00edficos del cilindro. El proceso de instalaci\u00f3n debe seguir las instrucciones del fabricante e incluir una correcta alineaci\u00f3n, el apriete adecuado de los pernos y la comprobaci\u00f3n del funcionamiento del cilindro.<\/p>\n<p><img decoding=\"async\" src=\"https:\/\/www.hydraulic-cylinders.net\/wp-content\/uploads\/2025\/01\/songte-bushings-with-all-kinds-of-excavator-models.webp\"><\/p>\n<h2>Consideraciones de seguridad y medio ambiente<\/h2>\n<p>La seguridad es fundamental al operar maquinaria con cilindros de brazo. Los operadores deben seguir todas las normas y procedimientos de seguridad, como el uso del equipo de protecci\u00f3n personal adecuado y las t\u00e9cnicas de elevaci\u00f3n correctas. Tambi\u00e9n deben tenerse en cuenta las consideraciones ambientales, incluyendo la correcta eliminaci\u00f3n de fluidos hidr\u00e1ulicos y otros materiales.<\/p>\n<h2>Soluci\u00f3n de problemas y problemas comunes<\/h2>\n<p>Algunos problemas comunes que pueden surgir con los cilindros de los brazos hidr\u00e1ulicos incluyen fugas de fluido y disminuci\u00f3n del rendimiento. El diagn\u00f3stico y la reparaci\u00f3n adecuados de estos problemas requieren comprender el sistema hidr\u00e1ulico y las aver\u00edas espec\u00edficas que puedan presentarse. La inspecci\u00f3n peri\u00f3dica y el mantenimiento preventivo pueden ayudar a reducir la probabilidad de que se produzcan estos problemas.<\/p>\n<h2>Sobre nosotros<\/h2>\n<p>Somos fabricantes profesionales de cilindros hidr\u00e1ulicos de repuesto, con una amplia gama de productos que nos ha posicionado como uno de los principales fabricantes y distribuidores mayoristas de cilindros hidr\u00e1ulicos en los mercados nacionales e internacionales. Nos regimos por el principio de la excelencia en la calidad, y gracias a una estrategia de gesti\u00f3n de producci\u00f3n industrializada en un taller de fabricaci\u00f3n de vanguardia, mejoramos constantemente nuestro nivel t\u00e9cnico y nuestra eficiencia productiva. Mediante la incorporaci\u00f3n de equipos de fabricaci\u00f3n digital avanzados y sistemas de prueba profesionales, optimizamos continuamente nuestra plataforma de fabricaci\u00f3n, mejoramos nuestros procesos de control de calidad y desarrollamos una s\u00f3lida capacidad de innovaci\u00f3n. Nuestro objetivo es satisfacer las diversas necesidades de nuestros clientes con alta eficiencia, precisi\u00f3n y calidad.<\/p>\n<p>Ofrecemos servicios profesionales, certificaciones internacionales, servicios personalizados, equipos de producci\u00f3n avanzados y un excelente servicio postventa.<\/p>\n<p><img decoding=\"async\" src=\"https:\/\/www.hydraulic-cylinders.net\/wp-content\/uploads\/2025\/01\/songte-company-4.webp\"><br \/>\n<img decoding=\"async\" src=\"https:\/\/www.hydraulic-cylinders.net\/wp-content\/uploads\/2025\/01\/songte-company-3.webp\"><\/p>\n<p>Autor: lyl<\/p>","protected":false},"excerpt":{"rendered":"<p>Arm Cylinder For Liebherr Large Excavator R946 Introduction Arm cylinder is a specially designed hydraulic cylinder used to provide linear motion and power for the arm of various machinery, such as excavators, cranes, and robotic arms. The arm cylinder plays a critical role in hydraulic systems, enabling the efficient movement and control of additional tools [&hellip;]<\/p>","protected":false},"featured_media":14766,"comment_status":"open","ping_status":"closed","template":"","meta":{"_et_pb_use_builder":"","_et_pb_old_content":"","_et_gb_content_width":""},"product_brand":[],"product_cat":[1497],"product_tag":[1498,1496],"class_list":{"0":"post-16563","1":"product","2":"type-product","3":"status-publish","4":"has-post-thumbnail","6":"product_cat-arm-cylinders","7":"product_tag-arm-cylinders","8":"product_tag-hydraulic-cylinders","10":"first","11":"instock","12":"shipping-taxable","13":"product-type-simple"},"amp_enabled":true,"_links":{"self":[{"href":"https:\/\/www.hydraulic-cylinders.net\/es\/wp-json\/wp\/v2\/product\/16563","targetHints":{"allow":["GET"]}}],"collection":[{"href":"https:\/\/www.hydraulic-cylinders.net\/es\/wp-json\/wp\/v2\/product"}],"about":[{"href":"https:\/\/www.hydraulic-cylinders.net\/es\/wp-json\/wp\/v2\/types\/product"}],"replies":[{"embeddable":true,"href":"https:\/\/www.hydraulic-cylinders.net\/es\/wp-json\/wp\/v2\/comments?post=16563"}],"wp:featuredmedia":[{"embeddable":true,"href":"https:\/\/www.hydraulic-cylinders.net\/es\/wp-json\/wp\/v2\/media\/14766"}],"wp:attachment":[{"href":"https:\/\/www.hydraulic-cylinders.net\/es\/wp-json\/wp\/v2\/media?parent=16563"}],"wp:term":[{"taxonomy":"product_brand","embeddable":true,"href":"https:\/\/www.hydraulic-cylinders.net\/es\/wp-json\/wp\/v2\/product_brand?post=16563"},{"taxonomy":"product_cat","embeddable":true,"href":"https:\/\/www.hydraulic-cylinders.net\/es\/wp-json\/wp\/v2\/product_cat?post=16563"},{"taxonomy":"product_tag","embeddable":true,"href":"https:\/\/www.hydraulic-cylinders.net\/es\/wp-json\/wp\/v2\/product_tag?post=16563"}],"curies":[{"name":"wp","href":"https:\/\/api.w.org\/{rel}","templated":true}]}}