{"id":16585,"date":"2025-01-21T05:35:56","date_gmt":"2025-01-21T05:35:56","guid":{"rendered":"https:\/\/www.hydraulic-cylinders.net\/product\/arm-cylinder-for-sdlg-large-excavator-lg6300\/"},"modified":"2025-01-21T05:35:58","modified_gmt":"2025-01-21T05:35:58","slug":"arm-cylinder-for-sdlg-large-excavator-lg6300","status":"publish","type":"product","link":"https:\/\/www.hydraulic-cylinders.net\/es\/producto\/arm-cylinder-for-sdlg-large-excavator-lg6300\/","title":{"rendered":"Cilindro de brazo para excavadora grande SDLG LG6300"},"content":{"rendered":"<h2>Cilindro de brazo para excavadora grande SDLG LG6300<\/h2>\n<h3>Introducci\u00f3n<\/h3>\n<p>Un cilindro de brazo es un cilindro hidr\u00e1ulico especializado que se utiliza principalmente para proporcionar movimiento lineal y potencia a los brazos de diversos tipos de maquinaria, como excavadoras, gr\u00faas y brazos mec\u00e1nicos. Los cilindros de brazo desempe\u00f1an un papel fundamental en los sistemas hidr\u00e1ulicos, permitiendo el movimiento y el control de herramientas o accesorios acoplados. Estos cilindros no solo permiten movimientos suaves, sino que tambi\u00e9n soportan cargas pesadas, garantizando un funcionamiento eficiente y fiable de la maquinaria en diversas condiciones de operaci\u00f3n.<\/p>\n<p><img decoding=\"async\" src=\"https:\/\/www.hydraulic-cylinders.net\/wp-content\/uploads\/2025\/01\/songte-company-2.webp\"><\/p>\n<h3>Caracter\u00edsticas<\/h3>\n<ul>\n<li>Transmisi\u00f3n de potencia eficiente: Los cilindros del brazo pueden proporcionar un potente movimiento y fuerza lineal, lo que garantiza un alto rendimiento del brazo mec\u00e1nico durante diversas operaciones.<\/li>\n<li>Control preciso: a trav\u00e9s del sistema hidr\u00e1ulico, el cilindro del brazo puede lograr un control de movimiento preciso, lo que hace que la operaci\u00f3n de las herramientas adjuntas sea m\u00e1s flexible y precisa.<\/li>\n<li>Durabilidad: Los cilindros de brazo generalmente se fabrican con materiales de alta resistencia, que tienen buena resistencia al desgaste y a la corrosi\u00f3n, lo que los hace adecuados para uso a largo plazo en entornos hostiles.<\/li>\n<li>Adaptabilidad multifuncional: estos cilindros se pueden utilizar ampliamente en diversos equipos de maquinaria, como excavadoras, gr\u00faas y brazos mec\u00e1nicos, adapt\u00e1ndose a diferentes requisitos de trabajo.<\/li>\n<li>Mantenimiento sencillo: El dise\u00f1o tiene en cuenta la facilidad de mantenimiento y sustituci\u00f3n, lo que hace que la inspecci\u00f3n y el mantenimiento regulares sean m\u00e1s convenientes y reduce el tiempo de inactividad del equipo.<\/li>\n<\/ul>\n<p><img decoding=\"async\" src=\"https:\/\/www.hydraulic-cylinders.net\/wp-content\/uploads\/2025\/01\/songte-oil-pipes-and-spare-parts.webp\"><\/p>\n<h3>Aplicaciones<\/h3>\n<p>Los cilindros de brazo se utilizan en diversas industrias:<\/p>\n<ul>\n<li>Construcci\u00f3n: En excavadoras y gr\u00faas, los cilindros del brazo controlan el movimiento de cucharones o plumas para movimientos de tierra, manipulaci\u00f3n de materiales e instalaci\u00f3n estructural.<\/li>\n<li>Fabricaci\u00f3n: En las l\u00edneas de producci\u00f3n automatizadas, los cilindros de brazo controlan el movimiento de los brazos mec\u00e1nicos para los procesos de ensamblaje, soldadura y manipulaci\u00f3n, mejorando la eficiencia y la precisi\u00f3n de la producci\u00f3n.<\/li>\n<li>Maquinaria agr\u00edcola: En maquinaria agr\u00edcola como cosechadoras y sembradoras, los cilindros de brazo controlan el movimiento de los brazos operativos para realizar tareas como siembra, fertilizaci\u00f3n y cosecha.<\/li>\n<li>Miner\u00eda: En los equipos de miner\u00eda, los cilindros de brazo se utilizan para controlar el movimiento de los brazos del equipo de miner\u00eda para extraer y transportar minerales.<\/li>\n<li>Log\u00edstica y transporte: En carretillas elevadoras y robots de manipulaci\u00f3n, se utilizan cilindros de brazo para controlar la elevaci\u00f3n y el movimiento de las horquillas, lo que permite la manipulaci\u00f3n y el apilado de materiales.<\/li>\n<\/ul>\n<h3>Consideraciones de dise\u00f1o y criterios de selecci\u00f3n<\/h3>\n<p>Al dise\u00f1ar y seleccionar cilindros de brazo, se deben considerar los siguientes factores:<\/p>\n<h4>Capacidad de carga<\/h4>\n<p>La capacidad de carga del cilindro debe determinarse en funci\u00f3n de la carga m\u00e1xima de la maquinaria.<\/p>\n<h4>Caza de focas<\/h4>\n<ul>\n<li>Sellos de pist\u00f3n: para un buen efecto de sellado, se deben utilizar poliuretano, caucho de nitrilo u otros materiales resistentes al desgaste.<\/li>\n<li>Sellos de v\u00e1stago: El sello de v\u00e1stago debe tener buena resistencia al desgaste, baja fricci\u00f3n y alta resistencia a la presi\u00f3n. Se utilizan com\u00fanmente poliuretano, PTFE y otros materiales.<\/li>\n<li>Juntas limpiadoras: La junta limpiadora se instala en la parte delantera del cilindro para evitar que la suciedad, el polvo y otros contaminantes entren en el cilindro y da\u00f1en el v\u00e1stago del pist\u00f3n. Se suele utilizar una combinaci\u00f3n de caucho y metal.<\/li>\n<\/ul>\n<h4>Durabilidad<\/h4>\n<p>Los cilindros del brazo deben estar fabricados con materiales de alta resistencia para soportar el desgaste, la corrosi\u00f3n y los entornos hostiles.<\/p>\n<h4>Seguridad<\/h4>\n<p>Los cilindros de brazo deben dise\u00f1arse teniendo en cuenta la seguridad, como interruptores de l\u00edmite, botones de parada de emergencia y otros dispositivos de seguridad para evitar accidentes durante el funcionamiento.<\/p>\n<h4>Mantenimiento<\/h4>\n<p>El cilindro debe estar dise\u00f1ado para facilitar el mantenimiento y el reemplazo de piezas, lo que hace que la inspecci\u00f3n y el mantenimiento regulares sean m\u00e1s convenientes y reducen el tiempo de inactividad del equipo.<\/p>\n<p><img decoding=\"async\" src=\"https:\/\/www.hydraulic-cylinders.net\/wp-content\/uploads\/2025\/01\/songte-cylinder-head-with-all-kinds-excavator-models.webp\"><\/p>\n<h3>Sellado y lubricaci\u00f3n<\/h3>\n<p>Se utilizan diversos componentes de sellado para evitar fugas de fluido hidr\u00e1ulico y proteger el cilindro de contaminantes externos. El cuerpo del cilindro y la superficie roscada se procesan con precisi\u00f3n para mejorar la resistencia al desgaste. La lubricaci\u00f3n regular con aceite hidr\u00e1ulico es necesaria para el buen funcionamiento del cilindro.<\/p>\n<h3>Medidas de mantenimiento y prevenci\u00f3n<\/h3>\n<p>La inspecci\u00f3n y el mantenimiento regulares son esenciales para garantizar el funcionamiento fiable del cilindro del brazo. Se deben tomar las siguientes medidas preventivas:<\/p>\n<ul>\n<li>Verifique que los pernos de montaje del cilindro est\u00e9n bien apretados y que no haya desgaste en los orificios roscados.<\/li>\n<li>Inspeccione el v\u00e1stago del pist\u00f3n del cilindro para detectar rayones, desgaste o corrosi\u00f3n.<\/li>\n<li>Revise los sellos del cilindro, los sellos del limpiador y otros componentes para detectar da\u00f1os, desgaste o deformaci\u00f3n.<\/li>\n<li>Compruebe peri\u00f3dicamente el nivel y la calidad del aceite hidr\u00e1ulico.<\/li>\n<li>Limpie el cilindro peri\u00f3dicamente para evitar la contaminaci\u00f3n.<\/li>\n<\/ul>\n<p><img decoding=\"async\" src=\"https:\/\/www.hydraulic-cylinders.net\/wp-content\/uploads\/2025\/01\/songte-chushion-collar.webp\"><\/p>\n<h3>Gu\u00eda de instalaci\u00f3n<\/h3>\n<p>La instalaci\u00f3n de los cilindros del brazo debe ser realizada por t\u00e9cnicos profesionales con experiencia en sistemas hidr\u00e1ulicos. Se deben seguir los siguientes pasos:<\/p>\n<ol>\n<li>Retire el cilindro viejo y limpie las superficies de montaje.<\/li>\n<li>Instale el nuevo cilindro y apriete los pernos de montaje seg\u00fan el torque especificado.<\/li>\n<li>Conecte las mangueras hidr\u00e1ulicas y los accesorios.<\/li>\n<li>Llene el sistema hidr\u00e1ulico con aceite hidr\u00e1ulico limpio y verifique que no haya fugas.<\/li>\n<li>Pruebe el rendimiento y funcionamiento del cilindro.<\/li>\n<\/ol>\n<h3>Consideraciones de seguridad y medio ambiente<\/h3>\n<p>Los cilindros de brazo se utilizan habitualmente en maquinaria pesada, por lo que la seguridad es una prioridad absoluta. Es importante mantener los dispositivos de seguridad del cilindro y seguir las instrucciones del fabricante durante su instalaci\u00f3n, operaci\u00f3n y mantenimiento. Tambi\u00e9n deben considerarse factores ambientales como la temperatura, la humedad y los contaminantes.<\/p>\n<h3>Problemas comunes y soluci\u00f3n de problemas<\/h3>\n<p>Los problemas comunes con los cilindros de brazo incluyen fugas, fuerza insuficiente y funcionamiento lento. Estos problemas suelen resolverse revisando el nivel y la calidad del fluido hidr\u00e1ulico, el estado de los sellos y los limpiaparabrisas, y el rendimiento del sistema hidr\u00e1ulico. Si los problemas persisten, podr\u00eda ser necesario reemplazar componentes o buscar asistencia profesional.<\/p>\n<h3>Sobre nosotros<\/h3>\n<p>Somos un fabricante profesional de cilindros hidr\u00e1ulicos de repuesto con una amplia gama de productos. Nos hemos convertido en uno de los principales fabricantes y distribuidores mayoristas de cilindros hidr\u00e1ulicos en el mercado nacional e internacional. Nos adherimos siempre al principio de excelente calidad, nos basamos en la estrategia de gesti\u00f3n de producci\u00f3n industrializada de nuestro taller de fabricaci\u00f3n de alta calidad y mejoramos continuamente nuestro nivel t\u00e9cnico y eficiencia de producci\u00f3n. Mediante la introducci\u00f3n de equipos de fabricaci\u00f3n digital de alta gama y sistemas de prueba profesionales, optimizamos continuamente la plataforma de fabricaci\u00f3n, mejoramos el proceso de control de calidad del producto y contamos con una s\u00f3lida capacidad de innovaci\u00f3n. Nuestro objetivo es satisfacer las diversas necesidades de nuestros clientes con los principios de alta eficiencia, precisi\u00f3n y alta calidad.<\/p>\n<p><img decoding=\"async\" src=\"https:\/\/www.hydraulic-cylinders.net\/wp-content\/uploads\/2025\/01\/songte-company-4.webp\"><br \/>\n<img decoding=\"async\" src=\"https:\/\/www.hydraulic-cylinders.net\/wp-content\/uploads\/2025\/01\/songte-company-3.webp\"><\/p>\n<p>Nos enorgullecemos de nuestro profesionalismo, certificaciones internacionales, servicios personalizados, equipos de producci\u00f3n y servicio posventa. Nos esforzamos por ofrecer a nuestros clientes productos y servicios de cilindros hidr\u00e1ulicos de alta calidad que superen sus expectativas.<\/p>\n<p>Autor: lyl.<\/p>","protected":false},"excerpt":{"rendered":"<p>Arm Cylinder For SDLG Large Excavator LG6300 Introduction An arm cylinder is a specialized hydraulic cylinder that is primarily used to provide linear motion and power to the arms of various types of machinery such as excavators, cranes and mechanical arms. Arm cylinders play a critical role in hydraulic systems, enabling the movement and control [&hellip;]<\/p>","protected":false},"featured_media":14759,"comment_status":"open","ping_status":"closed","template":"","meta":{"_et_pb_use_builder":"","_et_pb_old_content":"","_et_gb_content_width":""},"product_brand":[],"product_cat":[1497],"product_tag":[1498,1496],"class_list":{"0":"post-16585","1":"product","2":"type-product","3":"status-publish","4":"has-post-thumbnail","6":"product_cat-arm-cylinders","7":"product_tag-arm-cylinders","8":"product_tag-hydraulic-cylinders","10":"first","11":"instock","12":"shipping-taxable","13":"product-type-simple"},"amp_enabled":true,"_links":{"self":[{"href":"https:\/\/www.hydraulic-cylinders.net\/es\/wp-json\/wp\/v2\/product\/16585","targetHints":{"allow":["GET"]}}],"collection":[{"href":"https:\/\/www.hydraulic-cylinders.net\/es\/wp-json\/wp\/v2\/product"}],"about":[{"href":"https:\/\/www.hydraulic-cylinders.net\/es\/wp-json\/wp\/v2\/types\/product"}],"replies":[{"embeddable":true,"href":"https:\/\/www.hydraulic-cylinders.net\/es\/wp-json\/wp\/v2\/comments?post=16585"}],"wp:featuredmedia":[{"embeddable":true,"href":"https:\/\/www.hydraulic-cylinders.net\/es\/wp-json\/wp\/v2\/media\/14759"}],"wp:attachment":[{"href":"https:\/\/www.hydraulic-cylinders.net\/es\/wp-json\/wp\/v2\/media?parent=16585"}],"wp:term":[{"taxonomy":"product_brand","embeddable":true,"href":"https:\/\/www.hydraulic-cylinders.net\/es\/wp-json\/wp\/v2\/product_brand?post=16585"},{"taxonomy":"product_cat","embeddable":true,"href":"https:\/\/www.hydraulic-cylinders.net\/es\/wp-json\/wp\/v2\/product_cat?post=16585"},{"taxonomy":"product_tag","embeddable":true,"href":"https:\/\/www.hydraulic-cylinders.net\/es\/wp-json\/wp\/v2\/product_tag?post=16585"}],"curies":[{"name":"wp","href":"https:\/\/api.w.org\/{rel}","templated":true}]}}