{"id":16586,"date":"2025-01-21T05:36:00","date_gmt":"2025-01-21T05:36:00","guid":{"rendered":"https:\/\/www.hydraulic-cylinders.net\/product\/arm-cylinder-for-sdlg-large-excavator-lg6360e\/"},"modified":"2025-01-21T05:36:02","modified_gmt":"2025-01-21T05:36:02","slug":"arm-cylinder-for-sdlg-large-excavator-lg6360e","status":"publish","type":"product","link":"https:\/\/www.hydraulic-cylinders.net\/es\/producto\/arm-cylinder-for-sdlg-large-excavator-lg6360e\/","title":{"rendered":"Cilindro de brazo para excavadora grande SDLG LG6360E"},"content":{"rendered":"<p><!DOCTYPE html><br \/>\n<html><br \/>\n<head><br \/>\n<title>Cilindro de brazo para excavadora grande SDLG LG6360E<\/title><br \/>\n<\/head><br \/>\n<body><\/p>\n<h1>Cilindro de brazo para excavadora grande SDLG LG6360E<\/h1>\n<h2>Introducci\u00f3n<\/h2>\n<p>El cilindro de brazo para la excavadora grande SDLG LG6360E es un cilindro hidr\u00e1ulico de dise\u00f1o especial que proporciona movimiento lineal y potencia al brazo de diversas m\u00e1quinas, como excavadoras, gr\u00faas y brazos mec\u00e1nicos. Este cilindro desempe\u00f1a un papel fundamental en los sistemas hidr\u00e1ulicos, permitiendo el movimiento y control eficientes de herramientas o implementos adicionales. Estos cilindros no solo logran un movimiento suave, sino que tambi\u00e9n soportan cargas pesadas, garantizando el funcionamiento eficiente y la fiabilidad de la maquinaria en diversas condiciones de trabajo.<\/p>\n<p><img decoding=\"async\" src=\"https:\/\/www.hydraulic-cylinders.net\/wp-content\/uploads\/2025\/01\/songte-company-2.webp\" alt=\"Imagen del cilindro del brazo\"><\/p>\n<h2>Caracter\u00edsticas<\/h2>\n<ul>\n<li><strong>Transmisi\u00f3n de alta eficiencia:<\/strong> El cilindro del brazo proporciona un potente movimiento lineal y fuerza, lo que garantiza una alta eficiencia en diversas operaciones.<\/li>\n<li><strong>Control preciso:<\/strong> A trav\u00e9s del sistema hidr\u00e1ulico, el cilindro del brazo permite un control preciso del movimiento, haciendo que la operaci\u00f3n de las herramientas acopladas sea m\u00e1s flexible y precisa.<\/li>\n<li><strong>Durabilidad:<\/strong> Los cilindros de los brazos suelen estar fabricados con materiales de alta resistencia, con buena resistencia al desgaste y a la corrosi\u00f3n, lo que los hace adecuados para su uso a largo plazo en entornos hostiles.<\/li>\n<li><strong>Adaptabilidad multifuncional:<\/strong> Estos cilindros pueden utilizarse ampliamente en diversos equipos mec\u00e1nicos, como excavadoras, gr\u00faas y brazos mec\u00e1nicos, para adaptarse a diferentes requisitos de trabajo.<\/li>\n<li><strong>F\u00e1cil mantenimiento:<\/strong> El dise\u00f1o tiene en cuenta la facilidad de mantenimiento y sustituci\u00f3n, lo que hace que las inspecciones y el mantenimiento regulares sean m\u00e1s convenientes y reduce el tiempo de inactividad del equipo.<\/li>\n<\/ul>\n<p><img decoding=\"async\" src=\"https:\/\/www.hydraulic-cylinders.net\/wp-content\/uploads\/2025\/01\/songte-oil-pipes-and-spare-parts.webp\" alt=\"Imagen del cilindro del brazo\"><\/p>\n<h2>Aplicaciones<\/h2>\n<p>Este cilindro de brazo tiene diversas aplicaciones en diferentes industrias:<\/p>\n<ul>\n<li><strong>Ingenier\u00eda de la construcci\u00f3n:<\/strong> En excavadoras y gr\u00faas, el cilindro del brazo controla el movimiento de los cucharones o plumas para trabajos de movimiento de tierras, manipulaci\u00f3n de materiales e instalaci\u00f3n de estructuras.<\/li>\n<li><strong>Industria manufacturera:<\/strong> En las l\u00edneas de producci\u00f3n automatizadas, el cilindro del brazo se utiliza para el movimiento de brazos mec\u00e1nicos en procesos como el ensamblaje, la soldadura y la manipulaci\u00f3n, mejorando la eficiencia y la precisi\u00f3n de la producci\u00f3n.<\/li>\n<li><strong>Maquinaria agr\u00edcola:<\/strong> En maquinaria agr\u00edcola como cosechadoras y sembradoras, el cilindro del brazo controla el movimiento de los brazos operativos para tareas como la siembra, la fertilizaci\u00f3n y la cosecha.<\/li>\n<li><strong>Miner\u00eda:<\/strong> En los equipos de miner\u00eda, el cilindro del brazo controla el movimiento del brazo para la extracci\u00f3n y el transporte del mineral.<\/li>\n<li><strong>Log\u00edstica y Transporte:<\/strong> En carretillas elevadoras y robots de manipulaci\u00f3n, el cilindro del brazo controla la elevaci\u00f3n y el movimiento de las horquillas, lo que permite la manipulaci\u00f3n y el apilado de materiales.<\/li>\n<\/ul>\n<h2>Consideraciones de dise\u00f1o y criterios de selecci\u00f3n<\/h2>\n<ul>\n<li><strong>Capacidad de carga:<\/strong> El cilindro del brazo debe estar dise\u00f1ado para soportar la carga prevista y proporcionar la fuerza de elevaci\u00f3n suficiente.<\/li>\n<li><strong>Caza de focas:<\/strong> Se utilizan diversos componentes de sellado, como juntas de pist\u00f3n y juntas de v\u00e1stago, generalmente fabricados con materiales resistentes al desgaste como poliuretano y caucho de nitrilo.<\/li>\n<li><strong>Durabilidad:<\/strong> El cuerpo del cilindro y las superficies roscadas de los extremos est\u00e1n finamente procesadas para mejorar la resistencia al desgaste.<\/li>\n<li><strong>Seguridad:<\/strong> En el dise\u00f1o del cilindro del brazo pueden incorporarse consideraciones de seguridad como la protecci\u00f3n contra sobrecargas y los mecanismos de parada de emergencia.<\/li>\n<li><strong>Mantenibilidad:<\/strong> El cilindro del brazo est\u00e1 dise\u00f1ado para un f\u00e1cil mantenimiento y puede tener caracter\u00edsticas como componentes f\u00e1cilmente accesibles y sistemas de reemplazo r\u00e1pido.<\/li>\n<\/ul>\n<p><img decoding=\"async\" src=\"https:\/\/www.hydraulic-cylinders.net\/wp-content\/uploads\/2025\/01\/songte-cylinder-head-with-all-kinds-excavator-models.webp\" alt=\"Imagen del cilindro del brazo\"><\/p>\n<h2>Sellado y lubricaci\u00f3n<\/h2>\n<p>El cilindro del brazo utiliza diversos componentes de sellado, como juntas de pist\u00f3n y de v\u00e1stago, fabricados con materiales resistentes al desgaste como poliuretano y caucho de nitrilo. El cuerpo del cilindro y las superficies roscadas se someten a un mecanizado de precisi\u00f3n para mejorar su resistencia al desgaste. Se requiere una lubricaci\u00f3n peri\u00f3dica con aceite hidr\u00e1ulico para garantizar un funcionamiento \u00f3ptimo.<\/p>\n<h2>Inspecci\u00f3n regular y mantenimiento preventivo<\/h2>\n<ul>\n<li>Realice inspecciones peri\u00f3dicas para comprobar si hay signos de desgaste, fugas o da\u00f1os en el cilindro del brazo.<\/li>\n<li>Controlar y mantener los niveles y la calidad adecuados del fluido hidr\u00e1ulico.<\/li>\n<li>Sustituya las juntas o componentes desgastados seg\u00fan sea necesario para evitar posibles fallos.<\/li>\n<li>Aseg\u00farese de que todas las conexiones y accesorios est\u00e9n seguros y libres de fugas.<\/li>\n<li>Siga el programa de mantenimiento y las directrices recomendadas por el fabricante.<\/li>\n<\/ul>\n<h2>Gu\u00eda de instalaci\u00f3n del producto<\/h2>\n<p>La correcta instalaci\u00f3n del cilindro del brazo es crucial para un rendimiento \u00f3ptimo. Siga estos pasos:<\/p>\n<ol>\n<li>Prepare la zona de instalaci\u00f3n y aseg\u00farese de que est\u00e9 limpia y libre de residuos.<\/li>\n<li>Alinee el cilindro del brazo con los soportes de montaje o los puntos de fijaci\u00f3n de la maquinaria.<\/li>\n<li>Fije el cilindro de forma segura utilizando los pernos y accesorios adecuados.<\/li>\n<li>Comprueba la alineaci\u00f3n correcta y realiza los ajustes necesarios.<\/li>\n<li>Pruebe el cilindro del brazo para garantizar un funcionamiento suave y preciso.<\/li>\n<\/ol>\n<p><img decoding=\"async\" src=\"https:\/\/www.hydraulic-cylinders.net\/wp-content\/uploads\/2025\/01\/songte-bushings-with-all-kinds-of-excavator-models.webp\" alt=\"Imagen del cilindro del brazo\"><\/p>\n<h2>Consideraciones de seguridad y factores ambientales<\/h2>\n<p>Al utilizar el cilindro del brazo, es importante seguir las medidas de seguridad para prevenir accidentes y garantizar la seguridad del operador. La capacitaci\u00f3n adecuada y el cumplimiento de las normas de seguridad son esenciales. Adem\u00e1s, es importante considerar factores ambientales como la temperatura, la humedad y la exposici\u00f3n a productos qu\u00edmicos para asegurar la durabilidad y el rendimiento del cilindro del brazo.<\/p>\n<h2>Soluci\u00f3n de problemas y problemas comunes<\/h2>\n<p>En caso de cualquier problema con el cilindro del brazo, los siguientes consejos y soluciones para la resoluci\u00f3n de problemas pueden ser de ayuda:<\/p>\n<ul>\n<li><strong>Asunto:<\/strong> Fuga del cilindro.<br \/>\n<br \/><strong>Soluci\u00f3n:<\/strong> Compruebe y sustituya las juntas desgastadas o los componentes da\u00f1ados. Aseg\u00farese de que el montaje sea correcto y que las conexiones est\u00e9n bien ajustadas.<\/li>\n<li><strong>Asunto:<\/strong> Movimiento insuficiente o desigual del brazo.<br \/>\n<br \/><strong>Soluci\u00f3n:<\/strong> Compruebe los niveles y la calidad del l\u00edquido hidr\u00e1ulico. Inspeccione si hay obstrucciones o bloqueos en el sistema hidr\u00e1ulico. Consulte a un profesional si es necesario.<\/li>\n<li><strong>Asunto:<\/strong> Ruido anormal durante el funcionamiento.<br \/>\n<br \/><strong>Soluci\u00f3n:<\/strong> Compruebe si hay conexiones sueltas o componentes da\u00f1ados. Lubrique las piezas m\u00f3viles seg\u00fan sea necesario. Si el problema persiste, p\u00f3ngase en contacto con un t\u00e9cnico.<\/li>\n<\/ul>\n<p><img decoding=\"async\" src=\"https:\/\/www.hydraulic-cylinders.net\/wp-content\/uploads\/2025\/01\/songte-chushion-collar.webp\" alt=\"Imagen del cilindro del brazo\"><\/p>\n<h2>Sobre nosotros<\/h2>\n<p>Somos fabricantes profesionales de cilindros hidr\u00e1ulicos de repuesto y ofrecemos una amplia gama de productos. Nos hemos consolidado como uno de los principales fabricantes y distribuidores mayoristas de cilindros hidr\u00e1ulicos tanto en el mercado nacional como internacional. Comprometidos con la excelencia en la calidad, aplicamos estrategias de gesti\u00f3n de la producci\u00f3n industrial en nuestro taller de fabricaci\u00f3n de \u00faltima generaci\u00f3n para mejorar continuamente nuestras capacidades t\u00e9cnicas y la eficiencia de nuestra producci\u00f3n.<\/p>\n<p>Mediante la incorporaci\u00f3n de equipos de fabricaci\u00f3n digital de \u00faltima generaci\u00f3n y sistemas de pruebas profesionales, optimizamos nuestra plataforma de producci\u00f3n y perfeccionamos nuestros procesos de control de calidad, lo que nos permite desarrollar una s\u00f3lida capacidad de innovaci\u00f3n. Nuestro objetivo es satisfacer las diversas necesidades de nuestros clientes con eficiencia, precisi\u00f3n y alta calidad.<\/p>\n<p><img decoding=\"async\" src=\"https:\/\/www.hydraulic-cylinders.net\/wp-content\/uploads\/2025\/01\/songte-company-4.webp\" alt=\"Imagen de la empresa\"><br \/>\n<img decoding=\"async\" src=\"https:\/\/www.hydraulic-cylinders.net\/wp-content\/uploads\/2025\/01\/songte-company-3.webp\" alt=\"Imagen de la empresa\"><\/p>\n<p><em>Autor: lyl<\/em><\/p>\n<p><\/body><br \/>\n<\/html><\/p>","protected":false},"excerpt":{"rendered":"<p>Arm Cylinder For SDLG Large Excavator LG6360E Arm Cylinder For SDLG Large Excavator LG6360E Introduction The Arm Cylinder for SDLG Large Excavator LG6360E is a specially designed hydraulic cylinder that provides linear motion and power to the arm of various machinery, such as excavators, cranes, and mechanical arms. The arm cylinder plays a critical role [&hellip;]<\/p>","protected":false},"featured_media":14786,"comment_status":"open","ping_status":"closed","template":"","meta":{"_et_pb_use_builder":"","_et_pb_old_content":"","_et_gb_content_width":""},"product_brand":[],"product_cat":[1497],"product_tag":[1498,1496],"class_list":{"0":"post-16586","1":"product","2":"type-product","3":"status-publish","4":"has-post-thumbnail","6":"product_cat-arm-cylinders","7":"product_tag-arm-cylinders","8":"product_tag-hydraulic-cylinders","10":"first","11":"instock","12":"shipping-taxable","13":"product-type-simple"},"amp_enabled":true,"_links":{"self":[{"href":"https:\/\/www.hydraulic-cylinders.net\/es\/wp-json\/wp\/v2\/product\/16586","targetHints":{"allow":["GET"]}}],"collection":[{"href":"https:\/\/www.hydraulic-cylinders.net\/es\/wp-json\/wp\/v2\/product"}],"about":[{"href":"https:\/\/www.hydraulic-cylinders.net\/es\/wp-json\/wp\/v2\/types\/product"}],"replies":[{"embeddable":true,"href":"https:\/\/www.hydraulic-cylinders.net\/es\/wp-json\/wp\/v2\/comments?post=16586"}],"wp:featuredmedia":[{"embeddable":true,"href":"https:\/\/www.hydraulic-cylinders.net\/es\/wp-json\/wp\/v2\/media\/14786"}],"wp:attachment":[{"href":"https:\/\/www.hydraulic-cylinders.net\/es\/wp-json\/wp\/v2\/media?parent=16586"}],"wp:term":[{"taxonomy":"product_brand","embeddable":true,"href":"https:\/\/www.hydraulic-cylinders.net\/es\/wp-json\/wp\/v2\/product_brand?post=16586"},{"taxonomy":"product_cat","embeddable":true,"href":"https:\/\/www.hydraulic-cylinders.net\/es\/wp-json\/wp\/v2\/product_cat?post=16586"},{"taxonomy":"product_tag","embeddable":true,"href":"https:\/\/www.hydraulic-cylinders.net\/es\/wp-json\/wp\/v2\/product_tag?post=16586"}],"curies":[{"name":"wp","href":"https:\/\/api.w.org\/{rel}","templated":true}]}}