{"id":16592,"date":"2025-01-21T05:36:30","date_gmt":"2025-01-21T05:36:30","guid":{"rendered":"https:\/\/www.hydraulic-cylinders.net\/product\/arm-cylinder-for-jonyang-small-excavator-jy615eld\/"},"modified":"2025-01-21T05:36:32","modified_gmt":"2025-01-21T05:36:32","slug":"arm-cylinder-for-jonyang-small-excavator-jy615eld","status":"publish","type":"product","link":"https:\/\/www.hydraulic-cylinders.net\/es\/producto\/arm-cylinder-for-jonyang-small-excavator-jy615eld\/","title":{"rendered":"Cilindro de brazo para excavadora peque\u00f1a Jonyang JY615ELD"},"content":{"rendered":"<h2>Introducci\u00f3n<\/h2>\n<h3>Cilindro de brazo para excavadora peque\u00f1a Jonyang JY615ELD<\/h3>\n<p>El cilindro del brazo es un cilindro hidr\u00e1ulico especialmente dise\u00f1ado que proporciona movimiento lineal y potencia a los brazos de diversos tipos de maquinaria, como excavadoras, gr\u00faas y brazos mec\u00e1nicos. El cilindro del brazo desempe\u00f1a un papel fundamental en el sistema hidr\u00e1ulico, permitiendo que los accesorios se muevan y controlen eficazmente. Estos cilindros no solo proporcionan un movimiento suave, sino que tambi\u00e9n soportan cargas pesadas, garantizando un funcionamiento eficiente y la fiabilidad de la maquinaria en diversas condiciones de operaci\u00f3n.<\/p>\n<p><img decoding=\"async\" src=\"https:\/\/www.hydraulic-cylinders.net\/wp-content\/uploads\/2025\/01\/songte-company-2.webp\" alt=\"Cilindro de brazo para excavadora peque\u00f1a Jonyang JY615ELD\"><\/p>\n<h2>Caracter\u00edsticas del producto<\/h2>\n<ul>\n<li>\n<h3>Transmisi\u00f3n de energ\u00eda eficiente<\/h3>\n<p>El cilindro del brazo proporciona un fuerte movimiento lineal y fuerza, lo que garantiza una eficiencia de alto rendimiento del brazo mec\u00e1nico durante diversas operaciones.<\/p>\n<\/li>\n<li>\n<h3>Control preciso<\/h3>\n<p>A trav\u00e9s del sistema hidr\u00e1ulico, el cilindro del brazo puede lograr un control de movimiento preciso, haciendo que la operaci\u00f3n de los accesorios sea m\u00e1s flexible y precisa.<\/p>\n<\/li>\n<li>\n<h3>Gran durabilidad<\/h3>\n<p>El cilindro del brazo suele estar fabricado con materiales de alta resistencia y posee una buena resistencia al desgaste y a la corrosi\u00f3n, lo que lo hace adecuado para su uso a largo plazo en entornos hostiles.<\/p>\n<\/li>\n<li>\n<h3>Adaptabilidad multifuncional<\/h3>\n<p>Estos cilindros se pueden utilizar ampliamente en diversos equipos mec\u00e1nicos, como excavadoras, gr\u00faas y brazos mec\u00e1nicos, para adaptarse a diferentes requisitos de trabajo.<\/p>\n<\/li>\n<li>\n<h3>F\u00e1cil mantenimiento<\/h3>\n<p>El dise\u00f1o considera un f\u00e1cil mantenimiento y reemplazo, haciendo que las inspecciones y el mantenimiento regulares sean m\u00e1s convenientes y reduciendo el tiempo de inactividad del equipo.<\/p>\n<\/li>\n<\/ul>\n<p>Nuestro producto puede sustituir perfectamente a estos cilindros hidr\u00e1ulicos. <\/p>\n<p><img decoding=\"async\" src=\"https:\/\/www.hydraulic-cylinders.net\/wp-content\/uploads\/2025\/01\/songte-oil-pipes-and-spare-parts.webp\" alt=\"Cilindro de brazo para excavadora peque\u00f1a Jonyang JY615ELD\"><\/p>\n<h2>Aplicaci\u00f3n<\/h2>\n<p>El cilindro de brazo se utiliza ampliamente en diversas industrias como las siguientes:<\/p>\n<ul>\n<li>\n<h3>Ingenier\u00eda de la construcci\u00f3n<\/h3>\n<p>En excavadoras y gr\u00faas, el cilindro del brazo se utiliza para controlar el movimiento del cuchar\u00f3n o la pluma para realizar operaciones de movimiento de tierras, manipulaci\u00f3n de materiales e instalaci\u00f3n de estructuras.<\/p>\n<\/li>\n<li>\n<h3>Fabricaci\u00f3n<\/h3>\n<p>En las l\u00edneas de producci\u00f3n automatizadas, el cilindro de brazo se utiliza para el movimiento de brazos mec\u00e1nicos para realizar procesos de ensamblaje, soldadura y manipulaci\u00f3n, mejorando la eficiencia y la precisi\u00f3n de la producci\u00f3n.<\/p>\n<\/li>\n<li>\n<h3>Maquinaria agr\u00edcola<\/h3>\n<p>En maquinaria agr\u00edcola, como cosechadoras y sembradoras, el cilindro del brazo controla el movimiento del brazo operativo para realizar tareas como sembrar, fertilizar y cosechar.<\/p>\n<\/li>\n<li>\n<h3>Miner\u00eda<\/h3>\n<p>En el equipo de miner\u00eda, el cilindro del brazo se utiliza para controlar el movimiento del brazo del equipo de miner\u00eda para realizar la extracci\u00f3n y el transporte de mineral.<\/p>\n<\/li>\n<li>\n<h3>Log\u00edstica y Transporte<\/h3>\n<p>En carretillas elevadoras y robots de manipulaci\u00f3n, el cilindro del brazo se utiliza para controlar la elevaci\u00f3n y el movimiento de la horquilla para manipular y apilar materiales.<\/p>\n<\/li>\n<\/ul>\n<h2>Consideraciones de dise\u00f1o y est\u00e1ndares de selecci\u00f3n<\/h2>\n<ul>\n<li>\n<h3>Capacidad de carga<\/h3>\n<p>El cilindro del brazo debe tener suficiente capacidad de carga para garantizar el funcionamiento normal del brazo mec\u00e1nico.<\/p>\n<\/li>\n<li>\n<h3>Rendimiento de sellado<\/h3>\n<p>El cilindro del brazo utiliza varios componentes de sellado, como sellos de pist\u00f3n y sellos de varilla hechos de materiales resistentes al desgaste, como poliuretano y caucho de nitrilo, para garantizar un excelente rendimiento de sellado.<\/p>\n<\/li>\n<li>\n<h3>Durabilidad<\/h3>\n<p>El cuerpo del cilindro y la superficie roscada del extremo se someten a un procesamiento fino para mejorar la resistencia al desgaste. Se utilizan materiales de alta resistencia para garantizar la durabilidad del cilindro del brazo.<\/p>\n<\/li>\n<li>\n<h3>Seguridad y mantenimiento<\/h3>\n<p>El cilindro del brazo est\u00e1 dise\u00f1ado considerando consideraciones de seguridad, como la instalaci\u00f3n de v\u00e1lvulas de seguridad para evitar sobrecargas. El dise\u00f1o tambi\u00e9n considera la facilidad de mantenimiento y reemplazo de componentes.<\/p>\n<\/li>\n<\/ul>\n<p><img decoding=\"async\" src=\"https:\/\/www.hydraulic-cylinders.net\/wp-content\/uploads\/2025\/01\/songte-cylinder-head-with-all-kinds-excavator-models.webp\" alt=\"Cilindro de brazo para excavadora peque\u00f1a Jonyang JY615ELD\"><\/p>\n<h2>Sellado y lubricaci\u00f3n<\/h2>\n<p>El cilindro del brazo utiliza diversos componentes de sellado, como sellos de pist\u00f3n, sellos de v\u00e1stago y anillos de desgaste, fabricados con materiales resistentes al desgaste como poliuretano y caucho de nitrilo para garantizar un excelente rendimiento de sellado. El cuerpo del cilindro y la superficie roscada del extremo se someten a un procesamiento fino para mejorar la resistencia al desgaste. La adici\u00f3n regular de aceite hidr\u00e1ulico garantiza la lubricaci\u00f3n del cilindro del brazo.<\/p>\n<p><img decoding=\"async\" src=\"https:\/\/www.hydraulic-cylinders.net\/wp-content\/uploads\/2025\/01\/songte-chushion-collar.webp\" alt=\"Cilindro de brazo para excavadora peque\u00f1a Jonyang JY615ELD\"><\/p>\n<h2>Mantenimiento y soluci\u00f3n de problemas<\/h2>\n<p>La inspecci\u00f3n regular y el mantenimiento preventivo pueden ayudar a minimizar posibles problemas y prolongar la vida \u00fatil del cilindro del brazo. Algunos problemas comunes y m\u00e9todos de soluci\u00f3n de problemas son los siguientes:<\/p>\n<ul>\n<li>\n<h3>Fuga<\/h3>\n<p>La fuga puede deberse a da\u00f1os en los componentes de sellado. Es necesario reemplazar las piezas da\u00f1adas a tiempo o ajustar la tuerca de la culata para asegurar un buen contacto de los componentes de sellado con el cuerpo del cilindro.<\/p>\n<\/li>\n<li>\n<h3>Ruido anormal<\/h3>\n<p>La causa del ruido anormal puede deberse a una lubricaci\u00f3n insuficiente o a da\u00f1os en el pist\u00f3n o la biela. Es necesario a\u00f1adir aceite lubricante a tiempo o sustituir las piezas da\u00f1adas.<\/p>\n<\/li>\n<li>\n<h3>Movimiento deficiente<\/h3>\n<p>La causa del movimiento deficiente puede deberse a presi\u00f3n insuficiente o a da\u00f1os en el sistema hidr\u00e1ulico. Es necesario ajustar la presi\u00f3n o reparar el sistema hidr\u00e1ulico a tiempo para garantizar un funcionamiento normal.<\/p>\n<\/li>\n<\/ul>\n<p>Las medidas preventivas incluyen la inspecci\u00f3n y el mantenimiento regulares, el reemplazo oportuno de las piezas da\u00f1adas y el uso y almacenamiento adecuados.<\/p>\n<h2>Gu\u00eda de instalaci\u00f3n<\/h2>\n<p>Antes de la instalaci\u00f3n, verifique las dimensiones y seleccione el m\u00e9todo adecuado. Durante la instalaci\u00f3n, aseg\u00farese de que el cilindro del brazo est\u00e9 correctamente instalado y de que los componentes de sellado est\u00e9n en buen contacto con el cuerpo del cilindro. Despu\u00e9s de la instalaci\u00f3n, realice una prueba de presi\u00f3n para detectar fugas u otros problemas. Consulte el manual de instalaci\u00f3n para obtener instrucciones m\u00e1s detalladas.<\/p>\n<p><img decoding=\"async\" src=\"https:\/\/www.hydraulic-cylinders.net\/wp-content\/uploads\/2025\/01\/songte-bushings-with-all-kinds-of-excavator-models.webp\" alt=\"Cilindro de brazo para excavadora peque\u00f1a Jonyang JY615ELD\"><\/p>\n<h2>Sobre nosotros<\/h2>\n<p>Somos un fabricante profesional de cilindros hidr\u00e1ulicos alternativos con una amplia gama de productos y nos hemos convertido en uno de los principales fabricantes y distribuidores mayoristas de cilindros hidr\u00e1ulicos en los mercados nacional e internacional. Nos adherimos siempre al principio de excelencia en calidad, nos apoyamos en la estrategia de gesti\u00f3n de la producci\u00f3n industrial de nuestros talleres de fabricaci\u00f3n de alta calidad y mejoramos continuamente nuestro nivel t\u00e9cnico y eficiencia de producci\u00f3n. Mediante la introducci\u00f3n de equipos de fabricaci\u00f3n digital de alta gama y sistemas de prueba profesionales, optimizamos continuamente la plataforma de fabricaci\u00f3n, mejoramos el proceso de control de calidad del producto y contamos con una s\u00f3lida capacidad de innovaci\u00f3n. Nuestro objetivo es satisfacer las diversas necesidades de nuestros clientes con alta eficiencia, precisi\u00f3n y principios de alta calidad.<\/p>\n<p><img decoding=\"async\" src=\"https:\/\/www.hydraulic-cylinders.net\/wp-content\/uploads\/2025\/01\/songte-company-4.webp\" alt=\"Sobre nosotros\"><\/p>\n<h3>Nuestras ventajas<\/h3>\n<ul>\n<li>\n<p>Profesionalismo: Contamos con un equipo profesional y equipos de producci\u00f3n avanzados para proporcionar a los clientes cilindros hidr\u00e1ulicos de alta calidad.<\/p>\n<\/li>\n<li>\n<p>Certificaci\u00f3n internacional: Nuestros productos han obtenido la certificaci\u00f3n del sistema de gesti\u00f3n de calidad ISO9001: 2015 y la certificaci\u00f3n CE, lo que garantiza la calidad y seguridad del producto.<\/p>\n<\/li>\n<li>\n<p>Servicio de personalizaci\u00f3n: Podemos personalizar cilindros hidr\u00e1ulicos seg\u00fan los requisitos del cliente para satisfacer diferentes necesidades de aplicaci\u00f3n.<\/p>\n<\/li>\n<li>\n<p>Equipo de producci\u00f3n: Contamos con equipos de producci\u00f3n avanzados, incluidos centros de mecanizado CNC, tornos CNC y otros equipos de procesamiento de precisi\u00f3n para garantizar la calidad del producto y la eficiencia de la producci\u00f3n.<\/p>\n<\/li>\n<li>\n<p>Servicio posventa: Nuestro equipo profesional de servicio posventa brinda a los clientes un servicio posventa oportuno y eficaz, garantizando la satisfacci\u00f3n del cliente.<\/p>\n<\/li>\n<\/ul>\n<p><img decoding=\"async\" src=\"https:\/\/www.hydraulic-cylinders.net\/wp-content\/uploads\/2025\/01\/songte-company-3.webp\" alt=\"Sobre nosotros\"><\/p>\n<p>Autor: lyl<\/p>","protected":false},"excerpt":{"rendered":"<p>Introduction Arm Cylinder for Jonyang Small Excavator JY615ELD The arm cylinder is a specially designed hydraulic cylinder that provides linear movement and power to the arms of various types of machinery, such as excavators, cranes, and mechanical arms. The arm cylinder plays a critical role in the hydraulic system, enabling attachments or accessories to move [&hellip;]<\/p>","protected":false},"featured_media":14770,"comment_status":"open","ping_status":"closed","template":"","meta":{"_et_pb_use_builder":"","_et_pb_old_content":"","_et_gb_content_width":""},"product_brand":[],"product_cat":[1497],"product_tag":[1498,1496],"class_list":{"0":"post-16592","1":"product","2":"type-product","3":"status-publish","4":"has-post-thumbnail","6":"product_cat-arm-cylinders","7":"product_tag-arm-cylinders","8":"product_tag-hydraulic-cylinders","10":"first","11":"instock","12":"shipping-taxable","13":"product-type-simple"},"amp_enabled":true,"_links":{"self":[{"href":"https:\/\/www.hydraulic-cylinders.net\/es\/wp-json\/wp\/v2\/product\/16592","targetHints":{"allow":["GET"]}}],"collection":[{"href":"https:\/\/www.hydraulic-cylinders.net\/es\/wp-json\/wp\/v2\/product"}],"about":[{"href":"https:\/\/www.hydraulic-cylinders.net\/es\/wp-json\/wp\/v2\/types\/product"}],"replies":[{"embeddable":true,"href":"https:\/\/www.hydraulic-cylinders.net\/es\/wp-json\/wp\/v2\/comments?post=16592"}],"wp:featuredmedia":[{"embeddable":true,"href":"https:\/\/www.hydraulic-cylinders.net\/es\/wp-json\/wp\/v2\/media\/14770"}],"wp:attachment":[{"href":"https:\/\/www.hydraulic-cylinders.net\/es\/wp-json\/wp\/v2\/media?parent=16592"}],"wp:term":[{"taxonomy":"product_brand","embeddable":true,"href":"https:\/\/www.hydraulic-cylinders.net\/es\/wp-json\/wp\/v2\/product_brand?post=16592"},{"taxonomy":"product_cat","embeddable":true,"href":"https:\/\/www.hydraulic-cylinders.net\/es\/wp-json\/wp\/v2\/product_cat?post=16592"},{"taxonomy":"product_tag","embeddable":true,"href":"https:\/\/www.hydraulic-cylinders.net\/es\/wp-json\/wp\/v2\/product_tag?post=16592"}],"curies":[{"name":"wp","href":"https:\/\/api.w.org\/{rel}","templated":true}]}}