{"id":16601,"date":"2025-01-21T05:37:04","date_gmt":"2025-01-21T05:37:04","guid":{"rendered":"https:\/\/www.hydraulic-cylinders.net\/product\/arm-cylinder-for-jcm-middle-excavator-922d\/"},"modified":"2025-01-21T05:37:06","modified_gmt":"2025-01-21T05:37:06","slug":"arm-cylinder-for-jcm-middle-excavator-922d","status":"publish","type":"product","link":"https:\/\/www.hydraulic-cylinders.net\/es\/producto\/arm-cylinder-for-jcm-middle-excavator-922d\/","title":{"rendered":"Cilindro de brazo para excavadora intermedia JCM 922D"},"content":{"rendered":"<h1>Cilindro de brazo para excavadora intermedia JCM 922D<\/h1>\n<h2>Introducci\u00f3n<\/h2>\n<h3>Definici\u00f3n<\/h3>\n<p>El cilindro de brazo es un cilindro hidr\u00e1ulico especializado que se utiliza principalmente para proporcionar movimiento lineal y potencia a los brazos de diversas m\u00e1quinas, como excavadoras, gr\u00faas y brazos rob\u00f3ticos. El cilindro de brazo desempe\u00f1a un papel fundamental en el sistema hidr\u00e1ulico, permitiendo el movimiento y control efectivos de herramientas o accesorios adicionales. Estos cilindros no solo proporcionan un movimiento suave y eficiente, sino que tambi\u00e9n soportan cargas pesadas, garantizando un funcionamiento eficiente y la fiabilidad de la maquinaria en diversas condiciones de operaci\u00f3n.<\/p>\n<p><img decoding=\"async\" src=\"https:\/\/www.hydraulic-cylinders.net\/wp-content\/uploads\/2025\/01\/songte-company-2.webp\" alt=\"Imagen del cilindro del brazo\"><\/p>\n<h2>Caracter\u00edsticas<\/h2>\n<ul>\n<li>\n<h3>Transmisi\u00f3n de energ\u00eda eficiente<\/h3>\n<p>El cilindro del brazo proporciona un potente movimiento y fuerza lineal, lo que garantiza un alto rendimiento del brazo rob\u00f3tico en diversas operaciones.<\/p>\n<\/li>\n<li>\n<h3>Control preciso<\/h3>\n<p>El cilindro del brazo puede lograr un control de movimiento preciso a trav\u00e9s del sistema hidr\u00e1ulico, lo que hace que la operaci\u00f3n de herramientas adicionales sea m\u00e1s flexible y precisa.<\/p>\n<\/li>\n<li>\n<h3>Gran durabilidad<\/h3>\n<p>El cilindro del brazo generalmente est\u00e1 hecho de materiales de alta resistencia y tiene buena resistencia al desgaste y a la corrosi\u00f3n, siendo adecuado para uso a largo plazo en entornos hostiles.<\/p>\n<\/li>\n<li>\n<h3>Adaptabilidad multifuncional<\/h3>\n<p>Estos cilindros se pueden utilizar ampliamente en diversos equipos de maquinaria como excavadoras, gr\u00faas y brazos rob\u00f3ticos, adapt\u00e1ndose a diferentes necesidades de trabajo.<\/p>\n<\/li>\n<li>\n<h3>F\u00e1cil mantenimiento<\/h3>\n<p>El dise\u00f1o considera un f\u00e1cil mantenimiento y reemplazo, haciendo que las inspecciones y el mantenimiento regulares sean m\u00e1s convenientes y reduciendo el tiempo de inactividad del equipo.<\/p>\n<\/li>\n<\/ul>\n<p>Podemos producir este producto, y nuestro producto puede reemplazar perfectamente estos cilindros hidr\u00e1ulicos.<\/p>\n<p><img decoding=\"async\" src=\"https:\/\/www.hydraulic-cylinders.net\/wp-content\/uploads\/2025\/01\/songte-oil-pipes-and-spare-parts.webp\" alt=\"Imagen de repuestos para cilindros hidr\u00e1ulicos\"><\/p>\n<h2>Aplicaciones<\/h2>\n<ul>\n<li>\n<h3>Ingenier\u00eda de la construcci\u00f3n<\/h3>\n<p>Los cilindros de brazo se utilizan para controlar el movimiento de cucharones o plumas en excavadoras y gr\u00faas, para realizar tareas de movimiento de tierras, manipulaci\u00f3n de materiales e instalaci\u00f3n estructural.<\/p>\n<\/li>\n<li>\n<h3>Industria manufacturera<\/h3>\n<p>Los cilindros de brazo se utilizan en el movimiento de brazos rob\u00f3ticos en l\u00edneas de producci\u00f3n automatizadas, realizando procesos de ensamblaje, soldadura y manipulaci\u00f3n, mejorando la eficiencia y la precisi\u00f3n de la producci\u00f3n.<\/p>\n<\/li>\n<li>\n<h3>Maquinaria agr\u00edcola<\/h3>\n<p>Los cilindros de brazo controlan el movimiento de los brazos operativos en maquinaria agr\u00edcola como cosechadoras y sembradoras, realizando tareas como sembrar, fertilizar y cosechar.<\/p>\n<\/li>\n<li>\n<h3>Miner\u00eda<\/h3>\n<p>Los cilindros de brazo se utilizan para controlar el movimiento del brazo del equipo de miner\u00eda, realizando tareas de miner\u00eda y transporte de mineral.<\/p>\n<\/li>\n<li>\n<h3>Log\u00edstica y Transporte<\/h3>\n<p>Los cilindros de brazo se utilizan para controlar la elevaci\u00f3n y el movimiento de las horquillas en carretillas elevadoras y robots de manipulaci\u00f3n, realizando la manipulaci\u00f3n y el apilado de materiales.<\/p>\n<\/li>\n<\/ul>\n<h2>Consideraciones de dise\u00f1o y criterios de selecci\u00f3n<\/h2>\n<ul>\n<li>\n<h3>Capacidad de carga<\/h3>\n<p>El cilindro del brazo debe tener una capacidad de carga adecuada, que debe determinarse en funci\u00f3n de los requisitos del equipo de maquinaria en el que est\u00e1 instalado.<\/p>\n<\/li>\n<li>\n<h3>Caza de focas<\/h3>\n<p>La elecci\u00f3n de los elementos de sellado del pist\u00f3n y del v\u00e1stago es crucial para garantizar el correcto funcionamiento y una larga vida \u00fatil del cilindro del brazo. Los materiales de poliuretano y caucho de nitrilo se utilizan com\u00fanmente debido a su excelente resistencia al desgaste y rendimiento de sellado.<\/p>\n<\/li>\n<li>\n<h3>Durabilidad<\/h3>\n<p>El cilindro del brazo debe estar fabricado con materiales de alta resistencia con buena resistencia al desgaste y a la corrosi\u00f3n para garantizar un uso a largo plazo en entornos hostiles.<\/p>\n<\/li>\n<li>\n<h3>Seguridad<\/h3>\n<p>El cilindro del brazo debe estar dise\u00f1ado para evitar accidentes, como dispositivos de protecci\u00f3n contra sobrecargas y v\u00e1lvulas de seguridad.<\/p>\n<\/li>\n<li>\n<h3>Mantenibilidad<\/h3>\n<p>El dise\u00f1o del cilindro del brazo debe facilitar el mantenimiento y la sustituci\u00f3n para reducir el tiempo de inactividad del equipo. El uso de repuestos de calidad tambi\u00e9n puede prolongar la vida \u00fatil del cilindro.<\/p>\n<\/li>\n<\/ul>\n<p><img decoding=\"async\" src=\"https:\/\/www.hydraulic-cylinders.net\/wp-content\/uploads\/2025\/01\/songte-cylinder-head-with-all-kinds-excavator-models.webp\" alt=\"Imagen de la culata\"><\/p>\n<h2>Sellado y lubricaci\u00f3n<\/h2>\n<p>El cilindro del brazo utiliza diversos elementos de sellado, como anillos de sellado del pist\u00f3n y del v\u00e1stago, fabricados con materiales resistentes al desgaste como poliuretano y caucho de nitrilo. El cuerpo del cilindro y la superficie roscada del extremo reciben un tratamiento de precisi\u00f3n para mejorar la resistencia al desgaste. La lubricaci\u00f3n regular con aceite hidr\u00e1ulico adecuado garantiza el movimiento suave del cilindro y prolonga su vida \u00fatil.<\/p>\n<p><img decoding=\"async\" src=\"https:\/\/www.hydraulic-cylinders.net\/wp-content\/uploads\/2025\/01\/songte-chushion-collar.webp\" alt=\"Imagen del collar del cilindro\"><\/p>\n<h2>Inspecci\u00f3n y mantenimiento<\/h2>\n<ul>\n<li>\n<h3>Inspecci\u00f3n regular<\/h3>\n<p>El cilindro del brazo debe inspeccionarse peri\u00f3dicamente para garantizar su correcto funcionamiento y detectar a tiempo cualquier defecto o desgaste, lo que puede evitar accidentes y reducir los costos de mantenimiento.<\/p>\n<\/li>\n<li>\n<h3>Mantenimiento preventivo<\/h3>\n<p>Se debe realizar un mantenimiento preventivo peri\u00f3dicamente para reemplazar las piezas desgastadas o da\u00f1adas a tiempo y garantizar el rendimiento y la vida \u00fatil \u00f3ptimos del cilindro del brazo.<\/p>\n<\/li>\n<\/ul>\n<h2>Gu\u00eda de instalaci\u00f3n<\/h2>\n<p>Antes de la instalaci\u00f3n, compruebe la idoneidad del cilindro del brazo para la maquinaria y su correcta posici\u00f3n de instalaci\u00f3n. Retire la cubierta protectora y aplique una cantidad adecuada de aceite lubricante al v\u00e1stago del pist\u00f3n y al cuerpo del cilindro. Instale el cilindro y con\u00e9ctelo al sistema hidr\u00e1ulico. Pruebe lentamente el cilindro del brazo para comprobar su correcto funcionamiento.<\/p>\n<p><img decoding=\"async\" src=\"https:\/\/www.hydraulic-cylinders.net\/wp-content\/uploads\/2025\/01\/songte-bushings-with-all-kinds-of-excavator-models.webp\" alt=\"Imagen del buje del cilindro\"><\/p>\n<h2>Consideraciones de seguridad y factores ambientales<\/h2>\n<p>Al utilizar el cilindro del brazo, se deben tomar precauciones de seguridad para evitar accidentes. Se pueden instalar dispositivos de protecci\u00f3n contra sobrecargas y v\u00e1lvulas de seguridad para garantizar un funcionamiento seguro y fiable. Tambi\u00e9n se deben considerar factores ambientales, como la temperatura y la humedad, al seleccionar el cilindro del brazo para garantizar un rendimiento \u00f3ptimo y una larga vida \u00fatil.<\/p>\n<h2>Fallos comunes y soluci\u00f3n de problemas<\/h2>\n<ul>\n<li>\n<h3>Fuga del cilindro<\/h3>\n<p>Esta es una falla com\u00fan causada por da\u00f1os en los elementos de sellado. Reemplace los sellos da\u00f1ados a tiempo para evitar m\u00e1s fugas.<\/p>\n<\/li>\n<li>\n<h3>Doblado de cilindros<\/h3>\n<p>Esta falla suele deberse a una carga excesiva o una colisi\u00f3n. Verifique la carga y las condiciones de funcionamiento, y reemplace el cilindro da\u00f1ado a tiempo.<\/p>\n<\/li>\n<li>\n<h3>Ruido del cilindro<\/h3>\n<p>Esta falla suele deberse a aire en el sistema hidr\u00e1ulico o a una lubricaci\u00f3n insuficiente. Revise el sistema hidr\u00e1ulico y a\u00f1ada aceite lubricante para eliminar el ruido.<\/p>\n<\/li>\n<\/ul>\n<p>Para diagnosticar y solucionar estos problemas de manera efectiva, consulte las instrucciones del fabricante o consulte a un t\u00e9cnico profesional.<\/p>\n<p><img decoding=\"async\" src=\"https:\/\/www.hydraulic-cylinders.net\/wp-content\/uploads\/2025\/01\/songte-company-4.webp\" alt=\"Imagen de la empresa\"><br \/>\n<img decoding=\"async\" src=\"https:\/\/www.hydraulic-cylinders.net\/wp-content\/uploads\/2025\/01\/songte-company-3.webp\" alt=\"Imagen de la empresa\"><\/p>\n<h2>Sobre nosotros<\/h2>\n<p>Somos un fabricante profesional de cilindros hidr\u00e1ulicos de repuesto con una amplia gama de productos y nos hemos convertido en uno de los principales fabricantes y distribuidores mayoristas de cilindros hidr\u00e1ulicos en los mercados nacional e internacional. Nos adherimos siempre al principio de la excelencia en la calidad, bas\u00e1ndonos en la estrategia de gesti\u00f3n de producci\u00f3n industrializada del taller de refinaci\u00f3n, mejorando constantemente nuestro nivel t\u00e9cnico y la eficiencia de producci\u00f3n. Mediante la introducci\u00f3n de equipos de fabricaci\u00f3n digital de alta gama y sistemas de prueba profesionales, optimizamos la plataforma de fabricaci\u00f3n y mejoramos el proceso de control de calidad del producto, con una s\u00f3lida capacidad de innovaci\u00f3n. Nuestro objetivo es satisfacer las diversas necesidades de nuestros clientes con alta eficiencia, precisi\u00f3n y alta calidad.<\/p>\n<ul>\n<li>\n<h3>Profesionalismo<\/h3>\n<p>Contamos con personal t\u00e9cnico profesional y equipos de producci\u00f3n avanzados para garantizar la calidad y el rendimiento de nuestros productos.<\/p>\n<\/li>\n<li>\n<h3>Certificaci\u00f3n Internacional<\/h3>\n<p>Nuestros productos han pasado certificaciones internacionales como ISO9001, CE y SGS, lo que garantiza su calidad y confiabilidad.<\/p>\n<\/li>\n<li>\n<h3>Servicio personalizado<\/h3>\n<p>Ofrecemos servicios personalizados para satisfacer las diversas necesidades de nuestros clientes.<\/p>\n<\/li>\n<li>\n<h3>Equipos de producci\u00f3n<\/h3>\n<p>Utilizamos equipos de fabricaci\u00f3n digital avanzados para garantizar la precisi\u00f3n y la eficiencia de nuestros productos.<\/p>\n<\/li>\n<li>\n<h3>Servicio postventa<\/h3>\n<p>Brindamos un servicio postventa integral, que incluye soporte t\u00e9cnico, suministro de repuestos y mantenimiento.<\/p>\n<\/li>\n<\/ul>\n<p>Autor: lyl<\/p>","protected":false},"excerpt":{"rendered":"<p>Arm Cylinder For JCM Middle Excavator 922D Introduction Definition Arm cylinder is a specialized hydraulic cylinder that is mainly used to provide linear motion and power for the arms of various machinery such as excavators, cranes, and robotic arms. The arm cylinder plays a critical role in the hydraulic system, enabling the effective movement and [&hellip;]<\/p>","protected":false},"featured_media":14772,"comment_status":"open","ping_status":"closed","template":"","meta":{"_et_pb_use_builder":"","_et_pb_old_content":"","_et_gb_content_width":""},"product_brand":[],"product_cat":[1497],"product_tag":[1498,1496],"class_list":{"0":"post-16601","1":"product","2":"type-product","3":"status-publish","4":"has-post-thumbnail","6":"product_cat-arm-cylinders","7":"product_tag-arm-cylinders","8":"product_tag-hydraulic-cylinders","10":"first","11":"instock","12":"shipping-taxable","13":"product-type-simple"},"amp_enabled":true,"_links":{"self":[{"href":"https:\/\/www.hydraulic-cylinders.net\/es\/wp-json\/wp\/v2\/product\/16601","targetHints":{"allow":["GET"]}}],"collection":[{"href":"https:\/\/www.hydraulic-cylinders.net\/es\/wp-json\/wp\/v2\/product"}],"about":[{"href":"https:\/\/www.hydraulic-cylinders.net\/es\/wp-json\/wp\/v2\/types\/product"}],"replies":[{"embeddable":true,"href":"https:\/\/www.hydraulic-cylinders.net\/es\/wp-json\/wp\/v2\/comments?post=16601"}],"wp:featuredmedia":[{"embeddable":true,"href":"https:\/\/www.hydraulic-cylinders.net\/es\/wp-json\/wp\/v2\/media\/14772"}],"wp:attachment":[{"href":"https:\/\/www.hydraulic-cylinders.net\/es\/wp-json\/wp\/v2\/media?parent=16601"}],"wp:term":[{"taxonomy":"product_brand","embeddable":true,"href":"https:\/\/www.hydraulic-cylinders.net\/es\/wp-json\/wp\/v2\/product_brand?post=16601"},{"taxonomy":"product_cat","embeddable":true,"href":"https:\/\/www.hydraulic-cylinders.net\/es\/wp-json\/wp\/v2\/product_cat?post=16601"},{"taxonomy":"product_tag","embeddable":true,"href":"https:\/\/www.hydraulic-cylinders.net\/es\/wp-json\/wp\/v2\/product_tag?post=16601"}],"curies":[{"name":"wp","href":"https:\/\/api.w.org\/{rel}","templated":true}]}}